{"id":1576,"date":"2025-08-01T11:31:00","date_gmt":"2025-08-01T11:31:00","guid":{"rendered":"https:\/\/www.shouyasanitary.com\/?post_type=product&#038;p=1576"},"modified":"2025-08-01T11:31:04","modified_gmt":"2025-08-01T11:31:04","slug":"wholesale-unique-bathroom-cabinets","status":"publish","type":"product","link":"https:\/\/www.shouyasanitary.com\/de\/produkt\/wholesale-unique-bathroom-cabinets\/","title":{"rendered":"Gro\u00dfhandel einzigartige Badezimmer Schr\u00e4nke, Franz\u00f6sisch Stil PVC Badezimmer Eitelkeit mit LED-Spiegel"},"content":{"rendered":"<div class=\"wp-block-columns is-layout-flex wp-container-core-columns-is-layout-9d6595d7 wp-block-columns-is-layout-flex\">\n<div class=\"wp-block-column is-layout-flow wp-block-column-is-layout-flow\">\n<h2 class=\"wp-block-heading\">Einzigartige Badezimmerschr\u00e4nke Merkmale:<\/h2>\n\n\n\n<p><strong>Franz\u00f6sische minimalistische \u00c4sthetik: <\/strong>Die glatten Linien des Schranks, gepaart mit einem gro\u00dfformatigen, intelligenten Spiegel mit Hintergrundbeleuchtung und einem offenen Ablagefach unter dem Spiegel, schaffen eine elegante und aufger\u00e4umte Badatmosph\u00e4re, die sich f\u00fcr verschiedene Einrichtungsstile eignet.<\/p>\n\n\n\n<p><strong>Funktionelle Lagerung<\/strong>: Zwei Schubladen + Regal unter dem Spiegel. Die Schubladen bieten eine gro\u00dfe Kapazit\u00e4t f\u00fcr die Aufbewahrung von Badeartikeln, und das Regal ist praktisch f\u00fcr den Zugang zu h\u00e4ufig verwendeten Toilettenartikeln. Der Stauraum ist sinnvoll aufgeteilt, so dass die Badutensilien an ihren jeweiligen Platz gestellt werden k\u00f6nnen.<\/p>\n\n\n\n<p><strong>Angemessene Gr\u00f6\u00dfe<\/strong>: Die Breite steht im Einklang mit dem Goldenen Schnitt und erf\u00fcllt die Anforderungen des t\u00e4glichen Badebetriebs, ohne zu viel Platz zu beanspruchen. Er l\u00e4sst sich leicht in kleine B\u00e4der oder in gro\u00dfe R\u00e4ume integrieren.<\/p>\n\n\n\n<p><strong>Hochwertiges PVC-Material<\/strong>: Hervorragend wasserdicht und feuchtigkeitsbest\u00e4ndig, nicht anf\u00e4llig f\u00fcr Verformung oder Rissbildung. Die Oberfl\u00e4che ist glatt und leicht zu reinigen und beh\u00e4lt ihre Sch\u00f6nheit und Haltbarkeit f\u00fcr eine lange Zeit, was die Wartungskosten reduziert.<\/p>\n\n\n\n<p><strong>Strenge Qualit\u00e4tskontrolle:<\/strong> Shouya Fabrik direkt liefern, haben wir strenge und \u00fcberschaubare Qualit\u00e4tsstandards. Wir gew\u00e4hrleisten stabile Qualit\u00e4t Bad Schrank L\u00f6sungen f\u00fcr globale Kunden.<\/p>\n<\/div>\n\n\n\n<div class=\"wp-block-column is-layout-flow wp-block-column-is-layout-flow\"><div class=\"wp-block-image\">\n<figure class=\"aligncenter size-full\"><img decoding=\"async\" width=\"700\" height=\"700\" src=\"https:\/\/www.shouyasanitary.com\/wp-content\/uploads\/2025\/07\/OEM-bathroom-cabinet-vanity.webp\" alt=\"OEM Badezimmerschrank Eitelkeit\" class=\"wp-image-1580\" style=\"object-fit:cover\" srcset=\"https:\/\/www.shouyasanitary.com\/wp-content\/uploads\/2025\/07\/OEM-bathroom-cabinet-vanity.webp 700w, https:\/\/www.shouyasanitary.com\/wp-content\/uploads\/2025\/07\/OEM-bathroom-cabinet-vanity-300x300.webp 300w, https:\/\/www.shouyasanitary.com\/wp-content\/uploads\/2025\/07\/OEM-bathroom-cabinet-vanity-150x150.webp 150w, https:\/\/www.shouyasanitary.com\/wp-content\/uploads\/2025\/07\/OEM-bathroom-cabinet-vanity-12x12.webp 12w, https:\/\/www.shouyasanitary.com\/wp-content\/uploads\/2025\/07\/OEM-bathroom-cabinet-vanity-600x600.webp 600w, https:\/\/www.shouyasanitary.com\/wp-content\/uploads\/2025\/07\/OEM-bathroom-cabinet-vanity-100x100.webp 100w\" sizes=\"(max-width: 700px) 100vw, 700px\" \/><\/figure>\n<\/div><\/div>\n<\/div>","protected":false},"excerpt":{"rendered":"<p>Gro\u00dfhandel 80cm Franz\u00f6sisch PVC Eitelkeit: smart hinterleuchteten Spiegel, Doppel-Schubladen, Feuchtigkeit - Beweis PVC. Ideal f\u00fcr die Renovierung von Hotels und Pensionen. Fabrikpreis!<\/p>\n<h2>PVC-Badezimmerschrank Attribute\uff1a<\/h2>\n<p><strong>Artikel Nr.:<\/strong>6045-80<strong><br \/>Material des Geh\u00e4uses:<\/strong> PVC<br \/><strong>Farbe des Geh\u00e4uses: <\/strong> Kahai<br \/><strong>Spiegel:<\/strong> LED-Spiegel (3,5 mm\/3,8 mm), dreifarbige Beleuchtung, One-Touch-Entfogging, gesichert mit mehrlagiger Schaumstoffverpackung<br \/><strong>Installationsart:<\/strong>\u00a0Wandbefestigung<br \/><strong>Abmessungen (L\u00d7B\u00d7H):<\/strong> 80*47*48cm<br \/><strong>Bruttogewicht:<\/strong> 28kg\/Satz<\/p>\n<h2>Anpassung &amp; Dienstleistungen:<\/h2>\n<p><strong>OEM &amp; ODM<\/strong>: Unterst\u00fctzt<br \/><strong>Gestaltung<\/strong>: Frei<br \/><strong>Zubeh\u00f6r<\/strong>: Waschbecken, Spiegel, Armaturen und anderes Badzubeh\u00f6r<br \/><strong>Verpacken<\/strong>: Einbaufertig<\/p>","protected":false},"featured_media":1580,"comment_status":"closed","ping_status":"closed","template":"","meta":{"_acf_changed":true},"product_brand":[],"product_cat":[24],"product_tag":[],"class_list":{"0":"post-1576","1":"product","2":"type-product","3":"status-publish","4":"has-post-thumbnail","6":"product_cat-wholesale-pvc-bathroom-vanity-cabinets","8":"first","9":"instock","10":"shipping-taxable","11":"product-type-simple"},"acf":[],"_links":{"self":[{"href":"https:\/\/www.shouyasanitary.com\/de\/wp-json\/wp\/v2\/product\/1576","targetHints":{"allow":["GET"]}}],"collection":[{"href":"https:\/\/www.shouyasanitary.com\/de\/wp-json\/wp\/v2\/product"}],"about":[{"href":"https:\/\/www.shouyasanitary.com\/de\/wp-json\/wp\/v2\/types\/product"}],"replies":[{"embeddable":true,"href":"https:\/\/www.shouyasanitary.com\/de\/wp-json\/wp\/v2\/comments?post=1576"}],"wp:featuredmedia":[{"embeddable":true,"href":"https:\/\/www.shouyasanitary.com\/de\/wp-json\/wp\/v2\/media\/1580"}],"wp:attachment":[{"href":"https:\/\/www.shouyasanitary.com\/de\/wp-json\/wp\/v2\/media?parent=1576"}],"wp:term":[{"taxonomy":"product_brand","embeddable":true,"href":"https:\/\/www.shouyasanitary.com\/de\/wp-json\/wp\/v2\/product_brand?post=1576"},{"taxonomy":"product_cat","embeddable":true,"href":"https:\/\/www.shouyasanitary.com\/de\/wp-json\/wp\/v2\/product_cat?post=1576"},{"taxonomy":"product_tag","embeddable":true,"href":"https:\/\/www.shouyasanitary.com\/de\/wp-json\/wp\/v2\/product_tag?post=1576"}],"curies":[{"name":"wp","href":"https:\/\/api.w.org\/{rel}","templated":true}]}}