{"id":1584,"date":"2025-08-01T11:30:36","date_gmt":"2025-08-01T11:30:36","guid":{"rendered":"https:\/\/www.shouyasanitary.com\/?post_type=product&#038;p=1584"},"modified":"2025-08-01T11:30:37","modified_gmt":"2025-08-01T11:30:37","slug":"custom-wall-hung-bathroom-vanity","status":"publish","type":"product","link":"https:\/\/www.shouyasanitary.com\/de\/produkt\/custom-wall-hung-bathroom-vanity\/","title":{"rendered":"Custom Wall Hung Badezimmer Eitelkeit Khaki , PVC Badezimmer Schr\u00e4nke gro\u00dfe Gr\u00f6\u00dfe f\u00fcr High-End-Bad-Projekte"},"content":{"rendered":"<div class=\"wp-block-columns is-layout-flex wp-container-core-columns-is-layout-9d6595d7 wp-block-columns-is-layout-flex\">\n<div class=\"wp-block-column is-layout-flow wp-block-column-is-layout-flow\">\n<h2 class=\"wp-block-heading\">Merkmale der wandh\u00e4ngenden Badezimmer-Eitelkeit\uff1a<\/h2>\n\n\n\n<p><strong>Stil der Eleganz: <\/strong>Die Linien des Schranks sind glatt. Er ist mit einem gro\u00dfformatigen, intelligenten Spiegel mit Hintergrundbeleuchtung und einem offenen Ablagefach unter dem Spiegel ausgestattet und schafft eine elegante und aufger\u00e4umte Atmosph\u00e4re im Bad. Er ist f\u00fcr verschiedene Einrichtungsstile geeignet.<\/p>\n\n\n\n<p><strong>Gro\u00dfer Stauraum<\/strong>: Doppelt\u00fcren + Schubladen + Regal unter dem Spiegel. Die Schubladen haben eine gro\u00dfe Kapazit\u00e4t f\u00fcr die Aufbewahrung von Badeartikeln, und die Regale sind praktisch f\u00fcr die Entnahme von h\u00e4ufig verwendeten Toilettenartikeln. Der Stauraum ist vern\u00fcnftig aufgeteilt, so dass die Badartikel in<br>ihre jeweiligen Positionen.<\/p>\n\n\n\n<p><strong>Hochwertiges PVC:  <\/strong>mit ausgezeichneten wasser- und feuchtigkeitsdichten Eigenschaften. Die Oberfl\u00e4che ist glatt und leicht zu reinigen,<strong> <\/strong>sch\u00f6n und praktisch zugleich zu sein.<\/p>\n\n\n\n<p><strong>Ger\u00e4umig<\/strong> s<strong>ize<\/strong>: Der Entwurf ist 120 cm lang. Er erf\u00fcllt die t\u00e4glichen Wasch- und Pflegebed\u00fcrfnisse und nimmt nicht zu viel Platz ein. Er l\u00e4sst sich leicht in kleine B\u00e4der oder lokale Einrichtungen in gro\u00dfen R\u00e4umen integrieren.<\/p>\n\n\n\n<p><strong>Unterst\u00fctzung OEM\/ODM<\/strong>:  Wir bieten eine Vielzahl von Gr\u00f6\u00dfen, Farben und Oberfl\u00e4chen an, um die Flexibilit\u00e4t der Marke und des Designs zu gew\u00e4hrleisten.<\/p>\n<\/div>\n\n\n\n<div class=\"wp-block-column is-layout-flow wp-block-column-is-layout-flow\"><div class=\"wp-block-image\">\n<figure class=\"aligncenter size-full\"><img decoding=\"async\" width=\"700\" height=\"700\" src=\"https:\/\/www.shouyasanitary.com\/wp-content\/uploads\/2025\/07\/Factory-made-custom-bathroom-cabinet-vanity.webp\" alt=\"Werkseitig hergestellter Badezimmerschrank Eitelkeit\" class=\"wp-image-1585\" style=\"object-fit:cover\" srcset=\"https:\/\/www.shouyasanitary.com\/wp-content\/uploads\/2025\/07\/Factory-made-custom-bathroom-cabinet-vanity.webp 700w, https:\/\/www.shouyasanitary.com\/wp-content\/uploads\/2025\/07\/Factory-made-custom-bathroom-cabinet-vanity-300x300.webp 300w, https:\/\/www.shouyasanitary.com\/wp-content\/uploads\/2025\/07\/Factory-made-custom-bathroom-cabinet-vanity-150x150.webp 150w, https:\/\/www.shouyasanitary.com\/wp-content\/uploads\/2025\/07\/Factory-made-custom-bathroom-cabinet-vanity-12x12.webp 12w, https:\/\/www.shouyasanitary.com\/wp-content\/uploads\/2025\/07\/Factory-made-custom-bathroom-cabinet-vanity-600x600.webp 600w, https:\/\/www.shouyasanitary.com\/wp-content\/uploads\/2025\/07\/Factory-made-custom-bathroom-cabinet-vanity-100x100.webp 100w\" sizes=\"(max-width: 700px) 100vw, 700px\" \/><\/figure>\n<\/div><\/div>\n<\/div>","protected":false},"excerpt":{"rendered":"<p>Benutzerdefinierte Wand h\u00e4ngenden Bad Eitelkeiten nimmt modernen Stil, hochwertige PVC-Material, wandmontiert Design, elegant und langlebig, leicht zu reinigen, geeignet f\u00fcr verschiedene kommerzielle R\u00e4ume. Kontaktieren Sie uns jetzt f\u00fcr mehr Anpassungsm\u00f6glichkeiten<\/p>\n<h2>Wandh\u00e4ngende Badezimmer-Eitelkeit Attribute\uff1a<\/h2>\n<p><strong>Artikel Nr.: <\/strong>6045-120<strong><br \/>Material des Geh\u00e4uses:<\/strong> PVC<br \/><strong>Farbe des Geh\u00e4uses: <\/strong>Khaki<br \/><strong>Spiegel:<\/strong> LED-Spiegel (3,5 mm\/3,8 mm), dreifarbige Beleuchtung, One-Touch-Entfogging, gesichert mit mehrlagiger Schaumstoffverpackung<br \/><strong>Installationsart:<\/strong>\u00a0Wandbefestigung<br \/><strong>Abmessungen (L\u00d7B\u00d7H):<\/strong> 120*48*47 cm<br \/><strong>Bruttogewicht:<\/strong> 38kg\/Satz<\/p>\n<h2>Anpassung &amp; Dienstleistungen:<\/h2>\n<p><strong>OEM &amp; ODM<\/strong>: Unterst\u00fctzt<br \/><strong>Gestaltung<\/strong>: Frei<br \/><strong>Zubeh\u00f6r<\/strong>: Waschbecken, Spiegel, Armaturen und anderes Badzubeh\u00f6r<br \/><strong>Verpacken<\/strong>: Einbaufertig<\/p>","protected":false},"featured_media":1585,"comment_status":"closed","ping_status":"closed","template":"","meta":{"_acf_changed":true},"product_brand":[],"product_cat":[24],"product_tag":[],"class_list":{"0":"post-1584","1":"product","2":"type-product","3":"status-publish","4":"has-post-thumbnail","6":"product_cat-wholesale-pvc-bathroom-vanity-cabinets","8":"first","9":"instock","10":"shipping-taxable","11":"product-type-simple"},"acf":[],"_links":{"self":[{"href":"https:\/\/www.shouyasanitary.com\/de\/wp-json\/wp\/v2\/product\/1584","targetHints":{"allow":["GET"]}}],"collection":[{"href":"https:\/\/www.shouyasanitary.com\/de\/wp-json\/wp\/v2\/product"}],"about":[{"href":"https:\/\/www.shouyasanitary.com\/de\/wp-json\/wp\/v2\/types\/product"}],"replies":[{"embeddable":true,"href":"https:\/\/www.shouyasanitary.com\/de\/wp-json\/wp\/v2\/comments?post=1584"}],"wp:featuredmedia":[{"embeddable":true,"href":"https:\/\/www.shouyasanitary.com\/de\/wp-json\/wp\/v2\/media\/1585"}],"wp:attachment":[{"href":"https:\/\/www.shouyasanitary.com\/de\/wp-json\/wp\/v2\/media?parent=1584"}],"wp:term":[{"taxonomy":"product_brand","embeddable":true,"href":"https:\/\/www.shouyasanitary.com\/de\/wp-json\/wp\/v2\/product_brand?post=1584"},{"taxonomy":"product_cat","embeddable":true,"href":"https:\/\/www.shouyasanitary.com\/de\/wp-json\/wp\/v2\/product_cat?post=1584"},{"taxonomy":"product_tag","embeddable":true,"href":"https:\/\/www.shouyasanitary.com\/de\/wp-json\/wp\/v2\/product_tag?post=1584"}],"curies":[{"name":"wp","href":"https:\/\/api.w.org\/{rel}","templated":true}]}}