{"id":1597,"date":"2025-08-01T11:30:50","date_gmt":"2025-08-01T11:30:50","guid":{"rendered":"https:\/\/www.shouyasanitary.com\/?post_type=product&#038;p=1597"},"modified":"2025-08-01T11:31:00","modified_gmt":"2025-08-01T11:31:00","slug":"custom-floating-bathroom-vanity","status":"publish","type":"product","link":"https:\/\/www.shouyasanitary.com\/de\/produkt\/custom-floating-bathroom-vanity\/","title":{"rendered":"Custom Floating Badezimmer Eitelkeit, Braun PVC Moderne Badezimmer Schr\u00e4nke Lieferant"},"content":{"rendered":"<div class=\"wp-block-columns is-layout-flex wp-container-core-columns-is-layout-9d6595d7 wp-block-columns-is-layout-flex\">\n<div class=\"wp-block-column is-layout-flow wp-block-column-is-layout-flow\">\n<h2 class=\"wp-block-heading\">Schwimmender Badezimmer-Eitelkeit Eigenschaften:<\/h2>\n\n\n\n<p><strong>Praktischer Spiegel<\/strong>: Der Spiegel hat eine Gr\u00f6\u00dfe von 1200\u00d7700 mm und f\u00fcgt sich nahtlos in die meisten Badezimmergrundrisse ein. Ausgestattet mit einem dreifarbigen Licht kann er die Beleuchtung an verschiedene Szenarien und Stimmungen anpassen und so eine Vielzahl von Stimmungen wie W\u00e4rme und Helligkeit schaffen. Er dient sowohl als praktischer Spiegel als auch als Stimmungsmacher.<\/p>\n\n\n\n<p><strong>Aufbewahrung mit mehreren F\u00e4chern<\/strong>: Der Hauptschrank misst 1200\u00d7470\u00d7470 mm und verf\u00fcgt \u00fcber ein Schubladendesign, das die Ablagef\u00e4cher wissenschaftlich organisiert. Er kann sowohl gro\u00dfe Gegenst\u00e4nde als auch Kleinigkeiten aufnehmen, was die Sauberkeit des Badezimmers verbessert und den t\u00e4glichen Bedarf an Toilettenartikeln erf\u00fcllt. <\/p>\n\n\n\n<p><strong>Langlebiges Material<\/strong>: Hergestellt aus PVC-Material, ist es wasserdicht, feuchtigkeitsbest\u00e4ndig und langlebig, geeignet f\u00fcr die feuchte Badezimmerumgebung. <\/p>\n\n\n\n<p><strong>Harmonische Farbgestaltung<\/strong>: Der braune Hauptschrank strahlt einen gleichm\u00e4\u00dfigen und eleganten Ton aus, der mit dem wei\u00dfen Keramikbecken einen harmonischen Farbkontrast bildet. Seine Schlichtheit und Textur f\u00fcgen sich leicht in verschiedene Einrichtungsstile ein, auch in den modernen und minimalistischen Luxus.<\/p>\n\n\n\n<p><strong>Gesamtkombination<\/strong>: Der PVC-Badschrank erf\u00fcllt praktische und \u00e4sthetische Anforderungen, von der Beleuchtung des Spiegelschranks bis zum Stauraum des Hauptschranks, dem Aussehen des Materials und anderen Dimensionen, und tr\u00e4gt dazu bei, den Raum im Badezimmer aufzuwerten.<\/p>\n<\/div>\n\n\n\n<div class=\"wp-block-column is-layout-flow wp-block-column-is-layout-flow\"><div class=\"wp-block-image\">\n<figure class=\"aligncenter size-full\"><img decoding=\"async\" width=\"800\" height=\"800\" src=\"https:\/\/www.shouyasanitary.com\/wp-content\/uploads\/2025\/07\/Wholesale-Bathroom-Vanity-Cabinet-1.webp\" alt=\"Gro\u00dfhandel Badezimmer Eitelkeit Kabinett\" class=\"wp-image-1601\" style=\"object-fit:cover\" srcset=\"https:\/\/www.shouyasanitary.com\/wp-content\/uploads\/2025\/07\/Wholesale-Bathroom-Vanity-Cabinet-1.webp 800w, https:\/\/www.shouyasanitary.com\/wp-content\/uploads\/2025\/07\/Wholesale-Bathroom-Vanity-Cabinet-1-300x300.webp 300w, https:\/\/www.shouyasanitary.com\/wp-content\/uploads\/2025\/07\/Wholesale-Bathroom-Vanity-Cabinet-1-150x150.webp 150w, https:\/\/www.shouyasanitary.com\/wp-content\/uploads\/2025\/07\/Wholesale-Bathroom-Vanity-Cabinet-1-768x768.webp 768w, https:\/\/www.shouyasanitary.com\/wp-content\/uploads\/2025\/07\/Wholesale-Bathroom-Vanity-Cabinet-1-12x12.webp 12w, https:\/\/www.shouyasanitary.com\/wp-content\/uploads\/2025\/07\/Wholesale-Bathroom-Vanity-Cabinet-1-600x600.webp 600w, https:\/\/www.shouyasanitary.com\/wp-content\/uploads\/2025\/07\/Wholesale-Bathroom-Vanity-Cabinet-1-100x100.webp 100w\" sizes=\"(max-width: 800px) 100vw, 800px\" \/><\/figure>\n<\/div><\/div>\n<\/div>","protected":false},"excerpt":{"rendered":"<p>Benutzerdefinierte schwimmende Badezimmer Eitelkeit, verwendet PVC-Material, wandmontierte Design. ausgestattet mit einem Spiegelschrank, Wasserhahn, Keramik-Becken, gro\u00dfe Gr\u00f6\u00dfe und Multi-Customization-Optionen. Willkommen bei uns f\u00fcr ein Angebot und Produktkatalog zu kontaktieren!<\/p>\n<h2>Attribute\uff1a des schwebenden Badezimmerschranks<\/h2>\n<p><strong>Artikel Nr.:<\/strong>6040-120<strong><br \/>Material des Geh\u00e4uses:<\/strong> PVC<br \/><strong>Farbe des Geh\u00e4uses: <\/strong> Braun<br \/><strong>Spiegel:<\/strong> LED-Spiegel (3,5 mm\/3,8 mm), dreifarbige Beleuchtung, One-Touch-Entfogging, gesichert mit mehrlagiger Schaumstoffverpackung<br \/><strong>Installationsart:<\/strong>\u00a0Wandbefestigung<br \/><strong>Abmessungen (L\u00d7B\u00d7H):<\/strong> 120*47*47cm<br \/><strong>Bruttogewicht:<\/strong> 40kg\/Satz<\/p>\n<h2>Anpassung &amp; Dienstleistungen:<\/h2>\n<p><strong>OEM &amp; ODM<\/strong>: Unterst\u00fctzt<br \/><strong>Gestaltung<\/strong>: Frei<br \/><strong>Zubeh\u00f6r<\/strong>: Waschbecken, Spiegel, Armaturen und anderes Badzubeh\u00f6r<br \/><strong>Verpacken<\/strong>: Einbaufertig<\/p>","protected":false},"featured_media":1601,"comment_status":"closed","ping_status":"closed","template":"","meta":{"_acf_changed":true},"product_brand":[],"product_cat":[24],"product_tag":[],"class_list":{"0":"post-1597","1":"product","2":"type-product","3":"status-publish","4":"has-post-thumbnail","6":"product_cat-wholesale-pvc-bathroom-vanity-cabinets","8":"first","9":"instock","10":"shipping-taxable","11":"product-type-simple"},"acf":[],"_links":{"self":[{"href":"https:\/\/www.shouyasanitary.com\/de\/wp-json\/wp\/v2\/product\/1597","targetHints":{"allow":["GET"]}}],"collection":[{"href":"https:\/\/www.shouyasanitary.com\/de\/wp-json\/wp\/v2\/product"}],"about":[{"href":"https:\/\/www.shouyasanitary.com\/de\/wp-json\/wp\/v2\/types\/product"}],"replies":[{"embeddable":true,"href":"https:\/\/www.shouyasanitary.com\/de\/wp-json\/wp\/v2\/comments?post=1597"}],"wp:featuredmedia":[{"embeddable":true,"href":"https:\/\/www.shouyasanitary.com\/de\/wp-json\/wp\/v2\/media\/1601"}],"wp:attachment":[{"href":"https:\/\/www.shouyasanitary.com\/de\/wp-json\/wp\/v2\/media?parent=1597"}],"wp:term":[{"taxonomy":"product_brand","embeddable":true,"href":"https:\/\/www.shouyasanitary.com\/de\/wp-json\/wp\/v2\/product_brand?post=1597"},{"taxonomy":"product_cat","embeddable":true,"href":"https:\/\/www.shouyasanitary.com\/de\/wp-json\/wp\/v2\/product_cat?post=1597"},{"taxonomy":"product_tag","embeddable":true,"href":"https:\/\/www.shouyasanitary.com\/de\/wp-json\/wp\/v2\/product_tag?post=1597"}],"curies":[{"name":"wp","href":"https:\/\/api.w.org\/{rel}","templated":true}]}}