{"id":1616,"date":"2025-08-01T11:30:37","date_gmt":"2025-08-01T11:30:37","guid":{"rendered":"https:\/\/www.shouyasanitary.com\/?post_type=product&#038;p=1616"},"modified":"2025-08-01T11:30:39","modified_gmt":"2025-08-01T11:30:39","slug":"wholesale-single-sink-bathroom-vanities","status":"publish","type":"product","link":"https:\/\/www.shouyasanitary.com\/de\/produkt\/wholesale-single-sink-bathroom-vanities\/","title":{"rendered":"Gro\u00dfhandel Einzelwaschbecken Badezimmer Eitelkeiten, Sperrholz Badezimmer Schrank mit LED-Spiegel benutzerdefinierte"},"content":{"rendered":"<div class=\"wp-block-columns is-layout-flex wp-container-core-columns-is-layout-9d6595d7 wp-block-columns-is-layout-flex\">\n<div class=\"wp-block-column is-layout-flow wp-block-column-is-layout-flow\">\n<h2 class=\"wp-block-heading\">Einzelne Waschbecken Badezimmer Eitelkeiten Merkmale:<\/h2>\n\n\n\n<p><strong>Minimalistisches Erscheinungsbild<\/strong>: Der hellgraue Schrankk\u00f6rper hat einen sanften und vielseitigen Farbton, der sich f\u00fcr verschiedene Badezimmerdekorationsstile eignet und eine gepflegte und komfortable Raumatmosph\u00e4re schafft. Der Rahmen des Spiegelschranks ist exquisit, und die Spiegeloberfl\u00e4che ist klar. Er verbindet praktische Funktionalit\u00e4t mit dekorativen Elementen und verleiht dem Badezimmer einen Hauch von Eleganz.<\/p>\n\n\n\n<p><strong>Standard-Spezifikationen: <\/strong>Die Breite betr\u00e4gt 80 cm, was einer kompatiblen Standardgr\u00f6\u00dfe entspricht. Sie l\u00e4sst sich problemlos in die meisten Familienb\u00e4der integrieren. Egal, ob es sich um ein kompaktes, kleines oder ein normal gro\u00dfes Badezimmer handelt, es kann vern\u00fcnftig platziert werden und nimmt weder zu viel Platz ein, weil es zu breit ist, noch wirkt es zu eng, weil es zu schmal ist, so dass Raumnutzung und Nutzungsanforderungen in Einklang gebracht werden.<\/p>\n\n\n\n<p><strong>Praktischer Spiegelschrank mit Aufbewahrungsfunktion<\/strong>: Er verf\u00fcgt \u00fcber ein mehrzoniges Aufbewahrungskonzept. Der Spiegelschrank bietet versteckten Stauraum, in dem kleine Gegenst\u00e4nde wie Zahnb\u00fcrsten, Zahnpasta und Hautpflegeprodukte untergebracht werden k\u00f6nnen. Die Spiegelfl\u00e4che schirmt die Privatsph\u00e4re ab und erm\u00f6glicht es, h\u00e4ufig benutzte Gegenst\u00e4nde leicht zug\u00e4nglich und \u00fcbersichtlich aufzubewahren, um das Durcheinander im Badezimmer zu beseitigen und verschiedene Aufbewahrungsanforderungen zu erf\u00fcllen.<\/p>\n\n\n\n<p><strong>Leicht zu reinigen<\/strong>: Das integrierte wei\u00dfe Keramikbecken hat hervorragende physikalische Eigenschaften. Die Oberfl\u00e4che ist glatt und fein, nicht anf\u00e4llig f\u00fcr Flecken. Wasserflecken und Schmutz lassen sich leicht mit einem sanften Wisch entfernen. Die t\u00e4gliche Pflege ist m\u00fchelos und bequem und macht das Waschen noch angenehmer.<\/p>\n<\/div>\n\n\n\n<div class=\"wp-block-column is-layout-flow wp-block-column-is-layout-flow\"><div class=\"wp-block-image\">\n<figure class=\"aligncenter size-full\"><img decoding=\"async\" width=\"700\" height=\"700\" src=\"https:\/\/www.shouyasanitary.com\/wp-content\/uploads\/2025\/07\/Wholesale-Bathroom-Vanity-Cabinet_1-1.webp\" alt=\"Gro\u00dfhandel Badezimmer Eitelkeit Kabinett\" class=\"wp-image-1620\" style=\"object-fit:cover\" srcset=\"https:\/\/www.shouyasanitary.com\/wp-content\/uploads\/2025\/07\/Wholesale-Bathroom-Vanity-Cabinet_1-1.webp 700w, https:\/\/www.shouyasanitary.com\/wp-content\/uploads\/2025\/07\/Wholesale-Bathroom-Vanity-Cabinet_1-1-300x300.webp 300w, https:\/\/www.shouyasanitary.com\/wp-content\/uploads\/2025\/07\/Wholesale-Bathroom-Vanity-Cabinet_1-1-150x150.webp 150w, https:\/\/www.shouyasanitary.com\/wp-content\/uploads\/2025\/07\/Wholesale-Bathroom-Vanity-Cabinet_1-1-12x12.webp 12w, https:\/\/www.shouyasanitary.com\/wp-content\/uploads\/2025\/07\/Wholesale-Bathroom-Vanity-Cabinet_1-1-600x600.webp 600w, https:\/\/www.shouyasanitary.com\/wp-content\/uploads\/2025\/07\/Wholesale-Bathroom-Vanity-Cabinet_1-1-100x100.webp 100w\" sizes=\"(max-width: 700px) 100vw, 700px\" \/><\/figure>\n<\/div><\/div>\n<\/div>","protected":false},"excerpt":{"rendered":"<p>Gro\u00dfhandel benutzerdefinierte graue Badezimmer Eitelkeiten, integrierte Waschbecken, LED-Spiegelschrank. Sperrholzkonstruktion, feuchtigkeitsbest\u00e4ndig, gro\u00dfe Gr\u00f6\u00dfen. Factory-direct, customization.contact f\u00fcr Angebot &amp; Katalog!<\/p>\n<h2>Badezimmerschr\u00e4nke Attribute\uff1a<\/h2>\n<p><strong>Artikel Nr.<\/strong>: 3001-80<br \/><strong>Material des Geh\u00e4uses<\/strong>: Sperrholz<br \/><strong>Farbe des Geh\u00e4uses<\/strong>: Hellbraun<br \/><strong>Spiegel<\/strong>: LED-Spiegel (3,5 mm \/ 3,8 mm), dreifarbige Beleuchtung, One-Touch-Enteisung, mit mehrschichtiger Schaumstoffverpackung gesichert <br \/><strong>Einbauart<\/strong>: Wandbefestigung <br \/><strong>Abmessungen (L \u00d7 B \u00d7 H)<\/strong>: 80 x 47 x 50 cm<br \/><strong>Bruttogewicht<\/strong>: 31 kg\/Satz<\/p>\n<h2>Anpassung &amp; Dienstleistungen:<\/h2>\n<p><strong>OEM &amp; ODM<\/strong>: Unterst\u00fctzt<br \/><strong>Gestaltung<\/strong>: Frei<br \/><strong>Zubeh\u00f6r<\/strong>: Waschbecken, Spiegel, Armaturen und anderes Badzubeh\u00f6r<br \/><strong>Verpacken<\/strong>: Einbaufertig<\/p>","protected":false},"featured_media":1620,"comment_status":"closed","ping_status":"closed","template":"","meta":{"_acf_changed":true},"product_brand":[],"product_cat":[20],"product_tag":[],"class_list":{"0":"post-1616","1":"product","2":"type-product","3":"status-publish","4":"has-post-thumbnail","6":"product_cat-wholesale-plywood-bathroom-vanity-cabinets","8":"first","9":"instock","10":"shipping-taxable","11":"product-type-simple"},"acf":[],"_links":{"self":[{"href":"https:\/\/www.shouyasanitary.com\/de\/wp-json\/wp\/v2\/product\/1616","targetHints":{"allow":["GET"]}}],"collection":[{"href":"https:\/\/www.shouyasanitary.com\/de\/wp-json\/wp\/v2\/product"}],"about":[{"href":"https:\/\/www.shouyasanitary.com\/de\/wp-json\/wp\/v2\/types\/product"}],"replies":[{"embeddable":true,"href":"https:\/\/www.shouyasanitary.com\/de\/wp-json\/wp\/v2\/comments?post=1616"}],"wp:featuredmedia":[{"embeddable":true,"href":"https:\/\/www.shouyasanitary.com\/de\/wp-json\/wp\/v2\/media\/1620"}],"wp:attachment":[{"href":"https:\/\/www.shouyasanitary.com\/de\/wp-json\/wp\/v2\/media?parent=1616"}],"wp:term":[{"taxonomy":"product_brand","embeddable":true,"href":"https:\/\/www.shouyasanitary.com\/de\/wp-json\/wp\/v2\/product_brand?post=1616"},{"taxonomy":"product_cat","embeddable":true,"href":"https:\/\/www.shouyasanitary.com\/de\/wp-json\/wp\/v2\/product_cat?post=1616"},{"taxonomy":"product_tag","embeddable":true,"href":"https:\/\/www.shouyasanitary.com\/de\/wp-json\/wp\/v2\/product_tag?post=1616"}],"curies":[{"name":"wp","href":"https:\/\/api.w.org\/{rel}","templated":true}]}}