{"id":1618,"date":"2025-08-01T11:31:08","date_gmt":"2025-08-01T11:31:08","guid":{"rendered":"https:\/\/www.shouyasanitary.com\/?post_type=product&#038;p=1618"},"modified":"2025-08-01T11:31:09","modified_gmt":"2025-08-01T11:31:09","slug":"wholesale-wall-cabinet-bathroom","status":"publish","type":"product","link":"https:\/\/www.shouyasanitary.com\/de\/produkt\/wholesale-wall-cabinet-bathroom\/","title":{"rendered":"Gro\u00dfhandel Wandschrank Bad, wei\u00dfes Badezimmer Eitelkeit mit Schubladen hochwertige Spiegel Schrank Hersteller"},"content":{"rendered":"<div class=\"wp-block-columns is-layout-flex wp-container-core-columns-is-layout-9d6595d7 wp-block-columns-is-layout-flex\">\n<div class=\"wp-block-column is-layout-flow wp-block-column-is-layout-flow\">\n<h2 class=\"wp-block-heading\">Gro\u00dfhandel Wandschrank Badezimmer Eigenschaften\uff1a<\/h2>\n\n\n\n<p><strong>Modernes Erscheinungsbild<\/strong>: Die Kombination aus zwei Schubladen und einer einzigen Schrankt\u00fcr schafft eine ordentliche und \u00fcbersichtliche Anordnung. Der gesamte Korpus ist in einem sanften und hellen Wei\u00dfton gehalten, mit einem hohen Ma\u00df an Farbgleichheit vom Schrankkorpus \u00fcber die Arbeitsplatte bis zum Spiegelschrank. Komplexe Farben st\u00f6ren nicht und schaffen eine reine und ruhige visuelle Atmosph\u00e4re, die sich leicht in verschiedene minimalistische Badezimmer einf\u00fcgen l\u00e4sst.<\/p>\n\n\n\n<p><strong>Hochwertiges Sperrholzmaterial<\/strong>: Das durch Querpressen mehrerer Furnierschichten hergestellte Sperrholzmaterial hat eine stabile Struktur und kann das h\u00e4ufige \u00d6ffnen und Schlie\u00dfen von Schubladen und Schrankt\u00fcren ohne Verformung \u00fcberstehen. Es ist feuchtigkeitsbest\u00e4ndig und kann nach einer speziellen Behandlung Feuchtigkeit und N\u00e4sse im Badezimmer widerstehen. Au\u00dferdem ist es umweltfreundlich, entspricht den einschl\u00e4gigen Normen, reduziert die Freisetzung von Schadstoffen und sorgt f\u00fcr Sicherheit und Ruhe bei der Benutzung. Es sichert die Haltbarkeit und die Gesundheit des Badezimmerschranks.<\/p>\n\n\n\n<p><strong>Speicherfunktion<\/strong>: Die zwei Schubladen dienen zur Unterteilung von kleinen Gegenst\u00e4nden, w\u00e4hrend die einzelne Schrankt\u00fcr gro\u00dfe Gegenst\u00e4nde verbirgt. In Kombination mit dem LED-Spiegelschrank f\u00fcr die Aufbewahrung sind die Aufbewahrungsbereiche klar definiert, so dass es bequem ist, Dinge zu nehmen und Unordnung zu beseitigen, was den Aufbewahrungsbedarf von t\u00e4glichen Toilettenartikeln erf\u00fcllt.<\/p>\n\n\n\n<p><strong>Vorteile der Gr\u00f6\u00dfe<\/strong>: Die Breite von 100 cm ist eine goldene Gr\u00f6\u00dfe, die f\u00fcr die meisten Familienb\u00e4der geeignet ist. Der Raum ist ger\u00e4umig und nicht beengt, in der Lage, die Doppel-Schublade und Einzel-Schrank-Design, ausgewogene Lagerung und Bewegung, nicht in kleinen Wohnungen \u00fcberf\u00fcllt, und harmonisch in gro\u00dfen B\u00e4dern unterzubringen.<\/p>\n\n\n\n<p><strong>Shouya Werksversorgung<\/strong>: Bei der Massenanpassung werden mehr Rabatte gew\u00e4hrt, um den Beschaffungsbedarf zu decken.<\/p>\n<\/div>\n\n\n\n<div class=\"wp-block-column is-layout-flow wp-block-column-is-layout-flow\"><div class=\"wp-block-image\">\n<figure class=\"aligncenter size-full\"><img decoding=\"async\" width=\"700\" height=\"700\" src=\"https:\/\/www.shouyasanitary.com\/wp-content\/uploads\/2025\/07\/OEM-bathroom-cabinet-vanity_1.webp\" alt=\"OEM Badezimmerschrank vanity_1\" class=\"wp-image-1627\" style=\"object-fit:cover\" srcset=\"https:\/\/www.shouyasanitary.com\/wp-content\/uploads\/2025\/07\/OEM-bathroom-cabinet-vanity_1.webp 700w, https:\/\/www.shouyasanitary.com\/wp-content\/uploads\/2025\/07\/OEM-bathroom-cabinet-vanity_1-300x300.webp 300w, https:\/\/www.shouyasanitary.com\/wp-content\/uploads\/2025\/07\/OEM-bathroom-cabinet-vanity_1-150x150.webp 150w, https:\/\/www.shouyasanitary.com\/wp-content\/uploads\/2025\/07\/OEM-bathroom-cabinet-vanity_1-12x12.webp 12w, https:\/\/www.shouyasanitary.com\/wp-content\/uploads\/2025\/07\/OEM-bathroom-cabinet-vanity_1-600x600.webp 600w, https:\/\/www.shouyasanitary.com\/wp-content\/uploads\/2025\/07\/OEM-bathroom-cabinet-vanity_1-100x100.webp 100w\" sizes=\"(max-width: 700px) 100vw, 700px\" \/><\/figure>\n<\/div><\/div>\n<\/div>","protected":false},"excerpt":{"rendered":"<p>Willkommen im Gro\u00dfhandel Wandschrank Bad. Das wandmontierte Design kombiniert einen Spiegelschrank mit reichlich Stauraum, um Ordnung und Komfort in Ihr Badezimmer zu bringen. Es umfasst Schubladen und gro\u00dfe Schr\u00e4nke, um perfekt zu erf\u00fcllen verschiedene Speicheranforderungen. Kontaktieren Sie uns f\u00fcr ein Angebot und Produktkatalog!\u00a0<\/p>\n<h2>Wandschrank Bad Attribute\uff1a<\/h2>\n<p><strong>Artikel Nr.:<\/strong>9501-100c<strong><br \/>Material des Geh\u00e4uses:<\/strong>\u00a0Sperrholz<br \/><strong>Farbe des Geh\u00e4uses:<\/strong> Wei\u00df<br \/><strong>Spiegel:<\/strong> LED-Spiegel (3,5 mm\/3,8 mm), dreifarbige Beleuchtung, One-Touch-Entfogging, gesichert mit mehrlagiger Schaumstoffverpackung<br \/><strong>Installationsart:<\/strong>\u00a0Wandbefestigung<br \/><strong>Abmessungen (L\u00d7B\u00d7H):<\/strong> 100x50x51 cm<br \/><strong>Bruttogewicht:<\/strong> 32kg\/Satz<\/p>\n<h2>Anpassung &amp; Dienstleistungen:<\/h2>\n<p><strong>OEM &amp; ODM<\/strong>: Unterst\u00fctzt<br \/><strong>Gestaltung<\/strong>: Frei<br \/><strong>Zubeh\u00f6r<\/strong>: Waschbecken, Spiegel, Armaturen und anderes Badzubeh\u00f6r<br \/><strong>Verpacken<\/strong>: Einbaufertig<\/p>","protected":false},"featured_media":1627,"comment_status":"closed","ping_status":"closed","template":"","meta":{"_acf_changed":true},"product_brand":[],"product_cat":[20],"product_tag":[],"class_list":{"0":"post-1618","1":"product","2":"type-product","3":"status-publish","4":"has-post-thumbnail","6":"product_cat-wholesale-plywood-bathroom-vanity-cabinets","8":"first","9":"instock","10":"shipping-taxable","11":"product-type-simple"},"acf":[],"_links":{"self":[{"href":"https:\/\/www.shouyasanitary.com\/de\/wp-json\/wp\/v2\/product\/1618","targetHints":{"allow":["GET"]}}],"collection":[{"href":"https:\/\/www.shouyasanitary.com\/de\/wp-json\/wp\/v2\/product"}],"about":[{"href":"https:\/\/www.shouyasanitary.com\/de\/wp-json\/wp\/v2\/types\/product"}],"replies":[{"embeddable":true,"href":"https:\/\/www.shouyasanitary.com\/de\/wp-json\/wp\/v2\/comments?post=1618"}],"wp:featuredmedia":[{"embeddable":true,"href":"https:\/\/www.shouyasanitary.com\/de\/wp-json\/wp\/v2\/media\/1627"}],"wp:attachment":[{"href":"https:\/\/www.shouyasanitary.com\/de\/wp-json\/wp\/v2\/media?parent=1618"}],"wp:term":[{"taxonomy":"product_brand","embeddable":true,"href":"https:\/\/www.shouyasanitary.com\/de\/wp-json\/wp\/v2\/product_brand?post=1618"},{"taxonomy":"product_cat","embeddable":true,"href":"https:\/\/www.shouyasanitary.com\/de\/wp-json\/wp\/v2\/product_cat?post=1618"},{"taxonomy":"product_tag","embeddable":true,"href":"https:\/\/www.shouyasanitary.com\/de\/wp-json\/wp\/v2\/product_tag?post=1618"}],"curies":[{"name":"wp","href":"https:\/\/api.w.org\/{rel}","templated":true}]}}