{"id":1619,"date":"2025-08-01T11:31:09","date_gmt":"2025-08-01T11:31:09","guid":{"rendered":"https:\/\/www.shouyasanitary.com\/?post_type=product&#038;p=1619"},"modified":"2025-08-01T11:31:14","modified_gmt":"2025-08-01T11:31:14","slug":"custom-plywood-bathroom-cabinets","status":"publish","type":"product","link":"https:\/\/www.shouyasanitary.com\/de\/produkt\/custom-plywood-bathroom-cabinets\/","title":{"rendered":"Benutzerdefinierte Sperrholz Badezimmer Schr\u00e4nke, Gro\u00dfhandel schwimmende Eitelkeit f\u00fcr Badezimmer mit einzelnen Waschbecken"},"content":{"rendered":"<div class=\"wp-block-columns is-layout-flex wp-container-core-columns-is-layout-9d6595d7 wp-block-columns-is-layout-flex\">\n<div class=\"wp-block-column is-layout-flow wp-block-column-is-layout-flow\">\n<h2 class=\"wp-block-heading\">Sperrholz-Badezimmerschr\u00e4nke Merkmale:<\/h2>\n\n\n\n<p><strong>Vorteile des Materials Sperrholz<\/strong>: Es wird durch das Pressen mehrerer Furnierschichten ineinander verschr\u00e4nkt. Die Struktur ist stabil und weist eine hohe Verformungsbest\u00e4ndigkeit auf, so dass die Form des Schranks lange Zeit erhalten bleibt. Es hat eine ausgezeichnete feuchtigkeitsbest\u00e4ndige Leistung, die effektiv dem Wasserdampf im Badezimmer widersteht und die Lebensdauer verl\u00e4ngert. Dar\u00fcber hinaus erf\u00fcllt es die Umweltschutznormen und setzt nur wenig Schadstoffe frei, was eine sichere und zuverl\u00e4ssige Nutzung gew\u00e4hrleistet.<\/p>\n\n\n\n<p><strong>Vorteile der Gr\u00f6\u00dfe<\/strong>: Die Breite von 60 cm ist pr\u00e4zise und f\u00fcr verschiedene Badezimmer geeignet. In kleinen Wohnungen nimmt er nicht zu viel Platz ein und erm\u00f6glicht auch in einem schmalen Bad eine komplette Ablagefl\u00e4che, w\u00e4hrend er in gro\u00dfen R\u00e4umen als zus\u00e4tzlicher Stauraum oder als G\u00e4stebadkonfiguration dienen kann, ohne deplatziert zu wirken und mit einer flexibleren Gestaltung.<\/p>\n\n\n\n<p><strong>Reichlich Stauraum<\/strong>: Obwohl die Gr\u00f6\u00dfe klein ist, ist die Aufbewahrungsfunktion praktisch. Der Spiegelschrank kann h\u00e4ufig verwendete Hautpflegeprodukte und Toilettenartikel aufbewahren und ist leicht zug\u00e4nglich. Der untere Schrankkorpus ist in Schichten aufgebaut und kann f\u00fcr die geordnete Aufbewahrung von Handt\u00fcchern, Badeartikeln usw. genutzt werden. So wird der vertikale Raum optimal ausgenutzt, und auch kleine Badezimmerschr\u00e4nke k\u00f6nnen f\u00fcr die geordnete Aufbewahrung der t\u00e4glichen Toilettenartikel genutzt werden.<\/p>\n\n\n\n<p><strong>Umweltfreundlich und gesund:<\/strong> Durch die strikte Einhaltung von Umweltschutznormen ist die Freisetzung von Schadstoffen wie Formaldehyd \u00e4u\u00dferst gering. Dies entspricht nicht nur dem Streben der modernen Verbraucher nach einem gesunden Wohnumfeld, sondern gew\u00e4hrleistet auch, dass<strong>,<\/strong> in einem relativ geschlossenen Raum im Badezimmer keine gesundheitlichen Sch\u00e4den verursacht und den Nutzern ein beruhigendes Nutzungserlebnis bietet.<\/p>\n<\/div>\n\n\n\n<div class=\"wp-block-column is-layout-flow wp-block-column-is-layout-flow\"><div class=\"wp-block-image\">\n<figure class=\"aligncenter size-full\"><img decoding=\"async\" width=\"700\" height=\"700\" src=\"https:\/\/www.shouyasanitary.com\/wp-content\/uploads\/2025\/07\/Bulk-Purchases-Bathroom-Cabinet-Vanity_1.webp\" alt=\"Bulk Purchases Badezimmerschrank Eitelkeit\" class=\"wp-image-1624\" style=\"object-fit:cover\" srcset=\"https:\/\/www.shouyasanitary.com\/wp-content\/uploads\/2025\/07\/Bulk-Purchases-Bathroom-Cabinet-Vanity_1.webp 700w, https:\/\/www.shouyasanitary.com\/wp-content\/uploads\/2025\/07\/Bulk-Purchases-Bathroom-Cabinet-Vanity_1-300x300.webp 300w, https:\/\/www.shouyasanitary.com\/wp-content\/uploads\/2025\/07\/Bulk-Purchases-Bathroom-Cabinet-Vanity_1-150x150.webp 150w, https:\/\/www.shouyasanitary.com\/wp-content\/uploads\/2025\/07\/Bulk-Purchases-Bathroom-Cabinet-Vanity_1-12x12.webp 12w, https:\/\/www.shouyasanitary.com\/wp-content\/uploads\/2025\/07\/Bulk-Purchases-Bathroom-Cabinet-Vanity_1-600x600.webp 600w, https:\/\/www.shouyasanitary.com\/wp-content\/uploads\/2025\/07\/Bulk-Purchases-Bathroom-Cabinet-Vanity_1-100x100.webp 100w\" sizes=\"(max-width: 700px) 100vw, 700px\" \/><\/figure>\n<\/div><\/div>\n<\/div>","protected":false},"excerpt":{"rendered":"<p>Benutzerdefinierte Sperrholz Badezimmerschr\u00e4nke, die Annahme High-End-Sperrholz Material, Spiegelschrank und reichlich Stauraum Design, speziell f\u00fcr moderne B\u00e4der konzipiert. Die clevere wandmontierte Struktur spart nicht nur Platz, sondern h\u00e4lt auch das Bad ordentlich. Es ist eine ideale Wahl f\u00fcr diejenigen, die ein modernes, einfaches und praktisches Badezimmer suchen. Wir laden Sie ein, uns f\u00fcr ein Angebot zu kontaktieren.<\/p>\n<h2>Benutzerdefinierte Sperrholz Badezimmer Schr\u00e4nke Attribute\uff1a<\/h2>\n<p><strong>Artikel Nr.<\/strong>: 3003-60<br \/><strong>Material des Geh\u00e4uses<\/strong>: Sperrholz<br \/><strong>Farbe des Geh\u00e4uses<\/strong>: Gelb<\/p>\n<p><strong>Spiegel:<\/strong> LED-Spiegel (3,5 mm\/3,8 mm), dreifarbige Beleuchtung, One-Touch-Entfogging, gesichert mit mehrlagiger Schaumstoffverpackung<br \/><strong>Installationsart:<\/strong>\u00a0Wandbefestigung<br \/><strong>Abmessungen (L\u00d7B\u00d7H):<\/strong> 60*47*45cm<\/p>\n<h2>Anpassung &amp; Dienstleistungen:<\/h2>\n<p><strong>OEM &amp; ODM<\/strong>: Unterst\u00fctzt<br \/><strong>Gestaltung<\/strong>: Frei<br \/><strong>Zubeh\u00f6r<\/strong>: Waschbecken, Spiegel, Armaturen und anderes Badzubeh\u00f6r<br \/><strong>Verpacken<\/strong>: Einbaufertig<\/p>","protected":false},"featured_media":1624,"comment_status":"closed","ping_status":"closed","template":"","meta":{"_acf_changed":true},"product_brand":[],"product_cat":[20],"product_tag":[],"class_list":{"0":"post-1619","1":"product","2":"type-product","3":"status-publish","4":"has-post-thumbnail","6":"product_cat-wholesale-plywood-bathroom-vanity-cabinets","8":"first","9":"instock","10":"shipping-taxable","11":"product-type-simple"},"acf":[],"_links":{"self":[{"href":"https:\/\/www.shouyasanitary.com\/de\/wp-json\/wp\/v2\/product\/1619","targetHints":{"allow":["GET"]}}],"collection":[{"href":"https:\/\/www.shouyasanitary.com\/de\/wp-json\/wp\/v2\/product"}],"about":[{"href":"https:\/\/www.shouyasanitary.com\/de\/wp-json\/wp\/v2\/types\/product"}],"replies":[{"embeddable":true,"href":"https:\/\/www.shouyasanitary.com\/de\/wp-json\/wp\/v2\/comments?post=1619"}],"wp:featuredmedia":[{"embeddable":true,"href":"https:\/\/www.shouyasanitary.com\/de\/wp-json\/wp\/v2\/media\/1624"}],"wp:attachment":[{"href":"https:\/\/www.shouyasanitary.com\/de\/wp-json\/wp\/v2\/media?parent=1619"}],"wp:term":[{"taxonomy":"product_brand","embeddable":true,"href":"https:\/\/www.shouyasanitary.com\/de\/wp-json\/wp\/v2\/product_brand?post=1619"},{"taxonomy":"product_cat","embeddable":true,"href":"https:\/\/www.shouyasanitary.com\/de\/wp-json\/wp\/v2\/product_cat?post=1619"},{"taxonomy":"product_tag","embeddable":true,"href":"https:\/\/www.shouyasanitary.com\/de\/wp-json\/wp\/v2\/product_tag?post=1619"}],"curies":[{"name":"wp","href":"https:\/\/api.w.org\/{rel}","templated":true}]}}