{"id":1649,"date":"2025-08-01T11:30:27","date_gmt":"2025-08-01T11:30:27","guid":{"rendered":"https:\/\/www.shouyasanitary.com\/?post_type=product&#038;p=1649"},"modified":"2025-08-01T11:30:36","modified_gmt":"2025-08-01T11:30:36","slug":"wholesale-bathroom-vanity-with-mirror","status":"publish","type":"product","link":"https:\/\/www.shouyasanitary.com\/de\/produkt\/wholesale-bathroom-vanity-with-mirror\/","title":{"rendered":"Gro\u00dfhandel Badezimmer Eitelkeit mit Spiegel, Batch benutzerdefinierte Badezimmer Schrank wasserdicht PVC Schr\u00e4nke f\u00fcr kommerzielle Badezimmer Projekte"},"content":{"rendered":"<div class=\"wp-block-columns is-layout-flex wp-container-core-columns-is-layout-9d6595d7 wp-block-columns-is-layout-flex\">\n<div class=\"wp-block-column is-layout-flow wp-block-column-is-layout-flow\">\n<h2 class=\"wp-block-heading\">Badezimmer Waschtisch mit Spiegel Eigenschaften\uff1a<\/h2>\n\n\n\n<p><strong>Modernes und schlichtes Aussehen<\/strong>Das Produkt hat ein h\u00e4ngendes Design, kombiniert mit runden, intelligenten Lampenspiegeln. Die einfachen Linien verschmelzen mit den dreidimensionalen wellenf\u00f6rmigen T\u00fcrpaneelen und schaffen eine leichte und modische Atmosph\u00e4re. Es eignet sich f\u00fcr moderne Badezimmer in gehobenen Hotels, voll ausgestatteten Wohnungen usw. und erf\u00fcllt die \u00e4sthetischen Anforderungen an moderne Badezimmerdesigns.<\/p>\n\n\n\n<p><strong>Wasserdichtes PVC-Material<\/strong>l: Es hat eine ausgezeichnete wasserdichte und feuchtigkeitsbest\u00e4ndige Leistung. Sie wird durch die feuchte Umgebung im Badezimmer nicht beeintr\u00e4chtigt. Die Oberfl\u00e4che ist leicht zu reinigen und resistent gegen Kratzer. Sie verformt sich nicht und ver\u00e4ndert ihre Farbe \u00fcber einen langen Zeitraum hinweg nicht, was die Wartungskosten senkt und Sch\u00f6nheit mit Zweckm\u00e4\u00dfigkeit verbindet.<\/p>\n\n\n\n<p><strong>Flexibler Stauraum<\/strong>: Der Schrank ist in mehrere Ablagefl\u00e4chen unterteilt. Die breite Arbeitsplatte bietet Platz f\u00fcr h\u00e4ufig verwendete Gegenst\u00e4nde. Die versteckten Schubladen und Schrankt\u00fcren bieten eine geordnete Aufbewahrung von Toilettenartikeln und erf\u00fcllen den Aufbewahrungsbedarf mehrerer Benutzer in Hotelzimmern und gewerblichen B\u00e4dern. Die Entnahme von Gegenst\u00e4nden ist bequem und effizient.<\/p>\n\n\n\n<p><strong>Qualit\u00e4tssicherung<\/strong>: Unter Einhaltung strenger Produktionsstandards ist die Struktur des Schranks stabil, und die Beschlagteile wurden Haltbarkeitstests unterzogen. Er hat mehrere Tests bestanden, einschlie\u00dflich Wasserdichtigkeit und Tragf\u00e4higkeit, was eine zuverl\u00e4ssige Qualit\u00e4t gew\u00e4hrleistet. Er bietet eine langfristige und stabile Aufbewahrungsl\u00f6sung f\u00fcr das Badezimmer und reduziert m\u00f6gliche Probleme nach dem Kauf.<\/p>\n<\/div>\n\n\n\n<div class=\"wp-block-column is-layout-flow wp-block-column-is-layout-flow\"><div class=\"wp-block-image\">\n<figure class=\"aligncenter size-full\"><img decoding=\"async\" width=\"700\" height=\"700\" src=\"https:\/\/www.shouyasanitary.com\/wp-content\/uploads\/2025\/07\/Bulk-Purchases-Bathroom-Cabinet-Vanity-1.webp\" alt=\"Bulk Purchases Badezimmerschrank Eitelkeit\" class=\"wp-image-1654\" style=\"object-fit:cover\" srcset=\"https:\/\/www.shouyasanitary.com\/wp-content\/uploads\/2025\/07\/Bulk-Purchases-Bathroom-Cabinet-Vanity-1.webp 700w, https:\/\/www.shouyasanitary.com\/wp-content\/uploads\/2025\/07\/Bulk-Purchases-Bathroom-Cabinet-Vanity-1-300x300.webp 300w, https:\/\/www.shouyasanitary.com\/wp-content\/uploads\/2025\/07\/Bulk-Purchases-Bathroom-Cabinet-Vanity-1-150x150.webp 150w, https:\/\/www.shouyasanitary.com\/wp-content\/uploads\/2025\/07\/Bulk-Purchases-Bathroom-Cabinet-Vanity-1-12x12.webp 12w, https:\/\/www.shouyasanitary.com\/wp-content\/uploads\/2025\/07\/Bulk-Purchases-Bathroom-Cabinet-Vanity-1-600x600.webp 600w, https:\/\/www.shouyasanitary.com\/wp-content\/uploads\/2025\/07\/Bulk-Purchases-Bathroom-Cabinet-Vanity-1-100x100.webp 100w\" sizes=\"(max-width: 700px) 100vw, 700px\" \/><\/figure>\n<\/div><\/div>\n<\/div>","protected":false},"excerpt":{"rendered":"<p>Gro\u00dfhandel Badezimmer Eitelkeit mit Spiegel, wasserdicht PVC-Konstruktion, feuchtigkeitsbest\u00e4ndig und leicht zu pflegen. Ideal f\u00fcr kommerzielle Bad-Projekte wie Hotels und Wohnungen, mit Bulk-Anpassung zur Verf\u00fcgung. Kontaktieren Sie uns, um einen Produktkatalog zu erhalten!<\/p>\n<h2>Bad Waschtisch mit Spiegel Attribute\uff1a<\/h2>\n<p><strong>Artikel Nr.:<\/strong>6046-100y<strong><br \/>Material des Geh\u00e4uses:<\/strong> PVC<br \/><strong>Farbe des Geh\u00e4uses:<\/strong> Gelb<br \/><strong>Spiegel:<\/strong> LED-Spiegel (3,5 mm\/3,8 mm), dreifarbige Beleuchtung, One-Touch-Entfogging, gesichert mit mehrlagiger Schaumstoffverpackung<br \/><strong>Installationsart:<\/strong>\u00a0Wandbefestigung<br \/><strong>Abmessungen (L\u00d7B\u00d7H):<\/strong> 100*48*47 cm<br \/><strong>Bruttogewicht:<\/strong> 32kg\/Satz<\/p>\n<h2>Anpassung &amp; Dienstleistungen:<\/h2>\n<p><strong>OEM &amp; ODM<\/strong>: Unterst\u00fctzt<br \/><strong>Gestaltung<\/strong>: Frei<br \/><strong>Zubeh\u00f6r<\/strong>: Waschbecken, Spiegel, Armaturen und anderes Badzubeh\u00f6r<br \/><strong>Verpacken<\/strong>: Einbaufertig<\/p>","protected":false},"featured_media":1654,"comment_status":"closed","ping_status":"closed","template":"","meta":{"_acf_changed":true},"product_brand":[],"product_cat":[24],"product_tag":[],"class_list":{"0":"post-1649","1":"product","2":"type-product","3":"status-publish","4":"has-post-thumbnail","6":"product_cat-wholesale-pvc-bathroom-vanity-cabinets","8":"first","9":"instock","10":"shipping-taxable","11":"product-type-simple"},"acf":[],"_links":{"self":[{"href":"https:\/\/www.shouyasanitary.com\/de\/wp-json\/wp\/v2\/product\/1649","targetHints":{"allow":["GET"]}}],"collection":[{"href":"https:\/\/www.shouyasanitary.com\/de\/wp-json\/wp\/v2\/product"}],"about":[{"href":"https:\/\/www.shouyasanitary.com\/de\/wp-json\/wp\/v2\/types\/product"}],"replies":[{"embeddable":true,"href":"https:\/\/www.shouyasanitary.com\/de\/wp-json\/wp\/v2\/comments?post=1649"}],"wp:featuredmedia":[{"embeddable":true,"href":"https:\/\/www.shouyasanitary.com\/de\/wp-json\/wp\/v2\/media\/1654"}],"wp:attachment":[{"href":"https:\/\/www.shouyasanitary.com\/de\/wp-json\/wp\/v2\/media?parent=1649"}],"wp:term":[{"taxonomy":"product_brand","embeddable":true,"href":"https:\/\/www.shouyasanitary.com\/de\/wp-json\/wp\/v2\/product_brand?post=1649"},{"taxonomy":"product_cat","embeddable":true,"href":"https:\/\/www.shouyasanitary.com\/de\/wp-json\/wp\/v2\/product_cat?post=1649"},{"taxonomy":"product_tag","embeddable":true,"href":"https:\/\/www.shouyasanitary.com\/de\/wp-json\/wp\/v2\/product_tag?post=1649"}],"curies":[{"name":"wp","href":"https:\/\/api.w.org\/{rel}","templated":true}]}}