{"id":1650,"date":"2025-08-01T11:30:25","date_gmt":"2025-08-01T11:30:25","guid":{"rendered":"https:\/\/www.shouyasanitary.com\/?post_type=product&#038;p=1650"},"modified":"2025-08-01T11:30:27","modified_gmt":"2025-08-01T11:30:27","slug":"custom-bathroom-vanities-with-tops","status":"publish","type":"product","link":"https:\/\/www.shouyasanitary.com\/de\/produkt\/custom-bathroom-vanities-with-tops\/","title":{"rendered":"Brauch Badezimmer Eitelkeiten mit Tops, Franz\u00f6sisch-Stil Engineering PVC Badezimmer Schrank mit Spiegel in Bulk"},"content":{"rendered":"<div class=\"wp-block-columns is-layout-flex wp-container-core-columns-is-layout-9d6595d7 wp-block-columns-is-layout-flex\">\n<div class=\"wp-block-column is-layout-flow wp-block-column-is-layout-flow\">\n<h2 class=\"wp-block-heading\">Badezimmer-Eitelkeiten mit Aufs\u00e4tzen Eigenschaften\uff1a<\/h2>\n\n\n\n<p><strong>Design im franz\u00f6sischen Stil: <\/strong>H\u00e4ngeschrank mit einem runden, eleganten Spiegel. Die fugenlose Arbeitsplatte aus Granit schlie\u00dft nahtlos an den Schrank an, wodurch er sich f\u00fcr verschiedene Badezimmer eignet und das Gesamtbild aufwertet.<\/p>\n\n\n\n<p><strong>Hochwertiges Material<\/strong>: PVC-Schrank + nahtlose Granit-Arbeitsplatte. Wasserdicht, feuchtigkeitsbest\u00e4ndig und resistent gegen Feuchtigkeit. Der Granit ist resistent gegen Kratzer bei hohen Temperaturen. Die PVC-Oberfl\u00e4che ist leicht zu reinigen und verformt sich im Laufe der Zeit nicht, so dass sich Funktionalit\u00e4t und \u00c4sthetik die Waage halten.<\/p>\n\n\n\n<p><strong>Mehrstufiges Zonierungskonzept:<\/strong> Die Arbeitsplatte aus Granit bietet Platz f\u00fcr h\u00e4ufig verwendete Gegenst\u00e4nde. Schubladen und verborgene Schr\u00e4nke dienen der separaten Aufbewahrung von Toilettenartikeln f\u00fcr mehrere Personen und bieten einen bequemen und geordneten Zugang<\/p>\n\n\n\n<p><strong>Werksbelieferung, Qualit\u00e4tssicherung<\/strong>: Die Struktur ist stabil, die Beschlagteile sind langlebig und haben die Wasserdichtigkeits- und Tragf\u00e4higkeitspr\u00fcfungen bestanden. Das Granitbecken ist fest mit dem PVC-Schrank verbunden und gew\u00e4hrleistet eine zuverl\u00e4ssige Nutzung. Es bietet eine langfristige und zuverl\u00e4ssige Badl\u00f6sung f\u00fcr kommerzielle Projekte.<\/p>\n<\/div>\n\n\n\n<div class=\"wp-block-column is-layout-flow wp-block-column-is-layout-flow\"><div class=\"wp-block-image\">\n<figure class=\"aligncenter size-full\"><img decoding=\"async\" width=\"700\" height=\"700\" src=\"https:\/\/www.shouyasanitary.com\/wp-content\/uploads\/2025\/07\/OEM-bathroom-cabinet-vanity-2.webp\" alt=\"OEM Badezimmerschrank Eitelkeit\" class=\"wp-image-1657\" style=\"object-fit:cover\" srcset=\"https:\/\/www.shouyasanitary.com\/wp-content\/uploads\/2025\/07\/OEM-bathroom-cabinet-vanity-2.webp 700w, https:\/\/www.shouyasanitary.com\/wp-content\/uploads\/2025\/07\/OEM-bathroom-cabinet-vanity-2-300x300.webp 300w, https:\/\/www.shouyasanitary.com\/wp-content\/uploads\/2025\/07\/OEM-bathroom-cabinet-vanity-2-150x150.webp 150w, https:\/\/www.shouyasanitary.com\/wp-content\/uploads\/2025\/07\/OEM-bathroom-cabinet-vanity-2-12x12.webp 12w, https:\/\/www.shouyasanitary.com\/wp-content\/uploads\/2025\/07\/OEM-bathroom-cabinet-vanity-2-600x600.webp 600w, https:\/\/www.shouyasanitary.com\/wp-content\/uploads\/2025\/07\/OEM-bathroom-cabinet-vanity-2-100x100.webp 100w\" sizes=\"(max-width: 700px) 100vw, 700px\" \/><\/figure>\n<\/div><\/div>\n<\/div>","protected":false},"excerpt":{"rendered":"<p>Ma\u00dfgeschneiderte Waschtische mit Aufs\u00e4tzen aus PVC mit integriertem Becken aus Steinplatten, rundem beleuchtetem Spiegel und verstecktem Stauraum. Feuchtigkeitsresistent und robust. Hervorragend geeignet f\u00fcr Gastgewerbe und Vermietungsprojekte.  Shouya Fabrik direkt liefern, willkommen, uns zu kontaktieren, um ein Angebot zu erhalten!<\/p>\n<h2>Badezimmer Waschtische mit Aufs\u00e4tzen Attribute\uff1a<\/h2>\n<p><strong>Artikel Nr.:<\/strong>6047-120G<strong><br \/>Material des Geh\u00e4uses:<\/strong> PVC<br \/><strong>Farbe des Geh\u00e4uses:<\/strong> Grau<br \/><strong>Spiegel:<\/strong> LED-Spiegel (3,5 mm\/3,8 mm), dreifarbige Beleuchtung, One-Touch-Entfogging, gesichert mit mehrlagiger Schaumstoffverpackung<br \/><strong>Installationsart:<\/strong>\u00a0Wandbefestigung<br \/><strong>Abmessungen (L\u00d7B\u00d7H):<\/strong> 120*50*47 cm<br \/><strong>Bruttogewicht:<\/strong> 38kg\/Satz<\/p>\n<h2>Anpassung &amp; Dienstleistungen:<\/h2>\n<p><strong>OEM &amp; ODM<\/strong>: Unterst\u00fctzt<br \/><strong>Gestaltung<\/strong>: Frei<br \/><strong>Zubeh\u00f6r<\/strong>: Waschbecken, Spiegel, Armaturen und anderes Badzubeh\u00f6r<br \/><strong>Verpacken<\/strong>: Einbaufertig<\/p>","protected":false},"featured_media":1657,"comment_status":"closed","ping_status":"closed","template":"","meta":{"_acf_changed":true},"product_brand":[],"product_cat":[24],"product_tag":[],"class_list":{"0":"post-1650","1":"product","2":"type-product","3":"status-publish","4":"has-post-thumbnail","6":"product_cat-wholesale-pvc-bathroom-vanity-cabinets","8":"first","9":"instock","10":"shipping-taxable","11":"product-type-simple"},"acf":[],"_links":{"self":[{"href":"https:\/\/www.shouyasanitary.com\/de\/wp-json\/wp\/v2\/product\/1650","targetHints":{"allow":["GET"]}}],"collection":[{"href":"https:\/\/www.shouyasanitary.com\/de\/wp-json\/wp\/v2\/product"}],"about":[{"href":"https:\/\/www.shouyasanitary.com\/de\/wp-json\/wp\/v2\/types\/product"}],"replies":[{"embeddable":true,"href":"https:\/\/www.shouyasanitary.com\/de\/wp-json\/wp\/v2\/comments?post=1650"}],"wp:featuredmedia":[{"embeddable":true,"href":"https:\/\/www.shouyasanitary.com\/de\/wp-json\/wp\/v2\/media\/1657"}],"wp:attachment":[{"href":"https:\/\/www.shouyasanitary.com\/de\/wp-json\/wp\/v2\/media?parent=1650"}],"wp:term":[{"taxonomy":"product_brand","embeddable":true,"href":"https:\/\/www.shouyasanitary.com\/de\/wp-json\/wp\/v2\/product_brand?post=1650"},{"taxonomy":"product_cat","embeddable":true,"href":"https:\/\/www.shouyasanitary.com\/de\/wp-json\/wp\/v2\/product_cat?post=1650"},{"taxonomy":"product_tag","embeddable":true,"href":"https:\/\/www.shouyasanitary.com\/de\/wp-json\/wp\/v2\/product_tag?post=1650"}],"curies":[{"name":"wp","href":"https:\/\/api.w.org\/{rel}","templated":true}]}}