{"id":1651,"date":"2025-08-01T11:30:23","date_gmt":"2025-08-01T11:30:23","guid":{"rendered":"https:\/\/www.shouyasanitary.com\/?post_type=product&#038;p=1651"},"modified":"2025-08-01T11:30:25","modified_gmt":"2025-08-01T11:30:25","slug":"wholesale-master-bathroom-vanity","status":"publish","type":"product","link":"https:\/\/www.shouyasanitary.com\/de\/produkt\/wholesale-master-bathroom-vanity\/","title":{"rendered":"Engineering Gro\u00dfhandel Master Bad Eitelkeit, moderne minimalistische PVC-Schr\u00e4nke Badezimmer mit Smart-Spiegel Hersteller"},"content":{"rendered":"<div class=\"wp-block-columns is-layout-flex wp-container-core-columns-is-layout-9d6595d7 wp-block-columns-is-layout-flex\">\n<div class=\"wp-block-column is-layout-flow wp-block-column-is-layout-flow\">\n<h2 class=\"wp-block-heading\">Ausstattung des Hauptbadezimmers mit Waschbecken\uff1a<\/h2>\n\n\n\n<p><strong>Modernes Aussehen: <\/strong>Die Linien sind einfach und glatt, und der elegante wei\u00dfe Schrankk\u00f6rper wird durch exquisite goldene Griffe erg\u00e4nzt, die ihm ein sehr modisches Aussehen verleihen. Er ist au\u00dferdem mit LED-Linsen ausgestattet, die nicht nur den t\u00e4glichen Pflegebedarf erf\u00fcllen, sondern auch dem Badezimmer einen Hauch von Erhabenheit und Einzigartigkeit verleihen.<\/p>\n\n\n\n<p><strong>Langlebiges Material<\/strong>: Der Schrankk\u00f6rper besteht aus hochwertigem PVC-Material, das hervorragende wasser- und feuchtigkeitsbest\u00e4ndige Eigenschaften aufweist und der feuchten Umgebung im Badezimmer wirksam widersteht. Die Oberfl\u00e4che wurde einer speziellen Verarbeitung unterzogen, die sie verschlei\u00dffest und unempfindlich gegen Ausbleichen macht. Die Arbeitsplatte ist aus robusten und langlebigen Materialien, leicht zu reinigen und zu pflegen.<\/p>\n\n\n\n<p><strong>Organisierte Lagerung<\/strong>: Die untere Doppelschublade bietet reichlich Stauraum f\u00fcr selten benutzte Gegenst\u00e4nde oder pers\u00f6nliche Dinge, die das Badezimmer ordentlicher und aufger\u00e4umter machen.<\/p>\n\n\n\n<p><strong>Strenge Qualit\u00e4tskontrolle:<\/strong> Unser Badezimmerschrank wurde strengen Produktionsstandards und mehreren Qualit\u00e4tskontrollen unterzogen. Das PVC-Material des Schrankk\u00f6rpers ist strukturell stabil und hat eine ausgezeichnete Tragf\u00e4higkeit, und es ist nicht anf\u00e4llig f\u00fcr Verformungen. Ob es sich um den Gesamtrahmen oder die Details handelt, er weist eine hervorragende Qualit\u00e4t auf und bietet eine zuverl\u00e4ssige Garantie f\u00fcr Ihren Gebrauch.<\/p>\n\n\n\n<p><strong>Ma\u00dfgeschneiderte L\u00f6sungen liefern<\/strong>: Wir bieten ma\u00dfgeschneiderte L\u00f6sungen f\u00fcr PVC-Badezimmerschr\u00e4nke, z. B. Farbe, Finish, Gr\u00f6\u00dfe, Marke, Logo usw., um Ihre Markenanforderungen zu erf\u00fcllen.<\/p>\n<\/div>\n\n\n\n<div class=\"wp-block-column is-layout-flow wp-block-column-is-layout-flow\"><div class=\"wp-block-image\">\n<figure class=\"aligncenter size-full\"><img decoding=\"async\" width=\"700\" height=\"700\" src=\"https:\/\/www.shouyasanitary.com\/wp-content\/uploads\/2025\/07\/Factory-made-custom-bathroom-cabinet-vanity-1.webp\" alt=\"Werkseitig hergestellter Badezimmerschrank Eitelkeit\" class=\"wp-image-1661\" style=\"object-fit:cover\" srcset=\"https:\/\/www.shouyasanitary.com\/wp-content\/uploads\/2025\/07\/Factory-made-custom-bathroom-cabinet-vanity-1.webp 700w, https:\/\/www.shouyasanitary.com\/wp-content\/uploads\/2025\/07\/Factory-made-custom-bathroom-cabinet-vanity-1-300x300.webp 300w, https:\/\/www.shouyasanitary.com\/wp-content\/uploads\/2025\/07\/Factory-made-custom-bathroom-cabinet-vanity-1-150x150.webp 150w, https:\/\/www.shouyasanitary.com\/wp-content\/uploads\/2025\/07\/Factory-made-custom-bathroom-cabinet-vanity-1-12x12.webp 12w, https:\/\/www.shouyasanitary.com\/wp-content\/uploads\/2025\/07\/Factory-made-custom-bathroom-cabinet-vanity-1-600x600.webp 600w, https:\/\/www.shouyasanitary.com\/wp-content\/uploads\/2025\/07\/Factory-made-custom-bathroom-cabinet-vanity-1-100x100.webp 100w\" sizes=\"(max-width: 700px) 100vw, 700px\" \/><\/figure>\n<\/div><\/div>\n<\/div>","protected":false},"excerpt":{"rendered":"<p>Engineering Gro\u00dfhandel Master Bad Eitelkeit. Moderne PVC-Badezimmerschr\u00e4nke, ausgestattet mit einem intelligenten LED-Spiegel, wasserdichtem PVC-Material und zwei Ablagef\u00e4chern, eignen sich f\u00fcr Hotels und gehobene Projekte. Anfrage zum Kauf!<\/p>\n<h2>Hauptbadezimmer Eitelkeit Attribute\uff1a<\/h2>\n<p><strong>Artikel Nr.:<\/strong>6055-120W<strong><br \/>Material des Geh\u00e4uses:<\/strong> PVC<br \/><strong>Farbe des Geh\u00e4uses:<\/strong> Wei\u00df<br \/><strong>Spiegel:<\/strong> LED-Spiegel (3,5 mm\/3,8 mm), dreifarbige Beleuchtung, One-Touch-Entfogging, gesichert mit mehrlagiger Schaumstoffverpackung<br \/><strong>Installationsart:<\/strong>\u00a0Wandbefestigung<br \/><strong>Abmessungen (L\u00d7B\u00d7H):<\/strong> 120*50*47 cm<br \/><strong>Bruttogewicht:<\/strong> 38kg\/Satz<\/p>\n<h2>Anpassung &amp; Dienstleistungen:<\/h2>\n<p><strong>OEM &amp; ODM<\/strong>: Unterst\u00fctzt<br \/><strong>Gestaltung<\/strong>: Frei<br \/><strong>Zubeh\u00f6r<\/strong>: Waschbecken, Spiegel, Armaturen und anderes Badzubeh\u00f6r<br \/><strong>Verpacken<\/strong>: Einbaufertig<\/p>","protected":false},"featured_media":1661,"comment_status":"closed","ping_status":"closed","template":"","meta":{"_acf_changed":true},"product_brand":[],"product_cat":[24],"product_tag":[],"class_list":{"0":"post-1651","1":"product","2":"type-product","3":"status-publish","4":"has-post-thumbnail","6":"product_cat-wholesale-pvc-bathroom-vanity-cabinets","8":"first","9":"instock","10":"shipping-taxable","11":"product-type-simple"},"acf":[],"_links":{"self":[{"href":"https:\/\/www.shouyasanitary.com\/de\/wp-json\/wp\/v2\/product\/1651","targetHints":{"allow":["GET"]}}],"collection":[{"href":"https:\/\/www.shouyasanitary.com\/de\/wp-json\/wp\/v2\/product"}],"about":[{"href":"https:\/\/www.shouyasanitary.com\/de\/wp-json\/wp\/v2\/types\/product"}],"replies":[{"embeddable":true,"href":"https:\/\/www.shouyasanitary.com\/de\/wp-json\/wp\/v2\/comments?post=1651"}],"wp:featuredmedia":[{"embeddable":true,"href":"https:\/\/www.shouyasanitary.com\/de\/wp-json\/wp\/v2\/media\/1661"}],"wp:attachment":[{"href":"https:\/\/www.shouyasanitary.com\/de\/wp-json\/wp\/v2\/media?parent=1651"}],"wp:term":[{"taxonomy":"product_brand","embeddable":true,"href":"https:\/\/www.shouyasanitary.com\/de\/wp-json\/wp\/v2\/product_brand?post=1651"},{"taxonomy":"product_cat","embeddable":true,"href":"https:\/\/www.shouyasanitary.com\/de\/wp-json\/wp\/v2\/product_cat?post=1651"},{"taxonomy":"product_tag","embeddable":true,"href":"https:\/\/www.shouyasanitary.com\/de\/wp-json\/wp\/v2\/product_tag?post=1651"}],"curies":[{"name":"wp","href":"https:\/\/api.w.org\/{rel}","templated":true}]}}