{"id":1664,"date":"2025-08-01T11:30:13","date_gmt":"2025-08-01T11:30:13","guid":{"rendered":"https:\/\/www.shouyasanitary.com\/?post_type=product&#038;p=1664"},"modified":"2025-08-01T11:30:15","modified_gmt":"2025-08-01T11:30:15","slug":"custom-vanity-cabinets-for-bathrooms","status":"publish","type":"product","link":"https:\/\/www.shouyasanitary.com\/de\/produkt\/custom-vanity-cabinets-for-bathrooms\/","title":{"rendered":"Engineering benutzerdefinierte Eitelkeit Schr\u00e4nke f\u00fcr Badezimmer, Gro\u00dfhandel 80cm Marmor Badezimmer Schrank mit Keramik-Becken f\u00fcr Hotels"},"content":{"rendered":"<div class=\"wp-block-columns is-layout-flex wp-container-core-columns-is-layout-9d6595d7 wp-block-columns-is-layout-flex\">\n<div class=\"wp-block-column is-layout-flow wp-block-column-is-layout-flow\">\n<h2 class=\"wp-block-heading\">Merkmale von Unterschr\u00e4nken f\u00fcr Badezimmer:<\/h2>\n\n\n\n<p><strong>Hochwertiges Marmor-Material<\/strong>: Es ist verschlei\u00dffest, feuchtigkeitsbest\u00e4ndig und verformungsbest\u00e4ndig, so dass es \u00fcber einen l\u00e4ngeren Zeitraum in feuchten Badezimmern verwendet werden kann.<\/p>\n\n\n\n<p><strong>Praktische Aufbewahrungsfunktion<\/strong>: Es gibt zwei Arten von Ablagefl\u00e4chen: offene und geschlossene. Die offenen Regale sind praktisch f\u00fcr die Aufbewahrung von h\u00e4ufig verwendeten Toilettenartikeln und leicht zug\u00e4nglich. In den geschlossenen Schubladen und Schrankt\u00fcren lassen sich nach Kategorien geordnete Privat- oder Reserveartikel aufbewahren, so dass verschiedene Aufbewahrungsbed\u00fcrfnisse erf\u00fcllt werden k\u00f6nnen und das Bad ordentlich und aufger\u00e4umt bleibt.<\/p>\n\n\n\n<p><strong>Dimmbares Spiegeldesign<\/strong>: Der Spiegel verf\u00fcgt \u00fcber eine dreifarbige Lichteinstellungsfunktion. Das kalte Licht ist klar und hell, geeignet f\u00fcr die t\u00e4gliche Pflege und Make-up; das warme Licht ist warm und weich, eine angenehme Atmosph\u00e4re zu schaffen; das nat\u00fcrliche Licht ist in der N\u00e4he von Sonnenlicht, die genaue Beobachtung von Gesichtsdetails zu erleichtern, und verschiedene Lichter erf\u00fcllen verschiedene Szene Anforderungen.<\/p>\n\n\n\n<p><strong>Einteiliges Keramik-Becken<\/strong>: Das Keramikbecken wird mit exquisiter Handwerkskunst hergestellt und hat eine einzigartige Form, die perfekt zur Granitarbeitsplatte passt. Die hochwertige Glasur auf der Oberfl\u00e4che hat eine ausgezeichnete wasserabweisende Wirkung, so dass Wasserflecken und Schmutz nicht so leicht anhaften k\u00f6nnen. Sie ist au\u00dferdem korrosionsbest\u00e4ndig, s\u00e4ure- und laugenbest\u00e4ndig und beh\u00e4lt ihren Glanz lange bei.<\/p>\n\n\n\n<p><strong>Unterst\u00fctzung ma\u00dfgeschneiderter L\u00f6sungen<\/strong>: Shouya bietet zahlreiche kundenspezifische Dienstleistungen an, wie z.B. Gr\u00f6\u00dfe, Farbe, Material, LOGO und Verpackung, so dass es sich flexibel an die verschiedenen Marktanforderungen weltweit anpassen kann.<\/p>\n<\/div>\n\n\n\n<div class=\"wp-block-column is-layout-flow wp-block-column-is-layout-flow\"><div class=\"wp-block-image\">\n<figure class=\"aligncenter size-full\"><img decoding=\"async\" width=\"700\" height=\"700\" src=\"https:\/\/www.shouyasanitary.com\/wp-content\/uploads\/2025\/07\/Custom-bathroom-cabinet-vanity-1.webp\" alt=\"Benutzerdefinierte Badezimmerschrank Eitelkeit\" class=\"wp-image-1668\" style=\"object-fit:cover\" srcset=\"https:\/\/www.shouyasanitary.com\/wp-content\/uploads\/2025\/07\/Custom-bathroom-cabinet-vanity-1.webp 700w, https:\/\/www.shouyasanitary.com\/wp-content\/uploads\/2025\/07\/Custom-bathroom-cabinet-vanity-1-300x300.webp 300w, https:\/\/www.shouyasanitary.com\/wp-content\/uploads\/2025\/07\/Custom-bathroom-cabinet-vanity-1-150x150.webp 150w, https:\/\/www.shouyasanitary.com\/wp-content\/uploads\/2025\/07\/Custom-bathroom-cabinet-vanity-1-12x12.webp 12w, https:\/\/www.shouyasanitary.com\/wp-content\/uploads\/2025\/07\/Custom-bathroom-cabinet-vanity-1-600x600.webp 600w, https:\/\/www.shouyasanitary.com\/wp-content\/uploads\/2025\/07\/Custom-bathroom-cabinet-vanity-1-100x100.webp 100w\" sizes=\"(max-width: 700px) 100vw, 700px\" \/><\/figure>\n<\/div><\/div>\n<\/div>\n\n\n\n<p><\/p>","protected":false},"excerpt":{"rendered":"<p>Ma\u00dfgeschneiderte Waschtischunterschr\u00e4nke f\u00fcr Badezimmer, Marmor mit Keramikbecken, perfekt integriert in modernes Baddesign, langlebig und leicht zu reinigen. Shouya bietet ma\u00dfgeschneiderte Dienstleistungen. Kontaktieren Sie uns, um ma\u00dfgeschneiderte L\u00f6sungen zu erhalten!<\/p>\n<h2>Badezimmer Waschtisch Attribute\uff1a<\/h2>\n<p><strong>Artikel Nr.<\/strong>: O10012-80<br \/><strong>Material des Geh\u00e4uses<\/strong>: Marmor <br \/><strong>Farbe des Geh\u00e4uses<\/strong>: Schwarz\u00a0<br \/><strong>Spiegel<\/strong>: LED-Spiegel (3,5 mm \/ 3,8 mm), dreifarbige Beleuchtung, One-Touch-Enteisung, mit mehrschichtiger Schaumstoffverpackung gesichert <br \/><strong>Einbauart<\/strong>: Wandbefestigung <br \/><strong>Abmessungen (L \u00d7 B \u00d7 H)<\/strong>: 80 \u00d7 50 \u00d7 40 cm<\/p>\n<p><strong>Bruttogewicht<\/strong>: 31 kg\/Satz<\/p>\n<h2>Anpassung &amp; Dienstleistungen:<\/h2>\n<p><strong>OEM &amp; ODM<\/strong>: Unterst\u00fctzt<br \/><strong>Gestaltung<\/strong>: Frei<br \/><strong>Zubeh\u00f6r<\/strong>: Waschbecken, Spiegel, Armaturen und anderes Badzubeh\u00f6r<br \/><strong>Verpacken<\/strong>: Einbaufertig<\/p>","protected":false},"featured_media":1668,"comment_status":"closed","ping_status":"closed","template":"","meta":{"_acf_changed":true},"product_brand":[],"product_cat":[22],"product_tag":[],"class_list":{"0":"post-1664","1":"product","2":"type-product","3":"status-publish","4":"has-post-thumbnail","6":"product_cat-wholesale-marble-bathroom-vanity-cabinets","8":"first","9":"instock","10":"shipping-taxable","11":"product-type-simple"},"acf":[],"_links":{"self":[{"href":"https:\/\/www.shouyasanitary.com\/de\/wp-json\/wp\/v2\/product\/1664","targetHints":{"allow":["GET"]}}],"collection":[{"href":"https:\/\/www.shouyasanitary.com\/de\/wp-json\/wp\/v2\/product"}],"about":[{"href":"https:\/\/www.shouyasanitary.com\/de\/wp-json\/wp\/v2\/types\/product"}],"replies":[{"embeddable":true,"href":"https:\/\/www.shouyasanitary.com\/de\/wp-json\/wp\/v2\/comments?post=1664"}],"wp:featuredmedia":[{"embeddable":true,"href":"https:\/\/www.shouyasanitary.com\/de\/wp-json\/wp\/v2\/media\/1668"}],"wp:attachment":[{"href":"https:\/\/www.shouyasanitary.com\/de\/wp-json\/wp\/v2\/media?parent=1664"}],"wp:term":[{"taxonomy":"product_brand","embeddable":true,"href":"https:\/\/www.shouyasanitary.com\/de\/wp-json\/wp\/v2\/product_brand?post=1664"},{"taxonomy":"product_cat","embeddable":true,"href":"https:\/\/www.shouyasanitary.com\/de\/wp-json\/wp\/v2\/product_cat?post=1664"},{"taxonomy":"product_tag","embeddable":true,"href":"https:\/\/www.shouyasanitary.com\/de\/wp-json\/wp\/v2\/product_tag?post=1664"}],"curies":[{"name":"wp","href":"https:\/\/api.w.org\/{rel}","templated":true}]}}