{"id":1665,"date":"2025-08-01T11:30:22","date_gmt":"2025-08-01T11:30:22","guid":{"rendered":"https:\/\/www.shouyasanitary.com\/?post_type=product&#038;p=1665"},"modified":"2025-08-01T11:30:23","modified_gmt":"2025-08-01T11:30:23","slug":"wholesale-bathroom-vanitys","status":"publish","type":"product","link":"https:\/\/www.shouyasanitary.com\/de\/produkt\/wholesale-bathroom-vanitys\/","title":{"rendered":"Gro\u00dfhandel Badezimmer Vanitys, wei\u00dfes Badezimmer Kabinett Wand mit Spiegel Marmor Material Lieferanten"},"content":{"rendered":"<div class=\"wp-block-columns is-layout-flex wp-container-core-columns-is-layout-9d6595d7 wp-block-columns-is-layout-flex\">\n<div class=\"wp-block-column is-layout-flow wp-block-column-is-layout-flow\">\n<h2 class=\"wp-block-heading\">Badezimmer Waschtische Merkmale:<\/h2>\n\n\n\n<p><strong>Einzigartiges Spiegeldesign: <\/strong>Der einzigartige geschwungene Spiegel hat glatte Linien und bricht mit dem traditionellen quadratischen Design und verleiht ihm einen weichen und eleganten Touch. Der Spiegel ist mit einer dreifarbigen Hintergrundbeleuchtung ausgestattet, die je nach Bedarf zwischen k\u00fchlem, warmem und nat\u00fcrlichem Licht umschalten kann und so den unterschiedlichen Beleuchtungsanforderungen bei der K\u00f6rperpflege und beim Schminken gerecht wird und das Ambiente verbessert.<\/p>\n\n\n\n<p><strong>Effizienter Hauptschrank<\/strong>: Der Hauptschrank verf\u00fcgt \u00fcber ein offenes Schubladendesign mit den Ma\u00dfen 1000\u00d7500\u00d7400 mm, wodurch die Raumnutzung optimiert wird. H\u00e4ufig verwendete Toilettenartikel und Hautpflegeprodukte sind leicht sichtbar und bequem zu erreichen. Der wei\u00dfe Hauptschrank ist schlicht und elegant und passt zu verschiedenen Einrichtungsstilen im Badezimmer, wodurch ein sauberes und aufger\u00e4umtes Raumgef\u00fchl entsteht.<\/p>\n\n\n\n<p><strong>Hochfestes Material<\/strong>: Das aus Steinplatten hergestellte Material zeichnet sich durch Eigenschaften wie Verschlei\u00dffestigkeit, Kratzfestigkeit, hohe Temperaturbest\u00e4ndigkeit und Undurchl\u00e4ssigkeit aus. Selbst in einer feuchten Badezimmerumgebung ist es resistent gegen Verformung und Schimmelbildung. <\/p>\n\n\n\n<p><strong>Leicht zu reinigen<\/strong>: Das integrierte Keramikbecken geht nahtlos in die Arbeitsplatte aus Steinplatten \u00fcber und bildet eine glatte, fleckenunempfindliche Oberfl\u00e4che, die sich m\u00fchelos reinigen l\u00e4sst.<\/p>\n\n\n\n<p><strong>Praktisches Design<\/strong>: Der gew\u00f6lbte Spiegel erweitert das Sichtfeld und macht es bequem f\u00fcr den t\u00e4glichen Gebrauch; die offene Schublade erm\u00f6glicht einen effizienten Zugang zu den Gegenst\u00e4nden und spart Zeit; die dreifarbige Beleuchtung erf\u00fcllt die Bed\u00fcrfnisse verschiedener Szenarien und verbindet Funktionalit\u00e4t mit \u00c4sthetik, um den Benutzern ein komfortables, bequemes und hochwertiges Wascherlebnis zu bieten.<\/p>\n\n\n\n<p><strong>Unterst\u00fctzung OEM\/ODM:<\/strong> Shouya bietet ma\u00dfgeschneiderte Dienstleistungen, einschlie\u00dflich Gr\u00f6\u00dfe, Farbe, Spiegeldesign, Zubeh\u00f6r, Funktionen usw., um den Anforderungen von Projektentwicklern, Markenagenturen, Gro\u00dfh\u00e4ndlern usw. gerecht zu werden.<\/p>\n<\/div>\n\n\n\n<div class=\"wp-block-column is-layout-flow wp-block-column-is-layout-flow\"><div class=\"wp-block-image\">\n<figure class=\"aligncenter size-full\"><img decoding=\"async\" width=\"700\" height=\"700\" src=\"https:\/\/www.shouyasanitary.com\/wp-content\/uploads\/2025\/07\/Custom-Solutions-Bathroom-Wall-Mount.webp\" alt=\"Individuelle L\u00f6sungen f\u00fcr die Wandmontage im Bad\" class=\"wp-image-1673\" style=\"object-fit:cover\" srcset=\"https:\/\/www.shouyasanitary.com\/wp-content\/uploads\/2025\/07\/Custom-Solutions-Bathroom-Wall-Mount.webp 700w, https:\/\/www.shouyasanitary.com\/wp-content\/uploads\/2025\/07\/Custom-Solutions-Bathroom-Wall-Mount-300x300.webp 300w, https:\/\/www.shouyasanitary.com\/wp-content\/uploads\/2025\/07\/Custom-Solutions-Bathroom-Wall-Mount-150x150.webp 150w, https:\/\/www.shouyasanitary.com\/wp-content\/uploads\/2025\/07\/Custom-Solutions-Bathroom-Wall-Mount-12x12.webp 12w, https:\/\/www.shouyasanitary.com\/wp-content\/uploads\/2025\/07\/Custom-Solutions-Bathroom-Wall-Mount-600x600.webp 600w, https:\/\/www.shouyasanitary.com\/wp-content\/uploads\/2025\/07\/Custom-Solutions-Bathroom-Wall-Mount-100x100.webp 100w\" sizes=\"(max-width: 700px) 100vw, 700px\" \/><\/figure>\n<\/div><\/div>\n<\/div>","protected":false},"excerpt":{"rendered":"<p>Gro\u00dfhandel Badezimmer vanitys, wei\u00dfe Wand-Badezimmerschrank mit Marmor-Arbeitsplatte und Spiegel, langlebig und elegantes Design, geeignet f\u00fcr ein modernes Bad. Gro\u00dfhandel Versorgung, willkommen, uns f\u00fcr ein individuelles Angebot und Produktkatalog zu kontaktieren!<\/p>\n<h2>Badezimmer Waschtisch Attribute\uff1a<\/h2>\n<p><strong>Artikel Nr.<\/strong>: O1051-100<br \/><strong>Material des Geh\u00e4uses<\/strong>: Marmor <br \/><strong>Farbe des Geh\u00e4uses<\/strong>: Wei\u00df <br \/><strong>Spiegel<\/strong>: LED-Spiegel (3,5 mm \/ 3,8 mm), dreifarbige Beleuchtung, One-Touch-Enteisung, mit mehrschichtiger Schaumstoffverpackung gesichert <br \/><strong>Einbauart<\/strong>: Wandbefestigung <br \/><strong>Abmessungen (L \u00d7 B \u00d7 H)<\/strong>: 100 \u00d7 50\u00d7 40 cm <br \/><strong>Bruttogewicht<\/strong>: 38 kg\/Satz<\/p>\n<h2>Anpassung &amp; Dienstleistungen:<\/h2>\n<p><strong>OEM &amp; ODM<\/strong>: Unterst\u00fctzt<br \/><strong>Gestaltung<\/strong>: Frei<br \/><strong>Zubeh\u00f6r<\/strong>: Waschbecken, Spiegel, Armaturen und anderes Badzubeh\u00f6r<br \/><strong>Verpacken<\/strong>: Einbaufertig<\/p>","protected":false},"featured_media":1673,"comment_status":"closed","ping_status":"closed","template":"","meta":{"_acf_changed":true},"product_brand":[],"product_cat":[22],"product_tag":[],"class_list":{"0":"post-1665","1":"product","2":"type-product","3":"status-publish","4":"has-post-thumbnail","6":"product_cat-wholesale-marble-bathroom-vanity-cabinets","8":"first","9":"instock","10":"shipping-taxable","11":"product-type-simple"},"acf":[],"_links":{"self":[{"href":"https:\/\/www.shouyasanitary.com\/de\/wp-json\/wp\/v2\/product\/1665","targetHints":{"allow":["GET"]}}],"collection":[{"href":"https:\/\/www.shouyasanitary.com\/de\/wp-json\/wp\/v2\/product"}],"about":[{"href":"https:\/\/www.shouyasanitary.com\/de\/wp-json\/wp\/v2\/types\/product"}],"replies":[{"embeddable":true,"href":"https:\/\/www.shouyasanitary.com\/de\/wp-json\/wp\/v2\/comments?post=1665"}],"wp:featuredmedia":[{"embeddable":true,"href":"https:\/\/www.shouyasanitary.com\/de\/wp-json\/wp\/v2\/media\/1673"}],"wp:attachment":[{"href":"https:\/\/www.shouyasanitary.com\/de\/wp-json\/wp\/v2\/media?parent=1665"}],"wp:term":[{"taxonomy":"product_brand","embeddable":true,"href":"https:\/\/www.shouyasanitary.com\/de\/wp-json\/wp\/v2\/product_brand?post=1665"},{"taxonomy":"product_cat","embeddable":true,"href":"https:\/\/www.shouyasanitary.com\/de\/wp-json\/wp\/v2\/product_cat?post=1665"},{"taxonomy":"product_tag","embeddable":true,"href":"https:\/\/www.shouyasanitary.com\/de\/wp-json\/wp\/v2\/product_tag?post=1665"}],"curies":[{"name":"wp","href":"https:\/\/api.w.org\/{rel}","templated":true}]}}