{"id":1678,"date":"2025-08-01T11:30:15","date_gmt":"2025-08-01T11:30:15","guid":{"rendered":"https:\/\/www.shouyasanitary.com\/?post_type=product&#038;p=1678"},"modified":"2025-08-01T11:30:18","modified_gmt":"2025-08-01T11:30:18","slug":"wholesale-mirrored-bathroom-vanity","status":"publish","type":"product","link":"https:\/\/www.shouyasanitary.com\/de\/produkt\/wholesale-mirrored-bathroom-vanity\/","title":{"rendered":"Gro\u00dfhandel gespiegelt Badezimmer Eitelkeit, benutzerdefinierte PVC-Badezimmer Schrank elegantes Design"},"content":{"rendered":"<div class=\"wp-block-columns is-layout-flex wp-container-core-columns-is-layout-9d6595d7 wp-block-columns-is-layout-flex\">\n<div class=\"wp-block-column is-layout-flow wp-block-column-is-layout-flow\">\n<h2 class=\"wp-block-heading\">Verspiegelte Badezimmer-Eitelkeiten\uff1a<\/h2>\n\n\n\n<p><strong>Klassisches und elegantes Design<\/strong>: Die Verwendung von geschwungenen Spiegeln mildert die harten Linien und erg\u00e4nzt die weichen Elemente im franz\u00f6sischen Stil, die mit dem Hauptschrank mit seinen gew\u00f6lbten Linien und goldenen Griffen einen eleganten Raum schaffen. <\/p>\n\n\n\n<p><strong>Wasserdichtes Material<\/strong>: Der Hauptschrank besteht aus PVC-Material, das langlebig und feuchtigkeitsbest\u00e4ndig ist und der feuchten Umgebung im Badezimmer standh\u00e4lt, was eine langfristige Nutzung gew\u00e4hrleistet. <\/p>\n\n\n\n<p><strong>Raumausnutzung<\/strong>: Der Hauptschrank mit den Ma\u00dfen 800\u00d7500\u00d7470 mm verf\u00fcgt \u00fcber ein Schubladendesign, das den vertikalen Raum effizient nutzt. Er ist ideal f\u00fcr die Aufbewahrung von Badeutensilien und kleinen Gegenst\u00e4nden und sorgt f\u00fcr Ordnung auf der Arbeitsfl\u00e4che. Die geschwungene Kontur passt auch in kleine Wohnungen, ohne sich beengt zu f\u00fchlen.<\/p>\n\n\n\n<p><strong>Multistil-Anpassung<\/strong>: Der wei\u00dfe Schrankkorpus ist schlicht und vielseitig und passt gut zu verschiedenen Einrichtungsstilen wie dem franz\u00f6sischen oder dem minimalistischen, was die Helligkeit des Raums unterstreicht.<\/p>\n\n\n\n<p><strong>Erfindungsreichtum im Detail<\/strong>: Die Kombination des Spiegelschranks mit dem Hauptschrank, wobei der Spiegel den visuellen Raum vergr\u00f6\u00dfert, und die gew\u00f6lbte Form des Hauptschranks + die vertikale Maserung des Dekors lassen franz\u00f6sische Romantik aufkommen; das Keramikbecken hat einen abgerundeten Rand, gepaart mit einer minimalistischen Armatur, die ein Gleichgewicht zwischen Aussehen und Zweckm\u00e4\u00dfigkeit herstellt und dem Leben im Bad einen Hauch von Qualit\u00e4t verleiht.<\/p>\n\n\n\n<p><strong>Anpassungsm\u00f6glichkeiten<\/strong>: Je nach den unterschiedlichen Gesch\u00e4fts- und Projektanforderungen bieten wir ma\u00dfgeschneiderte Dienstleistungen an, z. B. verschiedene Gr\u00f6\u00dfen und Konfigurationen, die f\u00fcr Hotels, Restaurants und andere Orte geeignet sind.<\/p>\n<\/div>\n\n\n\n<div class=\"wp-block-column is-layout-flow wp-block-column-is-layout-flow\"><div class=\"wp-block-image\">\n<figure class=\"aligncenter size-full\"><img decoding=\"async\" width=\"700\" height=\"700\" src=\"https:\/\/www.shouyasanitary.com\/wp-content\/uploads\/2025\/07\/OEM-Bathroom-Vanity-with-Sink.webp\" alt=\"OEM-Badezimmerunterschrank mit Waschbecken\" class=\"wp-image-1684\" style=\"object-fit:cover\" srcset=\"https:\/\/www.shouyasanitary.com\/wp-content\/uploads\/2025\/07\/OEM-Bathroom-Vanity-with-Sink.webp 700w, https:\/\/www.shouyasanitary.com\/wp-content\/uploads\/2025\/07\/OEM-Bathroom-Vanity-with-Sink-300x300.webp 300w, https:\/\/www.shouyasanitary.com\/wp-content\/uploads\/2025\/07\/OEM-Bathroom-Vanity-with-Sink-150x150.webp 150w, https:\/\/www.shouyasanitary.com\/wp-content\/uploads\/2025\/07\/OEM-Bathroom-Vanity-with-Sink-12x12.webp 12w, https:\/\/www.shouyasanitary.com\/wp-content\/uploads\/2025\/07\/OEM-Bathroom-Vanity-with-Sink-600x600.webp 600w, https:\/\/www.shouyasanitary.com\/wp-content\/uploads\/2025\/07\/OEM-Bathroom-Vanity-with-Sink-100x100.webp 100w\" sizes=\"(max-width: 700px) 100vw, 700px\" \/><\/figure>\n<\/div><\/div>\n<\/div>","protected":false},"excerpt":{"rendered":"<p>Gro\u00dfhandel verspiegelte Bad Eitelkeit, einfach und klassisch, mit gro\u00dfen Spiegelschr\u00e4nken und exquisite Details, es erf\u00fcllt Speicherbedarf und f\u00fcgt eine moderne \u00c4sthetik, geeignet f\u00fcr eine Vielzahl von kommerziellen und h\u00e4uslichen Bad R\u00e4ume.  Willkommen bei uns f\u00fcr eine ma\u00dfgeschneiderte L\u00f6sung zu kontaktieren!<\/p>\n<h2>Verspiegelte Badezimmer-Eitelkeit Attribute\uff1a<\/h2>\n<p><strong>Artikel Nr.: <\/strong>6047-80<strong><br \/>Material des Geh\u00e4uses:<\/strong> PVC<br \/><strong>Farbe des Geh\u00e4uses:<\/strong> Wei\u00df<br \/><strong>Spiegel:<\/strong> LED-Spiegel (3,5 mm\/3,8 mm), dreifarbige Beleuchtung, One-Touch-Entfogging, gesichert mit mehrlagiger Schaumstoffverpackung<br \/><strong>Installationsart:<\/strong>\u00a0Wandbefestigung<br \/><strong>Abmessungen (L\u00d7B\u00d7H):<\/strong> 80x50x47 cm<br \/><strong>Bruttogewicht:<\/strong> 35kg\/Satz<\/p>\n<h2>Anpassung &amp; Dienstleistungen:<\/h2>\n<p><strong>OEM &amp; ODM<\/strong>: Unterst\u00fctzt<br \/><strong>Gestaltung<\/strong>: Frei<br \/><strong>Zubeh\u00f6r<\/strong>: Waschbecken, Spiegel, Armaturen und anderes Badzubeh\u00f6r<br \/><strong>Verpacken<\/strong>: Einbaufertig<\/p>","protected":false},"featured_media":1684,"comment_status":"closed","ping_status":"closed","template":"","meta":{"_acf_changed":true},"product_brand":[],"product_cat":[24],"product_tag":[],"class_list":{"0":"post-1678","1":"product","2":"type-product","3":"status-publish","4":"has-post-thumbnail","6":"product_cat-wholesale-pvc-bathroom-vanity-cabinets","8":"first","9":"instock","10":"shipping-taxable","11":"product-type-simple"},"acf":[],"_links":{"self":[{"href":"https:\/\/www.shouyasanitary.com\/de\/wp-json\/wp\/v2\/product\/1678","targetHints":{"allow":["GET"]}}],"collection":[{"href":"https:\/\/www.shouyasanitary.com\/de\/wp-json\/wp\/v2\/product"}],"about":[{"href":"https:\/\/www.shouyasanitary.com\/de\/wp-json\/wp\/v2\/types\/product"}],"replies":[{"embeddable":true,"href":"https:\/\/www.shouyasanitary.com\/de\/wp-json\/wp\/v2\/comments?post=1678"}],"wp:featuredmedia":[{"embeddable":true,"href":"https:\/\/www.shouyasanitary.com\/de\/wp-json\/wp\/v2\/media\/1684"}],"wp:attachment":[{"href":"https:\/\/www.shouyasanitary.com\/de\/wp-json\/wp\/v2\/media?parent=1678"}],"wp:term":[{"taxonomy":"product_brand","embeddable":true,"href":"https:\/\/www.shouyasanitary.com\/de\/wp-json\/wp\/v2\/product_brand?post=1678"},{"taxonomy":"product_cat","embeddable":true,"href":"https:\/\/www.shouyasanitary.com\/de\/wp-json\/wp\/v2\/product_cat?post=1678"},{"taxonomy":"product_tag","embeddable":true,"href":"https:\/\/www.shouyasanitary.com\/de\/wp-json\/wp\/v2\/product_tag?post=1678"}],"curies":[{"name":"wp","href":"https:\/\/api.w.org\/{rel}","templated":true}]}}