{"id":1679,"date":"2025-08-01T11:30:18","date_gmt":"2025-08-01T11:30:18","guid":{"rendered":"https:\/\/www.shouyasanitary.com\/?post_type=product&#038;p=1679"},"modified":"2025-08-01T11:30:19","modified_gmt":"2025-08-01T11:30:19","slug":"custom-double-sink-bathroom-vanity","status":"publish","type":"product","link":"https:\/\/www.shouyasanitary.com\/de\/produkt\/custom-double-sink-bathroom-vanity\/","title":{"rendered":"Custom Double Sink Badezimmer Eitelkeit, PVC dunkelblau Badezimmer Schrank mit Keramik-Becken Hersteller"},"content":{"rendered":"<div class=\"wp-block-columns is-layout-flex wp-container-core-columns-is-layout-9d6595d7 wp-block-columns-is-layout-flex\">\n<div class=\"wp-block-column is-layout-flow wp-block-column-is-layout-flow\">\n<h2 class=\"wp-block-heading\">Doppelwaschbecken Badezimmer Eitelkeit Eigenschaften\uff1a<\/h2>\n\n\n\n<p><strong>Moderner minimalistischer Stil<\/strong>: Klare Linien und elegante Farben, dunkelblaue Badezimmerschr\u00e4nke mit schwarzen Arbeitsplatten, die einen Sinn f\u00fcr Mode und Raffinesse zeigen, geeignet f\u00fcr ein modernes Badezimmer.<\/p>\n\n\n\n<p><strong>Reichlich Stauraum<\/strong>: Er bietet eine Kombination aus Schubladen und einem Spiegelschrank (mit verdeckter Ablagefl\u00e4che). Sowohl der vertikale als auch der horizontale Raum werden vollst\u00e4ndig genutzt, um den t\u00e4glichen Bedarf an Toilettenartikeln und gr\u00f6\u00dferen Mengen an Stauraum zu befriedigen und das Problem der \u00fcberf\u00fcllten kleinen Badezimmerartikel zu l\u00f6sen.<\/p>\n\n\n\n<p><strong>Langlebiges PVC-Material<\/strong>: Es verf\u00fcgt \u00fcber ausgezeichnete wasserdichte und feuchtigkeitsbest\u00e4ndige Eigenschaften, die es f\u00fcr die feuchte Umgebung in Badezimmern geeignet machen. Es ist langlebig und leicht zu reinigen. <\/p>\n\n\n\n<p><strong>Tiefe Farbabstimmung<\/strong>: Der blaue Farbton des Hauptschranks durchbricht die Monotonie traditioneller Badezimmerschr\u00e4nke, verleiht dem Raum modische Vitalit\u00e4t und f\u00fcgt sich m\u00fchelos in moderne minimalistische, leicht luxuri\u00f6se und anders gestaltete B\u00e4der ein.<\/p>\n\n\n\n<p><strong>Praktischer Spiegelschrank:<\/strong> Er verf\u00fcgt \u00fcber ein intelligentes Display und weitere Funktionen, die Aufgaben wie Waschen, Aufbewahren und Organisieren von Make-up bequemer und effizienter machen.<\/p>\n\n\n\n<p><strong>Konstruktion mit zwei Becken<\/strong>: Es verf\u00fcgt \u00fcber zwei unabh\u00e4ngige Keramikbecken, die bequem von mehreren Personen gleichzeitig benutzt werden k\u00f6nnen und die Effizienz verbessern.<\/p>\n<\/div>\n\n\n\n<div class=\"wp-block-column is-layout-flow wp-block-column-is-layout-flow\"><div class=\"wp-block-image\">\n<figure class=\"aligncenter size-full\"><img decoding=\"async\" width=\"700\" height=\"700\" src=\"https:\/\/www.shouyasanitary.com\/wp-content\/uploads\/2025\/07\/Custom-Bathroom-Cabinets-with-Mirror.webp\" alt=\"Individuelle Badezimmerschr\u00e4nke mit Spiegel\" class=\"wp-image-1680\" style=\"object-fit:cover\" srcset=\"https:\/\/www.shouyasanitary.com\/wp-content\/uploads\/2025\/07\/Custom-Bathroom-Cabinets-with-Mirror.webp 700w, https:\/\/www.shouyasanitary.com\/wp-content\/uploads\/2025\/07\/Custom-Bathroom-Cabinets-with-Mirror-300x300.webp 300w, https:\/\/www.shouyasanitary.com\/wp-content\/uploads\/2025\/07\/Custom-Bathroom-Cabinets-with-Mirror-150x150.webp 150w, https:\/\/www.shouyasanitary.com\/wp-content\/uploads\/2025\/07\/Custom-Bathroom-Cabinets-with-Mirror-12x12.webp 12w, https:\/\/www.shouyasanitary.com\/wp-content\/uploads\/2025\/07\/Custom-Bathroom-Cabinets-with-Mirror-600x600.webp 600w, https:\/\/www.shouyasanitary.com\/wp-content\/uploads\/2025\/07\/Custom-Bathroom-Cabinets-with-Mirror-100x100.webp 100w\" sizes=\"(max-width: 700px) 100vw, 700px\" \/><\/figure>\n<\/div><\/div>\n<\/div>","protected":false},"excerpt":{"rendered":"<p>Custom Doppelwaschbecken Badezimmer Eitelkeit, dunkelblau Farbschema, mit seiner eleganten und tiefen Ton, kombiniert mit modernen und einfachen Design, schafft eine stabile und stilvolle Bad Atmosph\u00e4re, perfekt in jedes moderne Haus oder kommerziellen Raum zu integrieren. Kontaktieren Sie uns f\u00fcr ein Angebot und einen Produktkatalog\uff01<\/p>\n<h2>Benutzerdefinierte Doppelwaschbecken Badezimmer Eitelkeit Attribute\uff1a<\/h2>\n<p><strong>Artikel Nr.: <\/strong>6070-140<strong><br \/>Material des Geh\u00e4uses:<\/strong> PVC<br \/><strong>Farbe des Geh\u00e4uses:<\/strong> Dunkelblau<br \/><strong>Spiegel:<\/strong> LED-Spiegel (3,5 mm\/3,8 mm), dreifarbige Beleuchtung, One-Touch-Entfogging, gesichert mit mehrlagiger Schaumstoffverpackung<br \/><strong>Installationsart:<\/strong>\u00a0Wandbefestigung<br \/><strong>Abmessungen (L\u00d7B\u00d7H):<\/strong> 140x50x45 cm<br \/><strong>Bruttogewicht:<\/strong> 45kg\/Satz<\/p>\n<h2>Anpassung &amp; Dienstleistungen:<\/h2>\n<p><strong>OEM &amp; ODM<\/strong>: Unterst\u00fctzt<br \/><strong>Gestaltung<\/strong>: Frei<br \/><strong>Zubeh\u00f6r<\/strong>: Waschbecken, Spiegel, Armaturen und anderes Badzubeh\u00f6r<br \/><strong>Verpacken<\/strong>: Einbaufertig<\/p>","protected":false},"featured_media":1680,"comment_status":"closed","ping_status":"closed","template":"","meta":{"_acf_changed":false},"product_brand":[],"product_cat":[24],"product_tag":[],"class_list":{"0":"post-1679","1":"product","2":"type-product","3":"status-publish","4":"has-post-thumbnail","6":"product_cat-wholesale-pvc-bathroom-vanity-cabinets","8":"first","9":"instock","10":"shipping-taxable","11":"product-type-simple"},"acf":[],"_links":{"self":[{"href":"https:\/\/www.shouyasanitary.com\/de\/wp-json\/wp\/v2\/product\/1679","targetHints":{"allow":["GET"]}}],"collection":[{"href":"https:\/\/www.shouyasanitary.com\/de\/wp-json\/wp\/v2\/product"}],"about":[{"href":"https:\/\/www.shouyasanitary.com\/de\/wp-json\/wp\/v2\/types\/product"}],"replies":[{"embeddable":true,"href":"https:\/\/www.shouyasanitary.com\/de\/wp-json\/wp\/v2\/comments?post=1679"}],"wp:featuredmedia":[{"embeddable":true,"href":"https:\/\/www.shouyasanitary.com\/de\/wp-json\/wp\/v2\/media\/1680"}],"wp:attachment":[{"href":"https:\/\/www.shouyasanitary.com\/de\/wp-json\/wp\/v2\/media?parent=1679"}],"wp:term":[{"taxonomy":"product_brand","embeddable":true,"href":"https:\/\/www.shouyasanitary.com\/de\/wp-json\/wp\/v2\/product_brand?post=1679"},{"taxonomy":"product_cat","embeddable":true,"href":"https:\/\/www.shouyasanitary.com\/de\/wp-json\/wp\/v2\/product_cat?post=1679"},{"taxonomy":"product_tag","embeddable":true,"href":"https:\/\/www.shouyasanitary.com\/de\/wp-json\/wp\/v2\/product_tag?post=1679"}],"curies":[{"name":"wp","href":"https:\/\/api.w.org\/{rel}","templated":true}]}}