{"id":1709,"date":"2025-08-15T06:52:53","date_gmt":"2025-08-15T06:52:53","guid":{"rendered":"https:\/\/www.shouyasanitary.com\/?post_type=product&#038;p=1709"},"modified":"2025-08-15T06:52:59","modified_gmt":"2025-08-15T06:52:59","slug":"wholesale-floating-bathroom-vanity","status":"publish","type":"product","link":"https:\/\/www.shouyasanitary.com\/de\/produkt\/wholesale-floating-bathroom-vanity\/","title":{"rendered":"Gro\u00dfhandel schwimmende Badezimmer Eitelkeit, Sperrholz Badezimmer Schrank benutzerdefinierte"},"content":{"rendered":"<div class=\"wp-block-columns is-layout-flex wp-container-core-columns-is-layout-9d6595d7 wp-block-columns-is-layout-flex\">\n<div class=\"wp-block-column is-layout-flow wp-block-column-is-layout-flow\">\n<h2 class=\"wp-block-heading\">Schwebende Badezimmer-Eitelkeit Eigenschaften\uff1a<\/h2>\n\n\n\n<p><strong>Minimalistisches Khaki<\/strong> <strong>Badezimmer-Schrank:<\/strong> Dieses khakifarbene Design in Holzoptik zeichnet sich durch minimalistische Linien und ein griffloses Design aus, das einen eleganten und stilvollen Look erzeugt, der die moderne Wohnungseinrichtung erg\u00e4nzt.<\/p>\n\n\n\n<p><strong>LED-Gro\u00dfraum-Spiegelkabinett: <\/strong>Der Schrank ist in zwei Abschnitte unterteilt und verf\u00fcgt \u00fcber verstellbare, mehrschichtige Einlegeb\u00f6den. Das offene Design erm\u00f6glicht eine praktische Aufbewahrung und maximiert die Raumnutzung. LED- und Touch-Bedienelemente sorgen f\u00fcr ausreichende Beleuchtung bei der t\u00e4glichen Arbeit.<\/p>\n\n\n\n<p><strong>Dauerhaftes Sperrholz<\/strong> <strong>Material:<\/strong> Das Sperrholz wurde einer speziellen Behandlung unterzogen und zeichnet sich durch eine hervorragende Wasserdichtigkeit aus, so dass es sich f\u00fcr die feuchte Umgebung in Badezimmern eignet und resistent gegen Verformung und Schimmelbildung ist.<\/p>\n\n\n\n<p><strong>Sicher und gesund:<\/strong> Es wird aus umweltfreundlichen Materialien hergestellt, hat eine geringe Formaldehyd-Emission, ist unsch\u00e4dlich f\u00fcr den menschlichen K\u00f6rper und ist sicher und zuverl\u00e4ssig in der Anwendung.<\/p>\n\n\n\n<p><strong>Stabile Struktur<\/strong>: Es h\u00e4lt verschiedenen Belastungen im t\u00e4glichen Gebrauch stand und gew\u00e4hrleistet eine lange Lebensdauer.<\/p>\n\n\n\n<p><strong>Unterst\u00fctzung von Massenlieferungen und Anpassungen:<\/strong> Gr\u00f6\u00dfe, Farbe, Funktion usw. k\u00f6nnen je nach Kundenwunsch angepasst werden, um den unterschiedlichen Marktanforderungen flexibel gerecht zu werden.<\/p>\n<\/div>\n\n\n\n<div class=\"wp-block-column is-layout-flow wp-block-column-is-layout-flow\"><div class=\"wp-block-image\">\n<figure class=\"aligncenter size-full\"><img decoding=\"async\" width=\"700\" height=\"700\" src=\"https:\/\/www.shouyasanitary.com\/wp-content\/uploads\/2025\/08\/Wholesale-of-Bathroom-Cabinet_1.webp\" alt=\"Gro\u00dfhandel mit Badezimmerschr\u00e4nken_1\" class=\"wp-image-1722\" style=\"object-fit:cover\" srcset=\"https:\/\/www.shouyasanitary.com\/wp-content\/uploads\/2025\/08\/Wholesale-of-Bathroom-Cabinet_1.webp 700w, https:\/\/www.shouyasanitary.com\/wp-content\/uploads\/2025\/08\/Wholesale-of-Bathroom-Cabinet_1-300x300.webp 300w, https:\/\/www.shouyasanitary.com\/wp-content\/uploads\/2025\/08\/Wholesale-of-Bathroom-Cabinet_1-150x150.webp 150w, https:\/\/www.shouyasanitary.com\/wp-content\/uploads\/2025\/08\/Wholesale-of-Bathroom-Cabinet_1-12x12.webp 12w, https:\/\/www.shouyasanitary.com\/wp-content\/uploads\/2025\/08\/Wholesale-of-Bathroom-Cabinet_1-600x600.webp 600w, https:\/\/www.shouyasanitary.com\/wp-content\/uploads\/2025\/08\/Wholesale-of-Bathroom-Cabinet_1-100x100.webp 100w\" sizes=\"(max-width: 700px) 100vw, 700px\" \/><\/figure>\n<\/div><\/div>\n<\/div>","protected":false},"excerpt":{"rendered":"<p>Gro\u00dfhandel schwimmenden Bad Schr\u00e4nke, mit LED Badspiegel Schr\u00e4nke. Diese minimalistischen, grifflosen Designs sind elegant Khaki Eitelkeiten. Fabrik direkt von Shouya, Unterst\u00fctzung Anpassungsm\u00f6glichkeiten mit wettbewerbsf\u00e4higen Preisen und zuverl\u00e4ssige Lieferung. Kontaktieren Sie uns f\u00fcr ein Angebot und Vorschlag.<\/p>\n<h2>Schwebende Badezimmer-Eitelkeit Attribute\uff1a<\/h2>\n<p><strong>Artikel Nr.<\/strong>: 7033-100<br \/><strong>Material des Geh\u00e4uses:<\/strong>\u00a0Sperrholz<br \/><strong>Farbe des Geh\u00e4uses: <\/strong>Khaki<br \/><strong>Spiegel:<\/strong> LED-Spiegel (3,5 mm\/3,8 mm), dreifarbige Beleuchtung, One-Touch-Entfogging, gesichert mit mehrlagiger Schaumstoffverpackung<br \/><strong>Installationsart:<\/strong>\u00a0Wandbefestigung<br \/><strong>Abmessungen (L\u00d7B\u00d7H):<\/strong> 100x50x48 cm<br \/><strong>Bruttogewicht:<\/strong> 38 kg\/Satz<\/p>\n<h2>Anpassung &amp; Dienstleistungen:<\/h2>\n<p><strong>OEM &amp; ODM<\/strong>: Unterst\u00fctzt<br \/><strong>Gestaltung<\/strong>: Frei<br \/><strong>Zubeh\u00f6r<\/strong>: Waschbecken, Spiegel, Armaturen und anderes Badzubeh\u00f6r<br \/><strong>Verpacken<\/strong>: Einbaufertig<\/p>","protected":false},"featured_media":1722,"comment_status":"closed","ping_status":"closed","template":"","meta":{"_acf_changed":false},"product_brand":[],"product_cat":[20],"product_tag":[],"class_list":{"0":"post-1709","1":"product","2":"type-product","3":"status-publish","4":"has-post-thumbnail","6":"product_cat-wholesale-plywood-bathroom-vanity-cabinets","8":"first","9":"instock","10":"shipping-taxable","11":"product-type-simple"},"acf":[],"_links":{"self":[{"href":"https:\/\/www.shouyasanitary.com\/de\/wp-json\/wp\/v2\/product\/1709","targetHints":{"allow":["GET"]}}],"collection":[{"href":"https:\/\/www.shouyasanitary.com\/de\/wp-json\/wp\/v2\/product"}],"about":[{"href":"https:\/\/www.shouyasanitary.com\/de\/wp-json\/wp\/v2\/types\/product"}],"replies":[{"embeddable":true,"href":"https:\/\/www.shouyasanitary.com\/de\/wp-json\/wp\/v2\/comments?post=1709"}],"wp:featuredmedia":[{"embeddable":true,"href":"https:\/\/www.shouyasanitary.com\/de\/wp-json\/wp\/v2\/media\/1722"}],"wp:attachment":[{"href":"https:\/\/www.shouyasanitary.com\/de\/wp-json\/wp\/v2\/media?parent=1709"}],"wp:term":[{"taxonomy":"product_brand","embeddable":true,"href":"https:\/\/www.shouyasanitary.com\/de\/wp-json\/wp\/v2\/product_brand?post=1709"},{"taxonomy":"product_cat","embeddable":true,"href":"https:\/\/www.shouyasanitary.com\/de\/wp-json\/wp\/v2\/product_cat?post=1709"},{"taxonomy":"product_tag","embeddable":true,"href":"https:\/\/www.shouyasanitary.com\/de\/wp-json\/wp\/v2\/product_tag?post=1709"}],"curies":[{"name":"wp","href":"https:\/\/api.w.org\/{rel}","templated":true}]}}