{"id":1711,"date":"2025-08-15T07:36:53","date_gmt":"2025-08-15T07:36:53","guid":{"rendered":"https:\/\/www.shouyasanitary.com\/?post_type=product&#038;p=1711"},"modified":"2025-08-15T07:42:15","modified_gmt":"2025-08-15T07:42:15","slug":"custom-modern-bathroom-vanity","status":"publish","type":"product","link":"https:\/\/www.shouyasanitary.com\/de\/produkt\/custom-modern-bathroom-vanity\/","title":{"rendered":"Benutzerdefinierte moderne Badezimmer Eitelkeit, Fabrik Wand montiert Badezimmer Schrank Khaki"},"content":{"rendered":"<div class=\"wp-block-columns is-layout-flex wp-container-core-columns-is-layout-9d6595d7 wp-block-columns-is-layout-flex\">\n<div class=\"wp-block-column is-layout-flow wp-block-column-is-layout-flow\">\n<h2 class=\"wp-block-heading\">Modernes Badezimmer Eitelkeit Eigenschaften:<\/h2>\n\n\n\n<p><strong>Layout der linken und rechten Trennwand<\/strong>: Auf der linken Seite befindet sich ein Spiegelschrank mit einer T\u00fcr, die in geschlossenem Zustand eine \u00fcbersichtliche Nutzung des Waschbeckens erm\u00f6glicht und in ge\u00f6ffnetem Zustand verschiedene Kleinteile aufnehmen kann, um die Privatsph\u00e4re zu sch\u00fctzen und Staub zu vermeiden. Auf der rechten Seite befindet sich ein offenes Regal mit drei F\u00e4chern, in dem h\u00e4ufig verwendete Toilettenartikel und Flaschen griffbereit aufbewahrt werden k\u00f6nnen. Dieses Design nutzt den vertikalen Raum, um den Stauraum zu erweitern und die Arbeitsfl\u00e4che aufger\u00e4umt zu halten. <\/p>\n\n\n\n<p><strong>Die Oberseite ist mit einer Lichtleiste ausgestattet<\/strong>: Sie sorgt f\u00fcr zus\u00e4tzliche Beleuchtung, verbessert die Lichtverh\u00e4ltnisse f\u00fcr die Nutzung des Waschbeckens und schafft eine gem\u00fctliche Atmosph\u00e4re.<\/p>\n\n\n\n<p><strong>Struktur des Kabinetts<\/strong>: Der Hauptschrank verf\u00fcgt \u00fcber eine Doppelt\u00fcr mit einem \u00fcbersichtlichen Innenraum, der die kategorisierte Aufbewahrung von gro\u00dfen Gegenst\u00e4nden wie Badet\u00fcchern und Reinigungsmitteln erm\u00f6glicht und verschiedene Aufbewahrungsanforderungen im Badezimmer erf\u00fcllt. <\/p>\n\n\n\n<p><strong>Einfache Griffe:<\/strong> Er l\u00e4sst sich leichtg\u00e4ngig \u00f6ffnen und schlie\u00dfen, und sein minimalistisches Aussehen passt zu verschiedenen Einrichtungsstilen und sorgt f\u00fcr ein sauberes und \u00e4sthetisch ansprechendes Bad.<\/p>\n\n\n\n<p><strong>Wasserdichtes Material<\/strong>: Der Schrankkorpus besteht aus Sperrholz, das \u00fcber hervorragende wasser- und feuchtigkeitsbest\u00e4ndige Eigenschaften verf\u00fcgt. Es ist resistent gegen Verformung und Schimmelbildung in der feuchten Badezimmerumgebung und gew\u00e4hrleistet Stabilit\u00e4t und Langlebigkeit. <\/p>\n\n\n\n<p><strong>Keramisches Waschbecken:<\/strong> Die Arbeitsplatte und das Becken sind aus einem St\u00fcck geformt und bieten eine glatte Oberfl\u00e4che, die leicht zu reinigen ist. Wasser- und Schmutzflecken lassen sich leicht abwischen, so dass es weniger Reinigungsl\u00fccken gibt und die t\u00e4gliche Pflege m\u00fchelos ist. <\/p>\n\n\n\n<p><strong>Schwimmendes Design:<\/strong> Durch die h\u00e4ngende Gesamtinstallation gibt es keine toten Zonen, in denen sich die Reinigungsroboter frei bewegen k\u00f6nnen, was eine effiziente Reinigung des Badezimmerbodens erm\u00f6glicht.<\/p>\n<\/div>\n\n\n\n<div class=\"wp-block-column is-layout-flow wp-block-column-is-layout-flow\"><div class=\"wp-block-image\">\n<figure class=\"aligncenter size-full\"><img decoding=\"async\" width=\"700\" height=\"700\" src=\"https:\/\/www.shouyasanitary.com\/wp-content\/uploads\/2025\/08\/Wholesale-of-Bathroom-Cabinet.webp\" alt=\"Gro\u00dfhandel mit Badezimmerschr\u00e4nken\" class=\"wp-image-1716\" style=\"object-fit:cover\" srcset=\"https:\/\/www.shouyasanitary.com\/wp-content\/uploads\/2025\/08\/Wholesale-of-Bathroom-Cabinet.webp 700w, https:\/\/www.shouyasanitary.com\/wp-content\/uploads\/2025\/08\/Wholesale-of-Bathroom-Cabinet-300x300.webp 300w, https:\/\/www.shouyasanitary.com\/wp-content\/uploads\/2025\/08\/Wholesale-of-Bathroom-Cabinet-150x150.webp 150w, https:\/\/www.shouyasanitary.com\/wp-content\/uploads\/2025\/08\/Wholesale-of-Bathroom-Cabinet-12x12.webp 12w, https:\/\/www.shouyasanitary.com\/wp-content\/uploads\/2025\/08\/Wholesale-of-Bathroom-Cabinet-600x600.webp 600w, https:\/\/www.shouyasanitary.com\/wp-content\/uploads\/2025\/08\/Wholesale-of-Bathroom-Cabinet-100x100.webp 100w\" sizes=\"(max-width: 700px) 100vw, 700px\" \/><\/figure>\n<\/div><\/div>\n<\/div>","protected":false},"excerpt":{"rendered":"<p>Individueller, moderner Badezimmer-Waschtisch, die linke und rechte Trennwand sind mit Spiegelschr\u00e4nken und offenen Regalen ausgestattet, um verschiedene Stauraumanforderungen zu erf\u00fcllen. Das Sperrholzmaterial und die h\u00e4ngende Konstruktion sind feuchtigkeitsbest\u00e4ndig und leicht zu reinigen. Wir f\u00fchren auch semi-custom Bestellungen in gro\u00dfen Mengen. Kontaktieren Sie uns f\u00fcr einen Produktkatalog!<\/p>\n<h2>Modernes Badezimmer Eitelkeit Attribute\uff1a<\/h2>\n<p><strong>Artikel Nr.<\/strong>: 7031-80<br \/><strong>Material des Geh\u00e4uses<\/strong>: Sperrholz<br \/><strong>Farbe des Geh\u00e4uses<\/strong>: Khaki<br \/><strong>Spiegel<\/strong>: LED-Spiegel (3,5 mm \/ 3,8 mm), dreifarbige Beleuchtung, One-Touch-Enteisung, mit mehrschichtiger Schaumstoffverpackung gesichert <br \/><strong>Einbauart<\/strong>: Wandbefestigung <br \/><strong>Abmessungen (L \u00d7 B \u00d7 H)<\/strong>: 80 x 48 x 52 cm<br \/><strong>Bruttogewicht<\/strong>: 35kg\/Satz<\/p>\n<h2>Anpassung &amp; Dienstleistungen:<\/h2>\n<p><strong>OEM &amp; ODM<\/strong>: Unterst\u00fctzt<br \/><strong>Gestaltung<\/strong>: Frei<br \/><strong>Zubeh\u00f6r<\/strong>: Waschbecken, Spiegel, Armaturen und anderes Badzubeh\u00f6r<br \/><strong>Verpacken<\/strong>: Einbaufertig<\/p>","protected":false},"featured_media":1716,"comment_status":"closed","ping_status":"closed","template":"","meta":{"_acf_changed":true},"product_brand":[],"product_cat":[20],"product_tag":[],"class_list":{"0":"post-1711","1":"product","2":"type-product","3":"status-publish","4":"has-post-thumbnail","6":"product_cat-wholesale-plywood-bathroom-vanity-cabinets","8":"first","9":"instock","10":"shipping-taxable","11":"product-type-simple"},"acf":[],"_links":{"self":[{"href":"https:\/\/www.shouyasanitary.com\/de\/wp-json\/wp\/v2\/product\/1711","targetHints":{"allow":["GET"]}}],"collection":[{"href":"https:\/\/www.shouyasanitary.com\/de\/wp-json\/wp\/v2\/product"}],"about":[{"href":"https:\/\/www.shouyasanitary.com\/de\/wp-json\/wp\/v2\/types\/product"}],"replies":[{"embeddable":true,"href":"https:\/\/www.shouyasanitary.com\/de\/wp-json\/wp\/v2\/comments?post=1711"}],"wp:featuredmedia":[{"embeddable":true,"href":"https:\/\/www.shouyasanitary.com\/de\/wp-json\/wp\/v2\/media\/1716"}],"wp:attachment":[{"href":"https:\/\/www.shouyasanitary.com\/de\/wp-json\/wp\/v2\/media?parent=1711"}],"wp:term":[{"taxonomy":"product_brand","embeddable":true,"href":"https:\/\/www.shouyasanitary.com\/de\/wp-json\/wp\/v2\/product_brand?post=1711"},{"taxonomy":"product_cat","embeddable":true,"href":"https:\/\/www.shouyasanitary.com\/de\/wp-json\/wp\/v2\/product_cat?post=1711"},{"taxonomy":"product_tag","embeddable":true,"href":"https:\/\/www.shouyasanitary.com\/de\/wp-json\/wp\/v2\/product_tag?post=1711"}],"curies":[{"name":"wp","href":"https:\/\/api.w.org\/{rel}","templated":true}]}}