{"id":1712,"date":"2025-08-15T07:41:58","date_gmt":"2025-08-15T07:41:58","guid":{"rendered":"https:\/\/www.shouyasanitary.com\/?post_type=product&#038;p=1712"},"modified":"2025-08-15T07:42:05","modified_gmt":"2025-08-15T07:42:05","slug":"custom-bathroom-mirror-vanity","status":"publish","type":"product","link":"https:\/\/www.shouyasanitary.com\/de\/produkt\/custom-bathroom-mirror-vanity\/","title":{"rendered":"Benutzerdefinierte Badezimmer Spiegel Eitelkeit, moderne wei\u00dfe Sperrholz Badezimmer Schrank f\u00fcr Hotel in Bulk"},"content":{"rendered":"<div class=\"wp-block-columns is-layout-flex wp-container-core-columns-is-layout-9d6595d7 wp-block-columns-is-layout-flex\">\n<div class=\"wp-block-column is-layout-flow wp-block-column-is-layout-flow\">\n<h2 class=\"wp-block-heading\">Badezimmer-Spiegel-Eitelkeit Eigenschaften\uff1a<\/h2>\n\n\n\n<p><strong>Runder Lichtspiegel<\/strong>: Ausgestattet mit einem runden, intelligenten Spiegel, der an den R\u00e4ndern von einer sanften Beleuchtung umgeben ist, verbessert er nicht nur das Wasch- und Pflegeerlebnis, sondern verleiht dem Raum auch eine modische Atmosph\u00e4re und passt zu verschiedenen Einrichtungsstilen.<\/p>\n\n\n\n<p><strong>Eleganter Badezimmerschrank<\/strong>: Der Korpus ist haupts\u00e4chlich wei\u00df, mit zwei Schubladen und glatten, einfachen Linien. Optisch ist er minimalistisch und elegant, passt leicht in verschiedene Badezimmer und schafft ein sauberes und erfrischendes Gef\u00fchl.<\/p>\n\n\n\n<p><strong>Hochwertiges Sperrholzmaterial: <\/strong>Das ausgew\u00e4hlte Sperrholz weist eine ausgezeichnete strukturelle Stabilit\u00e4t auf und ist resistent gegen Verformung und Rissbildung. Es beh\u00e4lt seine guten physikalischen Eigenschaften auch in einer feuchten Badumgebung bei, was eine langfristige Nutzung gew\u00e4hrleistet. <\/p>\n\n\n\n<p><strong>Integriertes Waschbecken aus Keramik<\/strong>Die glatte, leicht zu reinigende Oberfl\u00e4che wird in einem integrierten Formgebungsverfahren hergestellt. Wasser- und Schmutzflecken k\u00f6nnen nur schwer an der Oberfl\u00e4che haften. Dar\u00fcber hinaus ist das keramische Material langlebig und resistent gegen Flecken und Bakterien, was den Komfort und die Hygiene im t\u00e4glichen Gebrauch erh\u00f6ht.<\/p>\n\n\n\n<p><strong>Multifunktionale Aufbewahrung<\/strong>: Die beiden Schubladen bieten einen abgestuften Stauraum, der eine kategorisierte Aufbewahrung von Toilettenartikeln, Hautpflegeprodukten und mehr erm\u00f6glicht. In Verbindung mit den seitlich angebrachten offenen Regalen (auf dem Bild zu sehen) werden verschiedene Aufbewahrungsbed\u00fcrfnisse erf\u00fcllt und eine geordnete Platzierung der Badartikel gew\u00e4hrleistet. <\/p>\n\n\n\n<p><strong>Schwebende Konstruktion<\/strong>: Das Design des H\u00e4ngeschranks reduziert die toten Zonen auf dem Boden, was die t\u00e4gliche Reinigung erleichtert und gleichzeitig das Gef\u00fchl der r\u00e4umlichen Transparenz verst\u00e4rkt, so dass das Bad weniger beengt wirkt und sich gut an kleine Wohnungen anpasst.<\/p>\n<\/div>\n\n\n\n<div class=\"wp-block-column is-layout-flow wp-block-column-is-layout-flow\"><div class=\"wp-block-image\">\n<figure class=\"aligncenter size-full\"><img decoding=\"async\" width=\"700\" height=\"700\" src=\"https:\/\/www.shouyasanitary.com\/wp-content\/uploads\/2025\/08\/Wholesale-Bathroom-Vanity-Cabinet.webp\" alt=\"Gro\u00dfhandel Badezimmer Eitelkeit Kabinett\" class=\"wp-image-1713\" style=\"object-fit:cover\" srcset=\"https:\/\/www.shouyasanitary.com\/wp-content\/uploads\/2025\/08\/Wholesale-Bathroom-Vanity-Cabinet.webp 700w, https:\/\/www.shouyasanitary.com\/wp-content\/uploads\/2025\/08\/Wholesale-Bathroom-Vanity-Cabinet-300x300.webp 300w, https:\/\/www.shouyasanitary.com\/wp-content\/uploads\/2025\/08\/Wholesale-Bathroom-Vanity-Cabinet-150x150.webp 150w, https:\/\/www.shouyasanitary.com\/wp-content\/uploads\/2025\/08\/Wholesale-Bathroom-Vanity-Cabinet-12x12.webp 12w, https:\/\/www.shouyasanitary.com\/wp-content\/uploads\/2025\/08\/Wholesale-Bathroom-Vanity-Cabinet-600x600.webp 600w, https:\/\/www.shouyasanitary.com\/wp-content\/uploads\/2025\/08\/Wholesale-Bathroom-Vanity-Cabinet-100x100.webp 100w\" sizes=\"(max-width: 700px) 100vw, 700px\" \/><\/figure>\n<\/div><\/div>\n<\/div>","protected":false},"excerpt":{"rendered":"<p>Der ma\u00dfgefertigte Badspiegel-Waschtisch hat ein elegantes wei\u00dfes, minimalistisches Design mit einem runden LED-Spiegel und einem Keramikbecken. Durch seine gro\u00dfz\u00fcgige Gr\u00f6\u00dfe passt er perfekt zu jeder Einrichtung. Shouya bietet OEM\/ODM-Service. Gro\u00dfhandel, um uns zu kontaktieren, um ein Angebot zu erhalten!<\/p>\n<h2>Badezimmer-Spiegel Eitelkeit Attribute\uff1a<\/h2>\n<p><strong>Artikel Nr.<\/strong>: 6050-100w<br \/><strong>Material des Geh\u00e4uses:<\/strong>\u00a0Sperrholz<br \/><strong>Farbe des Geh\u00e4uses: <\/strong>Wei\u00df<br \/><strong>Spiegel:<\/strong> LED-Spiegel (3,5 mm\/3,8 mm), dreifarbige Beleuchtung, One-Touch-Entfogging, gesichert mit mehrlagiger Schaumstoffverpackung<br \/><strong>Installationsart:<\/strong>\u00a0Wandbefestigung<br \/><strong>Abmessungen (L\u00d7B\u00d7H):<\/strong> 100x50x47 cm<br \/><strong>Bruttogewicht:<\/strong> 38 kg\/Satz<\/p>\n<h2>Anpassung &amp; Dienstleistungen:<\/h2>\n<p><strong>OEM &amp; ODM<\/strong>: Unterst\u00fctzt<br \/><strong>Gestaltung<\/strong>: Frei<br \/><strong>Zubeh\u00f6r<\/strong>: Waschbecken, Spiegel, Armaturen und anderes Badzubeh\u00f6r<br \/><strong>Verpacken<\/strong>: Einbaufertig<\/p>","protected":false},"featured_media":1713,"comment_status":"closed","ping_status":"closed","template":"","meta":{"_acf_changed":true},"product_brand":[],"product_cat":[20],"product_tag":[],"class_list":{"0":"post-1712","1":"product","2":"type-product","3":"status-publish","4":"has-post-thumbnail","6":"product_cat-wholesale-plywood-bathroom-vanity-cabinets","8":"first","9":"instock","10":"shipping-taxable","11":"product-type-simple"},"acf":[],"_links":{"self":[{"href":"https:\/\/www.shouyasanitary.com\/de\/wp-json\/wp\/v2\/product\/1712","targetHints":{"allow":["GET"]}}],"collection":[{"href":"https:\/\/www.shouyasanitary.com\/de\/wp-json\/wp\/v2\/product"}],"about":[{"href":"https:\/\/www.shouyasanitary.com\/de\/wp-json\/wp\/v2\/types\/product"}],"replies":[{"embeddable":true,"href":"https:\/\/www.shouyasanitary.com\/de\/wp-json\/wp\/v2\/comments?post=1712"}],"wp:featuredmedia":[{"embeddable":true,"href":"https:\/\/www.shouyasanitary.com\/de\/wp-json\/wp\/v2\/media\/1713"}],"wp:attachment":[{"href":"https:\/\/www.shouyasanitary.com\/de\/wp-json\/wp\/v2\/media?parent=1712"}],"wp:term":[{"taxonomy":"product_brand","embeddable":true,"href":"https:\/\/www.shouyasanitary.com\/de\/wp-json\/wp\/v2\/product_brand?post=1712"},{"taxonomy":"product_cat","embeddable":true,"href":"https:\/\/www.shouyasanitary.com\/de\/wp-json\/wp\/v2\/product_cat?post=1712"},{"taxonomy":"product_tag","embeddable":true,"href":"https:\/\/www.shouyasanitary.com\/de\/wp-json\/wp\/v2\/product_tag?post=1712"}],"curies":[{"name":"wp","href":"https:\/\/api.w.org\/{rel}","templated":true}]}}