{"id":1726,"date":"2025-08-15T07:32:26","date_gmt":"2025-08-15T07:32:26","guid":{"rendered":"https:\/\/www.shouyasanitary.com\/?post_type=product&#038;p=1726"},"modified":"2025-08-15T07:32:33","modified_gmt":"2025-08-15T07:32:33","slug":"wholesale-vanity-cabinets-bathroom","status":"publish","type":"product","link":"https:\/\/www.shouyasanitary.com\/de\/produkt\/wholesale-vanity-cabinets-bathroom\/","title":{"rendered":"Gro\u00dfhandel Eitelkeit Schr\u00e4nke Badezimmer, Engineering Beschaffung bevorzugte Badezimmer Eitelkeit Lieferant"},"content":{"rendered":"<div class=\"wp-block-columns is-layout-flex wp-container-core-columns-is-layout-9d6595d7 wp-block-columns-is-layout-flex\">\n<div class=\"wp-block-column is-layout-flow wp-block-column-is-layout-flow\">\n<h2 class=\"wp-block-heading\">Waschtischunterschr\u00e4nke Badezimmerausstattung\uff1a<\/h2>\n\n\n\n<p><strong>Starke Gr\u00f6\u00dfenkompatibilit\u00e4t:<\/strong> Das Design mit 80 cm Durchmesser erm\u00f6glicht eine flexible Anpassung an verschiedene Badezimmerr\u00e4ume. Egal, ob es sich um einen kleinen, kompakten Grundriss oder eine regelm\u00e4\u00dfige Anordnung handelt, er kann die Wandfl\u00e4che effektiv nutzen und Platzverschwendung vermeiden.<\/p>\n\n\n\n<p><strong>Praktisches und langlebiges Material:<\/strong> Der Schrankkorpus besteht aus Sperrholz, das eine gewisse Tragf\u00e4higkeit und Stabilit\u00e4t aufweist und sich durch ein gutes Preis-Leistungs-Verh\u00e4ltnis auszeichnet, wodurch es f\u00fcr den Massenverbrauch geeignet ist.<\/p>\n\n\n\n<p><strong>Integrierter LED-Spiegelschrank<\/strong>: Sie sorgt nicht nur f\u00fcr eine klare Beleuchtung, um das Waschen, die K\u00f6rperpflege usw. zu erleichtern, sondern kann auch zur Aufbewahrung von Toilettenartikeln im Inneren des Schranks verwendet werden, um eine geordnete Platzierung der Badartikel zu erreichen und die Sauberkeit des Raums zu verbessern.<\/p>\n\n\n\n<p><strong>Leicht zu reinigen<\/strong>: In Kombination mit Keramiksp\u00fclen ist die Oberfl\u00e4che glatt und leicht zu reinigen, widerstandsf\u00e4hig gegen Flecken und Schmutz und bequem f\u00fcr den t\u00e4glichen Gebrauch und die Pflege.<\/p>\n\n\n\n<p><strong>Koordinierte Gesamtgestaltung:<\/strong> Der Badezimmerschrank, das Keramikwaschbecken und der LED-Spiegelschrank bilden eine komplette Kombination mit einem einheitlichen Stil, der sich in verschiedene moderne, minimalistische und andere Badezimmerdekorationsstile integrieren l\u00e4sst und sowohl praktische Bed\u00fcrfnisse erf\u00fcllt als auch die \u00c4sthetik des Badezimmers aufwertet.<\/p>\n<\/div>\n\n\n\n<div class=\"wp-block-column is-layout-flow wp-block-column-is-layout-flow\"><div class=\"wp-block-image\">\n<figure class=\"aligncenter size-full\"><img decoding=\"async\" width=\"700\" height=\"700\" src=\"https:\/\/www.shouyasanitary.com\/wp-content\/uploads\/2025\/08\/Bulk-Purchases-Bathroom-Cabinet-Vanity.webp\" alt=\"Bulk Purchases Badezimmerschrank Eitelkeit\" class=\"wp-image-1730\" style=\"object-fit:cover\" srcset=\"https:\/\/www.shouyasanitary.com\/wp-content\/uploads\/2025\/08\/Bulk-Purchases-Bathroom-Cabinet-Vanity.webp 700w, https:\/\/www.shouyasanitary.com\/wp-content\/uploads\/2025\/08\/Bulk-Purchases-Bathroom-Cabinet-Vanity-300x300.webp 300w, https:\/\/www.shouyasanitary.com\/wp-content\/uploads\/2025\/08\/Bulk-Purchases-Bathroom-Cabinet-Vanity-150x150.webp 150w, https:\/\/www.shouyasanitary.com\/wp-content\/uploads\/2025\/08\/Bulk-Purchases-Bathroom-Cabinet-Vanity-12x12.webp 12w, https:\/\/www.shouyasanitary.com\/wp-content\/uploads\/2025\/08\/Bulk-Purchases-Bathroom-Cabinet-Vanity-600x600.webp 600w, https:\/\/www.shouyasanitary.com\/wp-content\/uploads\/2025\/08\/Bulk-Purchases-Bathroom-Cabinet-Vanity-100x100.webp 100w\" sizes=\"(max-width: 700px) 100vw, 700px\" \/><\/figure>\n<\/div><\/div>\n<\/div>","protected":false},"excerpt":{"rendered":"<p>Gro\u00dfhandel Bad Schrank 80cm Sperrholz Bad Schrank mit Keramik-Becken + LED-Spiegelschrank. Kosteng\u00fcnstig und langlebig, geeignet f\u00fcr gro\u00dfe Szenarien wie Hotels und Wohnungen. Engineering-Anpassung unterst\u00fctzt. Willkommen zu erkundigen und zu verhandeln, jederzeit!<\/p>\n<h2>Badm\u00f6bel und Schr\u00e4nke Attribute\uff1a<\/h2>\n<p><strong>Artikel Nr.<\/strong>: 7028-80<br \/><strong>Material des Geh\u00e4uses:<\/strong>\u00a0Sperrholz<br \/><strong>Farbe des Geh\u00e4uses: <\/strong>Braun<br \/><strong>Spiegel:<\/strong> LED-Spiegel (3,5 mm\/3,8 mm), dreifarbige Beleuchtung, One-Touch-Entfogging, gesichert mit mehrlagiger Schaumstoffverpackung<br \/><strong>Installationsart:<\/strong>\u00a0Wandbefestigung<br \/><strong>Abmessungen (L\u00d7B\u00d7H):<\/strong> 80x50x52 cm<br \/><strong>Bruttogewicht:<\/strong> 30 kg\/Satz<\/p>\n<h2>Anpassung &amp; Dienstleistungen:<\/h2>\n<p><strong>OEM &amp; ODM<\/strong>: Unterst\u00fctzt<br \/><strong>Gestaltung<\/strong>: Frei<br \/><strong>Zubeh\u00f6r<\/strong>: Waschbecken, Spiegel, Armaturen und anderes Badzubeh\u00f6r<br \/><strong>Verpacken<\/strong>: Einbaufertig<\/p>","protected":false},"featured_media":1730,"comment_status":"closed","ping_status":"closed","template":"","meta":{"_acf_changed":false},"product_brand":[],"product_cat":[20],"product_tag":[],"class_list":{"0":"post-1726","1":"product","2":"type-product","3":"status-publish","4":"has-post-thumbnail","6":"product_cat-wholesale-plywood-bathroom-vanity-cabinets","8":"first","9":"instock","10":"shipping-taxable","11":"product-type-simple"},"acf":[],"_links":{"self":[{"href":"https:\/\/www.shouyasanitary.com\/de\/wp-json\/wp\/v2\/product\/1726","targetHints":{"allow":["GET"]}}],"collection":[{"href":"https:\/\/www.shouyasanitary.com\/de\/wp-json\/wp\/v2\/product"}],"about":[{"href":"https:\/\/www.shouyasanitary.com\/de\/wp-json\/wp\/v2\/types\/product"}],"replies":[{"embeddable":true,"href":"https:\/\/www.shouyasanitary.com\/de\/wp-json\/wp\/v2\/comments?post=1726"}],"wp:featuredmedia":[{"embeddable":true,"href":"https:\/\/www.shouyasanitary.com\/de\/wp-json\/wp\/v2\/media\/1730"}],"wp:attachment":[{"href":"https:\/\/www.shouyasanitary.com\/de\/wp-json\/wp\/v2\/media?parent=1726"}],"wp:term":[{"taxonomy":"product_brand","embeddable":true,"href":"https:\/\/www.shouyasanitary.com\/de\/wp-json\/wp\/v2\/product_brand?post=1726"},{"taxonomy":"product_cat","embeddable":true,"href":"https:\/\/www.shouyasanitary.com\/de\/wp-json\/wp\/v2\/product_cat?post=1726"},{"taxonomy":"product_tag","embeddable":true,"href":"https:\/\/www.shouyasanitary.com\/de\/wp-json\/wp\/v2\/product_tag?post=1726"}],"curies":[{"name":"wp","href":"https:\/\/api.w.org\/{rel}","templated":true}]}}