{"id":1728,"date":"2025-08-15T07:19:34","date_gmt":"2025-08-15T07:19:34","guid":{"rendered":"https:\/\/www.shouyasanitary.com\/?post_type=product&#038;p=1728"},"modified":"2025-10-28T07:28:31","modified_gmt":"2025-10-28T07:28:31","slug":"custom-bathroom-vanity-mirror-cabinet","status":"publish","type":"product","link":"https:\/\/www.shouyasanitary.com\/de\/produkt\/custom-bathroom-vanity-mirror-cabinet\/","title":{"rendered":"Benutzerdefinierte Badezimmer Eitelkeit Spiegel Schrank, Bulk Folkating Badezimmer Schrank Gelb"},"content":{"rendered":"<div class=\"wp-block-columns is-layout-flex wp-container-core-columns-is-layout-9d6595d7 wp-block-columns-is-layout-flex\">\n<div class=\"wp-block-column is-layout-flow wp-block-column-is-layout-flow\">\n<h2 class=\"wp-block-heading\">Eigenschaften des Badezimmer-Spiegelschrankes\uff1a<\/h2>\n\n\n\n<p><strong>Zone Storage Weisheit:<\/strong> In den halboffenen Regalen des Spiegelschranks werden h\u00e4ufig benutzte Gegenst\u00e4nde aufbewahrt, in den Schubladen werden private Gegenst\u00e4nde aufbewahrt, und in den seitlichen Glasvitrinen werden Gegenst\u00e4nde ausgestellt. Die dreischichtige Aufbewahrungslogik l\u00f6st das Problem des schwierigen Auffindens von Gegenst\u00e4nden und bietet eine \u00e4sthetische Pr\u00e4sentation.<\/p>\n\n\n\n<p><strong>Thermal Sensing Sperrholz Technologie:<\/strong> Die Oberfl\u00e4che des Sperrholzes ist speziell behandelt, so dass sie im Sommer nicht hei\u00df und im Winter nicht eisig ist. Sie bietet zu allen Jahreszeiten ein angenehmes Gef\u00fchl und verbessert die Details der Benutzererfahrung.<\/p>\n\n\n\n<p><strong>Dual Scene-Kompatibilit\u00e4t: <\/strong>Das helle holzfarbene Sperrholz ist langlebig und vielseitig, und der elegante Spiegelschrank unterstreicht den Stil. Er eignet sich f\u00fcr die Pr\u00e4sentation von Hotelartikeln und die Aufbewahrung von privaten Gegenst\u00e4nden zu Hause und deckt verschiedene Bed\u00fcrfnisse ab.<\/p>\n\n\n\n<p><strong>Effiziente Raumnutzung:<\/strong> Abgeh\u00e4ngte Installation + integriertes Design. Nutzt den vertikalen Raum der Wand, nimmt keine Bodenfl\u00e4che in Anspruch und kann den visuellen Raum durch das Glasmaterial erweitern. Auch ein kleines Bad kann \"klein, aber mit allen notwendigen Einrichtungen\" in Bezug auf die ordentliche Lagerung zu erreichen.<\/p>\n<\/div>\n\n\n\n<div class=\"wp-block-column is-layout-flow wp-block-column-is-layout-flow\"><div class=\"wp-block-image\">\n<figure class=\"aligncenter size-full\"><img decoding=\"async\" width=\"700\" height=\"700\" src=\"https:\/\/www.shouyasanitary.com\/wp-content\/uploads\/2025\/08\/Custom-bathroom-cabinet-vanity.webp\" alt=\"Benutzerdefinierte Badezimmerschrank Eitelkeit\" class=\"wp-image-1736\" style=\"object-fit:cover\" srcset=\"https:\/\/www.shouyasanitary.com\/wp-content\/uploads\/2025\/08\/Custom-bathroom-cabinet-vanity.webp 700w, https:\/\/www.shouyasanitary.com\/wp-content\/uploads\/2025\/08\/Custom-bathroom-cabinet-vanity-300x300.webp 300w, https:\/\/www.shouyasanitary.com\/wp-content\/uploads\/2025\/08\/Custom-bathroom-cabinet-vanity-150x150.webp 150w, https:\/\/www.shouyasanitary.com\/wp-content\/uploads\/2025\/08\/Custom-bathroom-cabinet-vanity-12x12.webp 12w, https:\/\/www.shouyasanitary.com\/wp-content\/uploads\/2025\/08\/Custom-bathroom-cabinet-vanity-600x600.webp 600w, https:\/\/www.shouyasanitary.com\/wp-content\/uploads\/2025\/08\/Custom-bathroom-cabinet-vanity-100x100.webp 100w\" sizes=\"(max-width: 700px) 100vw, 700px\" \/><\/figure>\n<\/div><\/div>\n<\/div>","protected":false},"excerpt":{"rendered":"<p>Benutzerdefinierte Bad Eitelkeit Spiegelschrank, Drei-Zonen-Lagerung, thermisch empfindlich feuchtigkeitsbest\u00e4ndigen Platten bieten das ganze Jahr \u00fcber Komfort, und die intelligente Spiegelschrank und Glas-Design sind sowohl f\u00fcr den Einsatz zu Hause und Hotel geeignet. Wir bieten Gro\u00dfhandelspreise, bitte kontaktieren Sie uns f\u00fcr Anfragen.<\/p>\n<h2>Badezimmer-Spiegelschrank Attribute\uff1a<\/h2>\n<p><strong>Artikel Nr.<\/strong>: 7030-80<br \/><strong>Material des Geh\u00e4uses:<\/strong>\u00a0Sperrholz<br \/><strong>Farbe des Geh\u00e4uses: <\/strong>Gelb<br \/><strong>Spiegel:<\/strong> LED-Spiegel (3,5 mm\/3,8 mm), dreifarbige Beleuchtung, One-Touch-Entfogging, gesichert mit mehrlagiger Schaumstoffverpackung<br \/><strong>Installationsart:<\/strong>\u00a0Wandbefestigung<br \/><strong>Abmessungen (L\u00d7B\u00d7H):<\/strong> 80x48x52 cm<br \/><strong>Bruttogewicht:<\/strong> 30 kg\/Satz<\/p>\n<h2>Anpassung &amp; Dienstleistungen:<\/h2>\n<p><strong>OEM &amp; ODM<\/strong>: Unterst\u00fctzt<br \/><strong>Gestaltung<\/strong>: Frei<br \/><strong>Zubeh\u00f6r<\/strong>: Waschbecken, Spiegel, Armaturen und anderes Badzubeh\u00f6r<br \/><strong>Verpacken<\/strong>: Einbaufertig<\/p>","protected":false},"featured_media":1736,"comment_status":"closed","ping_status":"closed","template":"","meta":{"_acf_changed":false},"product_brand":[],"product_cat":[20],"product_tag":[],"class_list":{"0":"post-1728","1":"product","2":"type-product","3":"status-publish","4":"has-post-thumbnail","6":"product_cat-wholesale-plywood-bathroom-vanity-cabinets","8":"first","9":"instock","10":"shipping-taxable","11":"product-type-simple"},"acf":[],"_links":{"self":[{"href":"https:\/\/www.shouyasanitary.com\/de\/wp-json\/wp\/v2\/product\/1728","targetHints":{"allow":["GET"]}}],"collection":[{"href":"https:\/\/www.shouyasanitary.com\/de\/wp-json\/wp\/v2\/product"}],"about":[{"href":"https:\/\/www.shouyasanitary.com\/de\/wp-json\/wp\/v2\/types\/product"}],"replies":[{"embeddable":true,"href":"https:\/\/www.shouyasanitary.com\/de\/wp-json\/wp\/v2\/comments?post=1728"}],"wp:featuredmedia":[{"embeddable":true,"href":"https:\/\/www.shouyasanitary.com\/de\/wp-json\/wp\/v2\/media\/1736"}],"wp:attachment":[{"href":"https:\/\/www.shouyasanitary.com\/de\/wp-json\/wp\/v2\/media?parent=1728"}],"wp:term":[{"taxonomy":"product_brand","embeddable":true,"href":"https:\/\/www.shouyasanitary.com\/de\/wp-json\/wp\/v2\/product_brand?post=1728"},{"taxonomy":"product_cat","embeddable":true,"href":"https:\/\/www.shouyasanitary.com\/de\/wp-json\/wp\/v2\/product_cat?post=1728"},{"taxonomy":"product_tag","embeddable":true,"href":"https:\/\/www.shouyasanitary.com\/de\/wp-json\/wp\/v2\/product_tag?post=1728"}],"curies":[{"name":"wp","href":"https:\/\/api.w.org\/{rel}","templated":true}]}}