{"id":1729,"date":"2025-08-15T07:27:46","date_gmt":"2025-08-15T07:27:46","guid":{"rendered":"https:\/\/www.shouyasanitary.com\/?post_type=product&#038;p=1729"},"modified":"2025-08-24T15:51:25","modified_gmt":"2025-08-24T15:51:25","slug":"wholesale-bathroom-wall-cabinets","status":"publish","type":"product","link":"https:\/\/www.shouyasanitary.com\/de\/produkt\/wholesale-bathroom-wall-cabinets\/","title":{"rendered":"Gro\u00dfhandel Badezimmer Wandschr\u00e4nke, braun Sperrholz Badezimmer Eitelkeit mit Waschbecken Custom"},"content":{"rendered":"<div class=\"wp-block-columns is-layout-flex wp-container-core-columns-is-layout-9d6595d7 wp-block-columns-is-layout-flex\">\n<div class=\"wp-block-column is-layout-flow wp-block-column-is-layout-flow\">\n<h2 class=\"wp-block-heading\">Badezimmer Wandschr\u00e4nke Merkmale:<\/h2>\n\n\n\n<p><strong>Starke Integration des Stils<\/strong>: Der Korpus aus Holzfurnier, das wei\u00dfe Keramikbecken und die spiegelnde Oberfl\u00e4che sorgen f\u00fcr eine schlichte, aber luxuri\u00f6se Ausstrahlung. Es kann an verschiedene moderne und nordische Einrichtungsstile angepasst werden, wodurch die Schwierigkeit der Anpassung verringert wird.<\/p>\n\n\n\n<p><strong>Innovativer struktureller Aufbau<\/strong>: Der Schrankkorpus besteht aus einer Kombination von Schubladen und seitlichen Glasvitrinen. Die Schubladen sind f\u00fcr die Aufbewahrung von privaten Gegenst\u00e4nden gedacht, w\u00e4hrend die seitlichen Glasvitrinen einen einfachen Zugriff auf h\u00e4ufig verwendete Toilettenartikel erm\u00f6glichen. Die \u00fcbersichtliche Unterteilung erleichtert das Auffinden von Gegenst\u00e4nden im Bad.<\/p>\n\n\n\n<p><strong>Intelligente Aufr\u00fcstung des Spiegelschranks<\/strong>: Der zweit\u00fcrige Spiegelschrank ist mit LED-Lichtleisten ausgestattet. Diese sorgen nicht nur f\u00fcr eine Grundbeleuchtung, sondern auch f\u00fcr eine gem\u00fctliche Badeatmosph\u00e4re. Die Oberfl\u00e4che des Spiegelschranks verf\u00fcgt \u00fcber Touch-Schalter, die einfach, elegant und leicht zu bedienen sind.<\/p>\n\n\n\n<p><strong>Optimierung der Materialien<\/strong>: Das Sperrholz wurde einer speziellen feuchtigkeitsbest\u00e4ndigen Behandlung unterzogen. In der feuchten Umgebung des Badezimmers ist es weniger anf\u00e4llig f\u00fcr Verformungen oder Schimmelbildung, was die Lebensdauer des Schranks verl\u00e4ngert und sich f\u00fcr langfristige und h\u00e4ufige Nutzungsszenarien eignet.<\/p>\n\n\n\n<p><strong>Flexible Anpassungsm\u00f6glichkeiten<\/strong>: Wir bieten individuelle Anpassungsm\u00f6glichkeiten in Bezug auf Gr\u00f6\u00dfe, Logo, Farbe, Ausf\u00fchrung, Funktion usw., um den Anforderungen der verschiedenen M\u00e4rkte und Dekorationsstile gerecht zu werden.<\/p>\n<\/div>\n\n\n\n<div class=\"wp-block-column is-layout-flow wp-block-column-is-layout-flow\"><div class=\"wp-block-image\">\n<figure class=\"aligncenter size-full\"><img decoding=\"async\" width=\"700\" height=\"700\" src=\"https:\/\/www.shouyasanitary.com\/wp-content\/uploads\/2025\/08\/OEM-bathroom-cabinet-vanity.webp\" alt=\"OEM Badezimmerschrank Eitelkeit\" class=\"wp-image-1733\" style=\"object-fit:cover\" srcset=\"https:\/\/www.shouyasanitary.com\/wp-content\/uploads\/2025\/08\/OEM-bathroom-cabinet-vanity.webp 700w, https:\/\/www.shouyasanitary.com\/wp-content\/uploads\/2025\/08\/OEM-bathroom-cabinet-vanity-300x300.webp 300w, https:\/\/www.shouyasanitary.com\/wp-content\/uploads\/2025\/08\/OEM-bathroom-cabinet-vanity-150x150.webp 150w, https:\/\/www.shouyasanitary.com\/wp-content\/uploads\/2025\/08\/OEM-bathroom-cabinet-vanity-12x12.webp 12w, https:\/\/www.shouyasanitary.com\/wp-content\/uploads\/2025\/08\/OEM-bathroom-cabinet-vanity-600x600.webp 600w, https:\/\/www.shouyasanitary.com\/wp-content\/uploads\/2025\/08\/OEM-bathroom-cabinet-vanity-100x100.webp 100w\" sizes=\"(max-width: 700px) 100vw, 700px\" \/><\/figure>\n<\/div><\/div>\n<\/div>","protected":false},"excerpt":{"rendered":"<p>Gro\u00dfhandel Badezimmer Wandschr\u00e4nke, mit unterteilten Lagerung und eine Doppelt\u00fcr LED-Spiegelschrank, sind f\u00fcr eine Vielzahl von Dekorationen geeignet. Wir bieten stabile Versorgung, Gro\u00dfhandelspreise und kundenspezifischen Service. Willkommen, um uns f\u00fcr ein Angebot zu kontaktieren!<\/p>\n<h2>Badezimmer Wandschr\u00e4nke Attribute\uff1a<\/h2>\n<p><strong>Artikel Nr.:<\/strong>7029-80<strong><br \/>Material des Geh\u00e4uses:<\/strong>\u00a0Sperrholz<br \/><strong>Farbe des Geh\u00e4uses:<\/strong> Braun<br \/><strong>Spiegel:<\/strong> LED-Spiegel (3,5 mm\/3,8 mm), dreifarbige Beleuchtung, One-Touch-Entfogging, gesichert mit mehrlagiger Schaumstoffverpackung<br \/><strong>Installationsart:<\/strong>\u00a0Wandbefestigung<br \/><strong>Abmessungen (L\u00d7B\u00d7H):<\/strong> 80x50x48 cm<br \/><strong>Bruttogewicht:<\/strong> 30kg\/Satz<\/p>\n<h2>Anpassung &amp; Dienstleistungen:<\/h2>\n<p><strong>OEM &amp; ODM<\/strong>: Unterst\u00fctzt<br \/><strong>Gestaltung<\/strong>: Frei<br \/><strong>Zubeh\u00f6r<\/strong>: Waschbecken, Spiegel, Armaturen und anderes Badzubeh\u00f6r<br \/><strong>Verpacken<\/strong>: Einbaufertig<\/p>","protected":false},"featured_media":1733,"comment_status":"closed","ping_status":"closed","template":"","meta":{"_acf_changed":false},"product_brand":[],"product_cat":[20],"product_tag":[],"class_list":{"0":"post-1729","1":"product","2":"type-product","3":"status-publish","4":"has-post-thumbnail","6":"product_cat-wholesale-plywood-bathroom-vanity-cabinets","8":"first","9":"instock","10":"shipping-taxable","11":"product-type-simple"},"acf":[],"_links":{"self":[{"href":"https:\/\/www.shouyasanitary.com\/de\/wp-json\/wp\/v2\/product\/1729","targetHints":{"allow":["GET"]}}],"collection":[{"href":"https:\/\/www.shouyasanitary.com\/de\/wp-json\/wp\/v2\/product"}],"about":[{"href":"https:\/\/www.shouyasanitary.com\/de\/wp-json\/wp\/v2\/types\/product"}],"replies":[{"embeddable":true,"href":"https:\/\/www.shouyasanitary.com\/de\/wp-json\/wp\/v2\/comments?post=1729"}],"wp:featuredmedia":[{"embeddable":true,"href":"https:\/\/www.shouyasanitary.com\/de\/wp-json\/wp\/v2\/media\/1733"}],"wp:attachment":[{"href":"https:\/\/www.shouyasanitary.com\/de\/wp-json\/wp\/v2\/media?parent=1729"}],"wp:term":[{"taxonomy":"product_brand","embeddable":true,"href":"https:\/\/www.shouyasanitary.com\/de\/wp-json\/wp\/v2\/product_brand?post=1729"},{"taxonomy":"product_cat","embeddable":true,"href":"https:\/\/www.shouyasanitary.com\/de\/wp-json\/wp\/v2\/product_cat?post=1729"},{"taxonomy":"product_tag","embeddable":true,"href":"https:\/\/www.shouyasanitary.com\/de\/wp-json\/wp\/v2\/product_tag?post=1729"}],"curies":[{"name":"wp","href":"https:\/\/api.w.org\/{rel}","templated":true}]}}