{"id":1744,"date":"2025-08-15T07:12:59","date_gmt":"2025-08-15T07:12:59","guid":{"rendered":"https:\/\/www.shouyasanitary.com\/?post_type=product&#038;p=1744"},"modified":"2025-08-15T07:13:05","modified_gmt":"2025-08-15T07:13:05","slug":"custom-floating-bathroom-vanity-with-sink","status":"publish","type":"product","link":"https:\/\/www.shouyasanitary.com\/de\/produkt\/custom-floating-bathroom-vanity-with-sink\/","title":{"rendered":"Custom Floating Badezimmer Eitelkeit mit Waschbecken, 100cm gro\u00dfe Badezimmerschr\u00e4nke mit Spiegel"},"content":{"rendered":"<div class=\"wp-block-columns is-layout-flex wp-container-core-columns-is-layout-9d6595d7 wp-block-columns-is-layout-flex\">\n<div class=\"wp-block-column is-layout-flow wp-block-column-is-layout-flow\">\n<h2 class=\"wp-block-heading\">Eigenschaften des schwimmenden Badezimmerunterschranks mit Waschbecken:<\/h2>\n\n\n\n<p><strong>Modernes Hellgrau Stil:<\/strong> Minimalistisches Design mit schlanken Linien und einem eleganten hellgrauen Farbton, perfekt f\u00fcr jeden Badstil.<\/p>\n\n\n\n<p><strong>Gro\u00dfe Speicherkapazit\u00e4t: <\/strong>Offene F\u00e4cher erleichtern den Zugriff auf h\u00e4ufig ben\u00f6tigte Gegenst\u00e4nde, w\u00e4hrend der geschlossene Spiegelschrank mit seinen drei T\u00fcren Platz f\u00fcr eine breite Palette von Badaccessoires bietet.<\/p>\n\n\n\n<p><strong>LED-Styling-Spiegelkabinett: <\/strong>Halboffene Spiegelschr\u00e4nke sorgen f\u00fcr eine schlichte, aber vielschichtige Optik und bieten bequemen Zugriff auf die Gegenst\u00e4nde. Die LED-Spiegelschr\u00e4nke verf\u00fcgen \u00fcber einen One-Touch-Schalter und eine<strong> <\/strong>Anti-Beschlag-Funktion f\u00fcr ein verbessertes Benutzererlebnis.<\/p>\n\n\n\n<p><strong>Dauerhaftes Keramik-Becken: <\/strong>Das Becken aus reinwei\u00dfer Keramik ist langlebig und kratzfest und verf\u00fcgt \u00fcber leicht abgeschr\u00e4gte Kanten, die das Abwischen erleichtern.<\/p>\n\n\n\n<p><strong>Hochleistungs- PVC: <\/strong>Der Schrank ist aus hochwertigem PVC gefertigt, das eine ausgezeichnete Feuchtigkeits- und Wasserbest\u00e4ndigkeit aufweist, sich nicht verformt und schimmelt und auch nach langem Gebrauch sein Aussehen beh\u00e4lt.<\/p>\n\n\n\n<p><strong>Wandmontage Design:<\/strong> Wird mit der Unterseite h\u00e4ngend an der Wand montiert, was eine nahtlose Reinigung gew\u00e4hrleistet und den Raum optisch erweitert.<\/p>\n<\/div>\n\n\n\n<div class=\"wp-block-column is-layout-flow wp-block-column-is-layout-flow\"><div class=\"wp-block-image\">\n<figure class=\"aligncenter size-full\"><img decoding=\"async\" width=\"700\" height=\"700\" src=\"https:\/\/www.shouyasanitary.com\/wp-content\/uploads\/2025\/08\/Wholesale-supply-of-PVC-bathroom-cabinet-vanity.webp\" alt=\"Gro\u00dfhandel Lieferung von PVC Bad Schrank Eitelkeit\" class=\"wp-image-1752\" style=\"object-fit:cover\" srcset=\"https:\/\/www.shouyasanitary.com\/wp-content\/uploads\/2025\/08\/Wholesale-supply-of-PVC-bathroom-cabinet-vanity.webp 700w, https:\/\/www.shouyasanitary.com\/wp-content\/uploads\/2025\/08\/Wholesale-supply-of-PVC-bathroom-cabinet-vanity-300x300.webp 300w, https:\/\/www.shouyasanitary.com\/wp-content\/uploads\/2025\/08\/Wholesale-supply-of-PVC-bathroom-cabinet-vanity-150x150.webp 150w, https:\/\/www.shouyasanitary.com\/wp-content\/uploads\/2025\/08\/Wholesale-supply-of-PVC-bathroom-cabinet-vanity-12x12.webp 12w, https:\/\/www.shouyasanitary.com\/wp-content\/uploads\/2025\/08\/Wholesale-supply-of-PVC-bathroom-cabinet-vanity-600x600.webp 600w, https:\/\/www.shouyasanitary.com\/wp-content\/uploads\/2025\/08\/Wholesale-supply-of-PVC-bathroom-cabinet-vanity-100x100.webp 100w\" sizes=\"(max-width: 700px) 100vw, 700px\" \/><\/figure>\n<\/div><\/div>\n<\/div>","protected":false},"excerpt":{"rendered":"<p>Individuell gestalteter, schwimmender Badezimmer-Waschtisch mit Waschbecken, modernem Stil, feuchtigkeitsbest\u00e4ndigem PVC-Schrank mit Spiegel, Lichtleiste, drei T\u00fcren f\u00fcr reichlich Stauraum und einem h\u00e4ngenden Design f\u00fcr einfache Reinigung und Haltbarkeit. Mehrere Anpassungsoptionen verf\u00fcgbar, kontaktieren Sie uns f\u00fcr ein Angebot!<\/p>\n<h2>Schwimmender Badezimmer-Eitelkeit mit Waschbecken Attribute\uff1a<\/h2>\n<p><strong>Artikel Nr.:<\/strong>J1202-100<strong><br \/>Material des Geh\u00e4uses<\/strong>: Sperrholz<br \/><strong>Farbe des Geh\u00e4uses:<\/strong> Hellgrau<br \/><strong>Spiegel:<\/strong> LED-Spiegel (3,5 mm \/ 3,8 mm), dreifarbige Beleuchtung, One-Touch-Enteisung, gesichert mit mehrlagiger Schaumstoffverpackung<br \/><strong>Installationsart:<\/strong> Wandbefestigung<br \/><strong>Abmessungen (L \u00d7 B \u00d7 H):<\/strong> 100*47*12 cm<br \/><strong>Bruttogewicht:<\/strong> 32kg\/Satz<\/p>\n<h2>Anpassung &amp; Dienstleistungen:<\/h2>\n<p><strong>OEM &amp; ODM<\/strong>: Unterst\u00fctzt<br \/><strong>Gestaltung<\/strong>: Frei<br \/><strong>Zubeh\u00f6r<\/strong>: Waschbecken, Spiegel, Armaturen und anderes Badzubeh\u00f6r<br \/><strong>Verpacken<\/strong>: Einbaufertig<\/p>","protected":false},"featured_media":1752,"comment_status":"closed","ping_status":"closed","template":"","meta":{"_acf_changed":false},"product_brand":[],"product_cat":[20],"product_tag":[],"class_list":{"0":"post-1744","1":"product","2":"type-product","3":"status-publish","4":"has-post-thumbnail","6":"product_cat-wholesale-plywood-bathroom-vanity-cabinets","8":"first","9":"instock","10":"shipping-taxable","11":"product-type-simple"},"acf":[],"_links":{"self":[{"href":"https:\/\/www.shouyasanitary.com\/de\/wp-json\/wp\/v2\/product\/1744","targetHints":{"allow":["GET"]}}],"collection":[{"href":"https:\/\/www.shouyasanitary.com\/de\/wp-json\/wp\/v2\/product"}],"about":[{"href":"https:\/\/www.shouyasanitary.com\/de\/wp-json\/wp\/v2\/types\/product"}],"replies":[{"embeddable":true,"href":"https:\/\/www.shouyasanitary.com\/de\/wp-json\/wp\/v2\/comments?post=1744"}],"wp:featuredmedia":[{"embeddable":true,"href":"https:\/\/www.shouyasanitary.com\/de\/wp-json\/wp\/v2\/media\/1752"}],"wp:attachment":[{"href":"https:\/\/www.shouyasanitary.com\/de\/wp-json\/wp\/v2\/media?parent=1744"}],"wp:term":[{"taxonomy":"product_brand","embeddable":true,"href":"https:\/\/www.shouyasanitary.com\/de\/wp-json\/wp\/v2\/product_brand?post=1744"},{"taxonomy":"product_cat","embeddable":true,"href":"https:\/\/www.shouyasanitary.com\/de\/wp-json\/wp\/v2\/product_cat?post=1744"},{"taxonomy":"product_tag","embeddable":true,"href":"https:\/\/www.shouyasanitary.com\/de\/wp-json\/wp\/v2\/product_tag?post=1744"}],"curies":[{"name":"wp","href":"https:\/\/api.w.org\/{rel}","templated":true}]}}