{"id":1745,"date":"2025-08-24T15:51:10","date_gmt":"2025-08-24T15:51:10","guid":{"rendered":"https:\/\/www.shouyasanitary.com\/?post_type=product&#038;p=1745"},"modified":"2025-08-24T15:51:12","modified_gmt":"2025-08-24T15:51:12","slug":"wholesale-bathroom-vanity-with-drawers","status":"publish","type":"product","link":"https:\/\/www.shouyasanitary.com\/de\/produkt\/wholesale-bathroom-vanity-with-drawers\/","title":{"rendered":"Gro\u00dfhandel Badezimmer Eitelkeit mit Schubladen, Licht Luxus Badezimmer Schrank mit Keramik-Becken Custom"},"content":{"rendered":"<div class=\"wp-block-columns is-layout-flex wp-container-core-columns-is-layout-9d6595d7 wp-block-columns-is-layout-flex\">\n<div class=\"wp-block-column is-layout-flow wp-block-column-is-layout-flow\">\n<h2 class=\"wp-block-heading\">Badezimmerunterschrank mit Schubladen Merkmale:<\/h2>\n\n\n\n<p><strong>Modernes, leichtes, luxuri\u00f6ses Aussehen:<\/strong> Die minimalistische Glasoptik f\u00fcgt sich nahtlos in die hellgrauen und wei\u00dfen Farbt\u00f6ne ein, passt zu modernen minimalistischen und leicht luxuri\u00f6sen Einrichtungsstilen und verleiht dem Bad einen \u00e4sthetischen Wert.<\/p>\n\n\n\n<p><strong>Praktische Lichtleiste<\/strong>: Die Beleuchtung erg\u00e4nzt das nat\u00fcrliche Licht und verst\u00e4rkt die Atmosph\u00e4re. <\/p>\n\n\n\n<p><strong>Praktischer und sch\u00f6ner Spiegelschrank: <\/strong>Das einzigartige Design von T\u00fcr und Regal erm\u00f6glicht das Verstecken von privaten oder selten benutzten Gegenst\u00e4nden im T\u00fcrbereich, w\u00e4hrend der Regalteil Aromatherapieprodukte und empfindliche kleine Flaschen mit Hautpflegeprodukten pr\u00e4sentiert und so eine \"Kombination aus Verstecken und Ausstellen\" schafft. Es erweitert die Stauraumdimension des Badezimmers und macht den Raum sowohl aufger\u00e4umt als auch ausstellungsw\u00fcrdig. <\/p>\n\n\n\n<p><strong>Zwei Schubladen mit \u00fcbersichtlichem Innenraum<\/strong>: Es erm\u00f6glicht die geordnete Aufbewahrung von Handt\u00fcchern, Gesichtsreinigungsutensilien usw. <\/p>\n\n\n\n<p><strong>Design der h\u00e4ngenden Installation: <\/strong>Es spart Bodenfl\u00e4che und macht das Bad offener. <\/p>\n\n\n\n<p><strong>Lange Lebensdauer<\/strong>: Der hellgraue PVC-Schrankkorpus in Kombination mit einem wei\u00dfen Keramikbecken sorgt f\u00fcr ein frisches Farbkonzept. Das Keramikbecken ist leicht zu reinigen und weist eine hohe Fleckenbest\u00e4ndigkeit auf, w\u00e4hrend der PVC-Schrankkorpus wasserdicht, feuchtigkeitsresistent und verformungsbest\u00e4ndig ist. Die Kombination von beidem kommt mit der feuchten Umgebung im Badezimmer gut zurecht, so dass Wasserspritzer leicht weggewischt werden k\u00f6nnen und der gute Zustand auch nach l\u00e4ngerem Gebrauch erhalten bleibt.<\/p>\n\n\n\n<p><strong>Feuchtigkeitssichere und wasserfeste Materialien: <\/strong>Das Geh\u00e4use ist aus PVC gefertigt, das leicht ist und die Belastung der Wand reduziert, so dass die Installation einfach ist. Au\u00dferdem verf\u00fcgt er \u00fcber ausgezeichnete wasserdichte, feuchtigkeitsbest\u00e4ndige und korrosionsbest\u00e4ndige Eigenschaften. Selbst wenn er l\u00e4ngere Zeit der feuchten Umgebung eines Badezimmers ausgesetzt ist, ist er weniger anf\u00e4llig f\u00fcr Schimmel und Verformung. <\/p>\n\n\n\n<p><strong>Flexibles Layout<\/strong>: Der mehrdimensionale Stauraum mit zwei Schubladen und einem Spiegelschrank sorgt f\u00fcr eine effiziente Organisation der verschiedenen Badutensilien. Er l\u00e4sst sich nahtlos in kompakte, kleine R\u00e4ume integrieren, bietet aber auch zus\u00e4tzlichen Stauraum f\u00fcr gr\u00f6\u00dfere B\u00e4der und wird so den unterschiedlichsten Einrichtungsanforderungen gerecht.<\/p>\n<\/div>\n\n\n\n<div class=\"wp-block-column is-layout-flow wp-block-column-is-layout-flow\"><div class=\"wp-block-image\">\n<figure class=\"aligncenter size-full\"><img decoding=\"async\" width=\"700\" height=\"700\" src=\"https:\/\/www.shouyasanitary.com\/wp-content\/uploads\/2025\/08\/Wholesale-of-Bathroom-Cabinet-With-Drawer.webp\" alt=\"Gro\u00dfhandel f\u00fcr Badezimmerschr\u00e4nke mit Schublade\" class=\"wp-image-1775\" style=\"object-fit:cover\" srcset=\"https:\/\/www.shouyasanitary.com\/wp-content\/uploads\/2025\/08\/Wholesale-of-Bathroom-Cabinet-With-Drawer.webp 700w, https:\/\/www.shouyasanitary.com\/wp-content\/uploads\/2025\/08\/Wholesale-of-Bathroom-Cabinet-With-Drawer-300x300.webp 300w, https:\/\/www.shouyasanitary.com\/wp-content\/uploads\/2025\/08\/Wholesale-of-Bathroom-Cabinet-With-Drawer-150x150.webp 150w, https:\/\/www.shouyasanitary.com\/wp-content\/uploads\/2025\/08\/Wholesale-of-Bathroom-Cabinet-With-Drawer-12x12.webp 12w, https:\/\/www.shouyasanitary.com\/wp-content\/uploads\/2025\/08\/Wholesale-of-Bathroom-Cabinet-With-Drawer-600x600.webp 600w, https:\/\/www.shouyasanitary.com\/wp-content\/uploads\/2025\/08\/Wholesale-of-Bathroom-Cabinet-With-Drawer-100x100.webp 100w\" sizes=\"(max-width: 700px) 100vw, 700px\" \/><\/figure>\n<\/div><\/div>\n<\/div>","protected":false},"excerpt":{"rendered":"<p>Gro\u00dfhandel Badezimmer Eitelkeit mit Schubladen, hellgrauer Ton, ausgestattet mit einem Glas-Spiegelschrank und integrierte Keramik-Becken, aus strapazierf\u00e4higem PVC, mit einem mehrdimensionalen Speicher-Design. Fabrik direkt, Unterst\u00fctzung der Anpassung, geeignet f\u00fcr Hotels, Wohnungen und Hausrenovierungen. Kontaktieren Sie uns f\u00fcr ein Angebot und einen Produktkatalog!<\/p>\n<h2>Badezimmer Waschtisch mit Schubladen Attribute\uff1a<\/h2>\n<p><strong>Artikel Nr.:<\/strong>1212-80<strong><br \/>Material des Geh\u00e4uses:<\/strong> PVC<br \/><strong>Farbe des Geh\u00e4uses: <\/strong> Hellgrau<br \/><strong>Spiegel:<\/strong> LED-Spiegel (3,5 mm\/3,8 mm), dreifarbige Beleuchtung, One-Touch-Entfogging, gesichert mit mehrlagiger Schaumstoffverpackung<br \/><strong>Installationsart:<\/strong>\u00a0Wandbefestigung<br \/><strong>Abmessungen (L\u00d7B\u00d7H):<\/strong> 80*50*45cm<br \/><strong>Bruttogewicht:<\/strong> 35kg\/Satz<\/p>\n<h2>Anpassung &amp; Dienstleistungen:<\/h2>\n<p><strong>OEM &amp; ODM<\/strong>: Unterst\u00fctzt<br \/><strong>Gestaltung<\/strong>: Frei<br \/><strong>Zubeh\u00f6r<\/strong>: Waschbecken, Spiegel, Armaturen und anderes Badzubeh\u00f6r<br \/><strong>Verpacken<\/strong>: Einbaufertig<\/p>","protected":false},"featured_media":1775,"comment_status":"closed","ping_status":"closed","template":"","meta":{"_acf_changed":true},"product_brand":[],"product_cat":[24],"product_tag":[],"class_list":{"0":"post-1745","1":"product","2":"type-product","3":"status-publish","4":"has-post-thumbnail","6":"product_cat-wholesale-pvc-bathroom-vanity-cabinets","8":"first","9":"instock","10":"shipping-taxable","11":"product-type-simple"},"acf":[],"_links":{"self":[{"href":"https:\/\/www.shouyasanitary.com\/de\/wp-json\/wp\/v2\/product\/1745","targetHints":{"allow":["GET"]}}],"collection":[{"href":"https:\/\/www.shouyasanitary.com\/de\/wp-json\/wp\/v2\/product"}],"about":[{"href":"https:\/\/www.shouyasanitary.com\/de\/wp-json\/wp\/v2\/types\/product"}],"replies":[{"embeddable":true,"href":"https:\/\/www.shouyasanitary.com\/de\/wp-json\/wp\/v2\/comments?post=1745"}],"wp:featuredmedia":[{"embeddable":true,"href":"https:\/\/www.shouyasanitary.com\/de\/wp-json\/wp\/v2\/media\/1775"}],"wp:attachment":[{"href":"https:\/\/www.shouyasanitary.com\/de\/wp-json\/wp\/v2\/media?parent=1745"}],"wp:term":[{"taxonomy":"product_brand","embeddable":true,"href":"https:\/\/www.shouyasanitary.com\/de\/wp-json\/wp\/v2\/product_brand?post=1745"},{"taxonomy":"product_cat","embeddable":true,"href":"https:\/\/www.shouyasanitary.com\/de\/wp-json\/wp\/v2\/product_cat?post=1745"},{"taxonomy":"product_tag","embeddable":true,"href":"https:\/\/www.shouyasanitary.com\/de\/wp-json\/wp\/v2\/product_tag?post=1745"}],"curies":[{"name":"wp","href":"https:\/\/api.w.org\/{rel}","templated":true}]}}