{"id":1746,"date":"2025-08-24T15:51:14","date_gmt":"2025-08-24T15:51:14","guid":{"rendered":"https:\/\/www.shouyasanitary.com\/?post_type=product&#038;p=1746"},"modified":"2025-08-24T15:51:17","modified_gmt":"2025-08-24T15:51:17","slug":"wholesale-wall-bathroom-cabinet","status":"publish","type":"product","link":"https:\/\/www.shouyasanitary.com\/de\/produkt\/wholesale-wall-bathroom-cabinet\/","title":{"rendered":"Gro\u00dfhandel Wand Badezimmer Kabinett, PVC Badezimmer Eitelkeit mit Spiegel und offenes Regal Hersteller"},"content":{"rendered":"<div class=\"wp-block-columns is-layout-flex wp-container-core-columns-is-layout-9d6595d7 wp-block-columns-is-layout-flex\">\n<div class=\"wp-block-column is-layout-flow wp-block-column-is-layout-flow\">\n<h2 class=\"wp-block-heading\">Wand-Badeschrank Merkmale:<\/h2>\n\n\n\n<p><strong>Spiegelschrank mit integrierten offenen Regalen: <\/strong>Der Spiegelschrank ist aus Glas gefertigt und bietet eine klare Darstellung f\u00fcr die t\u00e4gliche Pflege und Ordnung. Unter dem Spiegel befindet sich ein offenes Regal, das einen einfachen Zugriff auf h\u00e4ufig verwendete Aromatherapieprodukte und kleine Flaschen mit Hautpflegeprodukten erm\u00f6glicht. So entsteht ein mehrstufiger Aufbewahrungsmodus \"im Spiegel + einfacher Zugriff unter dem Spiegel\".<\/p>\n\n\n\n<p><strong>Lichtleiste umgibt den Spiegelschrank<\/strong>: Wenn die Leuchten eingeschaltet sind, verst\u00e4rken sie das Ambiente des Badezimmers und dienen auch als F\u00fclllicht. <\/p>\n\n\n\n<p><strong>Moderner und einfacher Stil<\/strong>: Die schlichte Glasoptik erg\u00e4nzt den grau get\u00f6nten Schrank und schafft einen minimalistischen und modernen Badstil.<\/p>\n\n\n\n<p><strong>Hauptschrank mit zwei Schubladen:<\/strong> Es erm\u00f6glicht die kategorisierte Aufbewahrung von Gegenst\u00e4nden wie Handt\u00fcchern und Kosmetikt\u00fcchern. Die Schubladen sind versiegelt, um Feuchtigkeit abzuhalten, und die wasserdichte Beschaffenheit des PVC-Materials h\u00e4lt die aufbewahrten Gegenst\u00e4nde trocken, was das Problem der Feuchtigkeit und des Bakterienwachstums im Badezimmer angeht. <\/p>\n\n\n\n<p><strong>Strapazierf\u00e4higes Material kombiniert mit frischen Farben<\/strong>: Der graue PVC-Schrankkorpus in Kombination mit einem wei\u00dfen Keramikbecken ergibt ein harmonisches Farbkonzept. Das Keramikbecken ist pflegeleicht und schmutzabweisend und erg\u00e4nzt die wasser- und feuchtigkeitsbest\u00e4ndigen Eigenschaften des PVC-Schrankk\u00f6rpers. <\/p>\n\n\n\n<p><strong>Optimieren Sie die Raumgestaltung: <\/strong>Mit der h\u00e4ngenden Installation, den doppelten Schubladen und dem Spiegelregal erweitert dieses Design den Stauraum in mehreren Dimensionen. Es erm\u00f6glicht eine geordnete Organisation des Bades und sagt dem Chaos Lebewohl. <\/p>\n\n\n\n<p><strong>Kompaktes Layout<\/strong>: Er eignet sich f\u00fcr kleine Wohnungen und kann auch in gro\u00dfen Badezimmern die Ablagefunktion verbessern. Aus leichtem, aber robustem PVC-Material hergestellt, reduziert es die Belastung der W\u00e4nde und ist einfach zu installieren.<\/p>\n<\/div>\n\n\n\n<div class=\"wp-block-column is-layout-flow wp-block-column-is-layout-flow\"><div class=\"wp-block-image\">\n<figure class=\"aligncenter size-full\"><img decoding=\"async\" width=\"700\" height=\"700\" src=\"https:\/\/www.shouyasanitary.com\/wp-content\/uploads\/2025\/08\/Bulk-Purchases-Batnroom-Vanity-1.webp\" alt=\"Gro\u00dfeink\u00e4ufe Badezimmer Waschtisch (1)\" class=\"wp-image-1772\" style=\"object-fit:cover\" srcset=\"https:\/\/www.shouyasanitary.com\/wp-content\/uploads\/2025\/08\/Bulk-Purchases-Batnroom-Vanity-1.webp 700w, https:\/\/www.shouyasanitary.com\/wp-content\/uploads\/2025\/08\/Bulk-Purchases-Batnroom-Vanity-1-300x300.webp 300w, https:\/\/www.shouyasanitary.com\/wp-content\/uploads\/2025\/08\/Bulk-Purchases-Batnroom-Vanity-1-150x150.webp 150w, https:\/\/www.shouyasanitary.com\/wp-content\/uploads\/2025\/08\/Bulk-Purchases-Batnroom-Vanity-1-12x12.webp 12w, https:\/\/www.shouyasanitary.com\/wp-content\/uploads\/2025\/08\/Bulk-Purchases-Batnroom-Vanity-1-600x600.webp 600w, https:\/\/www.shouyasanitary.com\/wp-content\/uploads\/2025\/08\/Bulk-Purchases-Batnroom-Vanity-1-100x100.webp 100w\" sizes=\"(max-width: 700px) 100vw, 700px\" \/><\/figure>\n<\/div><\/div>\n<\/div>","protected":false},"excerpt":{"rendered":"<p>Willkommen im Gro\u00dfhandel Wand Badezimmer Schrank. Das hellgraue und wei\u00dfe Farbschema ist einfach und vielseitig. Die beiden Schubladen und verspiegelten Regale bieten effiziente Lagerung. Shouya bietet Gro\u00dfeink\u00e4ufe oder kundenspezifische Auftr\u00e4ge. Kontaktieren Sie uns f\u00fcr Details und ein Angebot!<\/p>\n<h2>Wand-Badezimmerschrank Attribute\uff1a<\/h2>\n<p><strong>Artikel Nr.:<\/strong>1211-60<strong><br \/>Material des Geh\u00e4uses:<\/strong> PVC<br \/><strong>Farbe des Geh\u00e4uses:<\/strong> Grau<br \/><strong>Spiegel:<\/strong> LED-Spiegel (3,5 mm\/3,8 mm), dreifarbige Beleuchtung, One-Touch-Entfogging, gesichert mit mehrlagiger Schaumstoffverpackung<br \/><strong>Installationsart:<\/strong>\u00a0Wandbefestigung<br \/><strong>Abmessungen (L\u00d7B\u00d7H):<\/strong> 60*50*45 cm<br \/><strong>Bruttogewicht:<\/strong> 30kg\/Satz<\/p>\n<h2>Anpassung &amp; Dienstleistungen:<\/h2>\n<p><strong>OEM &amp; ODM<\/strong>: Unterst\u00fctzt<br \/><strong>Gestaltung<\/strong>: Frei<br \/><strong>Zubeh\u00f6r<\/strong>: Waschbecken, Spiegel, Armaturen und anderes Badzubeh\u00f6r<br \/><strong>Verpacken<\/strong>: Einbaufertig<\/p>","protected":false},"featured_media":1772,"comment_status":"closed","ping_status":"closed","template":"","meta":{"_acf_changed":true},"product_brand":[],"product_cat":[24],"product_tag":[],"class_list":{"0":"post-1746","1":"product","2":"type-product","3":"status-publish","4":"has-post-thumbnail","6":"product_cat-wholesale-pvc-bathroom-vanity-cabinets","8":"first","9":"instock","10":"shipping-taxable","11":"product-type-simple"},"acf":[],"_links":{"self":[{"href":"https:\/\/www.shouyasanitary.com\/de\/wp-json\/wp\/v2\/product\/1746","targetHints":{"allow":["GET"]}}],"collection":[{"href":"https:\/\/www.shouyasanitary.com\/de\/wp-json\/wp\/v2\/product"}],"about":[{"href":"https:\/\/www.shouyasanitary.com\/de\/wp-json\/wp\/v2\/types\/product"}],"replies":[{"embeddable":true,"href":"https:\/\/www.shouyasanitary.com\/de\/wp-json\/wp\/v2\/comments?post=1746"}],"wp:featuredmedia":[{"embeddable":true,"href":"https:\/\/www.shouyasanitary.com\/de\/wp-json\/wp\/v2\/media\/1772"}],"wp:attachment":[{"href":"https:\/\/www.shouyasanitary.com\/de\/wp-json\/wp\/v2\/media?parent=1746"}],"wp:term":[{"taxonomy":"product_brand","embeddable":true,"href":"https:\/\/www.shouyasanitary.com\/de\/wp-json\/wp\/v2\/product_brand?post=1746"},{"taxonomy":"product_cat","embeddable":true,"href":"https:\/\/www.shouyasanitary.com\/de\/wp-json\/wp\/v2\/product_cat?post=1746"},{"taxonomy":"product_tag","embeddable":true,"href":"https:\/\/www.shouyasanitary.com\/de\/wp-json\/wp\/v2\/product_tag?post=1746"}],"curies":[{"name":"wp","href":"https:\/\/api.w.org\/{rel}","templated":true}]}}