{"id":1747,"date":"2025-08-24T15:51:12","date_gmt":"2025-08-24T15:51:12","guid":{"rendered":"https:\/\/www.shouyasanitary.com\/?post_type=product&#038;p=1747"},"modified":"2025-08-24T15:51:14","modified_gmt":"2025-08-24T15:51:14","slug":"wholesale-white-cabinet-bathroom-vanity","status":"publish","type":"product","link":"https:\/\/www.shouyasanitary.com\/de\/produkt\/wholesale-white-cabinet-bathroom-vanity\/","title":{"rendered":"Gro\u00dfhandel Wei\u00df Kabinett Badezimmer Eitelkeit, Wandschr\u00e4nke Badezimmer mit ger\u00e4umigen Arbeitsplatte Custom"},"content":{"rendered":"<div class=\"wp-block-columns is-layout-flex wp-container-core-columns-is-layout-9d6595d7 wp-block-columns-is-layout-flex\">\n<div class=\"wp-block-column is-layout-flow wp-block-column-is-layout-flow\">\n<h2 class=\"wp-block-heading\">Wei\u00dfes Kabinett Badezimmer Eitelkeit Eigenschaften\uff1a<\/h2>\n\n\n\n<p><strong>Vielseitiges wei\u00dfes Erscheinungsbild<\/strong>: Der schlichte wei\u00dfe Farbton passt zu verschiedenen Einrichtungsstilen, mit glatten Schranklinien, einem einfachen und einzigartigen Griffdesign und einer harmonischen Abstimmung zwischen dem Spiegelschrank und dem Hauptschrank, wodurch eine schlichte und elegante Badatmosph\u00e4re geschaffen wird, die das Aussehen des Badezimmers aufwertet.<\/p>\n\n\n\n<p><strong>Hochwertiges PVC-Material<\/strong>: Es ist wasserdicht, feuchtigkeitsbest\u00e4ndig und korrosionsbest\u00e4ndig, schimmelt nicht leicht und verformt sich nicht in einer feuchten Badezimmerumgebung. Es ist leicht und einfach zu installieren und zu transportieren.<\/p>\n\n\n\n<p><strong>Leichtes Material: <\/strong>Der Schrankkorpus besteht aus PVC, das sich durch hervorragende wasser- und feuchtigkeitsbest\u00e4ndige Eigenschaften auszeichnet und daher in einem feuchten Badezimmer weniger anf\u00e4llig f\u00fcr Verformungen und Verfall ist. Das leichte Material reduziert die Belastung der Wand und macht die Installation einfach. <\/p>\n\n\n\n<p><strong>Aufgeh\u00e4ngte Installation<\/strong>: Mit dem in der Luft h\u00e4ngenden Boden reduziert er die Bodenfl\u00e4che, erleichtert die Reinigung und l\u00e4sst den Raum im Bad transparenter erscheinen. <\/p>\n\n\n\n<p><strong>Stauraum mit gro\u00dfem Fassungsverm\u00f6gen<\/strong>: sorgt f\u00fcr Ordnung im Badezimmer, macht Schluss mit dem Chaos und sorgt f\u00fcr mehr Sauberkeit im Raum. <\/p>\n\n\n\n<p><strong>Ger\u00e4umige Arbeitsfl\u00e4che f\u00fcr die Aufbewahrung: <\/strong>Auf der Arbeitsplatte ist ausreichend Platz f\u00fcr h\u00e4ufig benutzte Gegenst\u00e4nde wie Zahnb\u00fcrsten und Toilettenartikel, so dass der Waschbereich sauber und aufger\u00e4umt bleibt.<\/p>\n\n\n\n<p><strong>Leicht zu reinigen<\/strong>: Die Oberfl\u00e4che ist glatt und empfindlich, so dass Flecken leicht zu reinigen sind. Die t\u00e4gliche Reinigung mit einem feuchten Tuch ist ausreichend, was zu geringen Unterhaltskosten und einem dauerhaft sauberen Aussehen f\u00fchrt.<\/p>\n<\/div>\n\n\n\n<div class=\"wp-block-column is-layout-flow wp-block-column-is-layout-flow\"><div class=\"wp-block-image\">\n<figure class=\"aligncenter size-full\"><img decoding=\"async\" width=\"700\" height=\"700\" src=\"https:\/\/www.shouyasanitary.com\/wp-content\/uploads\/2025\/08\/Wholesale-of-White-Bathroom-Cabinet.webp\" alt=\"Gro\u00dfhandel f\u00fcr wei\u00dfe Badezimmerschr\u00e4nke\" class=\"wp-image-1769\" style=\"object-fit:cover\" srcset=\"https:\/\/www.shouyasanitary.com\/wp-content\/uploads\/2025\/08\/Wholesale-of-White-Bathroom-Cabinet.webp 700w, https:\/\/www.shouyasanitary.com\/wp-content\/uploads\/2025\/08\/Wholesale-of-White-Bathroom-Cabinet-300x300.webp 300w, https:\/\/www.shouyasanitary.com\/wp-content\/uploads\/2025\/08\/Wholesale-of-White-Bathroom-Cabinet-150x150.webp 150w, https:\/\/www.shouyasanitary.com\/wp-content\/uploads\/2025\/08\/Wholesale-of-White-Bathroom-Cabinet-12x12.webp 12w, https:\/\/www.shouyasanitary.com\/wp-content\/uploads\/2025\/08\/Wholesale-of-White-Bathroom-Cabinet-600x600.webp 600w, https:\/\/www.shouyasanitary.com\/wp-content\/uploads\/2025\/08\/Wholesale-of-White-Bathroom-Cabinet-100x100.webp 100w\" sizes=\"(max-width: 700px) 100vw, 700px\" \/><\/figure>\n<\/div><\/div>\n<\/div>","protected":false},"excerpt":{"rendered":"<p>Gro\u00dfhandel wei\u00dfes Kabinett Badezimmer Eitelkeit, wandmontierte Struktur, PVC-Material, leicht und einfach zu installieren, mit einem Spiegelschrank und gro\u00dfe Kapazit\u00e4t Speicher-Design, die Funktionalit\u00e4t und die Verbesserung der Sch\u00f6nheit des Badezimmers. Willkommen bei uns f\u00fcr Details zu kontaktieren!<\/p>\n<h2>Wei\u00dfes Kabinett Badezimmer Eitelkeit Attribute\uff1a<\/h2>\n<p><strong>Artikel Nr.: <\/strong>1210-100<strong><br \/>Material des Geh\u00e4uses:<\/strong> PVC<br \/><strong>Farbe des Geh\u00e4uses: <\/strong>Wei\u00df<br \/><strong>Spiegel:<\/strong> LED-Spiegel (3,5 mm\/3,8 mm), dreifarbige Beleuchtung, One-Touch-Entfogging, gesichert mit mehrlagiger Schaumstoffverpackung<br \/><strong>Installationsart:<\/strong>\u00a0Wandbefestigung<br \/><strong>Abmessungen (L\u00d7B\u00d7H):<\/strong> 100*50*45 cm<br \/><strong>Bruttogewicht:<\/strong> 38kg\/Satz<\/p>\n<h2>Anpassung &amp; Dienstleistungen:<\/h2>\n<p><strong>OEM &amp; ODM<\/strong>: Unterst\u00fctzt<br \/><strong>Gestaltung<\/strong>: Frei<br \/><strong>Zubeh\u00f6r<\/strong>: Waschbecken, Spiegel, Armaturen und anderes Badzubeh\u00f6r<br \/><strong>Verpacken<\/strong>: Einbaufertig<\/p>","protected":false},"featured_media":1769,"comment_status":"closed","ping_status":"closed","template":"","meta":{"_acf_changed":true},"product_brand":[],"product_cat":[24],"product_tag":[],"class_list":{"0":"post-1747","1":"product","2":"type-product","3":"status-publish","4":"has-post-thumbnail","6":"product_cat-wholesale-pvc-bathroom-vanity-cabinets","8":"first","9":"instock","10":"shipping-taxable","11":"product-type-simple"},"acf":[],"_links":{"self":[{"href":"https:\/\/www.shouyasanitary.com\/de\/wp-json\/wp\/v2\/product\/1747","targetHints":{"allow":["GET"]}}],"collection":[{"href":"https:\/\/www.shouyasanitary.com\/de\/wp-json\/wp\/v2\/product"}],"about":[{"href":"https:\/\/www.shouyasanitary.com\/de\/wp-json\/wp\/v2\/types\/product"}],"replies":[{"embeddable":true,"href":"https:\/\/www.shouyasanitary.com\/de\/wp-json\/wp\/v2\/comments?post=1747"}],"wp:featuredmedia":[{"embeddable":true,"href":"https:\/\/www.shouyasanitary.com\/de\/wp-json\/wp\/v2\/media\/1769"}],"wp:attachment":[{"href":"https:\/\/www.shouyasanitary.com\/de\/wp-json\/wp\/v2\/media?parent=1747"}],"wp:term":[{"taxonomy":"product_brand","embeddable":true,"href":"https:\/\/www.shouyasanitary.com\/de\/wp-json\/wp\/v2\/product_brand?post=1747"},{"taxonomy":"product_cat","embeddable":true,"href":"https:\/\/www.shouyasanitary.com\/de\/wp-json\/wp\/v2\/product_cat?post=1747"},{"taxonomy":"product_tag","embeddable":true,"href":"https:\/\/www.shouyasanitary.com\/de\/wp-json\/wp\/v2\/product_tag?post=1747"}],"curies":[{"name":"wp","href":"https:\/\/api.w.org\/{rel}","templated":true}]}}