{"id":1748,"date":"2025-08-24T15:51:08","date_gmt":"2025-08-24T15:51:08","guid":{"rendered":"https:\/\/www.shouyasanitary.com\/?post_type=product&#038;p=1748"},"modified":"2025-08-24T15:51:10","modified_gmt":"2025-08-24T15:51:10","slug":"wholesale-floating-vanity-bathroom","status":"publish","type":"product","link":"https:\/\/www.shouyasanitary.com\/de\/produkt\/wholesale-floating-vanity-bathroom\/","title":{"rendered":"Gro\u00dfhandel schwimmende Eitelkeit Badezimmer, multifunktionale Led-Spiegel Babinet Badezimmer benutzerdefinierte"},"content":{"rendered":"<div class=\"wp-block-columns is-layout-flex wp-container-core-columns-is-layout-9d6595d7 wp-block-columns-is-layout-flex\">\n<div class=\"wp-block-column is-layout-flow wp-block-column-is-layout-flow\">\n<h2 class=\"wp-block-heading\">Schwebende Eitelkeit Badezimmer Eigenschaften\uff1a<\/h2>\n\n\n\n<p><strong>Langlebiges Material<\/strong>: Der Badezimmerschrank ist aus hochwertigem PVC-Material gefertigt, das sich durch hervorragende feuchtigkeits- und wasserdichte Eigenschaften auszeichnet. Er kann der Wassererosion wirksam widerstehen, verformt sich nicht, bekommt keine Risse und schimmelt nicht, und hat eine lange Lebensdauer.<\/p>\n\n\n\n<p><strong>Einfacher Stil<\/strong>: Das Gesamtdesign ist einfach und modisch, mit glatten Linien. Das Aussehen ist ordentlich und sauber. Der Spiegelschrank und das Waschbecken passen gut zusammen, und der Stil ist vielseitig. Er l\u00e4sst sich leicht in verschiedene Stilrichtungen der Badezimmereinrichtung integrieren. Ob es sich um ein modernes, minimalistisches, nordisches oder japanisches Badezimmer handelt, es kann perfekt angepasst werden und die Gesamt\u00e4sthetik des Badezimmers verbessern.<\/p>\n\n\n\n<p><strong>Wandmontierte Ausf\u00fchrung:<\/strong> Durch die Wandmontage wird nicht nur Bodenfl\u00e4che frei und die Reinigung erleichtert, sondern das Bad wirkt auch ger\u00e4umiger, wodurch es sich besonders f\u00fcr moderne kleine Wohnungen und elegante Badezimmer eignet.<\/p>\n\n\n\n<p><strong>Leicht zu reinigen<\/strong>: Die Oberfl\u00e4che des Keramikbeckens ist glatt und fleckenunempfindlich. Die t\u00e4gliche Reinigung ist sehr bequem. Wischen Sie es einfach mit einem feuchten Tuch ab, um die Sauberkeit wiederherzustellen. Das spart viel Zeit und M\u00fche bei der Reinigung und sorgt daf\u00fcr, dass das Badezimmer immer sauber und ordentlich ist.<\/p>\n\n\n\n<p><strong>Praktische Aufbewahrungsfunktion<\/strong>: Er ist mit einem intelligenten Spiegelschrank ausgestattet, der \u00fcber eine klare Spiegelfl\u00e4che und n\u00fctzlichen Stauraum verf\u00fcgt. Die Spiegelfl\u00e4che hat eine klare Abbildung, die den t\u00e4glichen Pflegebed\u00fcrfnissen entspricht; die Kombination aus offenen und geschlossenen Ablagef\u00e4chern im Inneren kann Toilettenartikel, Hautpflegeprodukte usw. kategorisch aufbewahren, wodurch die Aufbewahrung von Badezimmerartikeln geordnet wird.<\/p>\n\n\n\n<p><strong>Anpassungsdienste:<\/strong> Wir bieten mehrdimensionale Anpassungsm\u00f6glichkeiten in Bezug auf Gr\u00f6\u00dfe, Stil, Farbe und passende Spiegelschr\u00e4nke, um die r\u00e4umliche Aufteilung und die Designvorlieben der verschiedenen Kunden zu erf\u00fcllen.<\/p>\n<\/div>\n\n\n\n<div class=\"wp-block-column is-layout-flow wp-block-column-is-layout-flow\"><div class=\"wp-block-image\">\n<figure class=\"aligncenter size-full\"><img decoding=\"async\" width=\"700\" height=\"700\" src=\"https:\/\/www.shouyasanitary.com\/wp-content\/uploads\/2025\/08\/Wholesale-Bathroom-Vanity-Cabinet-4.webp\" alt=\"Gro\u00dfhandel Badezimmer Eitelkeit Kabinett\" class=\"wp-image-1807\" style=\"object-fit:cover\" srcset=\"https:\/\/www.shouyasanitary.com\/wp-content\/uploads\/2025\/08\/Wholesale-Bathroom-Vanity-Cabinet-4.webp 700w, https:\/\/www.shouyasanitary.com\/wp-content\/uploads\/2025\/08\/Wholesale-Bathroom-Vanity-Cabinet-4-300x300.webp 300w, https:\/\/www.shouyasanitary.com\/wp-content\/uploads\/2025\/08\/Wholesale-Bathroom-Vanity-Cabinet-4-150x150.webp 150w, https:\/\/www.shouyasanitary.com\/wp-content\/uploads\/2025\/08\/Wholesale-Bathroom-Vanity-Cabinet-4-12x12.webp 12w, https:\/\/www.shouyasanitary.com\/wp-content\/uploads\/2025\/08\/Wholesale-Bathroom-Vanity-Cabinet-4-600x600.webp 600w, https:\/\/www.shouyasanitary.com\/wp-content\/uploads\/2025\/08\/Wholesale-Bathroom-Vanity-Cabinet-4-100x100.webp 100w\" sizes=\"(max-width: 700px) 100vw, 700px\" \/><\/figure>\n<\/div><\/div>\n<\/div>","protected":false},"excerpt":{"rendered":"<p>Dieser PVC-Badeschrank wird aus feuchtigkeitsbest\u00e4ndigen Materialien hergestellt, um die Qualit\u00e4t zu gew\u00e4hrleisten. Er verf\u00fcgt \u00fcber ein einfaches Design, das zu verschiedenen Stilen passt, einen intelligenten Spiegelschrank, um die praktischen Funktionen zu verbessern, und einfache Reinigungseigenschaften, um die Wartungskosten zu senken. Bitte erkundigen Sie sich nach weiteren Details.<\/p>\n<h2>Attribute von Waschtischen f\u00fcr Badezimmer\uff1a<\/h2>\n<p><strong>Artikel Nr.: <\/strong>J1221-80<strong><br \/>Material des Geh\u00e4uses:<\/strong> PVC<br \/><strong>Farbe des Geh\u00e4uses: <\/strong> Hellgrau<br \/><strong>Spiegel:<\/strong> LED-Spiegel (3,5 mm\/3,8 mm), dreifarbige Beleuchtung, One-Touch-Entfogging, gesichert mit mehrlagiger Schaumstoffverpackung<br \/><strong>Installationsart:<\/strong>\u00a0Wandbefestigung<br \/><strong>Abmessungen (L\u00d7B\u00d7H):<\/strong> 80*50*48 cm<br \/><strong>Bruttogewicht:<\/strong> 30kg\/Satz<\/p>\n<h2>Anpassung &amp; Dienstleistungen:<\/h2>\n<p><strong>OEM &amp; ODM<\/strong>: Unterst\u00fctzt<br \/><strong>Gestaltung<\/strong>: Frei<br \/><strong>Zubeh\u00f6r<\/strong>: Waschbecken, Spiegel, Armaturen und anderes Badzubeh\u00f6r<br \/><strong>Verpacken<\/strong>: Einbaufertig<\/p>","protected":false},"featured_media":1807,"comment_status":"closed","ping_status":"closed","template":"","meta":{"_acf_changed":true},"product_brand":[],"product_cat":[24],"product_tag":[],"class_list":{"0":"post-1748","1":"product","2":"type-product","3":"status-publish","4":"has-post-thumbnail","6":"product_cat-wholesale-pvc-bathroom-vanity-cabinets","8":"first","9":"instock","10":"shipping-taxable","11":"product-type-simple"},"acf":[],"_links":{"self":[{"href":"https:\/\/www.shouyasanitary.com\/de\/wp-json\/wp\/v2\/product\/1748","targetHints":{"allow":["GET"]}}],"collection":[{"href":"https:\/\/www.shouyasanitary.com\/de\/wp-json\/wp\/v2\/product"}],"about":[{"href":"https:\/\/www.shouyasanitary.com\/de\/wp-json\/wp\/v2\/types\/product"}],"replies":[{"embeddable":true,"href":"https:\/\/www.shouyasanitary.com\/de\/wp-json\/wp\/v2\/comments?post=1748"}],"wp:featuredmedia":[{"embeddable":true,"href":"https:\/\/www.shouyasanitary.com\/de\/wp-json\/wp\/v2\/media\/1807"}],"wp:attachment":[{"href":"https:\/\/www.shouyasanitary.com\/de\/wp-json\/wp\/v2\/media?parent=1748"}],"wp:term":[{"taxonomy":"product_brand","embeddable":true,"href":"https:\/\/www.shouyasanitary.com\/de\/wp-json\/wp\/v2\/product_brand?post=1748"},{"taxonomy":"product_cat","embeddable":true,"href":"https:\/\/www.shouyasanitary.com\/de\/wp-json\/wp\/v2\/product_cat?post=1748"},{"taxonomy":"product_tag","embeddable":true,"href":"https:\/\/www.shouyasanitary.com\/de\/wp-json\/wp\/v2\/product_tag?post=1748"}],"curies":[{"name":"wp","href":"https:\/\/api.w.org\/{rel}","templated":true}]}}