{"id":1749,"date":"2025-08-24T15:51:17","date_gmt":"2025-08-24T15:51:17","guid":{"rendered":"https:\/\/www.shouyasanitary.com\/?post_type=product&#038;p=1749"},"modified":"2025-08-24T15:51:19","modified_gmt":"2025-08-24T15:51:19","slug":"wholesale-single-bathroom-vanity","status":"publish","type":"product","link":"https:\/\/www.shouyasanitary.com\/de\/produkt\/wholesale-single-bathroom-vanity\/","title":{"rendered":"Gro\u00dfhandel Single Badezimmer Eitelkeit, PVC Badezimmer Schrank mit Keramik-Becken in Bulk"},"content":{"rendered":"<div class=\"wp-block-columns is-layout-flex wp-container-core-columns-is-layout-9d6595d7 wp-block-columns-is-layout-flex\">\n<div class=\"wp-block-column is-layout-flow wp-block-column-is-layout-flow\">\n<h2 class=\"wp-block-heading\">Einzelne Badezimmer Eitelkeit Eigenschaften :<\/h2>\n\n\n\n<p><strong>Flexible Gr\u00f6\u00dfe:<\/strong> Die kompakte Schrankgr\u00f6\u00dfe passt zu kleinen B\u00e4dern und kann auch in gro\u00dfe R\u00e4ume integriert werden, was eine hohe Flexibilit\u00e4t bietet. <\/p>\n\n\n\n<p><strong>Vielseitiger Stil<\/strong>: Der hellgraue Farbton ist schlicht und vielseitig und passt gut zu verschiedenen Einrichtungsstilen im Bad. Die klaren Linien und die Lichtleisten des Spiegelschranks sorgen f\u00fcr einen Hauch von Eleganz, schaffen eine saubere und komfortable Badatmosph\u00e4re und steigern die \u00c4sthetik des Raums.<\/p>\n\n\n\n<p><strong>Doppelt\u00fcriger Spiegelschrank: <\/strong>Der Spiegelschrank verf\u00fcgt \u00fcber ein doppelt\u00fcriges Design mit einer symmetrischen Anordnung, die sowohl einfach als auch elegant ist. Sobald die T\u00fcren ge\u00f6ffnet sind, erscheint der Innenraum ordentlich und organisiert und erm\u00f6glicht eine kategorisierte Aufbewahrung von Toilettenartikeln. Durch dieses Design entf\u00e4llt das wiederholte Suchen beim Auffinden von Artikeln, was die Effizienz bei der t\u00e4glichen Nutzung erh\u00f6ht. Die Spiegelfl\u00e4che vergr\u00f6\u00dfert zudem das Raumgef\u00fchl und l\u00e4sst das Bad ger\u00e4umiger erscheinen. Die Doppelschubladen sind wasserdicht und praktisch.<\/p>\n\n\n\n<p><strong>Wasserdichtes Design mit zwei Schubladen<\/strong>: Die Schubladen sind sinnvoll unterteilt, so dass kleine Gegenst\u00e4nde wie Zahnseide und Kosmetikschw\u00e4mme in Kategorien aufbewahrt werden k\u00f6nnen. In geschlossenem Zustand halten sie Feuchtigkeit und Staub wirksam ab, sodass die Gegenst\u00e4nde trocken und sauber bleiben und Aufbewahrungs- und Schutzfunktionen kombiniert werden.<\/p>\n\n\n\n<p><strong>Hochwertiges PVC-Material<\/strong>: Das vollst\u00e4ndig aus PVC gefertigte Material verf\u00fcgt \u00fcber ausgezeichnete wasser- und feuchtigkeitsbest\u00e4ndige Eigenschaften, die es in der feuchten Umgebung des Badezimmers weniger anf\u00e4llig f\u00fcr Verformungen und Schimmelbildung machen. <\/p>\n\n\n\n<p><strong>Stabile Struktur f\u00fcr die Wandmontage<\/strong>: Trotz seines geringen Gewichts verf\u00fcgt es \u00fcber eine gute strukturelle Festigkeit, die eine einfache Installation erm\u00f6glicht und die Belastung der W\u00e4nde reduziert. <\/p>\n\n\n\n<p><strong>Leicht zu pflegen<\/strong>: Die Oberfl\u00e4che ist glatt und leicht zu reinigen, Wasser- und Schmutzflecken lassen sich leicht wegwischen. Die t\u00e4gliche Pflege ist einfach, spart Zeit bei der Instandhaltung und eignet sich f\u00fcr den h\u00e4ufigen Gebrauch in Badezimmern.<\/p>\n<\/div>\n\n\n\n<div class=\"wp-block-column is-layout-flow wp-block-column-is-layout-flow\"><div class=\"wp-block-image\">\n<figure class=\"aligncenter size-full\"><img decoding=\"async\" width=\"700\" height=\"700\" src=\"https:\/\/www.shouyasanitary.com\/wp-content\/uploads\/2025\/08\/Wholesale-Bathroom-Vanity-Cabinet-2.webp\" alt=\"Gro\u00dfhandel Badezimmer Eitelkeit Kabinett\" class=\"wp-image-1766\" style=\"object-fit:cover\" srcset=\"https:\/\/www.shouyasanitary.com\/wp-content\/uploads\/2025\/08\/Wholesale-Bathroom-Vanity-Cabinet-2.webp 700w, https:\/\/www.shouyasanitary.com\/wp-content\/uploads\/2025\/08\/Wholesale-Bathroom-Vanity-Cabinet-2-300x300.webp 300w, https:\/\/www.shouyasanitary.com\/wp-content\/uploads\/2025\/08\/Wholesale-Bathroom-Vanity-Cabinet-2-150x150.webp 150w, https:\/\/www.shouyasanitary.com\/wp-content\/uploads\/2025\/08\/Wholesale-Bathroom-Vanity-Cabinet-2-12x12.webp 12w, https:\/\/www.shouyasanitary.com\/wp-content\/uploads\/2025\/08\/Wholesale-Bathroom-Vanity-Cabinet-2-600x600.webp 600w, https:\/\/www.shouyasanitary.com\/wp-content\/uploads\/2025\/08\/Wholesale-Bathroom-Vanity-Cabinet-2-100x100.webp 100w\" sizes=\"(max-width: 700px) 100vw, 700px\" \/><\/figure>\n<\/div><\/div>\n<\/div>","protected":false},"excerpt":{"rendered":"<p>Der zweit\u00fcrige Spiegelschrank mit zwei Schubladen bietet eine effiziente und bequeme Aufbewahrung und Kategorisierung und ist im Gro\u00dfhandel erh\u00e4ltlich. Leicht, robust, feuchtigkeitsbest\u00e4ndig und langlebig, ist es perfekt f\u00fcr jedes Badezimmer Raum. Shouya Fabrik direkte Lieferung, Qualit\u00e4t garantiert. Willkommen bei uns f\u00fcr Gro\u00dfhandel und Anpassung zu kontaktieren!<\/p>\n<h2>Einzelne Badezimmer-Eitelkeit Attribute\uff1a<\/h2>\n<p><strong>Artikel Nr.: <\/strong>1208-60<strong><br \/>Material des Geh\u00e4uses:<\/strong> PVC<br \/><strong>Farbe des Geh\u00e4uses: <\/strong> Hellgrau<br \/><strong>Spiegel:<\/strong> LED-Spiegel (3,5 mm\/3,8 mm), dreifarbige Beleuchtung, One-Touch-Entfogging, gesichert mit mehrlagiger Schaumstoffverpackung<br \/><strong>Installationsart:<\/strong>\u00a0Wandbefestigung<br \/><strong>Abmessungen (L\u00d7B\u00d7H):<\/strong> 60*47*45 cm<br \/><strong>Bruttogewicht:<\/strong> 30kg\/Satz<\/p>\n<h2>Anpassung &amp; Dienstleistungen:<\/h2>\n<p><strong>OEM &amp; ODM<\/strong>: Unterst\u00fctzt<br \/><strong>Gestaltung<\/strong>: Frei<br \/><strong>Zubeh\u00f6r<\/strong>: Waschbecken, Spiegel, Armaturen und anderes Badzubeh\u00f6r<br \/><strong>Verpacken<\/strong>: Einbaufertig<\/p>","protected":false},"featured_media":1766,"comment_status":"closed","ping_status":"closed","template":"","meta":{"_acf_changed":true},"product_brand":[],"product_cat":[24],"product_tag":[],"class_list":{"0":"post-1749","1":"product","2":"type-product","3":"status-publish","4":"has-post-thumbnail","6":"product_cat-wholesale-pvc-bathroom-vanity-cabinets","8":"first","9":"instock","10":"shipping-taxable","11":"product-type-simple"},"acf":[],"_links":{"self":[{"href":"https:\/\/www.shouyasanitary.com\/de\/wp-json\/wp\/v2\/product\/1749","targetHints":{"allow":["GET"]}}],"collection":[{"href":"https:\/\/www.shouyasanitary.com\/de\/wp-json\/wp\/v2\/product"}],"about":[{"href":"https:\/\/www.shouyasanitary.com\/de\/wp-json\/wp\/v2\/types\/product"}],"replies":[{"embeddable":true,"href":"https:\/\/www.shouyasanitary.com\/de\/wp-json\/wp\/v2\/comments?post=1749"}],"wp:featuredmedia":[{"embeddable":true,"href":"https:\/\/www.shouyasanitary.com\/de\/wp-json\/wp\/v2\/media\/1766"}],"wp:attachment":[{"href":"https:\/\/www.shouyasanitary.com\/de\/wp-json\/wp\/v2\/media?parent=1749"}],"wp:term":[{"taxonomy":"product_brand","embeddable":true,"href":"https:\/\/www.shouyasanitary.com\/de\/wp-json\/wp\/v2\/product_brand?post=1749"},{"taxonomy":"product_cat","embeddable":true,"href":"https:\/\/www.shouyasanitary.com\/de\/wp-json\/wp\/v2\/product_cat?post=1749"},{"taxonomy":"product_tag","embeddable":true,"href":"https:\/\/www.shouyasanitary.com\/de\/wp-json\/wp\/v2\/product_tag?post=1749"}],"curies":[{"name":"wp","href":"https:\/\/api.w.org\/{rel}","templated":true}]}}