{"id":1750,"date":"2025-08-24T15:51:21","date_gmt":"2025-08-24T15:51:21","guid":{"rendered":"https:\/\/www.shouyasanitary.com\/?post_type=product&#038;p=1750"},"modified":"2025-08-24T15:51:23","modified_gmt":"2025-08-24T15:51:23","slug":"wholesale-gray-bathroom-cabinets","status":"publish","type":"product","link":"https:\/\/www.shouyasanitary.com\/de\/produkt\/wholesale-gray-bathroom-cabinets\/","title":{"rendered":"Gro\u00dfhandel Gray Badezimmer Schr\u00e4nke, PVC Badezimmer Eitelkeit mit Spiegel wasserdicht 80 cm Custom"},"content":{"rendered":"<div class=\"wp-block-columns is-layout-flex wp-container-core-columns-is-layout-9d6595d7 wp-block-columns-is-layout-flex\">\n<div class=\"wp-block-column is-layout-flow wp-block-column-is-layout-flow\">\n<h2 class=\"wp-block-heading\">Eigenschaften der grauen Badezimmerschr\u00e4nke\uff1a<\/h2>\n\n\n\n<p><strong>Wasserfeste Materialien: <\/strong>Der Schrank ist aus hochwertigem PVC-Material gefertigt und verf\u00fcgt \u00fcber eine ausgezeichnete Wasserdichtigkeit, die verhindert, dass der Schrank durch feuchte Umgebungen ausgeh\u00f6hlt wird, und stellt sicher, dass er sich \u00fcber einen langen Zeitraum hinweg nicht verformt oder Risse bekommt.<\/p>\n\n\n\n<p><strong>Moderner und minimalistischer Stil: <\/strong>Der Badezimmerschrank ist in einem schlichten und modischen Stil gestaltet, mit weichen Linien und sanften Farben, die sich in verschiedene Badezimmerdekorationen einf\u00fcgen und die Gesamt\u00e4sthetik und den Stil des Raumes verbessern.<\/p>\n\n\n\n<p><strong>Spiegelschrank mit integriertem Design: <\/strong>Er verf\u00fcgt \u00fcber ein kombiniertes Design mit einem Spiegelschrank, der nicht nur reichlich Stauraum f\u00fcr die bequeme Aufbewahrung von Toilettenartikeln bietet, sondern auch \u00fcber eine Spiegelfunktion verf\u00fcgt, um den t\u00e4glichen Pflegebedarf zu erf\u00fcllen, was praktisch und bequem ist.<\/p>\n\n\n\n<p><strong>Exquisite Details: <\/strong>Was die Detailgestaltung des Produkts betrifft, so ist es ein klarer Beweis f\u00fcr das konsequente Streben nach Qualit\u00e4t. Die Ecken des Badezimmerschranks wurden sorgf\u00e4ltig poliert und weisen eine glatte und runde Textur auf. Dies vermeidet nicht nur m\u00f6gliche St\u00f6\u00dfe und Verletzungen bei der Benutzung, sondern verleiht ihm auch einen Hauch von sanfter Sch\u00f6nheit. <\/p>\n\n\n\n<p><strong>Stabile Schutzstruktur<\/strong>: Das \u00d6ffnungs- und Schlie\u00dfsystem der Schrankt\u00fcr wurde mehrfach angepasst und gew\u00e4hrleistet einen reibungslosen Betrieb ohne jegliche Behinderung und eine hervorragende Dichtungsleistung, die das Eindringen von Staub und Feuchtigkeit in den Schrank wirksam verhindert.<\/p>\n\n\n\n<p><strong>Gro\u00dfe Menge an semi-customized Inventar<\/strong>:  Es gew\u00e4hrleistet eine schnelle Lieferung von Spot-Produkten, erf\u00fcllt individuelle Bed\u00fcrfnisse und ber\u00fccksichtigt Flexibilit\u00e4t und hohe Effizienz<\/p>\n<\/div>\n\n\n\n<div class=\"wp-block-column is-layout-flow wp-block-column-is-layout-flow\"><div class=\"wp-block-image\">\n<figure class=\"aligncenter size-full\"><img decoding=\"async\" width=\"700\" height=\"700\" src=\"https:\/\/www.shouyasanitary.com\/wp-content\/uploads\/2025\/08\/OEM-bathroom-cabinet-vanity-1.webp\" alt=\"OEM Badezimmerschrank Eitelkeit\" class=\"wp-image-1760\" style=\"object-fit:cover\" srcset=\"https:\/\/www.shouyasanitary.com\/wp-content\/uploads\/2025\/08\/OEM-bathroom-cabinet-vanity-1.webp 700w, https:\/\/www.shouyasanitary.com\/wp-content\/uploads\/2025\/08\/OEM-bathroom-cabinet-vanity-1-300x300.webp 300w, https:\/\/www.shouyasanitary.com\/wp-content\/uploads\/2025\/08\/OEM-bathroom-cabinet-vanity-1-150x150.webp 150w, https:\/\/www.shouyasanitary.com\/wp-content\/uploads\/2025\/08\/OEM-bathroom-cabinet-vanity-1-12x12.webp 12w, https:\/\/www.shouyasanitary.com\/wp-content\/uploads\/2025\/08\/OEM-bathroom-cabinet-vanity-1-600x600.webp 600w, https:\/\/www.shouyasanitary.com\/wp-content\/uploads\/2025\/08\/OEM-bathroom-cabinet-vanity-1-100x100.webp 100w\" sizes=\"(max-width: 700px) 100vw, 700px\" \/><\/figure>\n<\/div><\/div>\n<\/div>","protected":false},"excerpt":{"rendered":"<p>Die grauen Badezimmerschr\u00e4nke aus wasserfestem PVC-Material mit einem Spiegelset verf\u00fcgen \u00fcber ein einfaches Design, das zu verschiedenen Stilen passt und sowohl Stauraum als auch Spiegelfunktionalit\u00e4t bietet. Es f\u00fcgt Praktikabilit\u00e4t und Sch\u00f6nheit zum Badezimmer. Wir haben einen gro\u00dfen Bestand an semi-custom Artikel, bieten Gro\u00dfhandelspreise und kundenspezifische Dienstleistungen. Wir laden Sie ein, uns f\u00fcr ein Angebot zu kontaktieren!<\/p>\n<h2>Graue Badezimmerschr\u00e4nke Attribute\uff1a<\/h2>\n<p><strong>Artikel Nr.: <\/strong>J1205-80<strong><br \/>Material des Geh\u00e4uses:<\/strong> PVC<br \/><strong>Farbe des Geh\u00e4uses:\u00a0<\/strong>Grau<br \/><strong>Spiegel:<\/strong> LED-Spiegel (3,5 mm\/3,8 mm), dreifarbige Beleuchtung, One-Touch-Entfogging, gesichert mit mehrlagiger Schaumstoffverpackung<br \/><strong>Installationsart:<\/strong>\u00a0Wandbefestigung<br \/><strong>Abmessungen (L\u00d7B\u00d7H):<\/strong> 80*47*45 cm<br \/><strong>Bruttogewicht:<\/strong> 30kg\/Satz<\/p>\n<h2>Anpassung &amp; Dienstleistungen:<\/h2>\n<p><strong>OEM &amp; ODM<\/strong>: Unterst\u00fctzt<br \/><strong>Gestaltung<\/strong>: Frei<br \/><strong>Zubeh\u00f6r<\/strong>: Waschbecken, Spiegel, Armaturen und anderes Badzubeh\u00f6r<br \/><strong>Verpacken<\/strong>: Einbaufertig<\/p>","protected":false},"featured_media":1760,"comment_status":"closed","ping_status":"closed","template":"","meta":{"_acf_changed":true},"product_brand":[],"product_cat":[24],"product_tag":[],"class_list":{"0":"post-1750","1":"product","2":"type-product","3":"status-publish","4":"has-post-thumbnail","6":"product_cat-wholesale-pvc-bathroom-vanity-cabinets","8":"first","9":"instock","10":"shipping-taxable","11":"product-type-simple"},"acf":[],"_links":{"self":[{"href":"https:\/\/www.shouyasanitary.com\/de\/wp-json\/wp\/v2\/product\/1750","targetHints":{"allow":["GET"]}}],"collection":[{"href":"https:\/\/www.shouyasanitary.com\/de\/wp-json\/wp\/v2\/product"}],"about":[{"href":"https:\/\/www.shouyasanitary.com\/de\/wp-json\/wp\/v2\/types\/product"}],"replies":[{"embeddable":true,"href":"https:\/\/www.shouyasanitary.com\/de\/wp-json\/wp\/v2\/comments?post=1750"}],"wp:featuredmedia":[{"embeddable":true,"href":"https:\/\/www.shouyasanitary.com\/de\/wp-json\/wp\/v2\/media\/1760"}],"wp:attachment":[{"href":"https:\/\/www.shouyasanitary.com\/de\/wp-json\/wp\/v2\/media?parent=1750"}],"wp:term":[{"taxonomy":"product_brand","embeddable":true,"href":"https:\/\/www.shouyasanitary.com\/de\/wp-json\/wp\/v2\/product_brand?post=1750"},{"taxonomy":"product_cat","embeddable":true,"href":"https:\/\/www.shouyasanitary.com\/de\/wp-json\/wp\/v2\/product_cat?post=1750"},{"taxonomy":"product_tag","embeddable":true,"href":"https:\/\/www.shouyasanitary.com\/de\/wp-json\/wp\/v2\/product_tag?post=1750"}],"curies":[{"name":"wp","href":"https:\/\/api.w.org\/{rel}","templated":true}]}}