{"id":1751,"date":"2025-08-15T07:01:17","date_gmt":"2025-08-15T07:01:17","guid":{"rendered":"https:\/\/www.shouyasanitary.com\/?post_type=product&#038;p=1751"},"modified":"2025-10-28T06:37:08","modified_gmt":"2025-10-28T06:37:08","slug":"wholesale-grey-bathroom-cabinets","status":"publish","type":"product","link":"https:\/\/www.shouyasanitary.com\/de\/produkt\/wholesale-grey-bathroom-cabinets\/","title":{"rendered":"Gro\u00dfhandel Grau Badezimmer Schr\u00e4nke, PVC schwimmende Badezimmer Eitelkeit benutzerdefinierte"},"content":{"rendered":"<div class=\"wp-block-columns is-layout-flex wp-container-core-columns-is-layout-9d6595d7 wp-block-columns-is-layout-flex\">\n<div class=\"wp-block-column is-layout-flow wp-block-column-is-layout-flow\">\n<h2 class=\"wp-block-heading\">Graue Badezimmerschr\u00e4nke Eigenschaften\uff1a<\/h2>\n\n\n\n<p><strong>Multistil-Koordination:<\/strong> Das \u00e4u\u00dfere Erscheinungsbild ist ein schlichtes und neuartiges Aussehen mit einer weichen und biegsamen hellgrauen Farbe. Es kann nat\u00fcrlich in verschiedene Badezimmer-Dekorationsstile passen, wie z.B. den nordischen Stil, den modernen minimalistischen Stil oder ein bisschen Luxus-Stil. Es kann die verschiedenen \u00e4sthetischen Anforderungen des Hauses vollst\u00e4ndig erf\u00fcllen.<\/p>\n\n\n\n<p><strong>Raum\u00f6konomie:<\/strong> Der teilweise offene Bereich des Spiegelschranks bietet Platz f\u00fcr leicht zug\u00e4ngliche Toilettenartikel; die geschlossene Spiegelt\u00fcr beherbergt einen hochaufl\u00f6senden Schminkspiegel und LED-Beleuchtung. Doppelt\u00fcrige Badschr\u00e4nke eignen sich perfekt f\u00fcr die Aufbewahrung gr\u00f6\u00dferer Badaccessoires und zur Optimierung der Raumnutzung.<\/p>\n\n\n\n<p><strong>Optimierung funktionaler Details<\/strong>: Die punktf\u00f6rmige Beleuchtung des Spiegelschranks dient nicht nur als zus\u00e4tzliches Licht, wenn sie eingeschaltet ist, und erzeugt ein warmes Ambiente, sondern beseitigt auch das stumpfe Aussehen der Paneelt\u00fcren.<\/p>\n\n\n\n<p><strong>Langlebiges PVC-Material<\/strong>: Das Geh\u00e4use des Schrankes ist aus hochwertigem PVC-Material gefertigt, das stark wasserdicht und feuchtigkeitsgesch\u00fctzt ist. Es beh\u00e4lt auch nach l\u00e4ngerem Gebrauch ein gutes Aussehen.<\/p>\n<\/div>\n\n\n\n<div class=\"wp-block-column is-layout-flow wp-block-column-is-layout-flow\"><div class=\"wp-block-image\">\n<figure class=\"aligncenter size-full\"><img decoding=\"async\" width=\"700\" height=\"700\" src=\"https:\/\/www.shouyasanitary.com\/wp-content\/uploads\/2025\/08\/Factory-wholesale-PVC-Bathroom-Cabinet-Vanity.webp\" alt=\"Fabrik Gro\u00dfhandel PVC Badezimmer Kabinett Eitelkeit\" class=\"wp-image-1756\" style=\"object-fit:cover\" srcset=\"https:\/\/www.shouyasanitary.com\/wp-content\/uploads\/2025\/08\/Factory-wholesale-PVC-Bathroom-Cabinet-Vanity.webp 700w, https:\/\/www.shouyasanitary.com\/wp-content\/uploads\/2025\/08\/Factory-wholesale-PVC-Bathroom-Cabinet-Vanity-300x300.webp 300w, https:\/\/www.shouyasanitary.com\/wp-content\/uploads\/2025\/08\/Factory-wholesale-PVC-Bathroom-Cabinet-Vanity-150x150.webp 150w, https:\/\/www.shouyasanitary.com\/wp-content\/uploads\/2025\/08\/Factory-wholesale-PVC-Bathroom-Cabinet-Vanity-12x12.webp 12w, https:\/\/www.shouyasanitary.com\/wp-content\/uploads\/2025\/08\/Factory-wholesale-PVC-Bathroom-Cabinet-Vanity-600x600.webp 600w, https:\/\/www.shouyasanitary.com\/wp-content\/uploads\/2025\/08\/Factory-wholesale-PVC-Bathroom-Cabinet-Vanity-100x100.webp 100w\" sizes=\"(max-width: 700px) 100vw, 700px\" \/><\/figure>\n<\/div><\/div>\n<\/div>","protected":false},"excerpt":{"rendered":"<p>Gro\u00dfhandel grauen Bad Schr\u00e4nke mit Spiegel, wasserdicht, langlebig PVC-Material, wandh\u00e4ngende Design, anpassbar f\u00fcr Wohn-und kommerzielle Projekte. Kontaktieren Sie uns f\u00fcr OEM\/ODM Bad L\u00f6sungen! Willkommen zu erkundigen.<\/p>\n<h2>Graue Badezimmerschr\u00e4nke Attribute\uff1a<\/h2>\n<p><strong>Artikel Nr.:<\/strong>J1203-80<strong><br \/>Material des Geh\u00e4uses:<\/strong> PVC<br \/><strong>Farbe des Geh\u00e4uses:<\/strong> Hellgrau<br \/><strong>Spiegel:<\/strong> LED-Spiegel (3,5 mm\/3,8 mm), dreifarbige Beleuchtung, One-Touch-Entfogging, gesichert mit mehrlagiger Schaumstoffverpackung<br \/><strong>Installationsart:<\/strong>\u00a0Wandbefestigung<br \/><strong>Abmessungen (L\u00d7B\u00d7H):<\/strong> 80*47*42 cm<br \/><strong>Bruttogewicht:<\/strong> 30kg\/Satz<\/p>\n<h2>Anpassung &amp; Dienstleistungen:<\/h2>\n<p><strong>OEM &amp; ODM<\/strong>: Unterst\u00fctzt<br \/><strong>Gestaltung<\/strong>: Frei<br \/><strong>Zubeh\u00f6r<\/strong>: Waschbecken, Spiegel, Armaturen und anderes Badzubeh\u00f6r<br \/><strong>Verpacken<\/strong>: Einbaufertig<\/p>","protected":false},"featured_media":1756,"comment_status":"closed","ping_status":"closed","template":"","meta":{"_acf_changed":false},"product_brand":[],"product_cat":[24],"product_tag":[],"class_list":{"0":"post-1751","1":"product","2":"type-product","3":"status-publish","4":"has-post-thumbnail","6":"product_cat-wholesale-pvc-bathroom-vanity-cabinets","8":"first","9":"instock","10":"shipping-taxable","11":"product-type-simple"},"acf":[],"_links":{"self":[{"href":"https:\/\/www.shouyasanitary.com\/de\/wp-json\/wp\/v2\/product\/1751","targetHints":{"allow":["GET"]}}],"collection":[{"href":"https:\/\/www.shouyasanitary.com\/de\/wp-json\/wp\/v2\/product"}],"about":[{"href":"https:\/\/www.shouyasanitary.com\/de\/wp-json\/wp\/v2\/types\/product"}],"replies":[{"embeddable":true,"href":"https:\/\/www.shouyasanitary.com\/de\/wp-json\/wp\/v2\/comments?post=1751"}],"wp:featuredmedia":[{"embeddable":true,"href":"https:\/\/www.shouyasanitary.com\/de\/wp-json\/wp\/v2\/media\/1756"}],"wp:attachment":[{"href":"https:\/\/www.shouyasanitary.com\/de\/wp-json\/wp\/v2\/media?parent=1751"}],"wp:term":[{"taxonomy":"product_brand","embeddable":true,"href":"https:\/\/www.shouyasanitary.com\/de\/wp-json\/wp\/v2\/product_brand?post=1751"},{"taxonomy":"product_cat","embeddable":true,"href":"https:\/\/www.shouyasanitary.com\/de\/wp-json\/wp\/v2\/product_cat?post=1751"},{"taxonomy":"product_tag","embeddable":true,"href":"https:\/\/www.shouyasanitary.com\/de\/wp-json\/wp\/v2\/product_tag?post=1751"}],"curies":[{"name":"wp","href":"https:\/\/api.w.org\/{rel}","templated":true}]}}