{"id":1809,"date":"2025-08-24T15:51:06","date_gmt":"2025-08-24T15:51:06","guid":{"rendered":"https:\/\/www.shouyasanitary.com\/?post_type=product&#038;p=1809"},"modified":"2025-08-24T15:51:08","modified_gmt":"2025-08-24T15:51:08","slug":"wholesale-small-bathroom-cabinets","status":"publish","type":"product","link":"https:\/\/www.shouyasanitary.com\/de\/produkt\/wholesale-small-bathroom-cabinets\/","title":{"rendered":"Gro\u00dfhandel kleine Badezimmerschr\u00e4nke, PVC-Badezimmer Eitelkeit mit LED-Spiegel Schrank grau Lieferant"},"content":{"rendered":"<div class=\"wp-block-columns is-layout-flex wp-container-core-columns-is-layout-9d6595d7 wp-block-columns-is-layout-flex\">\n<div class=\"wp-block-column is-layout-flow wp-block-column-is-layout-flow\">\n<h2 class=\"wp-block-heading\">Kleine Badezimmerschr\u00e4nke Merkmale\uff1a<\/h2>\n\n\n\n<p><strong>Umweltfreundliche Materialien: <\/strong>Der Schrank ist aus hochwertigem und umweltfreundlichem PVC-Material gefertigt. W\u00e4hrend des Produktionsprozesses werden strenge Umweltstandards streng kontrolliert, um die Gesundheit der Benutzer zu gew\u00e4hrleisten. Das PVC-Material hat eine gute chemische Korrosionsbest\u00e4ndigkeit und wird nicht leicht von Reinigungsmitteln und anderen chemischen Substanzen angegriffen, so dass eine gesunde und sichere Umgebung im Badezimmer gew\u00e4hrleistet ist.<\/p>\n\n\n\n<p><strong>Raumnutzung<\/strong>: Der Spiegelschrank verf\u00fcgt \u00fcber eine Kombination aus offenen und geschlossenen F\u00e4chern, so dass h\u00e4ufig benutzte Gegenst\u00e4nde in den offenen F\u00e4chern leicht zug\u00e4nglich sind; Gegenst\u00e4nde, die nicht h\u00e4ufig benutzt werden oder staubgesch\u00fctzt sein m\u00fcssen, k\u00f6nnen in den geschlossenen F\u00e4chern aufbewahrt werden.<\/p>\n\n\n\n<p><strong>LED-Spiegelschrank<\/strong>: Die Spiegeloberfl\u00e4che bietet dem Benutzer ein hochwertiges Pflegeerlebnis und verf\u00fcgt au\u00dferdem \u00fcber eine intelligente Entfeuchtungsfunktion. Selbst in Gegenwart von Badezimmerdampf kann sie den Nebel schnell beseitigen und die Spiegeloberfl\u00e4che klar halten. Schafft eine angenehme Nutzungsatmosph\u00e4re.<\/p>\n\n\n\n<p><strong>Schrank mit gro\u00dfem Fassungsverm\u00f6gen: <\/strong>Der untere Waschbeckenschrank bietet einen ger\u00e4umigen Stauraum, in dem verschiedene Pflege- und Reinigungsmittel problemlos untergebracht werden k\u00f6nnen. So kann der begrenzte Platz im Bad optimal genutzt werden und das Bad bleibt stets aufger\u00e4umt.<\/p>\n\n\n\n<p><strong>Leicht zu reinigen<\/strong>: Das hochwertige Keramikbecken hat eine glatte und dichte Oberfl\u00e4che, die resistent gegen Flecken ist. Es l\u00e4sst sich leicht mit einem sanften Wisch reinigen, was die Reinigungszeit und die Wartungskosten erheblich reduziert.<\/p>\n\n\n\n<p><strong>Direkte Lieferung ab Werk:<\/strong> Die strenge Kontrolle des Produktionsprozesses gew\u00e4hrleistet eine stabile und zuverl\u00e4ssige Qualit\u00e4t der Badezimmerschr\u00e4nke. Wir unterst\u00fctzen den Gro\u00dfhandel und die Anpassung, bieten wettbewerbsf\u00e4higere Preise und bieten den Kunden eine effiziente One-Stop-Einkaufserfahrung.<\/p>\n<\/div>\n\n\n\n<div class=\"wp-block-column is-layout-flow wp-block-column-is-layout-flow\"><div class=\"wp-block-image\">\n<figure class=\"aligncenter size-full\"><img decoding=\"async\" width=\"700\" height=\"700\" src=\"https:\/\/www.shouyasanitary.com\/wp-content\/uploads\/2025\/08\/Batch-purchase-of-luxury-bathroom-cabinet-vanity.webp\" alt=\"Batch-Kauf von Luxus-Badezimmerschrank Eitelkeit\" class=\"wp-image-1812\" style=\"object-fit:cover\" srcset=\"https:\/\/www.shouyasanitary.com\/wp-content\/uploads\/2025\/08\/Batch-purchase-of-luxury-bathroom-cabinet-vanity.webp 700w, https:\/\/www.shouyasanitary.com\/wp-content\/uploads\/2025\/08\/Batch-purchase-of-luxury-bathroom-cabinet-vanity-300x300.webp 300w, https:\/\/www.shouyasanitary.com\/wp-content\/uploads\/2025\/08\/Batch-purchase-of-luxury-bathroom-cabinet-vanity-150x150.webp 150w, https:\/\/www.shouyasanitary.com\/wp-content\/uploads\/2025\/08\/Batch-purchase-of-luxury-bathroom-cabinet-vanity-12x12.webp 12w, https:\/\/www.shouyasanitary.com\/wp-content\/uploads\/2025\/08\/Batch-purchase-of-luxury-bathroom-cabinet-vanity-600x600.webp 600w, https:\/\/www.shouyasanitary.com\/wp-content\/uploads\/2025\/08\/Batch-purchase-of-luxury-bathroom-cabinet-vanity-100x100.webp 100w\" sizes=\"(max-width: 700px) 100vw, 700px\" \/><\/figure>\n<\/div><\/div>\n<\/div>","protected":false},"excerpt":{"rendered":"<p>Gro\u00dfhandel kleine Bad Schr\u00e4nke, feuchtigkeitsbest\u00e4ndig und wasserdicht PVC-Material, Wand-Struktur mit einem intelligenten LED-Spiegelschrank und Keramik-Becken, sind leicht zu reinigen und platzsparend, und passen perfekt eine Vielzahl von Bad Stile. Wir bieten Sanit\u00e4rl\u00f6sungen aus einer Hand. Wir laden Sie ein, uns f\u00fcr ein Angebot zu kontaktieren.<\/p>\n<h2>Kleine Badezimmerschr\u00e4nke Attribute\uff1a<\/h2>\n<p><strong>Artikel Nr.:<\/strong>J1223-60<strong><br \/>Material des Geh\u00e4uses:<\/strong> PVC<br \/><strong>Farbe des Geh\u00e4uses:<\/strong> Grau<br \/><strong>Spiegel:<\/strong> LED-Spiegel (3,5 mm\/3,8 mm), dreifarbige Beleuchtung, One-Touch-Entfogging, gesichert mit mehrlagiger Schaumstoffverpackung<br \/><strong>Installationsart:<\/strong>\u00a0Wandbefestigung<br \/><strong>Abmessungen (L\u00d7B\u00d7H):<\/strong> 60x50x45 cm<br \/><strong>Bruttogewicht:<\/strong> 28kg\/Satz<\/p>\n<h2>Anpassung &amp; Dienstleistungen:<\/h2>\n<p><strong>OEM &amp; ODM<\/strong>: Unterst\u00fctzt<br \/><strong>Gestaltung<\/strong>: Frei<br \/><strong>Zubeh\u00f6r<\/strong>: Waschbecken, Spiegel, Armaturen und anderes Badzubeh\u00f6r<br \/><strong>Verpacken<\/strong>: Einbaufertig<\/p>","protected":false},"featured_media":1812,"comment_status":"closed","ping_status":"closed","template":"","meta":{"_acf_changed":true},"product_brand":[],"product_cat":[24],"product_tag":[],"class_list":{"0":"post-1809","1":"product","2":"type-product","3":"status-publish","4":"has-post-thumbnail","6":"product_cat-wholesale-pvc-bathroom-vanity-cabinets","8":"first","9":"instock","10":"shipping-taxable","11":"product-type-simple"},"acf":[],"_links":{"self":[{"href":"https:\/\/www.shouyasanitary.com\/de\/wp-json\/wp\/v2\/product\/1809","targetHints":{"allow":["GET"]}}],"collection":[{"href":"https:\/\/www.shouyasanitary.com\/de\/wp-json\/wp\/v2\/product"}],"about":[{"href":"https:\/\/www.shouyasanitary.com\/de\/wp-json\/wp\/v2\/types\/product"}],"replies":[{"embeddable":true,"href":"https:\/\/www.shouyasanitary.com\/de\/wp-json\/wp\/v2\/comments?post=1809"}],"wp:featuredmedia":[{"embeddable":true,"href":"https:\/\/www.shouyasanitary.com\/de\/wp-json\/wp\/v2\/media\/1812"}],"wp:attachment":[{"href":"https:\/\/www.shouyasanitary.com\/de\/wp-json\/wp\/v2\/media?parent=1809"}],"wp:term":[{"taxonomy":"product_brand","embeddable":true,"href":"https:\/\/www.shouyasanitary.com\/de\/wp-json\/wp\/v2\/product_brand?post=1809"},{"taxonomy":"product_cat","embeddable":true,"href":"https:\/\/www.shouyasanitary.com\/de\/wp-json\/wp\/v2\/product_cat?post=1809"},{"taxonomy":"product_tag","embeddable":true,"href":"https:\/\/www.shouyasanitary.com\/de\/wp-json\/wp\/v2\/product_tag?post=1809"}],"curies":[{"name":"wp","href":"https:\/\/api.w.org\/{rel}","templated":true}]}}