{"id":1810,"date":"2025-08-24T15:51:02","date_gmt":"2025-08-24T15:51:02","guid":{"rendered":"https:\/\/www.shouyasanitary.com\/?post_type=product&#038;p=1810"},"modified":"2025-08-24T15:51:04","modified_gmt":"2025-08-24T15:51:04","slug":"wholesale-modern-bathroom-vanities","status":"publish","type":"product","link":"https:\/\/www.shouyasanitary.com\/de\/produkt\/wholesale-modern-bathroom-vanities\/","title":{"rendered":"Gro\u00dfhandel moderne Badezimmer Eitelkeiten, Badezimmerschrank mit Spiegel und Licht f\u00fcr Projektbeschaffung Artikel"},"content":{"rendered":"<div class=\"wp-block-columns is-layout-flex wp-container-core-columns-is-layout-9d6595d7 wp-block-columns-is-layout-flex\">\n<div class=\"wp-block-column is-layout-flow wp-block-column-is-layout-flow\">\n<h2 class=\"wp-block-heading\">Moderne Badezimmer-Eitelkeiten\uff1a<\/h2>\n\n\n\n<p><strong>Hochwertiges PVC<\/strong>: Es hat ausgezeichnete wasserdichte und feuchtigkeitsbest\u00e4ndige Eigenschaften. Es verformt sich nicht und verrottet nicht in einer feuchten Badezimmerumgebung, was die Kosten f\u00fcr sp\u00e4tere Wartung und Ersatz reduziert und eine langfristige stabile Nutzung gew\u00e4hrleistet.<\/p>\n\n\n\n<p><strong>Installation an der Wand: <\/strong>Die h\u00e4ngende Installation spart Bodenfl\u00e4che und schafft Platz f\u00fcr ein helleres Erscheinungsbild, das die Reinigung und Wartung erleichtert. <\/p>\n\n\n\n<p><strong>Smart Mirror Cabinet:<\/strong> Der Spiegelschrank bietet eine bequeme Beleuchtung f\u00fcr das Waschen und Schminken, was das Benutzererlebnis verbessert und zur Qualit\u00e4t des Projekts beitr\u00e4gt.<\/p>\n\n\n\n<p><strong>Reichlich Stauraum:<\/strong> Die Gr\u00f6\u00dfe von 80 cm ist f\u00fcr die meisten Badezimmer geeignet. Er verf\u00fcgt \u00fcber eine Kombination aus zwei Schubladen und einem Spiegelschrank, in dem Toilettenartikel und gr\u00f6\u00dfere Gegenst\u00e4nde \u00fcbereinander gelagert werden k\u00f6nnen. Dies hilft, Unordnung zu beseitigen und verbessert die Ordnung im Bad und erf\u00fcllt die standardisierten Konfigurationsanforderungen f\u00fcr Hotels, Wohnungen.<\/p>\n\n\n\n<p><strong>Leicht zu reinigendes Material<\/strong>: Das PVC-Material und die Keramik sind leicht zu reinigen und schmutzunempfindlich, was die t\u00e4gliche Pflege vereinfacht und sich f\u00fcr den Gro\u00dfeinkauf eignet.<\/p>\n\n\n\n<p><strong>Passt sich an verschiedene Dekorationsstile an: <\/strong>Das schlichte hellgraue Erscheinungsbild, gepaart mit goldenen Griffen und intelligenten Spiegelfronten, sorgt f\u00fcr ein hochwertiges Erscheinungsbild und l\u00e4sst sich problemlos in verschiedene Einrichtungsstile integrieren.<\/p>\n<\/div>\n\n\n\n<div class=\"wp-block-column is-layout-flow wp-block-column-is-layout-flow\"><div class=\"wp-block-image\">\n<figure class=\"aligncenter size-full\"><img decoding=\"async\" width=\"700\" height=\"700\" src=\"https:\/\/www.shouyasanitary.com\/wp-content\/uploads\/2025\/08\/Factory-made-custom-bathroom-cabinet-vanity.webp\" alt=\"Werkseitig hergestellter Badezimmerschrank Eitelkeit\" class=\"wp-image-1819\" style=\"object-fit:cover\" srcset=\"https:\/\/www.shouyasanitary.com\/wp-content\/uploads\/2025\/08\/Factory-made-custom-bathroom-cabinet-vanity.webp 700w, https:\/\/www.shouyasanitary.com\/wp-content\/uploads\/2025\/08\/Factory-made-custom-bathroom-cabinet-vanity-300x300.webp 300w, https:\/\/www.shouyasanitary.com\/wp-content\/uploads\/2025\/08\/Factory-made-custom-bathroom-cabinet-vanity-150x150.webp 150w, https:\/\/www.shouyasanitary.com\/wp-content\/uploads\/2025\/08\/Factory-made-custom-bathroom-cabinet-vanity-12x12.webp 12w, https:\/\/www.shouyasanitary.com\/wp-content\/uploads\/2025\/08\/Factory-made-custom-bathroom-cabinet-vanity-600x600.webp 600w, https:\/\/www.shouyasanitary.com\/wp-content\/uploads\/2025\/08\/Factory-made-custom-bathroom-cabinet-vanity-100x100.webp 100w\" sizes=\"(max-width: 700px) 100vw, 700px\" \/><\/figure>\n<\/div><\/div>\n<\/div>","protected":false},"excerpt":{"rendered":"<p>Gro\u00dfhandel moderne Badezimmer Eitelkeiten, 80CM Gr\u00f6\u00dfe ist f\u00fcr die meisten Badezimmer R\u00e4ume geeignet. Hergestellt aus PVC-Material, wasserdicht und langlebig. Mit zwei Schubladen und einem Spiegelschrank f\u00fcr reichlich Stauraum, ist die Lampe ausgestattete Spiegelschrank praktisch und bequem. Da er direkt vom Hersteller geliefert wird, bietet er Vorteile bei der Projektbeschaffung. Kontaktieren Sie uns jetzt f\u00fcr weitere Informationen.<\/p>\n<h2>Moderne Badezimmer-Eitelkeiten Attribute\uff1a<\/h2>\n<p><strong>Artikel Nr.: <\/strong>J1232-80<strong><br \/>Material des Geh\u00e4uses:<\/strong> PVC<br \/><strong>Farbe des Geh\u00e4uses:<\/strong> Hellgrau<br \/><strong>Spiegel:<\/strong> LED-Spiegel (3,5 mm\/3,8 mm), dreifarbige Beleuchtung, One-Touch-Entfogging, gesichert mit mehrlagiger Schaumstoffverpackung<br \/><strong>Installationsart:<\/strong>\u00a0Wandbefestigung<br \/><strong>Abmessungen (L\u00d7B\u00d7H):<\/strong> 80x50x48 cm<br \/><strong>Bruttogewicht:<\/strong> 30kg\/Satz<\/p>\n<h2>Anpassung &amp; Dienstleistungen:<\/h2>\n<p><strong>OEM &amp; ODM<\/strong>: Unterst\u00fctzt<br \/><strong>Gestaltung<\/strong>: Frei<br \/><strong>Zubeh\u00f6r<\/strong>: Waschbecken, Spiegel, Armaturen und anderes Badzubeh\u00f6r<br \/><strong>Verpacken<\/strong>: Einbaufertig<\/p>","protected":false},"featured_media":1819,"comment_status":"closed","ping_status":"closed","template":"","meta":{"_acf_changed":true},"product_brand":[],"product_cat":[24],"product_tag":[],"class_list":{"0":"post-1810","1":"product","2":"type-product","3":"status-publish","4":"has-post-thumbnail","6":"product_cat-wholesale-pvc-bathroom-vanity-cabinets","8":"first","9":"instock","10":"shipping-taxable","11":"product-type-simple"},"acf":[],"_links":{"self":[{"href":"https:\/\/www.shouyasanitary.com\/de\/wp-json\/wp\/v2\/product\/1810","targetHints":{"allow":["GET"]}}],"collection":[{"href":"https:\/\/www.shouyasanitary.com\/de\/wp-json\/wp\/v2\/product"}],"about":[{"href":"https:\/\/www.shouyasanitary.com\/de\/wp-json\/wp\/v2\/types\/product"}],"replies":[{"embeddable":true,"href":"https:\/\/www.shouyasanitary.com\/de\/wp-json\/wp\/v2\/comments?post=1810"}],"wp:featuredmedia":[{"embeddable":true,"href":"https:\/\/www.shouyasanitary.com\/de\/wp-json\/wp\/v2\/media\/1819"}],"wp:attachment":[{"href":"https:\/\/www.shouyasanitary.com\/de\/wp-json\/wp\/v2\/media?parent=1810"}],"wp:term":[{"taxonomy":"product_brand","embeddable":true,"href":"https:\/\/www.shouyasanitary.com\/de\/wp-json\/wp\/v2\/product_brand?post=1810"},{"taxonomy":"product_cat","embeddable":true,"href":"https:\/\/www.shouyasanitary.com\/de\/wp-json\/wp\/v2\/product_cat?post=1810"},{"taxonomy":"product_tag","embeddable":true,"href":"https:\/\/www.shouyasanitary.com\/de\/wp-json\/wp\/v2\/product_tag?post=1810"}],"curies":[{"name":"wp","href":"https:\/\/api.w.org\/{rel}","templated":true}]}}