{"id":1811,"date":"2025-08-24T15:51:04","date_gmt":"2025-08-24T15:51:04","guid":{"rendered":"https:\/\/www.shouyasanitary.com\/?post_type=product&#038;p=1811"},"modified":"2025-08-24T15:51:06","modified_gmt":"2025-08-24T15:51:06","slug":"wholesale-single-bathroom-vanity-with-sink","status":"publish","type":"product","link":"https:\/\/www.shouyasanitary.com\/de\/produkt\/wholesale-single-bathroom-vanity-with-sink\/","title":{"rendered":"Gro\u00dfhandel Single Badezimmer Eitelkeit mit Waschbecken, PVC Badezimmer Schr\u00e4nke mit beleuchteten Spiegel Schr\u00e4nke in Bulk"},"content":{"rendered":"<div class=\"wp-block-columns is-layout-flex wp-container-core-columns-is-layout-9d6595d7 wp-block-columns-is-layout-flex\">\n<div class=\"wp-block-column is-layout-flow wp-block-column-is-layout-flow\">\n<h2 class=\"wp-block-heading\">Einzelner Badezimmer-Eitelkeit mit Waschbecken Eigenschaften\uff1a<\/h2>\n\n\n\n<p><strong>Kompakte Gr\u00f6\u00dfe<\/strong>: Mit einer kompakten Gr\u00f6\u00dfe von 60CM ist es f\u00fcr kleine B\u00e4der geeignet und nimmt nicht viel Platz ein. <\/p>\n\n\n\n<p><strong>Langlebiges Material: <\/strong>Das PVC-Material hat hervorragende wasser- und feuchtigkeitsbest\u00e4ndige Eigenschaften. Es verformt sich nicht und schimmelt nicht in einer feuchten Badezimmerumgebung, bleibt lange Zeit stabil und reduziert die Wartungskosten in der Zukunft.<\/p>\n\n\n\n<p><strong>Intelligente Lampe mit Ber\u00fchrungssteuerung: <\/strong>Der Spiegelschrank ist mit einem intelligenten Touch-Light ausgestattet, das f\u00fcr eine klare Beleuchtung beim Schminken, Rasieren usw. sorgt. <\/p>\n\n\n\n<p><strong>Mehrschichtige Lagerung<\/strong>: Der Spiegelschrank, kombiniert mit Doppelt\u00fcren unter dem Waschbecken und offenen Regalen an der Seite, verf\u00fcgt \u00fcber ein mehrstufiges Aufbewahrungskonzept. Kosmetika und Dinge des t\u00e4glichen Bedarfs k\u00f6nnen separat aufbewahrt werden, so dass der Raum aufger\u00e4umt und organisiert bleibt.<\/p>\n\n\n\n<p><strong>Keramik-Becken<\/strong>: Er ist leicht zu reinigen und zu warten, was den t\u00e4glichen Gebrauch erleichtert. Es ist geeignet f\u00fcr den Kauf von Hotels, Wohnungen, etc. f\u00fcr technische Projekte.<\/p>\n\n\n\n<p><strong>Aufgeh\u00e4ngte Installation<\/strong>: Er spart Platz und ist leicht zu reinigen. <\/p>\n\n\n\n<p><strong>Modernes Erscheinungsbild<\/strong>: Die helle Farbe Hellgrau ist schlicht und modisch, passt zu den modernen Einrichtungsstilen im Bad und unterstreicht die Struktur des Raumes.<\/p>\n<\/div>\n\n\n\n<div class=\"wp-block-column is-layout-flow wp-block-column-is-layout-flow\"><div class=\"wp-block-image\">\n<figure class=\"aligncenter size-full\"><img decoding=\"async\" width=\"700\" height=\"700\" src=\"https:\/\/www.shouyasanitary.com\/wp-content\/uploads\/2025\/08\/Custom-bathroom-cabinet-vanity-1.webp\" alt=\"Benutzerdefinierte Badezimmerschrank Eitelkeit\" class=\"wp-image-1816\" style=\"object-fit:cover\" srcset=\"https:\/\/www.shouyasanitary.com\/wp-content\/uploads\/2025\/08\/Custom-bathroom-cabinet-vanity-1.webp 700w, https:\/\/www.shouyasanitary.com\/wp-content\/uploads\/2025\/08\/Custom-bathroom-cabinet-vanity-1-300x300.webp 300w, https:\/\/www.shouyasanitary.com\/wp-content\/uploads\/2025\/08\/Custom-bathroom-cabinet-vanity-1-150x150.webp 150w, https:\/\/www.shouyasanitary.com\/wp-content\/uploads\/2025\/08\/Custom-bathroom-cabinet-vanity-1-12x12.webp 12w, https:\/\/www.shouyasanitary.com\/wp-content\/uploads\/2025\/08\/Custom-bathroom-cabinet-vanity-1-600x600.webp 600w, https:\/\/www.shouyasanitary.com\/wp-content\/uploads\/2025\/08\/Custom-bathroom-cabinet-vanity-1-100x100.webp 100w\" sizes=\"(max-width: 700px) 100vw, 700px\" \/><\/figure>\n<\/div><\/div>\n<\/div>","protected":false},"excerpt":{"rendered":"<p>Fabrikdirektverkauf, PVC 60CM Badezimmerschrank, geeignet f\u00fcr kleine Wohnungen, aus PVC-Material, wasserdicht und feuchtigkeitsbest\u00e4ndig, intelligenter Spiegelschrank mit Lichtern, mehrschichtige Lagerung f\u00fcr klassifizierte Gegenst\u00e4nde, einfache Installation, willkommen, um den Preis zu erfragen\uff01<\/p>\n<h2>Benutzerdefinierte Doppelwaschbecken Badezimmer Eitelkeit Attribute\uff1a<\/h2>\n<p><strong>Artikel Nr.: <\/strong>J1227-60<strong><br \/>Material des Geh\u00e4uses:<\/strong> PVC<br \/><strong>Farbe des Geh\u00e4uses:<\/strong> Hellgrau<br \/><strong>Spiegel:<\/strong> LED-Spiegel (3,5 mm\/3,8 mm), dreifarbige Beleuchtung, One-Touch-Entfogging, gesichert mit mehrlagiger Schaumstoffverpackung<br \/><strong>Installationsart:<\/strong>\u00a0Wandbefestigung<br \/><strong>Abmessungen (L\u00d7B\u00d7H):<\/strong> 60\u00d747,5\u00d742 cm<br \/><strong>Bruttogewicht:<\/strong> 28kg\/Satz<\/p>\n<h2>Anpassung &amp; Dienstleistungen:<\/h2>\n<p><strong>OEM &amp; ODM<\/strong>: Unterst\u00fctzt<br \/><strong>Gestaltung<\/strong>: Frei<br \/><strong>Zubeh\u00f6r<\/strong>: Waschbecken, Spiegel, Armaturen und anderes Badzubeh\u00f6r<br \/><strong>Verpacken<\/strong>: Einbaufertig<\/p>","protected":false},"featured_media":1816,"comment_status":"closed","ping_status":"closed","template":"","meta":{"_acf_changed":true},"product_brand":[],"product_cat":[24],"product_tag":[],"class_list":{"0":"post-1811","1":"product","2":"type-product","3":"status-publish","4":"has-post-thumbnail","6":"product_cat-wholesale-pvc-bathroom-vanity-cabinets","8":"first","9":"instock","10":"shipping-taxable","11":"product-type-simple"},"acf":[],"_links":{"self":[{"href":"https:\/\/www.shouyasanitary.com\/de\/wp-json\/wp\/v2\/product\/1811","targetHints":{"allow":["GET"]}}],"collection":[{"href":"https:\/\/www.shouyasanitary.com\/de\/wp-json\/wp\/v2\/product"}],"about":[{"href":"https:\/\/www.shouyasanitary.com\/de\/wp-json\/wp\/v2\/types\/product"}],"replies":[{"embeddable":true,"href":"https:\/\/www.shouyasanitary.com\/de\/wp-json\/wp\/v2\/comments?post=1811"}],"wp:featuredmedia":[{"embeddable":true,"href":"https:\/\/www.shouyasanitary.com\/de\/wp-json\/wp\/v2\/media\/1816"}],"wp:attachment":[{"href":"https:\/\/www.shouyasanitary.com\/de\/wp-json\/wp\/v2\/media?parent=1811"}],"wp:term":[{"taxonomy":"product_brand","embeddable":true,"href":"https:\/\/www.shouyasanitary.com\/de\/wp-json\/wp\/v2\/product_brand?post=1811"},{"taxonomy":"product_cat","embeddable":true,"href":"https:\/\/www.shouyasanitary.com\/de\/wp-json\/wp\/v2\/product_cat?post=1811"},{"taxonomy":"product_tag","embeddable":true,"href":"https:\/\/www.shouyasanitary.com\/de\/wp-json\/wp\/v2\/product_tag?post=1811"}],"curies":[{"name":"wp","href":"https:\/\/api.w.org\/{rel}","templated":true}]}}