{"id":1829,"date":"2025-08-29T08:44:05","date_gmt":"2025-08-29T08:44:05","guid":{"rendered":"https:\/\/www.shouyasanitary.com\/?post_type=product&#038;p=1829"},"modified":"2025-08-29T08:44:55","modified_gmt":"2025-08-29T08:44:55","slug":"wholesale-black-bathroom-cabinet","status":"publish","type":"product","link":"https:\/\/www.shouyasanitary.com\/de\/produkt\/wholesale-black-bathroom-cabinet\/","title":{"rendered":"Gro\u00dfhandel schwarzes Badezimmer Kabinett, modernes Sperrholz Badezimmer Eitelkeit einzelne Waschbecken Lieferant"},"content":{"rendered":"<div class=\"wp-block-columns is-layout-flex wp-container-core-columns-is-layout-9d6595d7 wp-block-columns-is-layout-flex\">\n<div class=\"wp-block-column is-layout-flow wp-block-column-is-layout-flow\">\n<h2 class=\"wp-block-heading\">Schwarzes Badezimmer Kabinett Eigenschaften:<\/h2>\n\n\n\n<p><strong>Beruhigender Farbton:<\/strong> Was die Farbgestaltung betrifft, so wurde f\u00fcr den Hauptteil des Badezimmerschranks ein dunkles Grau gew\u00e4hlt, ein kr\u00e4ftiger Farbton, der von Natur aus eine ruhige Textur ausstrahlt. Der wei\u00dfe Waschtisch dient als \"heller Fleck\" im Raum und gleicht die Schwere des dunklen Graus aus.<\/p>\n\n\n\n<p><strong>Vielseitiger Stil: <\/strong>Der dunkelgraue Schrankk\u00f6rper trifft genau die \u00e4sthetischen Punkte des modernen Minimalismus und des leichten Luxus. Ob er mit zementgrauen W\u00e4nden kombiniert wird, um einen industriellen Stil zu schaffen, oder mit einem cremefarbenen Raum kollidiert, er kann sich nat\u00fcrlich einf\u00fcgen. <\/p>\n\n\n\n<p><strong>Langlebiges Material<\/strong>: Sperrholz besteht aus mehreren d\u00fcnnen Schichten, die miteinander verleimt sind und eine stabile Struktur bilden. Angesichts der feuchten und wechselhaften Umgebung in Badezimmern kann Sperrholz mit seiner hervorragenden Verformungsbest\u00e4ndigkeit Temperatur- und Feuchtigkeitsschwankungen standhalten. Es neigt auch nach langem Gebrauch weniger zu Rissen und Verformungen, was die Haltbarkeit der Badezimmerschr\u00e4nke gew\u00e4hrleistet. Es ist eine \"zuverl\u00e4ssige Wahl\" f\u00fcr Feuchtr\u00e4ume.<\/p>\n\n\n\n<p><strong>Visuelle Wirkung: <\/strong>Dunkelgrau l\u00e4sst den Schrank kleiner erscheinen und l\u00e4sst das Bad weniger \u00fcberf\u00fcllt erscheinen. In Kombination mit einem wei\u00dfen Waschbecken durchbricht der Kontrast zwischen den dunklen und hellen Farben die Monotonie und verleiht dem Raum einen \"Hell-Dunkel-Filter\"-Effekt, der sofort das Gef\u00fchl von Tiefe verst\u00e4rkt! Selbst ein kleines Bad kann durch die Magie der Farbe ger\u00e4umig wirken. <\/p>\n\n\n\n<p><strong>Wandmontierte Installation:<\/strong> Die h\u00e4ngende Konstruktion gibt den Boden frei, so dass die Reinigungsroboter leicht navigieren k\u00f6nnen und keine toten Zonen entstehen. Ohne die \"Obstruktion\" bodenstehender Schr\u00e4nke wirkt der Raum transparenter, was selbst kleinen B\u00e4dern ein Gef\u00fchl von \"gro\u00dfer Ebene\" verleiht.<\/p>\n\n\n\n<p><strong>Gro\u00dfhandelspreis<\/strong>: Direktlieferungen ab Werk, gro\u00dfe Mengen an halbindividuellen Best\u00e4nden, Gro\u00dfeink\u00e4ufe zu Gro\u00dfhandelspreisen, geringere St\u00fcckkosten und h\u00f6here Gewinnspannen f\u00fcr H\u00e4ndler und Bauunternehmer.<\/p>\n<\/div>\n\n\n\n<div class=\"wp-block-column is-layout-flow wp-block-column-is-layout-flow\"><div class=\"wp-block-image\">\n<figure class=\"aligncenter size-full\"><img decoding=\"async\" width=\"700\" height=\"700\" src=\"https:\/\/www.shouyasanitary.com\/wp-content\/uploads\/2025\/08\/Custom-Solutions-Bathroom-Wall-Mount.webp\" alt=\"Individuelle L\u00f6sungen f\u00fcr die Wandmontage im Bad\" class=\"wp-image-1833\" style=\"object-fit:cover\" srcset=\"https:\/\/www.shouyasanitary.com\/wp-content\/uploads\/2025\/08\/Custom-Solutions-Bathroom-Wall-Mount.webp 700w, https:\/\/www.shouyasanitary.com\/wp-content\/uploads\/2025\/08\/Custom-Solutions-Bathroom-Wall-Mount-300x300.webp 300w, https:\/\/www.shouyasanitary.com\/wp-content\/uploads\/2025\/08\/Custom-Solutions-Bathroom-Wall-Mount-150x150.webp 150w, https:\/\/www.shouyasanitary.com\/wp-content\/uploads\/2025\/08\/Custom-Solutions-Bathroom-Wall-Mount-12x12.webp 12w, https:\/\/www.shouyasanitary.com\/wp-content\/uploads\/2025\/08\/Custom-Solutions-Bathroom-Wall-Mount-600x600.webp 600w, https:\/\/www.shouyasanitary.com\/wp-content\/uploads\/2025\/08\/Custom-Solutions-Bathroom-Wall-Mount-100x100.webp 100w\" sizes=\"(max-width: 700px) 100vw, 700px\" \/><\/figure>\n<\/div><\/div>\n<\/div>","protected":false},"excerpt":{"rendered":"<p>Schwarze Badezimmerschr\u00e4nke im Gro\u00dfhandel, schlichte Spiegelschr\u00e4nke und wei\u00dfe Waschbecken sorgen f\u00fcr ein leichtes, luxuri\u00f6ses Gef\u00fchl. Das Sperrholz ist feuchtigkeitsbest\u00e4ndig und langlebig, und das wandmontierte Design spart Platz, was es ideal f\u00fcr kleinere Badezimmer macht. Werksgro\u00dfhandelspreise und OEM-Optionen sind verf\u00fcgbar. Bitte kontaktieren Sie uns f\u00fcr ein Angebot und einen Produktkatalog.<\/p>\n<h2>Schwarzer Badezimmerschrank Attribute\uff1a<\/h2>\n<p><strong>Artikel Nr.<\/strong>: 6047A-604<\/p>\n<p><strong>Material des Geh\u00e4uses<\/strong>: Sperrholz<br \/><strong>Farbe des Geh\u00e4uses<\/strong>: Schwarz<\/p>\n<p><strong>Spiegel:<\/strong> LED-Spiegel (3,5 mm\/3,8 mm), dreifarbige Beleuchtung, One-Touch-Entfogging, gesichert mit mehrlagiger Schaumstoffverpackung<br \/><strong>Installationsart:<\/strong>\u00a0Wandbefestigung<br \/><strong>Abmessungen (L\u00d7B\u00d7H):<\/strong> 60*47*48cm<\/p>\n<h2>Anpassung &amp; Dienstleistungen:<\/h2>\n<p><strong>OEM &amp; ODM<\/strong>: Unterst\u00fctzt<br \/><strong>Gestaltung<\/strong>: Frei<br \/><strong>Zubeh\u00f6r<\/strong>: Waschbecken, Spiegel, Armaturen und anderes Badzubeh\u00f6r<br \/><strong>Verpacken<\/strong>: Einbaufertig<\/p>","protected":false},"featured_media":1833,"comment_status":"closed","ping_status":"closed","template":"","meta":{"_acf_changed":true},"product_brand":[],"product_cat":[20],"product_tag":[],"class_list":{"0":"post-1829","1":"product","2":"type-product","3":"status-publish","4":"has-post-thumbnail","6":"product_cat-wholesale-plywood-bathroom-vanity-cabinets","8":"first","9":"instock","10":"shipping-taxable","11":"product-type-simple"},"acf":[],"_links":{"self":[{"href":"https:\/\/www.shouyasanitary.com\/de\/wp-json\/wp\/v2\/product\/1829","targetHints":{"allow":["GET"]}}],"collection":[{"href":"https:\/\/www.shouyasanitary.com\/de\/wp-json\/wp\/v2\/product"}],"about":[{"href":"https:\/\/www.shouyasanitary.com\/de\/wp-json\/wp\/v2\/types\/product"}],"replies":[{"embeddable":true,"href":"https:\/\/www.shouyasanitary.com\/de\/wp-json\/wp\/v2\/comments?post=1829"}],"wp:featuredmedia":[{"embeddable":true,"href":"https:\/\/www.shouyasanitary.com\/de\/wp-json\/wp\/v2\/media\/1833"}],"wp:attachment":[{"href":"https:\/\/www.shouyasanitary.com\/de\/wp-json\/wp\/v2\/media?parent=1829"}],"wp:term":[{"taxonomy":"product_brand","embeddable":true,"href":"https:\/\/www.shouyasanitary.com\/de\/wp-json\/wp\/v2\/product_brand?post=1829"},{"taxonomy":"product_cat","embeddable":true,"href":"https:\/\/www.shouyasanitary.com\/de\/wp-json\/wp\/v2\/product_cat?post=1829"},{"taxonomy":"product_tag","embeddable":true,"href":"https:\/\/www.shouyasanitary.com\/de\/wp-json\/wp\/v2\/product_tag?post=1829"}],"curies":[{"name":"wp","href":"https:\/\/api.w.org\/{rel}","templated":true}]}}