{"id":1830,"date":"2025-08-29T08:48:14","date_gmt":"2025-08-29T08:48:14","guid":{"rendered":"https:\/\/www.shouyasanitary.com\/?post_type=product&#038;p=1830"},"modified":"2025-08-29T08:48:19","modified_gmt":"2025-08-29T08:48:19","slug":"wholesale-bathroom-single-sink-vanity","status":"publish","type":"product","link":"https:\/\/www.shouyasanitary.com\/de\/produkt\/wholesale-bathroom-single-sink-vanity\/","title":{"rendered":"Gro\u00dfhandel Badezimmer einzelne Waschbecken Eitelkeit, Wand h\u00e4ngende Badezimmer Schrank braun f\u00fcr Hotel in Bulk"},"content":{"rendered":"<div class=\"wp-block-columns is-layout-flex wp-container-core-columns-is-layout-9d6595d7 wp-block-columns-is-layout-flex\">\n<div class=\"wp-block-column is-layout-flow wp-block-column-is-layout-flow\">\n<h2 class=\"wp-block-heading\">Badezimmer Einzelwaschbecken Eitelkeit Eigenschaften\uff1a<\/h2>\n\n\n\n<p><strong>Elegante Holzfarben: <\/strong>Der Schrankkorpus weist einen nat\u00fcrlichen Holzton auf, der einen warmen und rustikalen Eindruck vermittelt. In Kombination mit hellgrauen W\u00e4nden, wei\u00dfen Waschtischen, goldenen Leuchten und kleinen Tischbeinen entsteht ein gem\u00fctliches und doch raffiniertes Ambiente. Die W\u00e4rme der Holzfarbe gleicht die k\u00fchlen T\u00f6ne des Raumes aus und verbessert die visuelle Gesamtharmonie.<\/p>\n\n\n\n<p><strong>Langlebiges Sperrholzmaterial:<\/strong> Sperrholz, das aus mehreren d\u00fcnnen, miteinander verleimten Schichten besteht, zeichnet sich durch eine stabile Struktur aus. In der feuchten Umgebung des Badezimmers ist es weniger anf\u00e4llig f\u00fcr Verformungen und Risse aufgrund von Feuchtigkeitsschwankungen, was die langfristige Haltbarkeit des Schranks gew\u00e4hrleistet und einen zuverl\u00e4ssigen Tr\u00e4ger f\u00fcr die Aufbewahrung im Badezimmer darstellt. <\/p>\n\n\n\n<p><strong>Partitionierter Speicherentwurf<\/strong>: Die Kombination aus einem Spiegelschrank und einem Unterschrank erm\u00f6glicht einen einfachen Zugriff auf h\u00e4ufig verwendete Toilettenartikel im offenen Gitter des Spiegelschranks, w\u00e4hrend der geschlossene Raum des Unterschranks Vorr\u00e4te oder pers\u00f6nliche Gegenst\u00e4nde aufnehmen kann. Die Aufbewahrung auf mehreren Ebenen sorgt daf\u00fcr, dass die Badutensilien an ihrem vorgesehenen Platz bleiben, was die Ordnung im Raum und die Effizienz der Nutzung verbessert.<\/p>\n\n\n\n<p><strong>R\u00e4umlich-visuelle Optimierung: <\/strong>Die nat\u00fcrliche W\u00e4rme der Holzfarbe mildert das \"kalte Gef\u00fchl\" des Badezimmerschranks und bildet einen sanften Kontrast zum wei\u00dfen Waschbecken, wodurch sich der Raum gem\u00fctlicher anf\u00fchlt. Das wandmontierte Design reduziert den Platzbedarf auf dem Boden und erm\u00f6glicht es, dass auch kleine R\u00e4ume offen und transparent bleiben, wodurch die Gr\u00f6\u00dfe des Badezimmers visuell erweitert wird. <\/p>\n\n\n\n<p><strong>Wandmontierte Installation<\/strong>: Es macht eine komplexe Bodenkonstruktion \u00fcberfl\u00fcssig, was die Installation erleichtert. Bei der t\u00e4glichen Reinigung blockiert kein Schrank den Boden, so dass Wasserflecken und Staub leicht entfernt werden k\u00f6nnen. So bleibt das Badezimmer sauber und erf\u00fcllt die Bed\u00fcrfnisse eines modernen Hauses.<\/p>\n\n\n\n<p><strong>Flexible Anpassung<\/strong>: Bei Gro\u00dfauftr\u00e4gen k\u00f6nnen Farbe, Gr\u00f6\u00dfe, Material usw. individuell angepasst werden, um den Anforderungen verschiedener M\u00e4rkte und Projekte gerecht zu werden.<\/p>\n<\/div>\n\n\n\n<div class=\"wp-block-column is-layout-flow wp-block-column-is-layout-flow\"><div class=\"wp-block-image\">\n<figure class=\"aligncenter size-full\"><img decoding=\"async\" width=\"700\" height=\"700\" src=\"https:\/\/www.shouyasanitary.com\/wp-content\/uploads\/2025\/08\/Custom-Bathroom-Cabinets-with-Mirror-Cabinet.webp\" alt=\"Kundenspezifische Badezimmerschr\u00e4nke mit Spiegelkabinett\" class=\"wp-image-1836\" style=\"object-fit:cover\" srcset=\"https:\/\/www.shouyasanitary.com\/wp-content\/uploads\/2025\/08\/Custom-Bathroom-Cabinets-with-Mirror-Cabinet.webp 700w, https:\/\/www.shouyasanitary.com\/wp-content\/uploads\/2025\/08\/Custom-Bathroom-Cabinets-with-Mirror-Cabinet-300x300.webp 300w, https:\/\/www.shouyasanitary.com\/wp-content\/uploads\/2025\/08\/Custom-Bathroom-Cabinets-with-Mirror-Cabinet-150x150.webp 150w, https:\/\/www.shouyasanitary.com\/wp-content\/uploads\/2025\/08\/Custom-Bathroom-Cabinets-with-Mirror-Cabinet-12x12.webp 12w, https:\/\/www.shouyasanitary.com\/wp-content\/uploads\/2025\/08\/Custom-Bathroom-Cabinets-with-Mirror-Cabinet-600x600.webp 600w, https:\/\/www.shouyasanitary.com\/wp-content\/uploads\/2025\/08\/Custom-Bathroom-Cabinets-with-Mirror-Cabinet-100x100.webp 100w\" sizes=\"(max-width: 700px) 100vw, 700px\" \/><\/figure>\n<\/div><\/div>\n<\/div>","protected":false},"excerpt":{"rendered":"<p>Shouya Gro\u00dfhandel Badezimmer Einzelwaschbecken Eitelkeit verf\u00fcgt \u00fcber feuchtigkeitsbest\u00e4ndig und langlebig Sperrholz, unterteilt Lagerung und platzsparende Wandmontage Designs. Die einfachen, warmen Holzt\u00f6ne erg\u00e4nzen eine Vielzahl von Einrichtungsstilen. Wir unterst\u00fctzen Gro\u00dfhandel Anpassung und begr\u00fc\u00dfen Ihre Anfrage f\u00fcr ein Angebot.<\/p>\n<h2>Badezimmer Ein-Waschbecken-Eitelkeit Attribute\uff1a<\/h2>\n<p><strong>Artikel Nr.:<\/strong>6047A-6010<strong><br \/>Material des Geh\u00e4uses:<\/strong>\u00a0Sperrholz<br \/><strong>Farbe des Geh\u00e4uses:<\/strong> Braun<br \/><strong>Spiegel:<\/strong> LED-Spiegel (3,5 mm\/3,8 mm), dreifarbige Beleuchtung, One-Touch-Entfogging, gesichert mit mehrlagiger Schaumstoffverpackung<br \/><strong>Installationsart:<\/strong>\u00a0Wandbefestigung<br \/><strong>Abmessungen (L\u00d7B\u00d7H):<\/strong> 60x47x48 cm<br \/><strong>Bruttogewicht:<\/strong> 30kg\/Satz<\/p>\n<h2>Anpassung &amp; Dienstleistungen:<\/h2>\n<p><strong>OEM &amp; ODM<\/strong>: Unterst\u00fctzt<br \/><strong>Gestaltung<\/strong>: Frei<br \/><strong>Zubeh\u00f6r<\/strong>: Waschbecken, Spiegel, Armaturen und anderes Badzubeh\u00f6r<br \/><strong>Verpacken<\/strong>: Einbaufertig<\/p>","protected":false},"featured_media":1836,"comment_status":"closed","ping_status":"closed","template":"","meta":{"_acf_changed":true},"product_brand":[],"product_cat":[20],"product_tag":[],"class_list":{"0":"post-1830","1":"product","2":"type-product","3":"status-publish","4":"has-post-thumbnail","6":"product_cat-wholesale-plywood-bathroom-vanity-cabinets","8":"first","9":"instock","10":"shipping-taxable","11":"product-type-simple"},"acf":[],"_links":{"self":[{"href":"https:\/\/www.shouyasanitary.com\/de\/wp-json\/wp\/v2\/product\/1830","targetHints":{"allow":["GET"]}}],"collection":[{"href":"https:\/\/www.shouyasanitary.com\/de\/wp-json\/wp\/v2\/product"}],"about":[{"href":"https:\/\/www.shouyasanitary.com\/de\/wp-json\/wp\/v2\/types\/product"}],"replies":[{"embeddable":true,"href":"https:\/\/www.shouyasanitary.com\/de\/wp-json\/wp\/v2\/comments?post=1830"}],"wp:featuredmedia":[{"embeddable":true,"href":"https:\/\/www.shouyasanitary.com\/de\/wp-json\/wp\/v2\/media\/1836"}],"wp:attachment":[{"href":"https:\/\/www.shouyasanitary.com\/de\/wp-json\/wp\/v2\/media?parent=1830"}],"wp:term":[{"taxonomy":"product_brand","embeddable":true,"href":"https:\/\/www.shouyasanitary.com\/de\/wp-json\/wp\/v2\/product_brand?post=1830"},{"taxonomy":"product_cat","embeddable":true,"href":"https:\/\/www.shouyasanitary.com\/de\/wp-json\/wp\/v2\/product_cat?post=1830"},{"taxonomy":"product_tag","embeddable":true,"href":"https:\/\/www.shouyasanitary.com\/de\/wp-json\/wp\/v2\/product_tag?post=1830"}],"curies":[{"name":"wp","href":"https:\/\/api.w.org\/{rel}","templated":true}]}}