{"id":1831,"date":"2025-08-29T08:50:48","date_gmt":"2025-08-29T08:50:48","guid":{"rendered":"https:\/\/www.shouyasanitary.com\/?post_type=product&#038;p=1831"},"modified":"2025-08-29T08:50:54","modified_gmt":"2025-08-29T08:50:54","slug":"wholesale-floating-bathroom-sink-vanity","status":"publish","type":"product","link":"https:\/\/www.shouyasanitary.com\/de\/produkt\/wholesale-floating-bathroom-sink-vanity\/","title":{"rendered":"Gro\u00dfhandel schwimmende Bad Waschbecken Eitelkeit, wei\u00df Eitelkeiten Badezimmer mit Spiegel und Keramik-Becken Custom"},"content":{"rendered":"<div class=\"wp-block-columns is-layout-flex wp-container-core-columns-is-layout-9d6595d7 wp-block-columns-is-layout-flex\">\n<div class=\"wp-block-column is-layout-flow wp-block-column-is-layout-flow\">\n<h2 class=\"wp-block-heading\">Schwimmende Badezimmer Waschbecken Eitelkeit Eigenschaften\uff1a<\/h2>\n\n\n\n<p><strong>Visuelle \u00c4sthetik:<\/strong> Reine Textur und moderner Stil, mit dem Schrankk\u00f6rper in erster Linie Wei\u00df als Hauptfarbton, gepaart mit nat\u00fcrlicher Marmortextur, wodurch ein reiner und hochwertiger visueller Effekt entsteht. Der einfache rechteckige Umriss und das geradlinige Design spiegeln den Kern des modernen minimalistischen Stils wider und lassen sich leicht in verschiedene Badezimmerdekorationen integrieren.<\/p>\n\n\n\n<p><strong>Wandmontierte Ausf\u00fchrung:<\/strong> Durch die Wandmontage wird die Bodenfl\u00e4che vollst\u00e4ndig freigelegt und die visuelle Transparenz in kleinen B\u00e4dern verbessert. Die h\u00e4ngende Struktur erleichtert die t\u00e4gliche Reinigung und verhindert die Ansammlung von Feuchtigkeit; das Verh\u00e4ltnis von Tiefe und Breite des Schrankk\u00f6rpers ist so abgestimmt, dass der vertikale Stauraum optimal genutzt wird. <\/p>\n\n\n\n<p><strong>Arbeitsplatte aus Steinplatten<\/strong>: Die Arbeitsplatte ist aus integriertem Steinplattenmaterial hergestellt, mit einer dichten und nahtlosen Oberfl\u00e4che, starker Widerstandsf\u00e4higkeit gegen das Eindringen von Flecken und einfacher Reinigung und Pflege.<\/p>\n\n\n\n<p><strong>Integriertes Keramik-Waschbecken<\/strong>: Er schlie\u00dft nahtlos an die Arbeitsplatte an und vermeidet so sanit\u00e4re Sackgassen. Der Spiegelschrank ist mit einer versteckten LED-Lichtleiste ausgestattet, die ein sanftes Licht spendet und auch als Sch\u00f6nheitsspiegel fungiert, was die Benutzerfreundlichkeit erh\u00f6ht.<\/p>\n\n\n\n<p><strong>Ein leistungsstarkes Werkzeug zur Aufwertung kleiner R\u00e4ume: <\/strong>Der Schrank wurde speziell f\u00fcr kompakte B\u00e4der entwickelt. Er ist kompakt, bietet aber dennoch Stauraum und darunter reichlich Beinfreiheit. Sein neutraler Farbton und sein minimalistisches Design machen ihn leicht kompatibel mit verschiedenen Einrichtungsstilen, wie z.B. nordisch und modern, was ihn zu einer idealen Wahl f\u00fcr die Aufwertung kleiner Badezimmer macht.<\/p>\n<\/div>\n\n\n\n<div class=\"wp-block-column is-layout-flow wp-block-column-is-layout-flow\"><div class=\"wp-block-image\">\n<figure class=\"aligncenter size-full\"><img decoding=\"async\" width=\"700\" height=\"700\" src=\"https:\/\/www.shouyasanitary.com\/wp-content\/uploads\/2025\/08\/Custom-Vanity-with-Mirror-Wash-Basin-for-Hotel-Bathroom.webp\" alt=\"Individueller Waschtisch mit Spiegelwaschbecken f\u00fcr Hotelbadezimmer\" class=\"wp-image-1843\" style=\"object-fit:cover\" srcset=\"https:\/\/www.shouyasanitary.com\/wp-content\/uploads\/2025\/08\/Custom-Vanity-with-Mirror-Wash-Basin-for-Hotel-Bathroom.webp 700w, https:\/\/www.shouyasanitary.com\/wp-content\/uploads\/2025\/08\/Custom-Vanity-with-Mirror-Wash-Basin-for-Hotel-Bathroom-300x300.webp 300w, https:\/\/www.shouyasanitary.com\/wp-content\/uploads\/2025\/08\/Custom-Vanity-with-Mirror-Wash-Basin-for-Hotel-Bathroom-150x150.webp 150w, https:\/\/www.shouyasanitary.com\/wp-content\/uploads\/2025\/08\/Custom-Vanity-with-Mirror-Wash-Basin-for-Hotel-Bathroom-12x12.webp 12w, https:\/\/www.shouyasanitary.com\/wp-content\/uploads\/2025\/08\/Custom-Vanity-with-Mirror-Wash-Basin-for-Hotel-Bathroom-600x600.webp 600w, https:\/\/www.shouyasanitary.com\/wp-content\/uploads\/2025\/08\/Custom-Vanity-with-Mirror-Wash-Basin-for-Hotel-Bathroom-100x100.webp 100w\" sizes=\"(max-width: 700px) 100vw, 700px\" \/><\/figure>\n<\/div><\/div>\n<\/div>","protected":false},"excerpt":{"rendered":"<p>Gro\u00dfhandel schwimmenden Bad Waschbecken Eitelkeit, minimalistisches wei\u00dfes Design verf\u00fcgt \u00fcber eine Schiefer-Arbeitsplatte, ein einteiliges Keramik-Waschbecken, und eine verdeckte LED-Spiegelschrank. Es verwendet ein platzsparendes wandmontiertes Design und langlebiges Sperrholzmaterial. Das kompakte Design ist perfekt f\u00fcr kleinere Wohnungen. Werksgro\u00dfhandel, kundenspezifische Optionen verf\u00fcgbar. Kontaktieren Sie uns f\u00fcr weitere Informationen!<\/p>\n<h2>Schwimmende Badezimmer Waschbecken Eitelkeit Attribute\uff1a<\/h2>\n<p><strong>Artikel Nr.: <\/strong>6047B-605<strong><br \/>Material des Geh\u00e4uses:<\/strong>\u00a0Sperrholz<br \/><strong>Farbe des Geh\u00e4uses:<\/strong> Wei\u00df<br \/><strong>Spiegel:<\/strong> LED-Spiegel (3,5 mm\/3,8 mm), dreifarbige Beleuchtung, One-Touch-Entfogging, gesichert mit mehrlagiger Schaumstoffverpackung<br \/><strong>Installationsart:<\/strong>\u00a0Wandbefestigung<br \/><strong>Abmessungen (L\u00d7B\u00d7H):<\/strong> 60x47x48 cm<br \/><strong>Bruttogewicht:<\/strong> 30kg\/Satz<\/p>\n<h2>Anpassung &amp; Dienstleistungen:<\/h2>\n<p><strong>OEM &amp; ODM<\/strong>: Unterst\u00fctzt<br \/><strong>Gestaltung<\/strong>: Frei<br \/><strong>Zubeh\u00f6r<\/strong>: Waschbecken, Spiegel, Armaturen und anderes Badzubeh\u00f6r<br \/><strong>Verpacken<\/strong>: Einbaufertig<\/p>","protected":false},"featured_media":1843,"comment_status":"closed","ping_status":"closed","template":"","meta":{"_acf_changed":true},"product_brand":[],"product_cat":[20],"product_tag":[],"class_list":{"0":"post-1831","1":"product","2":"type-product","3":"status-publish","4":"has-post-thumbnail","6":"product_cat-wholesale-plywood-bathroom-vanity-cabinets","8":"first","9":"instock","10":"shipping-taxable","11":"product-type-simple"},"acf":[],"_links":{"self":[{"href":"https:\/\/www.shouyasanitary.com\/de\/wp-json\/wp\/v2\/product\/1831","targetHints":{"allow":["GET"]}}],"collection":[{"href":"https:\/\/www.shouyasanitary.com\/de\/wp-json\/wp\/v2\/product"}],"about":[{"href":"https:\/\/www.shouyasanitary.com\/de\/wp-json\/wp\/v2\/types\/product"}],"replies":[{"embeddable":true,"href":"https:\/\/www.shouyasanitary.com\/de\/wp-json\/wp\/v2\/comments?post=1831"}],"wp:featuredmedia":[{"embeddable":true,"href":"https:\/\/www.shouyasanitary.com\/de\/wp-json\/wp\/v2\/media\/1843"}],"wp:attachment":[{"href":"https:\/\/www.shouyasanitary.com\/de\/wp-json\/wp\/v2\/media?parent=1831"}],"wp:term":[{"taxonomy":"product_brand","embeddable":true,"href":"https:\/\/www.shouyasanitary.com\/de\/wp-json\/wp\/v2\/product_brand?post=1831"},{"taxonomy":"product_cat","embeddable":true,"href":"https:\/\/www.shouyasanitary.com\/de\/wp-json\/wp\/v2\/product_cat?post=1831"},{"taxonomy":"product_tag","embeddable":true,"href":"https:\/\/www.shouyasanitary.com\/de\/wp-json\/wp\/v2\/product_tag?post=1831"}],"curies":[{"name":"wp","href":"https:\/\/api.w.org\/{rel}","templated":true}]}}