{"id":1832,"date":"2025-08-29T08:46:00","date_gmt":"2025-08-29T08:46:00","guid":{"rendered":"https:\/\/www.shouyasanitary.com\/?post_type=product&#038;p=1832"},"modified":"2025-08-29T08:46:06","modified_gmt":"2025-08-29T08:46:06","slug":"wholesale-light-mirror-bathroom-cabinet","status":"publish","type":"product","link":"https:\/\/www.shouyasanitary.com\/de\/produkt\/wholesale-light-mirror-bathroom-cabinet\/","title":{"rendered":"Gro\u00dfhandel Licht Spiegel Badezimmer Schrank, Sperrholz Badezimmer Eitelkeiten warmen Ton benutzerdefinierte"},"content":{"rendered":"<div class=\"wp-block-columns is-layout-flex wp-container-core-columns-is-layout-9d6595d7 wp-block-columns-is-layout-flex\">\n<div class=\"wp-block-column is-layout-flow wp-block-column-is-layout-flow\">\n<h2 class=\"wp-block-heading\">Leichter Spiegel-Badeschrank Merkmale:<\/h2>\n\n\n\n<p><strong>Warmer Ton:<\/strong> Der Korpus des Schranks hat eine hellgraue Holzmaserung, die einen mehrschichtigen Kontrast zur dunkelgrauen Wandoberfl\u00e4che bildet. Die nat\u00fcrliche und zarte Holztextur verst\u00e4rkt die W\u00e4rme des Raumes. <\/p>\n\n\n\n<p><strong>Wasserdichtes Material:<\/strong> Die Sperrholzoberfl\u00e4che ist mit einer wasserfesten Beschichtung versehen, die feuchtigkeitsbest\u00e4ndig ist und gleichzeitig den urspr\u00fcnglichen Holzcharakter beibeh\u00e4lt, so dass \u00c4sthetik und Langlebigkeit im Einklang stehen. <\/p>\n\n\n\n<p><strong>Schwimmende Struktur<\/strong>: Der Boden des Schranks liegt nicht auf dem Boden, ist optisch leicht und transparent, leicht zu reinigen und verhindert Wasseransammlungen und Korrosion. <\/p>\n\n\n\n<p><strong>Praktische Aufbewahrung: <\/strong>Die mehrschichtigen Schubladen sind mit ger\u00e4uschlosen Gleitschienen ausgestattet und verf\u00fcgen \u00fcber eine sinnvolle Inneneinteilung, die die Aufbewahrung von Toilettenartikeln und Werkzeugen erleichtert und die Raumnutzung verbessert.<\/p>\n\n\n\n<p><strong>Intelligentes Design:<\/strong> Ausgestattet mit einer eingebauten LED-Leiste und einem Anti-Beschlag-Spiegel sorgt er f\u00fcr eine gleichm\u00e4\u00dfige Beleuchtung, reduziert St\u00f6rungen durch Wasserdampf und verbessert die Klarheit beim Schminken oder Rasieren. <\/p>\n\n\n\n<p><strong>Einfaches Design<\/strong>: Sowohl das Scharnier als auch der Griff haben ein minimalistisches Design, das die visuelle Unordnung minimiert und eine langfristige Stabilit\u00e4t gew\u00e4hrleistet.<\/p>\n\n\n\n<p><strong>Umweltfreundlich: <\/strong>F\u00fcr das Sperrholz werden umweltfreundliche Klebstoffe mit geringen Formaldehyd-Emissionen verwendet, die den Standards f\u00fcr umweltfreundliches Wohnen entsprechen. Die wasserfeste Oberfl\u00e4chenbeschichtung kann direkt mit einem feuchten Tuch abgewischt werden und erfordert keine aufwendige Pflege, wodurch sie sich f\u00fcr ein schnelles Leben eignet.<\/p>\n<\/div>\n\n\n\n<div class=\"wp-block-column is-layout-flow wp-block-column-is-layout-flow\"><div class=\"wp-block-image\">\n<figure class=\"aligncenter size-full\"><img decoding=\"async\" width=\"700\" height=\"700\" src=\"https:\/\/www.shouyasanitary.com\/wp-content\/uploads\/2025\/08\/ODM-Bathroom-Vanity-with-Sink.webp\" alt=\"ODM Badezimmer Waschtisch mit Waschbecken\" class=\"wp-image-1840\" style=\"object-fit:cover\" srcset=\"https:\/\/www.shouyasanitary.com\/wp-content\/uploads\/2025\/08\/ODM-Bathroom-Vanity-with-Sink.webp 700w, https:\/\/www.shouyasanitary.com\/wp-content\/uploads\/2025\/08\/ODM-Bathroom-Vanity-with-Sink-300x300.webp 300w, https:\/\/www.shouyasanitary.com\/wp-content\/uploads\/2025\/08\/ODM-Bathroom-Vanity-with-Sink-150x150.webp 150w, https:\/\/www.shouyasanitary.com\/wp-content\/uploads\/2025\/08\/ODM-Bathroom-Vanity-with-Sink-12x12.webp 12w, https:\/\/www.shouyasanitary.com\/wp-content\/uploads\/2025\/08\/ODM-Bathroom-Vanity-with-Sink-600x600.webp 600w, https:\/\/www.shouyasanitary.com\/wp-content\/uploads\/2025\/08\/ODM-Bathroom-Vanity-with-Sink-100x100.webp 100w\" sizes=\"(max-width: 700px) 100vw, 700px\" \/><\/figure>\n<\/div><\/div>\n<\/div>","protected":false},"excerpt":{"rendered":"<p>Gro\u00dfhandel Licht Spiegel Bad Schrank, ausgestattet mit mehrschichtigen Schubladen, ein Anti-Beschlag-Spiegel, und LED-Leuchtb\u00e4nder, die hellgraue Holzmaserung schafft eine warme Atmosph\u00e4re. Das h\u00e4ngende Design spart Platz. Es ist einfach und praktisch, geeignet f\u00fcr eine Vielzahl von modernen Badstilen. Kundenspezifische Dienstleistungen sind verf\u00fcgbar. Bitte kontaktieren Sie uns f\u00fcr eine Anfrage.<\/p>\n<h2>Licht Spiegel Bad Schrank Attribute\uff1a<\/h2>\n<p><strong>Artikel Nr.<\/strong>: 6047B-601<br \/><strong>Material des Geh\u00e4uses<\/strong>: Sperrholz<br \/><strong>Farbe des Geh\u00e4uses<\/strong>: Braun<\/p>\n<p><strong>Spiegel:<\/strong> LED-Spiegel (3,5 mm\/3,8 mm), dreifarbige Beleuchtung, One-Touch-Entfogging, gesichert mit mehrlagiger Schaumstoffverpackung<br \/><strong>Installationsart:<\/strong>\u00a0Wandbefestigung<br \/><strong>Abmessungen (L\u00d7B\u00d7H):<\/strong> 60*47*48cm<\/p>\n<h2>Anpassung &amp; Dienstleistungen:<\/h2>\n<p><strong>OEM &amp; ODM<\/strong>: Unterst\u00fctzt<br \/><strong>Gestaltung<\/strong>: Frei<br \/><strong>Zubeh\u00f6r<\/strong>: Waschbecken, Spiegel, Armaturen und anderes Badzubeh\u00f6r<br \/><strong>Verpacken<\/strong>: Einbaufertig<\/p>","protected":false},"featured_media":1840,"comment_status":"closed","ping_status":"closed","template":"","meta":{"_acf_changed":true},"product_brand":[],"product_cat":[20],"product_tag":[],"class_list":{"0":"post-1832","1":"product","2":"type-product","3":"status-publish","4":"has-post-thumbnail","6":"product_cat-wholesale-plywood-bathroom-vanity-cabinets","8":"first","9":"instock","10":"shipping-taxable","11":"product-type-simple"},"acf":[],"_links":{"self":[{"href":"https:\/\/www.shouyasanitary.com\/de\/wp-json\/wp\/v2\/product\/1832","targetHints":{"allow":["GET"]}}],"collection":[{"href":"https:\/\/www.shouyasanitary.com\/de\/wp-json\/wp\/v2\/product"}],"about":[{"href":"https:\/\/www.shouyasanitary.com\/de\/wp-json\/wp\/v2\/types\/product"}],"replies":[{"embeddable":true,"href":"https:\/\/www.shouyasanitary.com\/de\/wp-json\/wp\/v2\/comments?post=1832"}],"wp:featuredmedia":[{"embeddable":true,"href":"https:\/\/www.shouyasanitary.com\/de\/wp-json\/wp\/v2\/media\/1840"}],"wp:attachment":[{"href":"https:\/\/www.shouyasanitary.com\/de\/wp-json\/wp\/v2\/media?parent=1832"}],"wp:term":[{"taxonomy":"product_brand","embeddable":true,"href":"https:\/\/www.shouyasanitary.com\/de\/wp-json\/wp\/v2\/product_brand?post=1832"},{"taxonomy":"product_cat","embeddable":true,"href":"https:\/\/www.shouyasanitary.com\/de\/wp-json\/wp\/v2\/product_cat?post=1832"},{"taxonomy":"product_tag","embeddable":true,"href":"https:\/\/www.shouyasanitary.com\/de\/wp-json\/wp\/v2\/product_tag?post=1832"}],"curies":[{"name":"wp","href":"https:\/\/api.w.org\/{rel}","templated":true}]}}