{"id":1894,"date":"2025-09-07T23:16:48","date_gmt":"2025-09-07T23:16:48","guid":{"rendered":"https:\/\/www.shouyasanitary.com\/?post_type=product&#038;p=1894"},"modified":"2025-09-07T23:16:50","modified_gmt":"2025-09-07T23:16:50","slug":"custom-bathroom-sink-cabinets","status":"publish","type":"product","link":"https:\/\/www.shouyasanitary.com\/de\/produkt\/custom-bathroom-sink-cabinets\/","title":{"rendered":"Custom Badezimmer Waschbecken Schr\u00e4nke Khaki, Sperrholz Moderne Eitelkeit Badezimmer mit Spiegel und Schublade Lieferant"},"content":{"rendered":"<div class=\"wp-block-columns is-layout-flex wp-container-core-columns-is-layout-9d6595d7 wp-block-columns-is-layout-flex\">\n<div class=\"wp-block-column is-layout-flow wp-block-column-is-layout-flow\">\n<h2 class=\"wp-block-heading\">Badezimmer Waschbecken Schr\u00e4nke Merkmale:<\/h2>\n\n\n\n<p><strong>Einfach und elegant: <\/strong>Die Hauptfarbe des Schranks ist schlichtes Wei\u00df, gepaart mit goldenen Griffen, die Eleganz inmitten von Schlichtheit ausstrahlen und sich in den gesamten retro- und dennoch modischen Stil des Badezimmers einf\u00fcgen, wodurch der Raum aus farblicher Sicht einen Hauch von Raffinesse erh\u00e4lt. <\/p>\n\n\n\n<p><strong>Linie \u00c4sthetik<\/strong>: Die klaren Linien und die vertikal gestreiften T\u00fcrpaneele verhindern, dass der Schrank eint\u00f6nig wirkt. Sie erg\u00e4nzen Elemente wie B\u00f6gen und Retro-Fliesen und schaffen eine harmonische und einheitliche \u00e4sthetische Szene im Badezimmer.<\/p>\n\n\n\n<p><strong>Zwei-Becken-Design<\/strong>: Er erf\u00fcllt die Bed\u00fcrfnisse mehrerer Benutzer gleichzeitig und sorgt f\u00fcr eine effiziente und geordnete t\u00e4gliche Pflege w\u00e4hrend der Sto\u00dfzeiten, wodurch die Effizienz der Badezimmernutzung erh\u00f6ht wird. <\/p>\n\n\n\n<p><strong>Praktische Aufbewahrungsfunktion<\/strong>: Die Kombination aus mehrstufigen Schubladen und einer offenen Arbeitsplatte erm\u00f6glicht die effiziente Aufbewahrung von kleinen Gegenst\u00e4nden wie Toilettenartikeln und Pflegeprodukten in den Schubladen, w\u00e4hrend die Arbeitsplatte Platz f\u00fcr h\u00e4ufig verwendete Gegenst\u00e4nde oder dekorative Blumenarrangements bietet und so Aufbewahrungs- und Pr\u00e4sentationsfunktionen vereint.<\/p>\n\n\n\n<p><strong>Hochwertiges Sperrholzmaterial: <\/strong>Was die physikalischen Eigenschaften betrifft, so weist Sperrholz eine gute Druck- und Verformungsfestigkeit auf. In feuchten Badezimmern ist es weniger anf\u00e4llig f\u00fcr Risse und Verformungen aufgrund von Feuchtigkeitsschwankungen, was die langfristige Stabilit\u00e4t des Schranks gew\u00e4hrleistet. Im Vergleich zu Massivholz ist Sperrholz in Bezug auf die Materialbeschaffung umweltfreundlicher, da das Holz bei der Herstellung in hohem Ma\u00dfe genutzt wird. Au\u00dferdem besitzt es nach der Oberfl\u00e4chenbehandlung bestimmte wasser- und feuchtigkeitsbest\u00e4ndige Eigenschaften, wodurch es sich f\u00fcr feuchte Badezimmerumgebungen eignet und ein besseres Preis-Leistungs-Verh\u00e4ltnis als einige Naturh\u00f6lzer bietet. <\/p>\n\n\n\n<p><strong>Einfach zu installieren:<\/strong> Sein relativ geringes Gewicht erleichtert die Installation und die sp\u00e4tere Verlegung, verringert die Belastung von W\u00e4nden und B\u00f6den und erleichtert den Transport und die Installation.<\/p>\n<\/div>\n\n\n\n<div class=\"wp-block-column is-layout-flow wp-block-column-is-layout-flow\"><div class=\"wp-block-image\">\n<figure class=\"aligncenter size-full\"><img decoding=\"async\" width=\"700\" height=\"700\" src=\"https:\/\/www.shouyasanitary.com\/wp-content\/uploads\/2025\/08\/Custom-Solutions-Bathroom-Cabinet-With-Drawers.webp\" alt=\"Custom Solutions Badezimmerschrank mit Schubladen\" class=\"wp-image-1911\" style=\"object-fit:cover\" srcset=\"https:\/\/www.shouyasanitary.com\/wp-content\/uploads\/2025\/08\/Custom-Solutions-Bathroom-Cabinet-With-Drawers.webp 700w, https:\/\/www.shouyasanitary.com\/wp-content\/uploads\/2025\/08\/Custom-Solutions-Bathroom-Cabinet-With-Drawers-300x300.webp 300w, https:\/\/www.shouyasanitary.com\/wp-content\/uploads\/2025\/08\/Custom-Solutions-Bathroom-Cabinet-With-Drawers-150x150.webp 150w, https:\/\/www.shouyasanitary.com\/wp-content\/uploads\/2025\/08\/Custom-Solutions-Bathroom-Cabinet-With-Drawers-12x12.webp 12w, https:\/\/www.shouyasanitary.com\/wp-content\/uploads\/2025\/08\/Custom-Solutions-Bathroom-Cabinet-With-Drawers-600x600.webp 600w, https:\/\/www.shouyasanitary.com\/wp-content\/uploads\/2025\/08\/Custom-Solutions-Bathroom-Cabinet-With-Drawers-100x100.webp 100w\" sizes=\"(max-width: 700px) 100vw, 700px\" \/><\/figure>\n<\/div><\/div>\n<\/div>","protected":false},"excerpt":{"rendered":"<p>Ma\u00dfgefertigte Waschbeckenschr\u00e4nke, die linke und rechte Trennwand sind mit Spiegelschr\u00e4nken und offenen Regalen ausgestattet, um verschiedene Aufbewahrungsanforderungen zu erf\u00fcllen. Das Sperrholzmaterial und die h\u00e4ngende Konstruktion sind feuchtigkeitsbest\u00e4ndig und leicht zu reinigen. Wir f\u00fchren auch semi-custom Bestellungen in gro\u00dfen Mengen. Kontaktieren Sie uns f\u00fcr einen Produktkatalog!<\/p>\n<h2>Badezimmer Waschbecken Schr\u00e4nke Attribute\uff1a<\/h2>\n<p><strong>Artikel Nr.<\/strong>: SYY20250801-100<br \/><strong>Material des Geh\u00e4uses<\/strong>: Sperrholz<br \/><strong>Farbe des Geh\u00e4uses<\/strong>: Khaki<br \/><strong>Spiegel<\/strong>: LED-Spiegel (3,5 mm \/ 3,8 mm), dreifarbige Beleuchtung, One-Touch-Enteisung, mit mehrschichtiger Schaumstoffverpackung gesichert <br \/><strong>Einbauart<\/strong>: Wandbefestigung <br \/><strong>Abmessungen (L \u00d7 B \u00d7 H)<\/strong>: 100 x 50 x 50 cm<br \/><strong>Bruttogewicht<\/strong>: 35kg\/Satz<\/p>\n<h2>Anpassung &amp; Dienstleistungen:<\/h2>\n<p><strong>OEM &amp; ODM<\/strong>: Unterst\u00fctzt<br \/><strong>Gestaltung<\/strong>: Frei<br \/><strong>Zubeh\u00f6r<\/strong>: Waschbecken, Spiegel, Armaturen und anderes Badzubeh\u00f6r<br \/><strong>Verpacken<\/strong>: Einbaufertig<\/p>","protected":false},"featured_media":1911,"comment_status":"closed","ping_status":"closed","template":"","meta":{"_acf_changed":true},"product_brand":[],"product_cat":[20],"product_tag":[],"class_list":{"0":"post-1894","1":"product","2":"type-product","3":"status-publish","4":"has-post-thumbnail","6":"product_cat-wholesale-plywood-bathroom-vanity-cabinets","8":"first","9":"instock","10":"shipping-taxable","11":"product-type-simple"},"acf":[],"_links":{"self":[{"href":"https:\/\/www.shouyasanitary.com\/de\/wp-json\/wp\/v2\/product\/1894","targetHints":{"allow":["GET"]}}],"collection":[{"href":"https:\/\/www.shouyasanitary.com\/de\/wp-json\/wp\/v2\/product"}],"about":[{"href":"https:\/\/www.shouyasanitary.com\/de\/wp-json\/wp\/v2\/types\/product"}],"replies":[{"embeddable":true,"href":"https:\/\/www.shouyasanitary.com\/de\/wp-json\/wp\/v2\/comments?post=1894"}],"wp:featuredmedia":[{"embeddable":true,"href":"https:\/\/www.shouyasanitary.com\/de\/wp-json\/wp\/v2\/media\/1911"}],"wp:attachment":[{"href":"https:\/\/www.shouyasanitary.com\/de\/wp-json\/wp\/v2\/media?parent=1894"}],"wp:term":[{"taxonomy":"product_brand","embeddable":true,"href":"https:\/\/www.shouyasanitary.com\/de\/wp-json\/wp\/v2\/product_brand?post=1894"},{"taxonomy":"product_cat","embeddable":true,"href":"https:\/\/www.shouyasanitary.com\/de\/wp-json\/wp\/v2\/product_cat?post=1894"},{"taxonomy":"product_tag","embeddable":true,"href":"https:\/\/www.shouyasanitary.com\/de\/wp-json\/wp\/v2\/product_tag?post=1894"}],"curies":[{"name":"wp","href":"https:\/\/api.w.org\/{rel}","templated":true}]}}