{"id":1895,"date":"2025-08-29T08:51:47","date_gmt":"2025-08-29T08:51:47","guid":{"rendered":"https:\/\/www.shouyasanitary.com\/?post_type=product&#038;p=1895"},"modified":"2025-08-29T08:51:53","modified_gmt":"2025-08-29T08:51:53","slug":"wholesale-mirror-bathroom-cabinet","status":"publish","type":"product","link":"https:\/\/www.shouyasanitary.com\/de\/produkt\/wholesale-mirror-bathroom-cabinet\/","title":{"rendered":"Gro\u00dfhandel Spiegel Badezimmer Schrank, Wand montiert Badezimmer Eitelkeit einzigen Waschbecken mit Arbeitsplatte Luxus in Bulk"},"content":{"rendered":"<div class=\"wp-block-columns is-layout-flex wp-container-core-columns-is-layout-9d6595d7 wp-block-columns-is-layout-flex\">\n<div class=\"wp-block-column is-layout-flow wp-block-column-is-layout-flow\">\n<h2 class=\"wp-block-heading\">Spiegel-Badeschrank Merkmale:<\/h2>\n\n\n\n<p><strong>Modische Design\u00e4sthetik<\/strong>Die unregelm\u00e4\u00dfigen Spiegel und vertikalen Streifen auf der Schrankoberfl\u00e4che durchbrechen das traditionelle quadratische Layout und zeigen ein einzigartiges k\u00fcnstlerisches Temperament.<\/p>\n\n\n\n<p><strong>Vielseitiger Anpassungseffekt:<\/strong> Dieser Badezimmerschrank ist stilgerecht und l\u00e4sst sich perfekt in jede Badezimmereinrichtung integrieren, egal ob es sich um einen minimalistisch-modernen Stil, einen nordischen Stil oder einen pastoralen Stil handelt. Er schafft f\u00fcr Sie einen komfortablen, sch\u00f6nen und voll funktionsf\u00e4higen Badezimmerbereich.<\/p>\n\n\n\n<p><strong>Hochwertiges Sperrholzmaterial<\/strong>: Es hat eine ausgezeichnete Stabilit\u00e4t und Haltbarkeit, widersteht effektiv dem Einfluss der feuchten Umgebung im Badezimmer und ist nicht anf\u00e4llig f\u00fcr Verformungen oder Risse. Die Oberfl\u00e4che wurde einer speziellen Behandlung unterzogen, mit ausgezeichneten wasser- und feuchtigkeitsbest\u00e4ndigen Eigenschaften, leicht zu reinigen und zu pflegen.<\/p>\n\n\n\n<p><strong>Leistungsstarke Speicherfunktion: <\/strong>Das 80 cm gro\u00dfe Design ist vern\u00fcnftig und bietet mit seinen zwei Schubladen reichlich Stauraum. In ihm lassen sich Artikel wie Toilettenartikel, Handt\u00fccher und Kosmetika leicht unterbringen, indem sie kategorisiert werden, wodurch die Arbeitsfl\u00e4che im Badezimmer aufger\u00e4umter und ordentlicher wird. Das Innere der Schublade ist ger\u00e4umig, so dass Sie bequem und schnell auf die Gegenst\u00e4nde zugreifen k\u00f6nnen, um Ihre verschiedenen Aufbewahrungsbed\u00fcrfnisse zu erf\u00fcllen.<\/p>\n\n\n\n<p><strong>Raumoptimierung<\/strong>: Das wandmontierte Design spart Platz und ist leicht zu reinigen, geeignet f\u00fcr kleine Wohnungen und gro\u00dfe Badezimmer. Der unregelm\u00e4\u00dfige Spiegel vergr\u00f6\u00dfert den visuellen Effekt und verst\u00e4rkt das Raumgef\u00fchl.<\/p>\n\n\n\n<p><strong>Direktlieferung ab Werk<\/strong>: Shouya Quelle Fabrik Versand, stabile Qualit\u00e4t, mehr wettbewerbsf\u00e4higen Preis<\/p>\n<\/div>\n\n\n\n<div class=\"wp-block-column is-layout-flow wp-block-column-is-layout-flow\"><div class=\"wp-block-image\">\n<figure class=\"aligncenter size-full\"><img decoding=\"async\" width=\"700\" height=\"700\" src=\"https:\/\/www.shouyasanitary.com\/wp-content\/uploads\/2025\/08\/Bulk-Purchases-Plywood-bathroom-cabinet-vanity.webp\" alt=\"Bulk Purchases Sperrholz Bad Schrank Eitelkeit\" class=\"wp-image-1899\" style=\"object-fit:cover\" srcset=\"https:\/\/www.shouyasanitary.com\/wp-content\/uploads\/2025\/08\/Bulk-Purchases-Plywood-bathroom-cabinet-vanity.webp 700w, https:\/\/www.shouyasanitary.com\/wp-content\/uploads\/2025\/08\/Bulk-Purchases-Plywood-bathroom-cabinet-vanity-300x300.webp 300w, https:\/\/www.shouyasanitary.com\/wp-content\/uploads\/2025\/08\/Bulk-Purchases-Plywood-bathroom-cabinet-vanity-150x150.webp 150w, https:\/\/www.shouyasanitary.com\/wp-content\/uploads\/2025\/08\/Bulk-Purchases-Plywood-bathroom-cabinet-vanity-12x12.webp 12w, https:\/\/www.shouyasanitary.com\/wp-content\/uploads\/2025\/08\/Bulk-Purchases-Plywood-bathroom-cabinet-vanity-600x600.webp 600w, https:\/\/www.shouyasanitary.com\/wp-content\/uploads\/2025\/08\/Bulk-Purchases-Plywood-bathroom-cabinet-vanity-100x100.webp 100w\" sizes=\"(max-width: 700px) 100vw, 700px\" \/><\/figure>\n<\/div><\/div>\n<\/div>","protected":false},"excerpt":{"rendered":"<p>Willkommen Gro\u00dfhandel Badspiegelschrank, es verf\u00fcgt \u00fcber eine unregelm\u00e4\u00dfige Spiegel, vertikale Streifen eine doppelte Schublade Design, die Schaffung eines stilvollen und platzsparendes Design. Hergestellt aus Sperrholz Material, es ist langlebig und bietet reichlich Stauraum. Wir liefern direkt ab Werk und unterst\u00fctzen den Gro\u00dfhandel und die Anpassung an Kundenw\u00fcnsche, was es ideal f\u00fcr Projekte und Vertriebsgesellschaften macht. Kontaktieren Sie uns jetzt, um ein Angebot zu erhalten!<\/p>\n<h2>Spiegel Bad Schrank Attribute\uff1a<\/h2>\n<p><strong>Artikel Nr.<\/strong>: SYY20250806-80<br \/><strong>Material des Geh\u00e4uses<\/strong>: Sperrholz<br \/><strong>Farbe des Geh\u00e4uses<\/strong>: Braun<br \/><strong>Spiegel<\/strong>: LED-Spiegel (3,5 mm \/ 3,8 mm), dreifarbige Beleuchtung, One-Touch-Enteisung, mit mehrschichtiger Schaumstoffverpackung gesichert <br \/><strong>Einbauart<\/strong>: Wandbefestigung <br \/><strong>Abmessungen (L \u00d7 B \u00d7 H)<\/strong>: 80 x 50 x 52 cm<br \/><strong>Bruttogewicht<\/strong>: 30kg\/Satz<\/p>\n<h2>Anpassung &amp; Dienstleistungen:<\/h2>\n<p><strong>OEM &amp; ODM<\/strong>: Unterst\u00fctzt<br \/><strong>Gestaltung<\/strong>: Frei<br \/><strong>Zubeh\u00f6r<\/strong>: Waschbecken, Spiegel, Armaturen und anderes Badzubeh\u00f6r<br \/><strong>Verpacken<\/strong>: Einbaufertig<\/p>","protected":false},"featured_media":1899,"comment_status":"closed","ping_status":"closed","template":"","meta":{"_acf_changed":true},"product_brand":[],"product_cat":[20],"product_tag":[],"class_list":{"0":"post-1895","1":"product","2":"type-product","3":"status-publish","4":"has-post-thumbnail","6":"product_cat-wholesale-plywood-bathroom-vanity-cabinets","8":"first","9":"instock","10":"shipping-taxable","11":"product-type-simple"},"acf":[],"_links":{"self":[{"href":"https:\/\/www.shouyasanitary.com\/de\/wp-json\/wp\/v2\/product\/1895","targetHints":{"allow":["GET"]}}],"collection":[{"href":"https:\/\/www.shouyasanitary.com\/de\/wp-json\/wp\/v2\/product"}],"about":[{"href":"https:\/\/www.shouyasanitary.com\/de\/wp-json\/wp\/v2\/types\/product"}],"replies":[{"embeddable":true,"href":"https:\/\/www.shouyasanitary.com\/de\/wp-json\/wp\/v2\/comments?post=1895"}],"wp:featuredmedia":[{"embeddable":true,"href":"https:\/\/www.shouyasanitary.com\/de\/wp-json\/wp\/v2\/media\/1899"}],"wp:attachment":[{"href":"https:\/\/www.shouyasanitary.com\/de\/wp-json\/wp\/v2\/media?parent=1895"}],"wp:term":[{"taxonomy":"product_brand","embeddable":true,"href":"https:\/\/www.shouyasanitary.com\/de\/wp-json\/wp\/v2\/product_brand?post=1895"},{"taxonomy":"product_cat","embeddable":true,"href":"https:\/\/www.shouyasanitary.com\/de\/wp-json\/wp\/v2\/product_cat?post=1895"},{"taxonomy":"product_tag","embeddable":true,"href":"https:\/\/www.shouyasanitary.com\/de\/wp-json\/wp\/v2\/product_tag?post=1895"}],"curies":[{"name":"wp","href":"https:\/\/api.w.org\/{rel}","templated":true}]}}