{"id":1896,"date":"2025-09-07T23:16:50","date_gmt":"2025-09-07T23:16:50","guid":{"rendered":"https:\/\/www.shouyasanitary.com\/?post_type=product&#038;p=1896"},"modified":"2025-09-07T23:16:52","modified_gmt":"2025-09-07T23:16:52","slug":"wholesale-wall-mount-bathroom-cabinet","status":"publish","type":"product","link":"https:\/\/www.shouyasanitary.com\/de\/produkt\/wholesale-wall-mount-bathroom-cabinet\/","title":{"rendered":"Gro\u00dfhandel Wandmontage Badezimmer Schrank, runder Spiegel Holz-Korn Sperrholz Badezimmer Eitelkeit Set Batch Supply"},"content":{"rendered":"<div class=\"wp-block-columns is-layout-flex wp-container-core-columns-is-layout-9d6595d7 wp-block-columns-is-layout-flex\">\n<div class=\"wp-block-column is-layout-flow wp-block-column-is-layout-flow\">\n<h2 class=\"wp-block-heading\">Merkmale des wandmontierten Badezimmerschranks\uff1a<\/h2>\n\n\n\n<p><strong>Hochwertige Materialien<\/strong>: Die Materialien sind sorgf\u00e4ltig ausgew\u00e4hlt. Die Arbeitsplatte besteht aus hochwertigen Materialien und hat eine glatte, leicht zu reinigende Oberfl\u00e4che. F\u00fcr den Unterschrank wird Sperrholz verwendet, das fein verarbeitet wurde und eine solide und stabile Struktur aufweist, die nicht zur Verformung oder Rissbildung neigt, was die Lebensdauer des Produkts effektiv gew\u00e4hrleistet und dem Badezimmer Zuverl\u00e4ssigkeit und Ruhe verleiht.<\/p>\n\n\n\n<p><strong>Angemessene Gr\u00f6\u00dfe:<\/strong> Die Gesamtgr\u00f6\u00dfe betr\u00e4gt 80 cm. Dank dieser moderaten Spezifikation passt sie in unterschiedlich gro\u00dfe Badezimmer. Ob es sich um ein kleines Bad handelt, das eine effiziente Raumnutzung anstrebt, oder um ein gr\u00f6\u00dferes Bad, das als dekoratives Element dient, sie l\u00e4sst sich perfekt integrieren. <\/p>\n\n\n\n<p><strong>Wandmontierte Installation<\/strong>: Es spart nicht nur Bodenfl\u00e4che und l\u00e4sst das Bad ger\u00e4umiger und aufger\u00e4umter erscheinen, sondern erleichtert auch die t\u00e4gliche Reinigung und Pflege, da es weniger versteckte Reinigungsbereiche gibt.<\/p>\n\n\n\n<p><strong>Einzigartiger runder und unregelm\u00e4\u00dfiger Spiegel<\/strong>: Die Kanten sind mit Holzleisten versehen, die mit der Holzmaserung des Schranks harmonieren und eine nat\u00fcrliche und warme Atmosph\u00e4re schaffen. Um den Spiegel herum ist eine sanfte Beleuchtung angebracht, die nicht nur den Stil des Badezimmers optisch aufwertet, sondern auch ausreichend und gleichm\u00e4\u00dfiges Licht f\u00fcr das t\u00e4gliche Waschen, Schminken usw. bietet.<\/p>\n\n\n\n<p><strong>Praktische Kombination, die den t\u00e4glichen Bedarf deckt<\/strong><br>Es handelt sich um ein praktisches Kombinationsprodukt, das ein Waschbecken, einen Ablageschrank und einen Spiegel umfasst. Der Waschtisch bietet einen ger\u00e4umigen Arbeitsbereich, der die t\u00e4glichen Waschanforderungen erf\u00fcllt und ein effizientes und komfortables Badezimmererlebnis f\u00fcr die Benutzer schafft.<\/p>\n<\/div>\n\n\n\n<div class=\"wp-block-column is-layout-flow wp-block-column-is-layout-flow\"><div class=\"wp-block-image\">\n<figure class=\"aligncenter size-full\"><img decoding=\"async\" width=\"700\" height=\"700\" src=\"https:\/\/www.shouyasanitary.com\/wp-content\/uploads\/2025\/08\/Wholesale-80CM-plywood-Bathroom-Vanity-Cabinet.webp\" alt=\"Gro\u00dfhandel 80CM Sperrholz Badezimmer Eitelkeit Kabinett\" class=\"wp-image-1908\" style=\"object-fit:cover\" srcset=\"https:\/\/www.shouyasanitary.com\/wp-content\/uploads\/2025\/08\/Wholesale-80CM-plywood-Bathroom-Vanity-Cabinet.webp 700w, https:\/\/www.shouyasanitary.com\/wp-content\/uploads\/2025\/08\/Wholesale-80CM-plywood-Bathroom-Vanity-Cabinet-300x300.webp 300w, https:\/\/www.shouyasanitary.com\/wp-content\/uploads\/2025\/08\/Wholesale-80CM-plywood-Bathroom-Vanity-Cabinet-150x150.webp 150w, https:\/\/www.shouyasanitary.com\/wp-content\/uploads\/2025\/08\/Wholesale-80CM-plywood-Bathroom-Vanity-Cabinet-12x12.webp 12w, https:\/\/www.shouyasanitary.com\/wp-content\/uploads\/2025\/08\/Wholesale-80CM-plywood-Bathroom-Vanity-Cabinet-600x600.webp 600w, https:\/\/www.shouyasanitary.com\/wp-content\/uploads\/2025\/08\/Wholesale-80CM-plywood-Bathroom-Vanity-Cabinet-100x100.webp 100w\" sizes=\"(max-width: 700px) 100vw, 700px\" \/><\/figure>\n<\/div><\/div>\n<\/div>","protected":false},"excerpt":{"rendered":"<p>Gro\u00dfhandel Wandhalterung Bad Schrank, 80cm Gr\u00f6\u00dfe mit wasserdichtem Sperrholz, es ist langlebig, mit einem stilvollen und praktischen Design. Die vollst\u00e4ndigen Funktionen und angemessenen Abmessungen machen es f\u00fcr verschiedene Szenarien geeignet, so dass Sie leicht die Bed\u00fcrfnisse der Kunden erf\u00fcllen k\u00f6nnen. Wir bieten eine L\u00f6sung f\u00fcr Sanit\u00e4rprodukte aus einer Hand. Bitte kontaktieren Sie uns f\u00fcr weitere Informationen!<\/p>\n<h2>Wandmontage Badezimmerschrank Attribute\uff1a<\/h2>\n<p><strong>Artikel Nr.<\/strong>:SYY20250810-80<br \/><strong>Material des Geh\u00e4uses:<\/strong>\u00a0Sperrholz<br \/><strong>Farbe des Geh\u00e4uses: <\/strong>Braun<br \/><strong>Spiegel:<\/strong> LED-Spiegel (3,5 mm\/3,8 mm), dreifarbige Beleuchtung, One-Touch-Entfogging, gesichert mit mehrlagiger Schaumstoffverpackung<br \/><strong>Installationsart:<\/strong>\u00a0Wandbefestigung<br \/><strong>Abmessungen (L\u00d7B\u00d7H):<\/strong> 80x48x52 cm<br \/><strong>Bruttogewicht:<\/strong> 30 kg\/Satz<\/p>\n<h2>Anpassung &amp; Dienstleistungen:<\/h2>\n<p><strong>OEM &amp; ODM<\/strong>: Unterst\u00fctzt<br \/><strong>Gestaltung<\/strong>: Frei<br \/><strong>Zubeh\u00f6r<\/strong>: Waschbecken, Spiegel, Armaturen und anderes Badzubeh\u00f6r<br \/><strong>Verpacken<\/strong>: Einbaufertig<\/p>","protected":false},"featured_media":1908,"comment_status":"closed","ping_status":"closed","template":"","meta":{"_acf_changed":true},"product_brand":[],"product_cat":[20],"product_tag":[],"class_list":{"0":"post-1896","1":"product","2":"type-product","3":"status-publish","4":"has-post-thumbnail","6":"product_cat-wholesale-plywood-bathroom-vanity-cabinets","8":"first","9":"instock","10":"shipping-taxable","11":"product-type-simple"},"acf":[],"_links":{"self":[{"href":"https:\/\/www.shouyasanitary.com\/de\/wp-json\/wp\/v2\/product\/1896","targetHints":{"allow":["GET"]}}],"collection":[{"href":"https:\/\/www.shouyasanitary.com\/de\/wp-json\/wp\/v2\/product"}],"about":[{"href":"https:\/\/www.shouyasanitary.com\/de\/wp-json\/wp\/v2\/types\/product"}],"replies":[{"embeddable":true,"href":"https:\/\/www.shouyasanitary.com\/de\/wp-json\/wp\/v2\/comments?post=1896"}],"wp:featuredmedia":[{"embeddable":true,"href":"https:\/\/www.shouyasanitary.com\/de\/wp-json\/wp\/v2\/media\/1908"}],"wp:attachment":[{"href":"https:\/\/www.shouyasanitary.com\/de\/wp-json\/wp\/v2\/media?parent=1896"}],"wp:term":[{"taxonomy":"product_brand","embeddable":true,"href":"https:\/\/www.shouyasanitary.com\/de\/wp-json\/wp\/v2\/product_brand?post=1896"},{"taxonomy":"product_cat","embeddable":true,"href":"https:\/\/www.shouyasanitary.com\/de\/wp-json\/wp\/v2\/product_cat?post=1896"},{"taxonomy":"product_tag","embeddable":true,"href":"https:\/\/www.shouyasanitary.com\/de\/wp-json\/wp\/v2\/product_tag?post=1896"}],"curies":[{"name":"wp","href":"https:\/\/api.w.org\/{rel}","templated":true}]}}