{"id":1897,"date":"2025-08-29T08:58:32","date_gmt":"2025-08-29T08:58:32","guid":{"rendered":"https:\/\/www.shouyasanitary.com\/?post_type=product&#038;p=1897"},"modified":"2025-08-29T08:58:38","modified_gmt":"2025-08-29T08:58:38","slug":"custom-luxury-bathroom-cabinets","status":"publish","type":"product","link":"https:\/\/www.shouyasanitary.com\/de\/produkt\/custom-luxury-bathroom-cabinets\/","title":{"rendered":"Benutzerdefinierte Luxus-Badezimmerschr\u00e4nke, Engineering-Grade Sperrholz Badezimmer Eitelkeit f\u00fcr Hotel in Bulk"},"content":{"rendered":"<div class=\"wp-block-columns is-layout-flex wp-container-core-columns-is-layout-9d6595d7 wp-block-columns-is-layout-flex\">\n<div class=\"wp-block-column is-layout-flow wp-block-column-is-layout-flow\">\n<h2 class=\"wp-block-heading\">Luxus-Badschr\u00e4nke Merkmale\uff1a<\/h2>\n\n\n\n<p><strong>Luxuri\u00f6ses Au\u00dfendesign: <\/strong>Das Gesamtdesign wird von schwarzem Marmor dominiert, mit nat\u00fcrlichen und gro\u00dfartigen Texturen. Es ist wie ein nat\u00fcrliches Kunstgem\u00e4lde und unterstreicht das edle und elegante Temperament. Das einzigartige Design der wolkenf\u00f6rmigen Spiegeloberfl\u00e4che in Kombination mit der sanften Hintergrundbeleuchtung verleiht dem Raum nicht nur optische Tiefe und Dreidimensionalit\u00e4t, sondern schafft auch eine warme und romantische Atmosph\u00e4re.<\/p>\n\n\n\n<p><strong>Hochwertige Materialauswahl:<\/strong> Hochwertiger schwarzer Marmor wird als Arbeitsplatte und Hintergrundmaterial verwendet. Er ist \u00e4u\u00dferst haltbar und verschlei\u00dffest. Marmor ist von Natur aus wasserdicht und neigt nicht zum Versickern von Wasser, was die Reinigung und Pflege erleichtert. Der Schrankteil besteht aus hochwertigen Materialien mit einer stabilen Struktur und langer Lebensdauer. Die Spiegeloberfl\u00e4che besteht aus hochaufl\u00f6sendem, explosionsgesch\u00fctztem Glas, das sicher und zuverl\u00e4ssig ist und ein klares Bild liefert, das Ihnen ein ultimatives Nutzungserlebnis bietet.<\/p>\n\n\n\n<p><strong>High-End-Szenenanpassung: <\/strong>Mit seinem luxuri\u00f6sen Aussehen und seiner herausragenden Qualit\u00e4t passt sich dieser Badezimmerschrank perfekt an die Badezimmerdekoration von Hotels der gehobenen Klasse, luxuri\u00f6sen Villen und Boutique-Apartments an, wertet den gesamten Raum auf und bietet dem Benutzer ein luxuri\u00f6ses Badezimmererlebnis.<\/p>\n\n\n\n<p><strong>Leistungsstarke und praktische Funktionen:<\/strong> Die 120 cm breite Arbeitsplatte bietet reichlich Platz, um Toilettenartikel, Kosmetika und andere Gegenst\u00e4nde bequem zu verstauen. Sie verleiht dem Badezimmer eine k\u00fcnstlerische Atmosph\u00e4re und erm\u00f6glicht Ihnen den bequemen Zugriff auf h\u00e4ufig verwendete Gegenst\u00e4nde. Der untere Schrank hat ein gro\u00dfes Fassungsverm\u00f6gen und erf\u00fcllt Ihre Anforderungen an eine geordnete Aufbewahrung von Badutensilien.<\/p>\n\n\n\n<p><strong>Ma\u00dfgeschneiderter Service<\/strong>: Gr\u00f6\u00dfe, Farbe, Material und Anpassungsschema k\u00f6nnen je nach Projektanforderungen angepasst werden, um die unterschiedlichen Bed\u00fcrfnisse von Hotels, fein dekorierten H\u00e4usern und technischen Projekten zu erf\u00fcllen.<\/p>\n<\/div>\n\n\n\n<div class=\"wp-block-column is-layout-flow wp-block-column-is-layout-flow\"><div class=\"wp-block-image\">\n<figure class=\"aligncenter size-full\"><img decoding=\"async\" width=\"700\" height=\"700\" src=\"https:\/\/www.shouyasanitary.com\/wp-content\/uploads\/2025\/08\/OEM-plywood-Bathroom-Vanity-Cabinet.webp\" alt=\"OEM Sperrholz Badezimmerschrank\" class=\"wp-image-1905\" style=\"object-fit:cover\" srcset=\"https:\/\/www.shouyasanitary.com\/wp-content\/uploads\/2025\/08\/OEM-plywood-Bathroom-Vanity-Cabinet.webp 700w, https:\/\/www.shouyasanitary.com\/wp-content\/uploads\/2025\/08\/OEM-plywood-Bathroom-Vanity-Cabinet-300x300.webp 300w, https:\/\/www.shouyasanitary.com\/wp-content\/uploads\/2025\/08\/OEM-plywood-Bathroom-Vanity-Cabinet-150x150.webp 150w, https:\/\/www.shouyasanitary.com\/wp-content\/uploads\/2025\/08\/OEM-plywood-Bathroom-Vanity-Cabinet-12x12.webp 12w, https:\/\/www.shouyasanitary.com\/wp-content\/uploads\/2025\/08\/OEM-plywood-Bathroom-Vanity-Cabinet-600x600.webp 600w, https:\/\/www.shouyasanitary.com\/wp-content\/uploads\/2025\/08\/OEM-plywood-Bathroom-Vanity-Cabinet-100x100.webp 100w\" sizes=\"(max-width: 700px) 100vw, 700px\" \/><\/figure>\n<\/div><\/div>\n<\/div>","protected":false},"excerpt":{"rendered":"<p>Kundenspezifische Luxus-Badschr\u00e4nke, gepaart mit einem wolkenf\u00f6rmigen LED-Spiegel und einer ger\u00e4umigen Marmor-Arbeitsplatte, eignen sich f\u00fcr gehobene R\u00e4ume wie Hotels, Villen und Wohnungen. Shouya Fabrik direkte Lieferung, Unterst\u00fctzung Gro\u00dfhandel und Anpassung. Willkommen zu erkundigen sofort!<\/p>\n<h2>Luxus-Badschr\u00e4nke Attribute\uff1a<\/h2>\n<p><strong>Artikel Nr.<\/strong>: SYY20250808-120<br \/><strong>Material des Geh\u00e4uses:<\/strong>\u00a0Sperrholz<br \/><strong>Farbe des Geh\u00e4uses: <\/strong>Braun<br \/><strong>Spiegel:<\/strong> LED-Spiegel (3,5 mm\/3,8 mm), dreifarbige Beleuchtung, One-Touch-Entfogging, gesichert mit mehrlagiger Schaumstoffverpackung<br \/><strong>Installationsart:<\/strong>\u00a0Wandbefestigung<br \/><strong>Abmessungen (L\u00d7B\u00d7H):<\/strong> 120x 48 x 52cm<br \/><strong>Bruttogewicht:<\/strong> 38 kg\/Satz<\/p>\n<h2>Anpassung &amp; Dienstleistungen:<\/h2>\n<p><strong>OEM &amp; ODM<\/strong>: Unterst\u00fctzt<br \/><strong>Gestaltung<\/strong>: Frei<br \/><strong>Zubeh\u00f6r<\/strong>: Waschbecken, Spiegel, Armaturen und anderes Badzubeh\u00f6r<br \/><strong>Verpacken<\/strong>: Einbaufertig<\/p>","protected":false},"featured_media":1905,"comment_status":"closed","ping_status":"closed","template":"","meta":{"_acf_changed":true},"product_brand":[],"product_cat":[20],"product_tag":[],"class_list":{"0":"post-1897","1":"product","2":"type-product","3":"status-publish","4":"has-post-thumbnail","6":"product_cat-wholesale-plywood-bathroom-vanity-cabinets","8":"first","9":"instock","10":"shipping-taxable","11":"product-type-simple"},"acf":[],"_links":{"self":[{"href":"https:\/\/www.shouyasanitary.com\/de\/wp-json\/wp\/v2\/product\/1897","targetHints":{"allow":["GET"]}}],"collection":[{"href":"https:\/\/www.shouyasanitary.com\/de\/wp-json\/wp\/v2\/product"}],"about":[{"href":"https:\/\/www.shouyasanitary.com\/de\/wp-json\/wp\/v2\/types\/product"}],"replies":[{"embeddable":true,"href":"https:\/\/www.shouyasanitary.com\/de\/wp-json\/wp\/v2\/comments?post=1897"}],"wp:featuredmedia":[{"embeddable":true,"href":"https:\/\/www.shouyasanitary.com\/de\/wp-json\/wp\/v2\/media\/1905"}],"wp:attachment":[{"href":"https:\/\/www.shouyasanitary.com\/de\/wp-json\/wp\/v2\/media?parent=1897"}],"wp:term":[{"taxonomy":"product_brand","embeddable":true,"href":"https:\/\/www.shouyasanitary.com\/de\/wp-json\/wp\/v2\/product_brand?post=1897"},{"taxonomy":"product_cat","embeddable":true,"href":"https:\/\/www.shouyasanitary.com\/de\/wp-json\/wp\/v2\/product_cat?post=1897"},{"taxonomy":"product_tag","embeddable":true,"href":"https:\/\/www.shouyasanitary.com\/de\/wp-json\/wp\/v2\/product_tag?post=1897"}],"curies":[{"name":"wp","href":"https:\/\/api.w.org\/{rel}","templated":true}]}}