{"id":1898,"date":"2025-09-07T23:16:52","date_gmt":"2025-09-07T23:16:52","guid":{"rendered":"https:\/\/www.shouyasanitary.com\/?post_type=product&#038;p=1898"},"modified":"2025-09-07T23:16:54","modified_gmt":"2025-09-07T23:16:54","slug":"wholesale-bathroom-cabinets-free-standing","status":"publish","type":"product","link":"https:\/\/www.shouyasanitary.com\/de\/produkt\/wholesale-bathroom-cabinets-free-standing\/","title":{"rendered":"Gro\u00dfhandel Bad Schr\u00e4nke frei stehend, orientierte Sperrholz Badezimmer Eitelkeit mit Spiegel hellgr\u00fcn stilvoll"},"content":{"rendered":"<div class=\"wp-block-columns is-layout-flex wp-container-core-columns-is-layout-9d6595d7 wp-block-columns-is-layout-flex\">\n<div class=\"wp-block-column is-layout-flow wp-block-column-is-layout-flow\">\n<h2 class=\"wp-block-heading\">Badezimmerschr\u00e4nke Freistehend Merkmale:<\/h2>\n\n\n\n<p><strong>Unkonventioneller elliptischer Spiegel<\/strong>: Sie ist das optische Highlight des Badezimmers. Sie sorgt nicht nur f\u00fcr eine gro\u00dfz\u00fcgige und angenehme Beleuchtung beim Waschen, sondern verleiht dem Bad auch eine modische Atmosph\u00e4re und ein technologisches Gef\u00fchl. <\/p>\n\n\n\n<p><strong>Einzigartige Textur<\/strong>: Der Korpus des Schranks weist eine nat\u00fcrliche Holzmaserung auf, ist schlicht und doch warm und verleiht dem Raum einen einzigartigen Stil.<\/p>\n\n\n\n<p><strong>Bequeme Installationskompatibilit\u00e4t: <\/strong>Das Produkt ist so konzipiert, dass die Bequemlichkeit der Installation vollst\u00e4ndig ber\u00fccksichtigt wird. Es ist mit einer detaillierten Installationsanleitung und dem erforderlichen Installationszubeh\u00f6r ausgestattet. Selbst f\u00fcr unerfahrene Installateure, kann es leicht abgeschlossen werden. Dies spart Ihnen Zeit und Kosten bei der Installation und erm\u00f6glicht es Ihnen, schnell den idealen Raum im Badezimmer zu schaffen.<\/p>\n\n\n\n<p><strong>Hochwertiges Material und hochwertige Verarbeitung: <\/strong>Der Schrankkorpus besteht aus hochwertigem Sperrholz, das \u00fcber eine ausgezeichnete Stabilit\u00e4t und Verformungsfestigkeit verf\u00fcgt und der feuchten Umgebung im Badezimmer gut standh\u00e4lt. Die Oberfl\u00e4che wird einer sorgf\u00e4ltigen, wasserdichten Behandlung unterzogen, die den Feuchtigkeitsschutz weiter verbessert und die Lebensdauer des Produkts verl\u00e4ngert.<\/p>\n\n\n\n<p><strong>Praktische funktionale Konfiguration: <\/strong>Das Design mit einer Gr\u00f6\u00dfe von 80 cm ist vern\u00fcnftig und bietet eine ger\u00e4umige Arbeitsfl\u00e4che, auf der Sie allt\u00e4gliche Dinge wie Toilettenartikel und Kosmetika leicht unterbringen k\u00f6nnen. Der Unterschrank bietet reichlich Stauraum und erf\u00fcllt alle Ihre Anforderungen an die Aufbewahrung im Badezimmer.<\/p>\n\n\n\n<p><strong>Unterst\u00fctzung OEM\/ODM:\u00a0<\/strong>Wir bieten einen kundenspezifischen Service an, einschlie\u00dflich Farbe, Gr\u00f6\u00dfe, Stil des Spiegelschranks, Beleuchtungsfunktion usw., der je nach Kundenwunsch angepasst werden kann, um den verschiedenen technischen Projektanforderungen gerecht zu werden.<\/p>\n<\/div>\n\n\n\n<div class=\"wp-block-column is-layout-flow wp-block-column-is-layout-flow\"><div class=\"wp-block-image\">\n<figure class=\"aligncenter size-full\"><img decoding=\"async\" width=\"700\" height=\"700\" src=\"https:\/\/www.shouyasanitary.com\/wp-content\/uploads\/2025\/08\/Customized-plywood-bathroom-cabinet-vanity.webp\" alt=\"Ma\u00dfgeschneiderte Sperrholz Bad Schrank Eitelkeit\" class=\"wp-image-1902\" style=\"object-fit:cover\" srcset=\"https:\/\/www.shouyasanitary.com\/wp-content\/uploads\/2025\/08\/Customized-plywood-bathroom-cabinet-vanity.webp 700w, https:\/\/www.shouyasanitary.com\/wp-content\/uploads\/2025\/08\/Customized-plywood-bathroom-cabinet-vanity-300x300.webp 300w, https:\/\/www.shouyasanitary.com\/wp-content\/uploads\/2025\/08\/Customized-plywood-bathroom-cabinet-vanity-150x150.webp 150w, https:\/\/www.shouyasanitary.com\/wp-content\/uploads\/2025\/08\/Customized-plywood-bathroom-cabinet-vanity-12x12.webp 12w, https:\/\/www.shouyasanitary.com\/wp-content\/uploads\/2025\/08\/Customized-plywood-bathroom-cabinet-vanity-600x600.webp 600w, https:\/\/www.shouyasanitary.com\/wp-content\/uploads\/2025\/08\/Customized-plywood-bathroom-cabinet-vanity-100x100.webp 100w\" sizes=\"(max-width: 700px) 100vw, 700px\" \/><\/figure>\n<\/div><\/div>\n<\/div>","protected":false},"excerpt":{"rendered":"<p>Der freistehende 80-cm-Badezimmerschrank aus Sperrholz verf\u00fcgt \u00fcber einen einzigartigen, unregelm\u00e4\u00dfigen Spiegel mit sanfter Hintergrundbeleuchtung, der ein stilvolles und auff\u00e4lliges Erscheinungsbild bietet. Das gut organisierte Layout bietet praktischen Stauraum, was ihn zu einer ausgezeichneten Wahl f\u00fcr Badezimmer in Hotels und gewerblichen Einrichtungen macht. Bitte fragen Sie uns jederzeit an.<\/p>\n<h2>Badezimmerschr\u00e4nke Freistehend Attribute\uff1a<\/h2>\n<p><strong>Artikel Nr.<\/strong>: SYY20250807-80<\/p>\n<p><strong>Material des Geh\u00e4uses<\/strong>: Sperrholz<br \/><strong>Farbe des Geh\u00e4uses<\/strong>: Hellgr\u00fcn<\/p>\n<p><strong>Spiegel:<\/strong> LED-Spiegel (3,5 mm\/3,8 mm), dreifarbige Beleuchtung, One-Touch-Entfogging, gesichert mit mehrlagiger Schaumstoffverpackung<br \/><strong>Installationsart:<\/strong> Bodenstehend<br \/><strong>Abmessungen (L\u00d7B\u00d7H):<\/strong> 80*50*48cm<\/p>\n<h2>Anpassung &amp; Dienstleistungen:<\/h2>\n<p><strong>OEM &amp; ODM<\/strong>: Unterst\u00fctzt<br \/><strong>Gestaltung<\/strong>: Frei<br \/><strong>Zubeh\u00f6r<\/strong>: Waschbecken, Spiegel, Armaturen und anderes Badzubeh\u00f6r<br \/><strong>Verpacken<\/strong>: Einbaufertig<\/p>","protected":false},"featured_media":1902,"comment_status":"closed","ping_status":"closed","template":"","meta":{"_acf_changed":true},"product_brand":[],"product_cat":[20],"product_tag":[],"class_list":{"0":"post-1898","1":"product","2":"type-product","3":"status-publish","4":"has-post-thumbnail","6":"product_cat-wholesale-plywood-bathroom-vanity-cabinets","8":"first","9":"instock","10":"shipping-taxable","11":"product-type-simple"},"acf":[],"_links":{"self":[{"href":"https:\/\/www.shouyasanitary.com\/de\/wp-json\/wp\/v2\/product\/1898","targetHints":{"allow":["GET"]}}],"collection":[{"href":"https:\/\/www.shouyasanitary.com\/de\/wp-json\/wp\/v2\/product"}],"about":[{"href":"https:\/\/www.shouyasanitary.com\/de\/wp-json\/wp\/v2\/types\/product"}],"replies":[{"embeddable":true,"href":"https:\/\/www.shouyasanitary.com\/de\/wp-json\/wp\/v2\/comments?post=1898"}],"wp:featuredmedia":[{"embeddable":true,"href":"https:\/\/www.shouyasanitary.com\/de\/wp-json\/wp\/v2\/media\/1902"}],"wp:attachment":[{"href":"https:\/\/www.shouyasanitary.com\/de\/wp-json\/wp\/v2\/media?parent=1898"}],"wp:term":[{"taxonomy":"product_brand","embeddable":true,"href":"https:\/\/www.shouyasanitary.com\/de\/wp-json\/wp\/v2\/product_brand?post=1898"},{"taxonomy":"product_cat","embeddable":true,"href":"https:\/\/www.shouyasanitary.com\/de\/wp-json\/wp\/v2\/product_cat?post=1898"},{"taxonomy":"product_tag","embeddable":true,"href":"https:\/\/www.shouyasanitary.com\/de\/wp-json\/wp\/v2\/product_tag?post=1898"}],"curies":[{"name":"wp","href":"https:\/\/api.w.org\/{rel}","templated":true}]}}