{"id":1914,"date":"2025-09-07T23:16:45","date_gmt":"2025-09-07T23:16:45","guid":{"rendered":"https:\/\/www.shouyasanitary.com\/?post_type=product&#038;p=1914"},"modified":"2025-09-07T23:16:48","modified_gmt":"2025-09-07T23:16:48","slug":"wholesale-green-bathroom-cabinets","status":"publish","type":"product","link":"https:\/\/www.shouyasanitary.com\/de\/produkt\/wholesale-green-bathroom-cabinets\/","title":{"rendered":"Gro\u00dfhandel gr\u00fcn Bad Schr\u00e4nke, Sperrholz Eitelkeit Bad Spiegel Schrank f\u00fcr Hotel Lieferant"},"content":{"rendered":"<div class=\"wp-block-columns is-layout-flex wp-container-core-columns-is-layout-9d6595d7 wp-block-columns-is-layout-flex\">\n<div class=\"wp-block-column is-layout-flow wp-block-column-is-layout-flow\">\n<h2 class=\"wp-block-heading\">Gr\u00fcne Badezimmerschr\u00e4nke Merkmale\uff1a<\/h2>\n\n\n\n<p><strong>Frisches gr\u00fcnes Farbdesign: <\/strong>Der Schrank ist in einem frischen Mintgr\u00fcn gehalten, das die traditionellen Farbgrenzen von Badezimmerschr\u00e4nken durchbricht und dem Raum eine nat\u00fcrliche Vitalit\u00e4t verleiht. Er wird mit einer hellbeigen Wand kombiniert und schafft eine weiche und heilsame Waschraumatmosph\u00e4re, die zu modernem Minimalismus, hellem Wabi-Sabi und anderen Stilen passt. <\/p>\n\n\n\n<p><strong>Colorblock-Design<\/strong>: Der Spiegelschrank integriert Hellbraun und Off-White, bereichert die visuelle Hierarchie durch Farbmischung, bildet ein Gleichgewicht zwischen k\u00fchl und warm mit dem Schrank, macht das Bad mehr Design-orientiert.<\/p>\n\n\n\n<p><strong>Aufgeh\u00e4ngte Installation<\/strong>: Er schafft Platz im unteren Bereich, reduziert tote Zonen und erleichtert die t\u00e4gliche Reinigung. Au\u00dferdem l\u00e4sst er kleine B\u00e4der ger\u00e4umiger erscheinen und vergr\u00f6\u00dfert den Raum optisch, was ihn f\u00fcr kleine Wohnungen geeignet macht. <\/p>\n\n\n\n<p><strong>Integrierter Spiegelschrank<\/strong>: Er integriert Ablage- und Spiegelfunktionen und verf\u00fcgt \u00fcber eine verborgene Ablagefl\u00e4che f\u00fcr Pflegeprodukte und Toilettenartikel, so dass die Arbeitsfl\u00e4che sauber bleibt. Der Spiegel ist mit einer intelligenten Uhr ausgestattet, die Funktionalit\u00e4t mit Technologie verbindet.<\/p>\n\n\n\n<p><strong>Vorteile des Sperrholzkerns:<\/strong> hohe Materialz\u00e4higkeit, Widerstandsf\u00e4higkeit gegen Verformung und Ausbeulung aufgrund von Feuchtigkeitserosion in langfristig feuchten Badezimmern, Gew\u00e4hrleistung einer stabilen Schrankstruktur und Verl\u00e4ngerung der Lebensdauer, Anpassung an die besonderen Bed\u00fcrfnisse von Badezimmern.<\/p>\n\n\n\n<p><strong>Einfach zu installieren und zu warten:<\/strong> Geringeres Gewicht als Massivholz, einfache Installation, geringe Anforderungen an die Tragf\u00e4higkeit der Wand, wodurch die Installationsschwierigkeiten und -risiken reduziert werden; die Sperrholzoberfl\u00e4che ist speziell behandelt, mit ausgezeichneten wasserdichten und schimmelsicheren Eigenschaften, einfacher t\u00e4glicher Wartung und kann mit einem feuchten Tuch abgewischt werden. <\/p>\n\n\n\n<p><strong>Werksversorgung<\/strong>: Der Produktionsprozess ist umweltfreundlich und effizient, mit einer rationellen Nutzung der Holzressourcen, kontrollierbaren Kosten und der F\u00e4higkeit, sowohl Design als auch Zweckm\u00e4\u00dfigkeit zu einem erschwinglichen Preis zu erreichen, so dass die Verbraucher qualitativ hochwertige Badezimmer zu einem erschwinglichen Preis schaffen k\u00f6nnen.<\/p>\n<\/div>\n\n\n\n<div class=\"wp-block-column is-layout-flow wp-block-column-is-layout-flow\"><div class=\"wp-block-image\">\n<figure class=\"aligncenter size-full\"><img decoding=\"async\" width=\"700\" height=\"700\" src=\"https:\/\/www.shouyasanitary.com\/wp-content\/uploads\/2025\/08\/Bulk-Purchases-Cabinet-With-Mirror.webp\" alt=\"Bulk Purchases Schrank mit Spiegel\" class=\"wp-image-1915\" style=\"object-fit:cover\" srcset=\"https:\/\/www.shouyasanitary.com\/wp-content\/uploads\/2025\/08\/Bulk-Purchases-Cabinet-With-Mirror.webp 700w, https:\/\/www.shouyasanitary.com\/wp-content\/uploads\/2025\/08\/Bulk-Purchases-Cabinet-With-Mirror-300x300.webp 300w, https:\/\/www.shouyasanitary.com\/wp-content\/uploads\/2025\/08\/Bulk-Purchases-Cabinet-With-Mirror-150x150.webp 150w, https:\/\/www.shouyasanitary.com\/wp-content\/uploads\/2025\/08\/Bulk-Purchases-Cabinet-With-Mirror-12x12.webp 12w, https:\/\/www.shouyasanitary.com\/wp-content\/uploads\/2025\/08\/Bulk-Purchases-Cabinet-With-Mirror-600x600.webp 600w, https:\/\/www.shouyasanitary.com\/wp-content\/uploads\/2025\/08\/Bulk-Purchases-Cabinet-With-Mirror-100x100.webp 100w\" sizes=\"(max-width: 700px) 100vw, 700px\" \/><\/figure>\n<\/div><\/div>\n<\/div>","protected":false},"excerpt":{"rendered":"<p>Gr\u00fcne Badezimmerschr\u00e4nke im Gro\u00dfhandel, hergestellt aus langlebigem Sperrholz f\u00fcr ein leichtes Design. Sie verf\u00fcgen \u00fcber ein h\u00e4ngendes Design und einen Spiegelschrank mit passendem Farbschema und sind mit einer eingebauten intelligenten Uhr und LED-Lichtleiste ausgestattet. Die kosteneffektive L\u00f6sung f\u00fcr das Badezimmer ist perfekt f\u00fcr moderne, kleine Bad-Upgrades. Kontaktieren Sie uns f\u00fcr eine individuelle L\u00f6sung.<\/p>\n<h2>Gr\u00fcne Badezimmerschr\u00e4nke Attribute\uff1a<\/h2>\n<p><strong>Artikel Nr.: <\/strong>SYY20250802-60<strong><br \/>Material des Geh\u00e4uses:<\/strong> PVC<br \/><strong>Farbe des Geh\u00e4uses:\u00a0<\/strong>Gr\u00fcn<br \/><strong>Spiegel:<\/strong> LED-Spiegel (3,5 mm\/3,8 mm), dreifarbige Beleuchtung, One-Touch-Entfogging, gesichert mit mehrlagiger Schaumstoffverpackung<br \/><strong>Installationsart:<\/strong>\u00a0Wandbefestigung<br \/><strong>Abmessungen (L\u00d7B\u00d7H):<\/strong> 60*47*47 cm<br \/><strong>Bruttogewicht:<\/strong> 30kg\/Satz<\/p>\n<h2>Anpassung &amp; Dienstleistungen:<\/h2>\n<p><strong>OEM &amp; ODM<\/strong>: Unterst\u00fctzt<br \/><strong>Gestaltung<\/strong>: Frei<br \/><strong>Zubeh\u00f6r<\/strong>: Waschbecken, Spiegel, Armaturen und anderes Badzubeh\u00f6r<br \/><strong>Verpacken<\/strong>: Einbaufertig<\/p>","protected":false},"featured_media":1915,"comment_status":"closed","ping_status":"closed","template":"","meta":{"_acf_changed":true},"product_brand":[],"product_cat":[24],"product_tag":[],"class_list":{"0":"post-1914","1":"product","2":"type-product","3":"status-publish","4":"has-post-thumbnail","6":"product_cat-wholesale-pvc-bathroom-vanity-cabinets","8":"first","9":"instock","10":"shipping-taxable","11":"product-type-simple"},"acf":[],"_links":{"self":[{"href":"https:\/\/www.shouyasanitary.com\/de\/wp-json\/wp\/v2\/product\/1914","targetHints":{"allow":["GET"]}}],"collection":[{"href":"https:\/\/www.shouyasanitary.com\/de\/wp-json\/wp\/v2\/product"}],"about":[{"href":"https:\/\/www.shouyasanitary.com\/de\/wp-json\/wp\/v2\/types\/product"}],"replies":[{"embeddable":true,"href":"https:\/\/www.shouyasanitary.com\/de\/wp-json\/wp\/v2\/comments?post=1914"}],"wp:featuredmedia":[{"embeddable":true,"href":"https:\/\/www.shouyasanitary.com\/de\/wp-json\/wp\/v2\/media\/1915"}],"wp:attachment":[{"href":"https:\/\/www.shouyasanitary.com\/de\/wp-json\/wp\/v2\/media?parent=1914"}],"wp:term":[{"taxonomy":"product_brand","embeddable":true,"href":"https:\/\/www.shouyasanitary.com\/de\/wp-json\/wp\/v2\/product_brand?post=1914"},{"taxonomy":"product_cat","embeddable":true,"href":"https:\/\/www.shouyasanitary.com\/de\/wp-json\/wp\/v2\/product_cat?post=1914"},{"taxonomy":"product_tag","embeddable":true,"href":"https:\/\/www.shouyasanitary.com\/de\/wp-json\/wp\/v2\/product_tag?post=1914"}],"curies":[{"name":"wp","href":"https:\/\/api.w.org\/{rel}","templated":true}]}}