{"id":1918,"date":"2025-09-07T23:16:43","date_gmt":"2025-09-07T23:16:43","guid":{"rendered":"https:\/\/www.shouyasanitary.com\/?post_type=product&#038;p=1918"},"modified":"2025-09-07T23:16:45","modified_gmt":"2025-09-07T23:16:45","slug":"custom-modern-bathroom-vanities","status":"publish","type":"product","link":"https:\/\/www.shouyasanitary.com\/de\/produkt\/custom-modern-bathroom-vanities\/","title":{"rendered":"Custom Modern Badezimmer Eitelkeiten, Gr\u00fcn Badezimmer Schr\u00e4nke Spiegel Sperrholz mit Schubladen in Bulk"},"content":{"rendered":"<div class=\"wp-block-columns is-layout-flex wp-container-core-columns-is-layout-9d6595d7 wp-block-columns-is-layout-flex\">\n<div class=\"wp-block-column is-layout-flow wp-block-column-is-layout-flow\">\n<h2 class=\"wp-block-heading\">Moderne Badezimmer-Eitelkeiten Eigenschaften:<\/h2>\n\n\n\n<p><strong>Weiche Farben: <\/strong>Der Schrankkorpus hat eine frische und sanfte hellgr\u00fcne Farbe, die ein Gef\u00fchl der Heilung vermittelt. Es wird mit cremefarbenen Arbeitsplatten und W\u00e4nden kombiniert und schafft eine ruhige und warme Atmosph\u00e4re. Er eignet sich f\u00fcr den modernen Minimalismus, den cremefarbenen Stil und andere unterschiedliche Einrichtungsstile, verleiht dem Badezimmer nat\u00fcrliche Vitalit\u00e4t und durchbricht die Tristesse des Raums. <\/p>\n\n\n\n<p><strong>Speicherfunktion: <\/strong>Der Hauptschrank verf\u00fcgt \u00fcber eine asymmetrische Anordnung von \"zwei Schubladen und einer T\u00fcr\", die besonders sch\u00f6n und praktisch ist. Die Doppelschubladen befinden sich auf der linken Seite und erm\u00f6glichen die kategorisierte Aufbewahrung von kleinen Gegenst\u00e4nden wie Zahnb\u00fcrsten und Hautpflegeprodukten, die leicht zug\u00e4nglich sind und Feuchtigkeit vermeiden k\u00f6nnen. Der Schrank mit T\u00fcr\u00f6ffnung auf der rechten Seite verf\u00fcgt \u00fcber einen \u00fcbersichtlichen Raum, der sich f\u00fcr die Aufbewahrung gro\u00dfer Gegenst\u00e4nde wie Badet\u00fccher und Badezubeh\u00f6r eignet. Durch die klare Zonierung wird jeder Zentimeter des Raums genutzt, und die gro\u00dfe Speicherkapazit\u00e4t sorgt f\u00fcr Ordnung im Bad. <\/p>\n\n\n\n<p><strong>Hochwertiges Sperrholzmaterial: <\/strong> In feuchten Badezimmern ist es weniger anf\u00e4llig f\u00fcr Verformungen und Risse aufgrund von Feuchtigkeitsschwankungen, was eine langfristige Nutzung gew\u00e4hrleistet. Die relativ leichte Textur reduziert die Belastung der Wand und macht die Installation einfach. <\/p>\n\n\n\n<p><strong>Wasserdichte und feuchtigkeitsbest\u00e4ndige Oberfl\u00e4che<\/strong>: Die Oberfl\u00e4che l\u00e4sst sich leicht impr\u00e4gnieren und streichen und haftet fest auf einem hellgr\u00fcnen Anstrich, der eine helle Farbe beh\u00e4lt. Sie besitzt auch einen gewissen Grad an Feuchtigkeitsbest\u00e4ndigkeit und eignet sich gut f\u00fcr den Einsatz im Badezimmer. <\/p>\n\n\n\n<p><strong>Hohe Kostenleistung<\/strong>: Sein Preis-Leistungs-Verh\u00e4ltnis \u00fcbertrifft das mancher Naturh\u00f6lzer und schafft ein Gleichgewicht zwischen \u00c4sthetik und Zweckm\u00e4\u00dfigkeit.<\/p>\n<\/div>\n\n\n\n<div class=\"wp-block-column is-layout-flow wp-block-column-is-layout-flow\"><div class=\"wp-block-image\">\n<figure class=\"aligncenter size-full\"><img decoding=\"async\" width=\"700\" height=\"700\" src=\"https:\/\/www.shouyasanitary.com\/wp-content\/uploads\/2025\/08\/Bulk-Purchases-Bathroom-Cabinet-1.webp\" alt=\"Bulk Purchases Badezimmerschrank\" class=\"wp-image-1919\" style=\"object-fit:cover\" srcset=\"https:\/\/www.shouyasanitary.com\/wp-content\/uploads\/2025\/08\/Bulk-Purchases-Bathroom-Cabinet-1.webp 700w, https:\/\/www.shouyasanitary.com\/wp-content\/uploads\/2025\/08\/Bulk-Purchases-Bathroom-Cabinet-1-300x300.webp 300w, https:\/\/www.shouyasanitary.com\/wp-content\/uploads\/2025\/08\/Bulk-Purchases-Bathroom-Cabinet-1-150x150.webp 150w, https:\/\/www.shouyasanitary.com\/wp-content\/uploads\/2025\/08\/Bulk-Purchases-Bathroom-Cabinet-1-12x12.webp 12w, https:\/\/www.shouyasanitary.com\/wp-content\/uploads\/2025\/08\/Bulk-Purchases-Bathroom-Cabinet-1-600x600.webp 600w, https:\/\/www.shouyasanitary.com\/wp-content\/uploads\/2025\/08\/Bulk-Purchases-Bathroom-Cabinet-1-100x100.webp 100w\" sizes=\"(max-width: 700px) 100vw, 700px\" \/><\/figure>\n<\/div><\/div>\n<\/div>","protected":false},"excerpt":{"rendered":"<p>Bulk benutzerdefinierte Eitelkeiten Bad, ausgezeichnetes Material, ist die ideale Wahl f\u00fcr die Schaffung eines komfortablen und funktionalen Bad Raum. Bitte kontaktieren Sie uns f\u00fcr ein Angebot und Produktkatalog\uff01<\/p>\n<h2>Benutzerdefinierte Sperrholz Badezimmer Schr\u00e4nke Attribute\uff1a<\/h2>\n<p><strong>Artikel Nr.<\/strong>: SYY20250803-80<\/p>\n<p><strong>Material des Geh\u00e4uses<\/strong>: Sperrholz<br \/><strong>Farbe des Geh\u00e4uses<\/strong>: Gr\u00fcn<\/p>\n<p><strong>Spiegel:<\/strong> LED-Spiegel (3,5 mm\/3,8 mm), dreifarbige Beleuchtung, One-Touch-Entfogging, gesichert mit mehrlagiger Schaumstoffverpackung<br \/><strong>Installationsart:<\/strong>\u00a0Wandbefestigung<br \/><strong>Abmessungen (L\u00d7B\u00d7H):<\/strong> 80*47*48cm<\/p>\n<h2>Anpassung &amp; Dienstleistungen:<\/h2>\n<p><strong>OEM &amp; ODM<\/strong>: Unterst\u00fctzt<br \/><strong>Gestaltung<\/strong>: Frei<br \/><strong>Zubeh\u00f6r<\/strong>: Waschbecken, Spiegel, Armaturen und anderes Badzubeh\u00f6r<br \/><strong>Verpacken<\/strong>: Einbaufertig<\/p>","protected":false},"featured_media":1919,"comment_status":"closed","ping_status":"closed","template":"","meta":{"_acf_changed":true},"product_brand":[],"product_cat":[20],"product_tag":[],"class_list":{"0":"post-1918","1":"product","2":"type-product","3":"status-publish","4":"has-post-thumbnail","6":"product_cat-wholesale-plywood-bathroom-vanity-cabinets","8":"first","9":"instock","10":"shipping-taxable","11":"product-type-simple"},"acf":[],"_links":{"self":[{"href":"https:\/\/www.shouyasanitary.com\/de\/wp-json\/wp\/v2\/product\/1918","targetHints":{"allow":["GET"]}}],"collection":[{"href":"https:\/\/www.shouyasanitary.com\/de\/wp-json\/wp\/v2\/product"}],"about":[{"href":"https:\/\/www.shouyasanitary.com\/de\/wp-json\/wp\/v2\/types\/product"}],"replies":[{"embeddable":true,"href":"https:\/\/www.shouyasanitary.com\/de\/wp-json\/wp\/v2\/comments?post=1918"}],"wp:featuredmedia":[{"embeddable":true,"href":"https:\/\/www.shouyasanitary.com\/de\/wp-json\/wp\/v2\/media\/1919"}],"wp:attachment":[{"href":"https:\/\/www.shouyasanitary.com\/de\/wp-json\/wp\/v2\/media?parent=1918"}],"wp:term":[{"taxonomy":"product_brand","embeddable":true,"href":"https:\/\/www.shouyasanitary.com\/de\/wp-json\/wp\/v2\/product_brand?post=1918"},{"taxonomy":"product_cat","embeddable":true,"href":"https:\/\/www.shouyasanitary.com\/de\/wp-json\/wp\/v2\/product_cat?post=1918"},{"taxonomy":"product_tag","embeddable":true,"href":"https:\/\/www.shouyasanitary.com\/de\/wp-json\/wp\/v2\/product_tag?post=1918"}],"curies":[{"name":"wp","href":"https:\/\/api.w.org\/{rel}","templated":true}]}}