{"id":1922,"date":"2025-09-07T23:16:40","date_gmt":"2025-09-07T23:16:40","guid":{"rendered":"https:\/\/www.shouyasanitary.com\/?post_type=product&#038;p=1922"},"modified":"2025-09-07T23:16:43","modified_gmt":"2025-09-07T23:16:43","slug":"wholesale-double-sink-bathroom-vanity","status":"publish","type":"product","link":"https:\/\/www.shouyasanitary.com\/de\/produkt\/wholesale-double-sink-bathroom-vanity\/","title":{"rendered":"Gro\u00dfhandel Doppelwaschbecken Badezimmer Eitelkeit, Luxus Schr\u00e4nke Badezimmer Wand montiert Sperrholz grau Spiegel Schrank Lieferant"},"content":{"rendered":"<div class=\"wp-block-columns is-layout-flex wp-container-core-columns-is-layout-9d6595d7 wp-block-columns-is-layout-flex\">\n<div class=\"wp-block-column is-layout-flow wp-block-column-is-layout-flow\">\n<h2 class=\"wp-block-heading\">Doppelwaschbecken Badezimmer Eitelkeit Eigenschaften\uff1a<\/h2>\n\n\n\n<p><strong>Hochwertiger Stil: <\/strong>Das gesamte Farbschema wird von dunklem Grau und Schwarz dominiert, gepaart mit cremefarbenen Schr\u00e4nken und Elementen mit Marmorstruktur, die eine luxuri\u00f6se und ruhige Raumatmosph\u00e4re schaffen. Es steht im Einklang mit modernem High-End- und hellem Luxus-Wohndesign. <\/p>\n\n\n\n<p><strong>Gro\u00dfformatiger intelligenter Spiegel<\/strong>: Die Umgebungsbeleuchtung verst\u00e4rkt das Gef\u00fchl der Raffinesse und des Ambientes.<\/p>\n\n\n\n<p><strong>Angemessene Zoneneinteilung: <\/strong>Die Kombination aus Doppelschr\u00e4nken und einem offenen Stauraum in der Mitte mit rautenf\u00f6rmigen, weich gepolsterten T\u00fcren auf beiden Seiten der Schr\u00e4nke bietet reichlich verdeckten Stauraum f\u00fcr die kategorisierte Aufbewahrung von Badet\u00fcchern, Toilettenartikeln und anderen Artikeln. Der offene Bereich in der Mitte erleichtert den Zugriff auf h\u00e4ufig verwendete Artikel wie Zahnb\u00fcrsten und Aromatherapieprodukte. Wenn die Schr\u00e4nke geschlossen sind, bilden sie einen abgedichteten Raum, wobei die weich gepolsterten T\u00fcren eng anliegen, um das Eindringen von Staub zu verhindern. Obwohl der offene Bereich in der Mitte exponiert ist, kann er aufgrund der h\u00e4ufigen Verwendung von Gegenst\u00e4nden und der relativ sauberen Gesamtumgebung in Verbindung mit der t\u00e4glichen Reinigung des Badezimmers die Staubansammlung wirksam kontrollieren.<\/p>\n\n\n\n<p><strong>Angemessene Raumnutzung:<\/strong> Die h\u00e4ngende Installation spart Bodenfl\u00e4che, erleichtert die Reinigung und l\u00e4sst das Bad ger\u00e4umiger erscheinen; der gro\u00dfe Spiegel erweitert den visuellen Effekt, und in Verbindung mit der Beleuchtung verleiht er einem kleinen Raum ein Gef\u00fchl von Offenheit. <\/p>\n\n\n\n<p><strong>Doppeltes Waschbecken-Design<\/strong>: Erm\u00f6glicht die gleichzeitige Nutzung des Raums durch mehrere Benutzer, was die Effizienz der Raumnutzung erh\u00f6ht.<\/p>\n<\/div>\n\n\n\n<div class=\"wp-block-column is-layout-flow wp-block-column-is-layout-flow\"><div class=\"wp-block-image\">\n<figure class=\"aligncenter size-full\"><img decoding=\"async\" width=\"700\" height=\"700\" src=\"https:\/\/www.shouyasanitary.com\/wp-content\/uploads\/2025\/08\/Custom-With-Cabinet-Vanity.webp\" alt=\"Benutzerdefiniert mit Kabinett Eitelkeit\" class=\"wp-image-1923\" style=\"object-fit:cover\" srcset=\"https:\/\/www.shouyasanitary.com\/wp-content\/uploads\/2025\/08\/Custom-With-Cabinet-Vanity.webp 700w, https:\/\/www.shouyasanitary.com\/wp-content\/uploads\/2025\/08\/Custom-With-Cabinet-Vanity-300x300.webp 300w, https:\/\/www.shouyasanitary.com\/wp-content\/uploads\/2025\/08\/Custom-With-Cabinet-Vanity-150x150.webp 150w, https:\/\/www.shouyasanitary.com\/wp-content\/uploads\/2025\/08\/Custom-With-Cabinet-Vanity-12x12.webp 12w, https:\/\/www.shouyasanitary.com\/wp-content\/uploads\/2025\/08\/Custom-With-Cabinet-Vanity-600x600.webp 600w, https:\/\/www.shouyasanitary.com\/wp-content\/uploads\/2025\/08\/Custom-With-Cabinet-Vanity-100x100.webp 100w\" sizes=\"(max-width: 700px) 100vw, 700px\" \/><\/figure>\n<\/div><\/div>\n<\/div>","protected":false},"excerpt":{"rendered":"<p>Willkommen im Gro\u00dfhandel Doppelwaschbecken Bad Eitelkeit. Das dunkelgrau-schwarze Marmor-Design strahlt eine luxuri\u00f6se Eleganz aus. Doppelwaschbecken, unterteilter Stauraum, ein an der Wand montiertes Design und ein gro\u00dfer beleuchteter Spiegel schaffen eine ger\u00e4umige Atmosph\u00e4re. Ideal f\u00fcr gehobene Wohnh\u00e4user, Wohnungen und Hotels. Wir bieten Gro\u00dfhandel, Direktverkauf und Sonderanfertigungen an. Bitte kontaktieren Sie uns f\u00fcr ein Angebot.<\/p>\n<h2>Doppelwaschbecken Badezimmer Eitelkeit Attribute\uff1a<\/h2>\n<p><strong>Artikel Nr.:<\/strong>SYY20250805-140<strong><br \/>Material des Geh\u00e4uses:<\/strong>\u00a0Sperrholz<br \/><strong>Farbe des Geh\u00e4uses:<\/strong> Grau<br \/><strong>Spiegel:<\/strong> LED-Spiegel (3,5 mm\/3,8 mm), dreifarbige Beleuchtung, One-Touch-Entfogging, gesichert mit mehrlagiger Schaumstoffverpackung<br \/><strong>Installationsart:<\/strong>\u00a0Wandbefestigung<br \/><strong>Abmessungen (L\u00d7B\u00d7H):<\/strong> 140x50x45 cm<br \/><strong>Bruttogewicht:<\/strong> 45kg\/Satz<\/p>\n<h2>Anpassung &amp; Dienstleistungen:<\/h2>\n<p><strong>OEM &amp; ODM<\/strong>: Unterst\u00fctzt<br \/><strong>Gestaltung<\/strong>: Frei<br \/><strong>Zubeh\u00f6r<\/strong>: Waschbecken, Spiegel, Armaturen und anderes Badzubeh\u00f6r<br \/><strong>Verpacken<\/strong>: Einbaufertig<\/p>","protected":false},"featured_media":1923,"comment_status":"closed","ping_status":"closed","template":"","meta":{"_acf_changed":true},"product_brand":[],"product_cat":[20],"product_tag":[],"class_list":{"0":"post-1922","1":"product","2":"type-product","3":"status-publish","4":"has-post-thumbnail","6":"product_cat-wholesale-plywood-bathroom-vanity-cabinets","8":"first","9":"instock","10":"shipping-taxable","11":"product-type-simple"},"acf":[],"_links":{"self":[{"href":"https:\/\/www.shouyasanitary.com\/de\/wp-json\/wp\/v2\/product\/1922","targetHints":{"allow":["GET"]}}],"collection":[{"href":"https:\/\/www.shouyasanitary.com\/de\/wp-json\/wp\/v2\/product"}],"about":[{"href":"https:\/\/www.shouyasanitary.com\/de\/wp-json\/wp\/v2\/types\/product"}],"replies":[{"embeddable":true,"href":"https:\/\/www.shouyasanitary.com\/de\/wp-json\/wp\/v2\/comments?post=1922"}],"wp:featuredmedia":[{"embeddable":true,"href":"https:\/\/www.shouyasanitary.com\/de\/wp-json\/wp\/v2\/media\/1923"}],"wp:attachment":[{"href":"https:\/\/www.shouyasanitary.com\/de\/wp-json\/wp\/v2\/media?parent=1922"}],"wp:term":[{"taxonomy":"product_brand","embeddable":true,"href":"https:\/\/www.shouyasanitary.com\/de\/wp-json\/wp\/v2\/product_brand?post=1922"},{"taxonomy":"product_cat","embeddable":true,"href":"https:\/\/www.shouyasanitary.com\/de\/wp-json\/wp\/v2\/product_cat?post=1922"},{"taxonomy":"product_tag","embeddable":true,"href":"https:\/\/www.shouyasanitary.com\/de\/wp-json\/wp\/v2\/product_tag?post=1922"}],"curies":[{"name":"wp","href":"https:\/\/api.w.org\/{rel}","templated":true}]}}