{"id":1938,"date":"2025-09-12T09:46:49","date_gmt":"2025-09-12T09:46:49","guid":{"rendered":"https:\/\/www.shouyasanitary.com\/?post_type=product&#038;p=1938"},"modified":"2025-09-12T09:46:51","modified_gmt":"2025-09-12T09:46:51","slug":"wholesale-bathroom-floor-cabinet","status":"publish","type":"product","link":"https:\/\/www.shouyasanitary.com\/de\/produkt\/wholesale-bathroom-floor-cabinet\/","title":{"rendered":"Gro\u00dfhandel Badezimmer Boden Schrank, Doppelwaschbecken Badezimmer Eitelkeit Set mit Spiegel High-End-Stil Custom"},"content":{"rendered":"<div class=\"wp-block-columns is-layout-flex wp-container-core-columns-is-layout-9d6595d7 wp-block-columns-is-layout-flex\">\n<div class=\"wp-block-column is-layout-flow wp-block-column-is-layout-flow\">\n<h2 class=\"wp-block-heading\">Badezimmer-Bodenschrank Merkmale:<\/h2>\n\n\n\n<p><strong>Hochwertiges und langlebiges Material: <\/strong>Aus hochwertigem Sperrholz gefertigt, wird es einer pr\u00e4zisen Verarbeitung und strengen Qualit\u00e4tskontrolle unterzogen, um eine stabile Struktur und eine hohe Verformungsbest\u00e4ndigkeit zu gew\u00e4hrleisten. Es ist f\u00fcr ein feuchtes Badezimmer geeignet.<\/p>\n\n\n\n<p><strong>Doppelspiegel-Design:<\/strong> Die einzigartige Konfiguration mit zwei Spiegeln erf\u00fcllt nicht nur die Bed\u00fcrfnisse mehrerer Personen, die den Spiegel gleichzeitig benutzen, sondern verbessert auch die Effizienz der Badezimmerfl\u00e4che. <\/p>\n\n\n\n<p><strong>Einfaches schwarzes Rahmendesign<\/strong>: Verleiht einen modernen und modischen Touch und passt perfekt zum Einrichtungsstil von Hotels, Wohnungen usw.<\/p>\n\n\n\n<p><strong>Angemessenes Layout: <\/strong>Das ger\u00e4umige 120CM-Schrankdesign bietet in Kombination mit mehreren Schubladen und Schrankt\u00fcren reichlich Stauraum, so dass verschiedene Badartikel bequem in Kategorien aufbewahrt werden k\u00f6nnen und die Arbeitsfl\u00e4che sauber und ordentlich bleibt. <\/p>\n\n\n\n<p><strong>Moderner und einfacher Stil:<\/strong> Der helle holzfarbene Schrank wird mit einer wei\u00dfen Arbeitsplatte kombiniert, wodurch ein frischer und nat\u00fcrlicher Look entsteht, der die kleinen wei\u00dfen Fliesenw\u00e4nde erg\u00e4nzt und ein helles und ger\u00e4umiges Badezimmer schafft. <\/p>\n\n\n\n<p><strong>Anwendbar auf mehrere Badszenarien<\/strong>: Ob es darum geht, die Gesamtqualit\u00e4t von Hotelzimmern zu verbessern oder das Badezimmer einer Wohnung komfortabler zu gestalten, der Bodenbadezimmerschrank ist eine ausgezeichnete Wahl.<\/p>\n<\/div>\n\n\n\n<div class=\"wp-block-column is-layout-flow wp-block-column-is-layout-flow\"><div class=\"wp-block-image\">\n<figure class=\"aligncenter size-full\"><img decoding=\"async\" width=\"700\" height=\"700\" src=\"https:\/\/www.shouyasanitary.com\/wp-content\/uploads\/2025\/08\/Bulk-Purchases-120CM-Bathroom-Cabinet-Vanity.webp\" alt=\"Bulk Purchases 120CM Badezimmer Schrank Eitelkeit\" class=\"wp-image-1946\" style=\"object-fit:cover\" srcset=\"https:\/\/www.shouyasanitary.com\/wp-content\/uploads\/2025\/08\/Bulk-Purchases-120CM-Bathroom-Cabinet-Vanity.webp 700w, https:\/\/www.shouyasanitary.com\/wp-content\/uploads\/2025\/08\/Bulk-Purchases-120CM-Bathroom-Cabinet-Vanity-300x300.webp 300w, https:\/\/www.shouyasanitary.com\/wp-content\/uploads\/2025\/08\/Bulk-Purchases-120CM-Bathroom-Cabinet-Vanity-150x150.webp 150w, https:\/\/www.shouyasanitary.com\/wp-content\/uploads\/2025\/08\/Bulk-Purchases-120CM-Bathroom-Cabinet-Vanity-12x12.webp 12w, https:\/\/www.shouyasanitary.com\/wp-content\/uploads\/2025\/08\/Bulk-Purchases-120CM-Bathroom-Cabinet-Vanity-600x600.webp 600w, https:\/\/www.shouyasanitary.com\/wp-content\/uploads\/2025\/08\/Bulk-Purchases-120CM-Bathroom-Cabinet-Vanity-100x100.webp 100w\" sizes=\"(max-width: 700px) 100vw, 700px\" \/><\/figure>\n<\/div><\/div>\n<\/div>","protected":false},"excerpt":{"rendered":"<p>Factory Gro\u00dfhandel Badezimmer Bodenschr\u00e4nke, mit robustem Material und einem Dual-Spiegel praktisches Design, sind speziell geschaffen, um die Qualit\u00e4t der kommerziellen B\u00e4der zu verbessern. Es ist eine ausgezeichnete Wahl f\u00fcr Gro\u00dfeinkauf. Willkommen bei uns f\u00fcr ein Angebot zu jeder Zeit zu kontaktieren!<\/p>\n<h2>Badezimmer-Bodenschrank Attribute\uff1a<\/h2>\n<p><strong>Artikel Nr.<\/strong>: SYY20250814-120<br \/><strong>Material des Geh\u00e4uses<\/strong>: Sperrholz<br \/><strong>Farbe des Geh\u00e4uses<\/strong>: Braun<br \/><strong>Spiegel<\/strong>: LED-Spiegel (3,5 mm \/ 3,8 mm), dreifarbige Beleuchtung, One-Touch-Enteisung, mit mehrschichtiger Schaumstoffverpackung gesichert <br \/><strong>Einbauart<\/strong>: Bodenstehend<br \/><strong>Abmessungen (L \u00d7 B \u00d7 H)<\/strong>: 120 x 50 x 70 cm<br \/><strong>Bruttogewicht<\/strong>: 42kg\/Satz<\/p>\n<h2>Anpassung &amp; Dienstleistungen:<\/h2>\n<p><strong>OEM &amp; ODM<\/strong>: Unterst\u00fctzt<br \/><strong>Gestaltung<\/strong>: Frei<br \/><strong>Zubeh\u00f6r<\/strong>: Waschbecken, Spiegel, Armaturen und anderes Badzubeh\u00f6r<br \/><strong>Verpacken<\/strong>: Einbaufertig<\/p>","protected":false},"featured_media":1946,"comment_status":"closed","ping_status":"closed","template":"","meta":{"_acf_changed":true},"product_brand":[],"product_cat":[20],"product_tag":[],"class_list":{"0":"post-1938","1":"product","2":"type-product","3":"status-publish","4":"has-post-thumbnail","6":"product_cat-wholesale-plywood-bathroom-vanity-cabinets","8":"first","9":"instock","10":"shipping-taxable","11":"product-type-simple"},"acf":[],"_links":{"self":[{"href":"https:\/\/www.shouyasanitary.com\/de\/wp-json\/wp\/v2\/product\/1938","targetHints":{"allow":["GET"]}}],"collection":[{"href":"https:\/\/www.shouyasanitary.com\/de\/wp-json\/wp\/v2\/product"}],"about":[{"href":"https:\/\/www.shouyasanitary.com\/de\/wp-json\/wp\/v2\/types\/product"}],"replies":[{"embeddable":true,"href":"https:\/\/www.shouyasanitary.com\/de\/wp-json\/wp\/v2\/comments?post=1938"}],"wp:featuredmedia":[{"embeddable":true,"href":"https:\/\/www.shouyasanitary.com\/de\/wp-json\/wp\/v2\/media\/1946"}],"wp:attachment":[{"href":"https:\/\/www.shouyasanitary.com\/de\/wp-json\/wp\/v2\/media?parent=1938"}],"wp:term":[{"taxonomy":"product_brand","embeddable":true,"href":"https:\/\/www.shouyasanitary.com\/de\/wp-json\/wp\/v2\/product_brand?post=1938"},{"taxonomy":"product_cat","embeddable":true,"href":"https:\/\/www.shouyasanitary.com\/de\/wp-json\/wp\/v2\/product_cat?post=1938"},{"taxonomy":"product_tag","embeddable":true,"href":"https:\/\/www.shouyasanitary.com\/de\/wp-json\/wp\/v2\/product_tag?post=1938"}],"curies":[{"name":"wp","href":"https:\/\/api.w.org\/{rel}","templated":true}]}}