{"id":1939,"date":"2025-09-12T09:46:54","date_gmt":"2025-09-12T09:46:54","guid":{"rendered":"https:\/\/www.shouyasanitary.com\/?post_type=product&#038;p=1939"},"modified":"2025-09-12T09:46:56","modified_gmt":"2025-09-12T09:46:56","slug":"wholesale-modern-style-bathroom-vanity","status":"publish","type":"product","link":"https:\/\/www.shouyasanitary.com\/de\/produkt\/wholesale-modern-style-bathroom-vanity\/","title":{"rendered":"Gro\u00dfhandel modernen Stil Badezimmer Eitelkeit, OEM schwarz Badezimmer Schrank mit runden hinterleuchteten Spiegel Wandmontage gesetzt"},"content":{"rendered":"<div class=\"wp-block-columns is-layout-flex wp-container-core-columns-is-layout-9d6595d7 wp-block-columns-is-layout-flex\">\n<div class=\"wp-block-column is-layout-flow wp-block-column-is-layout-flow\">\n<h2 class=\"wp-block-heading\">Modern Style Badezimmer Eitelkeit Features\uff1a<\/h2>\n\n\n\n<p><strong>Hochwertiges Sperrholzmaterial: <\/strong>Als Hauptmaterial wird hochverdichtetes Sperrholz verwendet, das nicht nur die Langlebigkeit und Festigkeit des Produkts gew\u00e4hrleistet, sondern ihm auch ausgezeichnete feuchtigkeits- und n\u00e4ssebest\u00e4ndige Eigenschaften verleiht, die es f\u00fcr die Verwendung in Badezimmern besonders geeignet machen. <\/p>\n\n\n\n<p><strong>Glatt und langlebig<\/strong>: Die Oberfl\u00e4che wurde speziell bearbeitet, sie ist glatt und fein, leicht zu reinigen und zu pflegen und bleibt auch nach langem Gebrauch gl\u00e4nzend und neu.<\/p>\n\n\n\n<p><strong>120CM ger\u00e4umige Arbeitsplatte Design: <\/strong>Mit einer 120 Zentimeter breiten Arbeitsplatte ist sie sowohl sch\u00f6n als auch praktisch. Der ger\u00e4umige Platz ist gro\u00df genug, um die t\u00e4glichen Toilettenartikel und Dekorationen unterzubringen.<\/p>\n\n\n\n<p><strong>Intelligenter runder Spiegel mit Hintergrundbeleuchtung: <\/strong>Der runde Spiegel mit Hintergrundbeleuchtung spendet ein sanftes, nicht blendendes Licht, das sich ideal f\u00fcr die morgendlichen Vorbereitungen eignet. <\/p>\n\n\n\n<p><strong>Multifunktionaler Aufbewahrungsschrank<\/strong>: Er verf\u00fcgt \u00fcber offene Regale f\u00fcr den bequemen Zugriff auf h\u00e4ufig ben\u00f6tigte Gegenst\u00e4nde sowie \u00fcber einen geschlossenen Stauraum mit einer Jalousiet\u00fcr, der effektiv Staub verhindert und gleichzeitig f\u00fcr Ordnung im Badezimmer sorgt.<\/p>\n\n\n\n<p><strong>Moderner, minimalistischer Stil: <\/strong>Das Gesamtdesign folgt dem Konzept des modernen Minimalismus und zeichnet sich durch glatte Linien und harmonische Farbkombinationen aus. Ob die dunkelgrauen Schr\u00e4nke oder die wei\u00dfen Arbeitsplatten, sie f\u00fcgen sich nahtlos in verschiedene Einrichtungsstile ein.<\/p>\n<\/div>\n\n\n\n<div class=\"wp-block-column is-layout-flow wp-block-column-is-layout-flow\"><div class=\"wp-block-image\">\n<figure class=\"aligncenter size-full\"><img decoding=\"async\" width=\"700\" height=\"700\" src=\"https:\/\/www.shouyasanitary.com\/wp-content\/uploads\/2025\/08\/Factory-made-custom-bathroom-cabinet-vanity-1.webp\" alt=\"Werkseitig hergestellter Badezimmerschrank Eitelkeit\" class=\"wp-image-1943\" style=\"object-fit:cover\" srcset=\"https:\/\/www.shouyasanitary.com\/wp-content\/uploads\/2025\/08\/Factory-made-custom-bathroom-cabinet-vanity-1.webp 700w, https:\/\/www.shouyasanitary.com\/wp-content\/uploads\/2025\/08\/Factory-made-custom-bathroom-cabinet-vanity-1-300x300.webp 300w, https:\/\/www.shouyasanitary.com\/wp-content\/uploads\/2025\/08\/Factory-made-custom-bathroom-cabinet-vanity-1-150x150.webp 150w, https:\/\/www.shouyasanitary.com\/wp-content\/uploads\/2025\/08\/Factory-made-custom-bathroom-cabinet-vanity-1-12x12.webp 12w, https:\/\/www.shouyasanitary.com\/wp-content\/uploads\/2025\/08\/Factory-made-custom-bathroom-cabinet-vanity-1-600x600.webp 600w, https:\/\/www.shouyasanitary.com\/wp-content\/uploads\/2025\/08\/Factory-made-custom-bathroom-cabinet-vanity-1-100x100.webp 100w\" sizes=\"(max-width: 700px) 100vw, 700px\" \/><\/figure>\n<\/div><\/div>\n<\/div>","protected":false},"excerpt":{"rendered":"<p>Gro\u00dfhandel modernen Stil Bad Eitelkeit. Dieses 120CM Sperrholz Bad Schrank-Set kombiniert moderne minimalistische \u00c4sthetik, mit einem runden Spiegel mit Hintergrundbeleuchtung und eine effiziente Lagerung Schrank. Es ist langlebig und feuchtigkeitsbest\u00e4ndig. Willkommen, um \u00fcber den Preis zu erkundigen!<\/p>\n<h2>Modern Style Badezimmer Eitelkeit Attribute:<\/h2>\n<p><strong>Artikel Nr.<\/strong>: SYY20250812-120<br \/><strong>Material des Geh\u00e4uses:<\/strong>\u00a0Sperrholz<br \/><strong>Farbe des Geh\u00e4uses: <\/strong>Schwarz<br \/><strong>Spiegel:<\/strong> LED-Spiegel (3,5 mm\/3,8 mm), dreifarbige Beleuchtung, One-Touch-Entfogging, gesichert mit mehrlagiger Schaumstoffverpackung<br \/><strong>Installationsart:<\/strong>\u00a0Wandbefestigung<br \/><strong>Abmessungen (L\u00d7B\u00d7H):<\/strong> 120x 47 x 27cm<br \/><strong>Bruttogewicht:<\/strong> 38 kg\/Satz<\/p>\n<h2>Anpassung &amp; Dienstleistungen:<\/h2>\n<p><strong>OEM &amp; ODM<\/strong>: Unterst\u00fctzt<br \/><strong>Gestaltung<\/strong>: Frei<br \/><strong>Zubeh\u00f6r<\/strong>: Waschbecken, Spiegel, Armaturen und anderes Badzubeh\u00f6r<br \/><strong>Verpacken<\/strong>: Einbaufertig<\/p>","protected":false},"featured_media":1943,"comment_status":"closed","ping_status":"closed","template":"","meta":{"_acf_changed":true},"product_brand":[],"product_cat":[20],"product_tag":[],"class_list":{"0":"post-1939","1":"product","2":"type-product","3":"status-publish","4":"has-post-thumbnail","6":"product_cat-wholesale-plywood-bathroom-vanity-cabinets","8":"first","9":"instock","10":"shipping-taxable","11":"product-type-simple"},"acf":[],"_links":{"self":[{"href":"https:\/\/www.shouyasanitary.com\/de\/wp-json\/wp\/v2\/product\/1939","targetHints":{"allow":["GET"]}}],"collection":[{"href":"https:\/\/www.shouyasanitary.com\/de\/wp-json\/wp\/v2\/product"}],"about":[{"href":"https:\/\/www.shouyasanitary.com\/de\/wp-json\/wp\/v2\/types\/product"}],"replies":[{"embeddable":true,"href":"https:\/\/www.shouyasanitary.com\/de\/wp-json\/wp\/v2\/comments?post=1939"}],"wp:featuredmedia":[{"embeddable":true,"href":"https:\/\/www.shouyasanitary.com\/de\/wp-json\/wp\/v2\/media\/1943"}],"wp:attachment":[{"href":"https:\/\/www.shouyasanitary.com\/de\/wp-json\/wp\/v2\/media?parent=1939"}],"wp:term":[{"taxonomy":"product_brand","embeddable":true,"href":"https:\/\/www.shouyasanitary.com\/de\/wp-json\/wp\/v2\/product_brand?post=1939"},{"taxonomy":"product_cat","embeddable":true,"href":"https:\/\/www.shouyasanitary.com\/de\/wp-json\/wp\/v2\/product_cat?post=1939"},{"taxonomy":"product_tag","embeddable":true,"href":"https:\/\/www.shouyasanitary.com\/de\/wp-json\/wp\/v2\/product_tag?post=1939"}],"curies":[{"name":"wp","href":"https:\/\/api.w.org\/{rel}","templated":true}]}}