{"id":1954,"date":"2025-09-12T09:46:47","date_gmt":"2025-09-12T09:46:47","guid":{"rendered":"https:\/\/www.shouyasanitary.com\/?post_type=product&#038;p=1954"},"modified":"2025-09-12T09:46:49","modified_gmt":"2025-09-12T09:46:49","slug":"wholesale-free-standing-bathroom-cabinets","status":"publish","type":"product","link":"https:\/\/www.shouyasanitary.com\/de\/produkt\/wholesale-free-standing-bathroom-cabinets\/","title":{"rendered":"Gro\u00dfhandel freistehende Badezimmerschr\u00e4nke, Luxus-Badezimmer Eitelkeiten mit Waschbecken schwarz Sperrholz Bulk Supply"},"content":{"rendered":"<div class=\"wp-block-columns is-layout-flex wp-container-core-columns-is-layout-9d6595d7 wp-block-columns-is-layout-flex\">\n<div class=\"wp-block-column is-layout-flow wp-block-column-is-layout-flow\">\n<h2 class=\"wp-block-heading\">Freistehende Badezimmerschr\u00e4nke Merkmale:<\/h2>\n\n\n\n<p><strong>Gro\u00dfz\u00fcgiger Stil: <\/strong>Mit klassischem Schwarz als Hauptfarbton, gepaart mit goldenen Griffen und F\u00fc\u00dfen, umrei\u00dft es einen modernen, leicht luxuri\u00f6sen Stil vor dem Hintergrund einer hellen wei\u00dfen Wand und eines hellen Raums. Der schlichte rechteckige Spiegel mit schwarzem Rahmen und das wei\u00dfe Keramikbecken bilden ein visuelles Gleichgewicht und schaffen einen raffinierten und geschmackvollen Badezimmerbereich<\/p>\n\n\n\n<p><strong>Angemessenes Layout:<\/strong> Das Design mit zwei T\u00fcren und zwei Schubladen erf\u00fcllt die unterschiedlichsten Aufbewahrungsanforderungen. Die gro\u00dfen T\u00fcren bieten Platz f\u00fcr Reinigungsmittel und andere wichtige Dinge, w\u00e4hrend die Schubladen bequem f\u00fcr die Aufbewahrung kleinerer Gegenst\u00e4nde geeignet sind, um den Raum ordentlich und organisiert zu halten und eine effiziente Aufbewahrung auch in kleinen Wohnungen zu gew\u00e4hrleisten<\/p>\n\n\n\n<p><strong>Bodenst\u00e4ndige Struktur:<\/strong> Er nutzt den vertikalen Raum, indem er den Stauraum von der Arbeitsplatte bis zum Boden des Schranks ausdehnt und so daf\u00fcr sorgt, dass die t\u00e4glichen Pflegeutensilien auch in kleinen Wohnungen an ihrem richtigen Platz sind und eine geordnete Aufbewahrung m\u00f6glich ist.<\/p>\n\n\n\n<p><strong>Ger\u00e4umige Arbeitsfl\u00e4che:<\/strong> Die wei\u00dfe Waschtischplatte ist ger\u00e4umig und bietet Platz f\u00fcr verschiedene Wasserh\u00e4hne, was mehr Freiheit beim Waschen und Pflegen erm\u00f6glicht. <\/p>\n\n\n\n<p><strong>Langlebiges Sperrholzmaterial:<\/strong> Das schwarze Material des Hauptschranks ist wasserdicht und feuchtigkeitsbest\u00e4ndig, was eine lange Lebensdauer auch in feuchten Badezimmern gew\u00e4hrleistet. <\/p>\n\n\n\n<p><strong>Exquisite Details<\/strong>: Die goldenen Metallteile dienen nicht nur der Dekoration, sondern auch der Verst\u00e4rkung und Praktikabilit\u00e4t. Die Griffe sind glatt und die F\u00fc\u00dfe stabil, sie bieten sowohl \u00c4sthetik als auch Funktionalit\u00e4t und interpretieren das \"sch\u00f6ne und funktionale\" Badezimmerleben durch Details.<\/p>\n\n\n\n<p><strong>Unterst\u00fctzung OEM\/ODM<\/strong>: Shouya bietet flexible Anpassungsm\u00f6glichkeiten in Bezug auf Farbe, Gr\u00f6\u00dfe, Zubeh\u00f6r usw., um den Anforderungen verschiedener Badezimmerprojekte gerecht zu werden.<\/p>\n<\/div>\n\n\n\n<div class=\"wp-block-column is-layout-flow wp-block-column-is-layout-flow\"><div class=\"wp-block-image\">\n<figure class=\"aligncenter size-full\"><img decoding=\"async\" width=\"700\" height=\"700\" src=\"https:\/\/www.shouyasanitary.com\/wp-content\/uploads\/2025\/08\/Custom-Solutions-Cabinet-with-Black-Color.webp\" alt=\"Individuelle L\u00f6sungen Schrank mit schwarzer Farbe\" class=\"wp-image-1962\" style=\"object-fit:cover\" srcset=\"https:\/\/www.shouyasanitary.com\/wp-content\/uploads\/2025\/08\/Custom-Solutions-Cabinet-with-Black-Color.webp 700w, https:\/\/www.shouyasanitary.com\/wp-content\/uploads\/2025\/08\/Custom-Solutions-Cabinet-with-Black-Color-300x300.webp 300w, https:\/\/www.shouyasanitary.com\/wp-content\/uploads\/2025\/08\/Custom-Solutions-Cabinet-with-Black-Color-150x150.webp 150w, https:\/\/www.shouyasanitary.com\/wp-content\/uploads\/2025\/08\/Custom-Solutions-Cabinet-with-Black-Color-12x12.webp 12w, https:\/\/www.shouyasanitary.com\/wp-content\/uploads\/2025\/08\/Custom-Solutions-Cabinet-with-Black-Color-600x600.webp 600w, https:\/\/www.shouyasanitary.com\/wp-content\/uploads\/2025\/08\/Custom-Solutions-Cabinet-with-Black-Color-100x100.webp 100w\" sizes=\"(max-width: 700px) 100vw, 700px\" \/><\/figure>\n<\/div><\/div>\n<\/div>","protected":false},"excerpt":{"rendered":"<p>Die freistehenden Badezimmerschr\u00e4nke des Gro\u00dfhandels verf\u00fcgen \u00fcber ein modernes, minimalistisches Design, Stauraum mit zwei T\u00fcren und Schubladen, haltbares, wasserfestes Material und ein ger\u00e4umiges wei\u00dfes Becken. Perfekt f\u00fcr gehobene B\u00e4der. Willkommen bei uns f\u00fcr ein Angebot und Produktkatalog zu kontaktieren.<\/p>\n<h2>Freistehende Badezimmerschr\u00e4nke Attribute\uff1a<\/h2>\n<p><strong>Artikel Nr.<\/strong>: SYY20250818-50<br \/><strong>Material des Geh\u00e4uses<\/strong>: Sperrholz<br \/><strong>Farbe des Geh\u00e4uses<\/strong>: Schwarz<\/p>\n<p><strong>Spiegel:<\/strong> LED-Spiegel (3,5 mm\/3,8 mm), dreifarbige Beleuchtung, One-Touch-Entfogging, gesichert mit mehrlagiger Schaumstoffverpackung<br \/><strong>Installationsart:<\/strong> Bodenstehend<br \/><strong>Abmessungen (L\u00d7B\u00d7H):<\/strong> 50*40*65cm<\/p>\n<h2>Anpassung &amp; Dienstleistungen:<\/h2>\n<p><strong>OEM &amp; ODM<\/strong>: Unterst\u00fctzt<br \/><strong>Gestaltung<\/strong>: Frei<br \/><strong>Zubeh\u00f6r<\/strong>: Waschbecken, Spiegel, Armaturen und anderes Badzubeh\u00f6r<br \/><strong>Verpacken<\/strong>: Einbaufertig<\/p>","protected":false},"featured_media":1962,"comment_status":"closed","ping_status":"closed","template":"","meta":{"_acf_changed":true},"product_brand":[],"product_cat":[20],"product_tag":[],"class_list":{"0":"post-1954","1":"product","2":"type-product","3":"status-publish","4":"has-post-thumbnail","6":"product_cat-wholesale-plywood-bathroom-vanity-cabinets","8":"first","9":"instock","10":"shipping-taxable","11":"product-type-simple"},"acf":[],"_links":{"self":[{"href":"https:\/\/www.shouyasanitary.com\/de\/wp-json\/wp\/v2\/product\/1954","targetHints":{"allow":["GET"]}}],"collection":[{"href":"https:\/\/www.shouyasanitary.com\/de\/wp-json\/wp\/v2\/product"}],"about":[{"href":"https:\/\/www.shouyasanitary.com\/de\/wp-json\/wp\/v2\/types\/product"}],"replies":[{"embeddable":true,"href":"https:\/\/www.shouyasanitary.com\/de\/wp-json\/wp\/v2\/comments?post=1954"}],"wp:featuredmedia":[{"embeddable":true,"href":"https:\/\/www.shouyasanitary.com\/de\/wp-json\/wp\/v2\/media\/1962"}],"wp:attachment":[{"href":"https:\/\/www.shouyasanitary.com\/de\/wp-json\/wp\/v2\/media?parent=1954"}],"wp:term":[{"taxonomy":"product_brand","embeddable":true,"href":"https:\/\/www.shouyasanitary.com\/de\/wp-json\/wp\/v2\/product_brand?post=1954"},{"taxonomy":"product_cat","embeddable":true,"href":"https:\/\/www.shouyasanitary.com\/de\/wp-json\/wp\/v2\/product_cat?post=1954"},{"taxonomy":"product_tag","embeddable":true,"href":"https:\/\/www.shouyasanitary.com\/de\/wp-json\/wp\/v2\/product_tag?post=1954"}],"curies":[{"name":"wp","href":"https:\/\/api.w.org\/{rel}","templated":true}]}}