{"id":1955,"date":"2025-09-12T09:46:41","date_gmt":"2025-09-12T09:46:41","guid":{"rendered":"https:\/\/www.shouyasanitary.com\/?post_type=product&#038;p=1955"},"modified":"2025-09-12T09:46:44","modified_gmt":"2025-09-12T09:46:44","slug":"wholesale-wash-basin-cabinet","status":"publish","type":"product","link":"https:\/\/www.shouyasanitary.com\/de\/produkt\/wholesale-wash-basin-cabinet\/","title":{"rendered":"Gro\u00dfhandel Waschbecken Kabinett, Badezimmer Wand hing Eitelkeit Einheit Sperrholz benutzerdefinierte"},"content":{"rendered":"<div class=\"wp-block-columns is-layout-flex wp-container-core-columns-is-layout-9d6595d7 wp-block-columns-is-layout-flex\">\n<div class=\"wp-block-column is-layout-flow wp-block-column-is-layout-flow\">\n<h2 class=\"wp-block-heading\">Merkmale des Waschbeckenunterschranks\uff1a<\/h2>\n\n\n\n<p><strong>Wandmontierte Installation<\/strong>: Reduziert den Platzbedarf und macht kleine B\u00e4der ger\u00e4umiger und transparenter. Der Reinigungsroboter kann sich frei bewegen, um tote Winkel zu vermeiden und ein helles und aufger\u00e4umtes Gef\u00fchl im Raum zu schaffen.<\/p>\n\n\n\n<p><strong>Langlebiges und umweltfreundliches Material<\/strong>: Der Schrank ist aus hochwertigem Sperrholz mit feuchtigkeitsbest\u00e4ndiger und wasserfester Behandlung hergestellt, das auch in feuchten Badezimmern stabil bleibt. Im Vergleich zu Massivholz ist es umweltfreundlicher und kosteng\u00fcnstiger.<\/p>\n\n\n\n<p><strong>Ordnungsgem\u00e4\u00dfe Lagerung: <\/strong>Hinter dem zweit\u00fcrigen Schrank verbirgt sich ein \"Gro\u00dfraumuniversum\", in dem auch sperrige Gegenst\u00e4nde wie Duschgel und Waschmittel problemlos Platz finden. Wenn die T\u00fcr geschlossen ist, sieht es ordentlich aus; wenn die T\u00fcr ge\u00f6ffnet ist, ist das Auffinden von Gegenst\u00e4nden kein Problem, was die Praktikabilit\u00e4t und Ordnung der Aufbewahrung maximiert.<\/p>\n\n\n\n<p><strong>Integrierter Stil: <\/strong>Der helle holzfarbene Hauptschrank bringt eine nat\u00fcrliche W\u00e4rme und gleicht die K\u00e4lte des Badezimmers aus; das rein wei\u00dfe Waschbecken ist einfach und sauber und bildet einen sanften Kontrast zur Holzfarbe. Es passt zu verschiedenen Stilen wie dem modernen Minimalismus und der japanischen Frische. Praktisch und dekorativ zugleich.<\/p>\n\n\n\n<p><strong>Effiziente und stabile Lieferung<\/strong>: Shouya verf\u00fcgt \u00fcber eine komplette Produktionslinie und ein strenges Qualit\u00e4tskontrollsystem und bietet Gro\u00dfhandelsservice nach Ma\u00df, um die Bed\u00fcrfnisse von Gro\u00dfbestellungen zu erf\u00fcllen und eine p\u00fcnktliche und stabile Lieferung zu gew\u00e4hrleisten.<\/p>\n<\/div>\n\n\n\n<div class=\"wp-block-column is-layout-flow wp-block-column-is-layout-flow\"><div class=\"wp-block-image\">\n<figure class=\"aligncenter size-full\"><img decoding=\"async\" width=\"700\" height=\"700\" src=\"https:\/\/www.shouyasanitary.com\/wp-content\/uploads\/2025\/08\/Custom-Wall-Mount-Cabinet.webp\" alt=\"Kundenspezifischer Schrank f\u00fcr die Wandmontage\" class=\"wp-image-1964\" style=\"object-fit:cover\" srcset=\"https:\/\/www.shouyasanitary.com\/wp-content\/uploads\/2025\/08\/Custom-Wall-Mount-Cabinet.webp 700w, https:\/\/www.shouyasanitary.com\/wp-content\/uploads\/2025\/08\/Custom-Wall-Mount-Cabinet-300x300.webp 300w, https:\/\/www.shouyasanitary.com\/wp-content\/uploads\/2025\/08\/Custom-Wall-Mount-Cabinet-150x150.webp 150w, https:\/\/www.shouyasanitary.com\/wp-content\/uploads\/2025\/08\/Custom-Wall-Mount-Cabinet-12x12.webp 12w, https:\/\/www.shouyasanitary.com\/wp-content\/uploads\/2025\/08\/Custom-Wall-Mount-Cabinet-600x600.webp 600w, https:\/\/www.shouyasanitary.com\/wp-content\/uploads\/2025\/08\/Custom-Wall-Mount-Cabinet-100x100.webp 100w\" sizes=\"(max-width: 700px) 100vw, 700px\" \/><\/figure>\n<\/div><\/div>\n<\/div>","protected":false},"excerpt":{"rendered":"<p>Gro\u00dfhandel Waschbecken Schrank mit Sperrholz Material und einem wei\u00dfen Keramikbecken verf\u00fcgt \u00fcber ein platzsparendes Design, vern\u00fcnftige Lagerung Layout und minimalistischen Stil, so dass es die ideale Wahl f\u00fcr die Schaffung eines komfortablen und funktionalen Badezimmer Raum. Bitte kontaktieren Sie uns f\u00fcr ein Angebot und einen Produktkatalog!<\/p>\n<h2>Eigenschaften des Waschbeckenunterschranks\uff1a<\/h2>\n<p><strong>Artikel Nr.: <\/strong>SYY20250819-40<strong><br \/>Material des Geh\u00e4uses:<\/strong>\u00a0Sperrholz<br \/><strong>Farbe des Geh\u00e4uses:<\/strong> Braun<br \/><strong>Spiegel:<\/strong> LED-Spiegel (3,5 mm\/3,8 mm), dreifarbige Beleuchtung, One-Touch-Entfogging, gesichert mit mehrlagiger Schaumstoffverpackung<br \/><strong>Installationsart:<\/strong>\u00a0Wandbefestigung<br \/><strong>Abmessungen (L\u00d7B\u00d7H):<\/strong> 40x30x48 cm<br \/><strong>Bruttogewicht:<\/strong> 28kg\/Satz<\/p>\n<h2>Anpassung &amp; Dienstleistungen:<\/h2>\n<p><strong>OEM &amp; ODM<\/strong>: Unterst\u00fctzt<br \/><strong>Gestaltung<\/strong>: Frei<br \/><strong>Zubeh\u00f6r<\/strong>: Waschbecken, Spiegel, Armaturen und anderes Badzubeh\u00f6r<br \/><strong>Verpacken<\/strong>: Einbaufertig<\/p>","protected":false},"featured_media":1964,"comment_status":"closed","ping_status":"closed","template":"","meta":{"_acf_changed":true},"product_brand":[],"product_cat":[20],"product_tag":[],"class_list":{"0":"post-1955","1":"product","2":"type-product","3":"status-publish","4":"has-post-thumbnail","6":"product_cat-wholesale-plywood-bathroom-vanity-cabinets","8":"first","9":"instock","10":"shipping-taxable","11":"product-type-simple"},"acf":[],"_links":{"self":[{"href":"https:\/\/www.shouyasanitary.com\/de\/wp-json\/wp\/v2\/product\/1955","targetHints":{"allow":["GET"]}}],"collection":[{"href":"https:\/\/www.shouyasanitary.com\/de\/wp-json\/wp\/v2\/product"}],"about":[{"href":"https:\/\/www.shouyasanitary.com\/de\/wp-json\/wp\/v2\/types\/product"}],"replies":[{"embeddable":true,"href":"https:\/\/www.shouyasanitary.com\/de\/wp-json\/wp\/v2\/comments?post=1955"}],"wp:featuredmedia":[{"embeddable":true,"href":"https:\/\/www.shouyasanitary.com\/de\/wp-json\/wp\/v2\/media\/1964"}],"wp:attachment":[{"href":"https:\/\/www.shouyasanitary.com\/de\/wp-json\/wp\/v2\/media?parent=1955"}],"wp:term":[{"taxonomy":"product_brand","embeddable":true,"href":"https:\/\/www.shouyasanitary.com\/de\/wp-json\/wp\/v2\/product_brand?post=1955"},{"taxonomy":"product_cat","embeddable":true,"href":"https:\/\/www.shouyasanitary.com\/de\/wp-json\/wp\/v2\/product_cat?post=1955"},{"taxonomy":"product_tag","embeddable":true,"href":"https:\/\/www.shouyasanitary.com\/de\/wp-json\/wp\/v2\/product_tag?post=1955"}],"curies":[{"name":"wp","href":"https:\/\/api.w.org\/{rel}","templated":true}]}}