{"id":1956,"date":"2025-09-12T09:46:44","date_gmt":"2025-09-12T09:46:44","guid":{"rendered":"https:\/\/www.shouyasanitary.com\/?post_type=product&#038;p=1956"},"modified":"2025-09-12T09:46:47","modified_gmt":"2025-09-12T09:46:47","slug":"custom-bathroom-mirror-cabinets","status":"publish","type":"product","link":"https:\/\/www.shouyasanitary.com\/de\/produkt\/custom-bathroom-mirror-cabinets\/","title":{"rendered":"Benutzerdefinierte Badezimmer Spiegel Schr\u00e4nke, Double Vanity Badezimmer schwimmende Design Sperrholz in Bulk"},"content":{"rendered":"<div class=\"wp-block-columns is-layout-flex wp-container-core-columns-is-layout-9d6595d7 wp-block-columns-is-layout-flex\">\n<div class=\"wp-block-column is-layout-flow wp-block-column-is-layout-flow\">\n<h2 class=\"wp-block-heading\">Badezimmer-Spiegelschr\u00e4nke Eigenschaften\uff1a<\/h2>\n\n\n\n<p><strong>Wandmontierte Ausf\u00fchrung:<\/strong> Er schafft Platz auf dem Boden, so dass der Staubsaugerroboter frei navigieren und ungehindert reinigen kann, und vergr\u00f6\u00dfert optisch die H\u00f6he des Badezimmers, so dass ein kleiner Raum im Handumdrehen in einen ger\u00e4umigen und luftigen verwandelt wird. <\/p>\n\n\n\n<p><strong>Intelligenter Aufbewahrungsspiegelschrank: <\/strong>Er bietet Platz f\u00fcr die kategorisierte Aufbewahrung von Hautpflege- und Toilettenartikeln und verf\u00fcgt \u00fcber einen durchsichtigen Spiegel f\u00fcr eine einfache t\u00e4gliche Nutzung. Die doppelten Schubladen eignen sich perfekt zur Aufbewahrung von Handt\u00fcchern, Aromatherapieprodukten und anderen Utensilien. Die Kombination aus offener und geschlossener Aufbewahrung schafft ein Gleichgewicht zwischen \u00c4sthetik und Funktionalit\u00e4t.<\/p>\n\n\n\n<p><strong>Konstruktion mit zwei Becken<\/strong>: Doppelwaschbecken k\u00f6nnen von mehreren Personen gleichzeitig benutzt werden, wodurch Staus in der morgendlichen Rushhour vermieden und die Effizienz verbessert werden. Es ist sehr geeignet f\u00fcr Haus- oder Hotelb\u00e4der.<\/p>\n\n\n\n<p><strong>Eleganter Stil: <\/strong>Die grauen Schr\u00e4nke in Kombination mit dem dunklen, strukturierten Waschbecken schaffen einen subtilen Luxus. Die verborgene Beleuchtung scheint durch den Spiegelschrank und den Sockel hindurch, schafft ein stimmungsvolles Ambiente und verwandelt das Bad in einen Lebensraum, der Funktionalit\u00e4t und \u00c4sthetik vereint.<\/p>\n\n\n\n<p><strong>Anpassbar<\/strong>: Gr\u00f6\u00dfe, Farbe, Art des Beckens und Konfiguration des Spiegelschranks k\u00f6nnen flexibel angepasst werden, um unterschiedliche Kundenanforderungen zu erf\u00fcllen.<\/p>\n<\/div>\n\n\n\n<div class=\"wp-block-column is-layout-flow wp-block-column-is-layout-flow\"><div class=\"wp-block-image\">\n<figure class=\"aligncenter size-full\"><img decoding=\"async\" width=\"700\" height=\"700\" src=\"https:\/\/www.shouyasanitary.com\/wp-content\/uploads\/2025\/08\/wholesale-Bathroom-Cabinet-with-Mirror.webp\" alt=\"Gro\u00dfhandel Badezimmerschrank mit Spiegel\" class=\"wp-image-1967\" style=\"object-fit:cover\" srcset=\"https:\/\/www.shouyasanitary.com\/wp-content\/uploads\/2025\/08\/wholesale-Bathroom-Cabinet-with-Mirror.webp 700w, https:\/\/www.shouyasanitary.com\/wp-content\/uploads\/2025\/08\/wholesale-Bathroom-Cabinet-with-Mirror-300x300.webp 300w, https:\/\/www.shouyasanitary.com\/wp-content\/uploads\/2025\/08\/wholesale-Bathroom-Cabinet-with-Mirror-150x150.webp 150w, https:\/\/www.shouyasanitary.com\/wp-content\/uploads\/2025\/08\/wholesale-Bathroom-Cabinet-with-Mirror-12x12.webp 12w, https:\/\/www.shouyasanitary.com\/wp-content\/uploads\/2025\/08\/wholesale-Bathroom-Cabinet-with-Mirror-600x600.webp 600w, https:\/\/www.shouyasanitary.com\/wp-content\/uploads\/2025\/08\/wholesale-Bathroom-Cabinet-with-Mirror-100x100.webp 100w\" sizes=\"(max-width: 700px) 100vw, 700px\" \/><\/figure>\n<\/div><\/div>\n<\/div>","protected":false},"excerpt":{"rendered":"<p>Die ma\u00dfgefertigten Shouya-Badspiegelschr\u00e4nke kombinieren ein Doppelwaschbecken, intelligenten Stauraum, langlebige Materialien und elegantes Lichtdesign. Er ist perfekt f\u00fcr Badezimmer in H\u00e4usern, Hotels und Wohnungen. Wir liefern direkt ab Werk und bieten Gro\u00dfhandels- und Sonderanfertigungen an. Kontaktieren Sie uns noch heute f\u00fcr individuelle L\u00f6sungen.<\/p>\n<h2>Badezimmer-Spiegelschr\u00e4nke Attribute\uff1a<\/h2>\n<p><strong>Artikel Nr.:<\/strong>SYY20250820-120<strong><br \/>Material des Geh\u00e4uses:<\/strong>\u00a0Sperrholz<br \/><strong>Farbe des Geh\u00e4uses:<\/strong> Schwarz<br \/><strong>Spiegel:<\/strong> LED-Spiegel (3,5 mm\/3,8 mm), dreifarbige Beleuchtung, One-Touch-Entfogging, gesichert mit mehrlagiger Schaumstoffverpackung<br \/><strong>Installationsart:<\/strong>\u00a0Wandbefestigung<br \/><strong>Abmessungen (L\u00d7B\u00d7H):<\/strong> 120x50x45 cm<br \/><strong>Bruttogewicht:<\/strong> 30kg\/Satz<\/p>\n<h2>Anpassung &amp; Dienstleistungen:<\/h2>\n<p><strong>OEM &amp; ODM<\/strong>: Unterst\u00fctzt<br \/><strong>Gestaltung<\/strong>: Frei<br \/><strong>Zubeh\u00f6r<\/strong>: Waschbecken, Spiegel, Armaturen und anderes Badzubeh\u00f6r<br \/><strong>Verpacken<\/strong>: Einbaufertig<\/p>","protected":false},"featured_media":1967,"comment_status":"closed","ping_status":"closed","template":"","meta":{"_acf_changed":true},"product_brand":[],"product_cat":[20],"product_tag":[],"class_list":{"0":"post-1956","1":"product","2":"type-product","3":"status-publish","4":"has-post-thumbnail","6":"product_cat-wholesale-plywood-bathroom-vanity-cabinets","8":"first","9":"instock","10":"shipping-taxable","11":"product-type-simple"},"acf":[],"_links":{"self":[{"href":"https:\/\/www.shouyasanitary.com\/de\/wp-json\/wp\/v2\/product\/1956","targetHints":{"allow":["GET"]}}],"collection":[{"href":"https:\/\/www.shouyasanitary.com\/de\/wp-json\/wp\/v2\/product"}],"about":[{"href":"https:\/\/www.shouyasanitary.com\/de\/wp-json\/wp\/v2\/types\/product"}],"replies":[{"embeddable":true,"href":"https:\/\/www.shouyasanitary.com\/de\/wp-json\/wp\/v2\/comments?post=1956"}],"wp:featuredmedia":[{"embeddable":true,"href":"https:\/\/www.shouyasanitary.com\/de\/wp-json\/wp\/v2\/media\/1967"}],"wp:attachment":[{"href":"https:\/\/www.shouyasanitary.com\/de\/wp-json\/wp\/v2\/media?parent=1956"}],"wp:term":[{"taxonomy":"product_brand","embeddable":true,"href":"https:\/\/www.shouyasanitary.com\/de\/wp-json\/wp\/v2\/product_brand?post=1956"},{"taxonomy":"product_cat","embeddable":true,"href":"https:\/\/www.shouyasanitary.com\/de\/wp-json\/wp\/v2\/product_cat?post=1956"},{"taxonomy":"product_tag","embeddable":true,"href":"https:\/\/www.shouyasanitary.com\/de\/wp-json\/wp\/v2\/product_tag?post=1956"}],"curies":[{"name":"wp","href":"https:\/\/api.w.org\/{rel}","templated":true}]}}