{"id":1957,"date":"2025-09-26T09:45:10","date_gmt":"2025-09-26T09:45:10","guid":{"rendered":"https:\/\/www.shouyasanitary.com\/?post_type=product&#038;p=1957"},"modified":"2025-09-26T09:45:12","modified_gmt":"2025-09-26T09:45:12","slug":"wholesale-floating-bathroom-vanities","status":"publish","type":"product","link":"https:\/\/www.shouyasanitary.com\/de\/produkt\/wholesale-floating-bathroom-vanities\/","title":{"rendered":"Gro\u00dfhandel schwimmende Badezimmer Eitelkeiten, Sperrholz Diamond-Patterned suspendiert Badezimmer Schrank Set Bulk"},"content":{"rendered":"<div class=\"wp-block-columns is-layout-flex wp-container-core-columns-is-layout-9d6595d7 wp-block-columns-is-layout-flex\">\n<div class=\"wp-block-column is-layout-flow wp-block-column-is-layout-flow\">\n<h2 class=\"wp-block-heading\">Schwebende Badezimmer-Eitelkeiten Eigenschaften:<\/h2>\n\n\n\n<p><strong>Langlebiges Material:<\/strong>\u00a0Dieser Badezimmerschrank ist aus hochwertigem Sperrholz gefertigt, wodurch das Produkt robust, langlebig und feuchtigkeitsbest\u00e4ndig ist.<\/p>\n\n\n\n<p><strong>Exquisite Dekoration<\/strong>: Die Oberfl\u00e4che ist mit einem modischen Rautenmuster verziert, das nicht nur f\u00fcr optische Tiefe sorgt, sondern auch einen modernen k\u00fcnstlerischen Touch in das Badezimmer bringt. <\/p>\n\n\n\n<p><strong>H\u00e4ngende Struktur<\/strong>: Das h\u00e4ngende Design l\u00e4sst den Schrank leicht und ger\u00e4umig aussehen, passend zu verschiedenen modernen Badezimmerdekorationen.<\/p>\n\n\n\n<p><strong>Intelligenter beleuchteter Spiegel: <\/strong>Die abgerundete Spiegelfl\u00e4che ist mit einer sanften LED-Hintergrundbeleuchtung ausgestattet, die f\u00fcr viel Licht sorgt und eine warme und gem\u00fctliche Badatmosph\u00e4re schafft. <\/p>\n\n\n\n<p><strong>Praktischer Stauraum:\u00a0<\/strong>Unter dem Badezimmerschrank befindet sich eine ger\u00e4umige Ablagefl\u00e4che. Die Schrankt\u00fcr mit Rautenmuster ist nicht nur sch\u00f6n, sondern verbirgt auch effektiv Gegenst\u00e4nde im Inneren und sorgt so f\u00fcr Ordnung im Bad. <\/p>\n\n\n\n<p><strong>Anpassungsm\u00f6glichkeiten sind vorhanden:<\/strong>\u00a0Wir bieten umfassende Dienstleistungen f\u00fcr den Gro\u00dfhandel an. Wir k\u00f6nnen die Gr\u00f6\u00dfe, die Farbe und das Material des Badezimmerschranks an die spezifischen Bed\u00fcrfnisse der Kunden anpassen, um sicherzustellen, dass sich das Produkt perfekt in verschiedene Badezimmerumgebungen integriert. <\/p>\n\n\n\n<p><strong>Professionelle Dienstleistungen<\/strong>: Unser professionelles Planungsteam ber\u00e4t Sie gerne pers\u00f6nlich, um eine individuelle L\u00f6sung f\u00fcr Ihr Badezimmer zu finden.<\/p>\n<\/div>\n\n\n\n<div class=\"wp-block-column is-layout-flow wp-block-column-is-layout-flow\"><div class=\"wp-block-image\">\n<figure class=\"aligncenter size-full\"><img decoding=\"async\" width=\"700\" height=\"700\" src=\"https:\/\/www.shouyasanitary.com\/wp-content\/uploads\/2025\/09\/Customized-plywood-bathroom-cabinet-vanity.webp\" alt=\"Ma\u00dfgeschneiderte Sperrholz Bad Schrank Eitelkeit\" class=\"wp-image-1991\" style=\"object-fit:cover\" srcset=\"https:\/\/www.shouyasanitary.com\/wp-content\/uploads\/2025\/09\/Customized-plywood-bathroom-cabinet-vanity.webp 700w, https:\/\/www.shouyasanitary.com\/wp-content\/uploads\/2025\/09\/Customized-plywood-bathroom-cabinet-vanity-300x300.webp 300w, https:\/\/www.shouyasanitary.com\/wp-content\/uploads\/2025\/09\/Customized-plywood-bathroom-cabinet-vanity-150x150.webp 150w, https:\/\/www.shouyasanitary.com\/wp-content\/uploads\/2025\/09\/Customized-plywood-bathroom-cabinet-vanity-12x12.webp 12w, https:\/\/www.shouyasanitary.com\/wp-content\/uploads\/2025\/09\/Customized-plywood-bathroom-cabinet-vanity-600x600.webp 600w, https:\/\/www.shouyasanitary.com\/wp-content\/uploads\/2025\/09\/Customized-plywood-bathroom-cabinet-vanity-100x100.webp 100w\" sizes=\"(max-width: 700px) 100vw, 700px\" \/><\/figure>\n<\/div><\/div>\n<\/div>\n\n\n\n<p><\/p>","protected":false},"excerpt":{"rendered":"<p>Gro\u00dfhandel schwimmenden Bad Eitelkeiten sind mit hochwertigen Sperrholz gefertigt, erg\u00e4nzt durch intelligente beleuchtete runde Spiegel, die weiche Beleuchtung und Verbesserung ihrer Stil. Gro\u00dfhandel Auswahl bietet ein hervorragendes Preis-Leistungs-Verh\u00e4ltnis, geeignet f\u00fcr verschiedene Bauprojekte und Gro\u00dfeinkauf Bed\u00fcrfnisse. Willkommen zu erkundigen.<\/p>\n<h2>Schwimmende Badezimmer Eitelkeiten Attribute\uff1a<\/h2>\n<p><strong>Artikel Nr.<\/strong>: SYY250901<\/p>\n<p><strong>Material des Geh\u00e4uses<\/strong>: Sperrholz<br \/><strong>Farbe des Geh\u00e4uses<\/strong>: Schwarz<\/p>\n<p><strong>Spiegel:<\/strong> LED-Spiegel (3,5 mm\/3,8 mm), dreifarbige Beleuchtung, One-Touch-Entfogging, gesichert mit mehrlagiger Schaumstoffverpackung<br \/><strong>Installationsart:<\/strong>\u00a0Wandbefestigung<br \/><strong>Abmessungen (L\u00d7B\u00d7H):<\/strong> 120*50*55cm<\/p>\n<h2>Anpassung &amp; Dienstleistungen:<\/h2>\n<p><strong>OEM &amp; ODM<\/strong>: Unterst\u00fctzt<br \/><strong>Gestaltung<\/strong>: Frei<br \/><strong>Zubeh\u00f6r<\/strong>: Waschbecken, Spiegel, Armaturen und anderes Badzubeh\u00f6r<br \/><strong>Verpacken<\/strong>: Einbaufertig<\/p>","protected":false},"featured_media":1991,"comment_status":"closed","ping_status":"closed","template":"","meta":{"_acf_changed":true},"product_brand":[],"product_cat":[20],"product_tag":[],"class_list":{"0":"post-1957","1":"product","2":"type-product","3":"status-publish","4":"has-post-thumbnail","6":"product_cat-wholesale-plywood-bathroom-vanity-cabinets","8":"first","9":"instock","10":"shipping-taxable","11":"product-type-simple"},"acf":[],"_links":{"self":[{"href":"https:\/\/www.shouyasanitary.com\/de\/wp-json\/wp\/v2\/product\/1957","targetHints":{"allow":["GET"]}}],"collection":[{"href":"https:\/\/www.shouyasanitary.com\/de\/wp-json\/wp\/v2\/product"}],"about":[{"href":"https:\/\/www.shouyasanitary.com\/de\/wp-json\/wp\/v2\/types\/product"}],"replies":[{"embeddable":true,"href":"https:\/\/www.shouyasanitary.com\/de\/wp-json\/wp\/v2\/comments?post=1957"}],"wp:featuredmedia":[{"embeddable":true,"href":"https:\/\/www.shouyasanitary.com\/de\/wp-json\/wp\/v2\/media\/1991"}],"wp:attachment":[{"href":"https:\/\/www.shouyasanitary.com\/de\/wp-json\/wp\/v2\/media?parent=1957"}],"wp:term":[{"taxonomy":"product_brand","embeddable":true,"href":"https:\/\/www.shouyasanitary.com\/de\/wp-json\/wp\/v2\/product_brand?post=1957"},{"taxonomy":"product_cat","embeddable":true,"href":"https:\/\/www.shouyasanitary.com\/de\/wp-json\/wp\/v2\/product_cat?post=1957"},{"taxonomy":"product_tag","embeddable":true,"href":"https:\/\/www.shouyasanitary.com\/de\/wp-json\/wp\/v2\/product_tag?post=1957"}],"curies":[{"name":"wp","href":"https:\/\/api.w.org\/{rel}","templated":true}]}}