{"id":1994,"date":"2025-11-08T03:19:17","date_gmt":"2025-11-08T03:19:17","guid":{"rendered":"https:\/\/www.shouyasanitary.com\/?post_type=product&#038;p=1994"},"modified":"2025-11-08T03:19:19","modified_gmt":"2025-11-08T03:19:19","slug":"custom-wall-mounted-bathroom-cabinets","status":"publish","type":"product","link":"https:\/\/www.shouyasanitary.com\/de\/produkt\/custom-wall-mounted-bathroom-cabinets\/","title":{"rendered":"Benutzerdefinierte Wand montiert Badezimmer Schr\u00e4nke, Sperrholz Badezimmer Eitelkeit mit intelligenten hintergrundbeleuchteten Spiegel gesetzt"},"content":{"rendered":"<div class=\"wp-block-columns is-layout-flex wp-container-core-columns-is-layout-9d6595d7 wp-block-columns-is-layout-flex\">\n<div class=\"wp-block-column is-layout-flow wp-block-column-is-layout-flow\">\n<h2 class=\"wp-block-heading\">Wandmontierte Badezimmerschr\u00e4nke Merkmale:<\/h2>\n\n\n\n<p><strong>Hochwertiges Material:<\/strong>\u00a0Dieses Set aus einem Waschbecken und einem Spiegelschrank wird aus hochwertigem Sperrholz als Hauptmaterial hergestellt. Die sorgf\u00e4ltige Verarbeitung sorgt daf\u00fcr, dass das Produkt ausgezeichnete feuchtigkeits- und schimmelbest\u00e4ndige Eigenschaften aufweist. <\/p>\n\n\n\n<p><strong>Modernes geometrisches Design<\/strong>: Mit ihren einfachen und glatten Linien vermittelt sie einen starken Sinn f\u00fcr Modernit\u00e4t und Mode und verleiht dem Badezimmer einen hellen Touch.<\/p>\n\n\n\n<p><strong>Intelligentes Spiegelkabinett Funktion:<\/strong>\u00a0Das Spiegelkabinett verf\u00fcgt \u00fcber eine intelligente Hintergrundbeleuchtung mit sanftem und reizfreiem Licht, das ideale Lichtbedingungen f\u00fcr die t\u00e4gliche K\u00f6rperpflege bietet. Die Spiegeloberfl\u00e4che hat eine hohe Klarheit, realistische Abbildung und ist mit einer beschlagfreien Funktion ausgestattet, die eine klare Sicht auch in feuchten Umgebungen gew\u00e4hrleistet. <\/p>\n\n\n\n<p><strong>Effiziente Speicherl\u00f6sung:<\/strong> Die Innenaufteilung des Hauptschranks ist vern\u00fcnftig und bietet Platz f\u00fcr verschiedene Toilettenartikel und Badutensilien, was dem Benutzer hilft, den Platz effektiv zu nutzen und das Bad ordentlich zu halten. <\/p>\n\n\n\n<p><strong>Praktisches Design<\/strong>:  Der Schrank unter dem Waschbecken ist mit geometrischen Mustern verziert, die sowohl sch\u00f6n als auch praktisch sind. Die T\u00fcr l\u00e4sst sich leichtg\u00e4ngig \u00f6ffnen und schlie\u00dfen und sorgt so f\u00fcr ein ausgezeichnetes Benutzererlebnis.<\/p>\n\n\n\n<p><strong>Exklusive Lieferdienste: <\/strong>Als professioneller Anbieter bieten wir Dienstleistungen aus einer Hand, vom Entwurf \u00fcber die Produktion bis hin zur Installation. Wir k\u00f6nnen das Waschbecken- und Spiegelschrankset an die tats\u00e4chliche Gr\u00f6\u00dfe des Kundenbads und den Einrichtungsstil anpassen, um sicherzustellen, dass das Produkt den Platzanforderungen perfekt entspricht.<\/p>\n<\/div>\n\n\n\n<div class=\"wp-block-column is-layout-flow wp-block-column-is-layout-flow\"><div class=\"wp-block-image\">\n<figure class=\"aligncenter size-full\"><img decoding=\"async\" width=\"700\" height=\"700\" src=\"https:\/\/www.shouyasanitary.com\/wp-content\/uploads\/2025\/09\/Engineering-procurement-bathroom-cabinet-vanity.webp\" alt=\"Technische Beschaffung Badezimmerschrank Eitelkeit\" class=\"wp-image-1995\" style=\"object-fit:cover\" srcset=\"https:\/\/www.shouyasanitary.com\/wp-content\/uploads\/2025\/09\/Engineering-procurement-bathroom-cabinet-vanity.webp 700w, https:\/\/www.shouyasanitary.com\/wp-content\/uploads\/2025\/09\/Engineering-procurement-bathroom-cabinet-vanity-300x300.webp 300w, https:\/\/www.shouyasanitary.com\/wp-content\/uploads\/2025\/09\/Engineering-procurement-bathroom-cabinet-vanity-150x150.webp 150w, https:\/\/www.shouyasanitary.com\/wp-content\/uploads\/2025\/09\/Engineering-procurement-bathroom-cabinet-vanity-12x12.webp 12w, https:\/\/www.shouyasanitary.com\/wp-content\/uploads\/2025\/09\/Engineering-procurement-bathroom-cabinet-vanity-600x600.webp 600w, https:\/\/www.shouyasanitary.com\/wp-content\/uploads\/2025\/09\/Engineering-procurement-bathroom-cabinet-vanity-100x100.webp 100w\" sizes=\"(max-width: 700px) 100vw, 700px\" \/><\/figure>\n<\/div><\/div>\n<\/div>","protected":false},"excerpt":{"rendered":"<p>Ma\u00dfgefertigte, wandmontierte Badezimmerschr\u00e4nke aus hochwertigem Sperrholz, das langlebig und feuchtigkeitsbest\u00e4ndig ist. Sie sind mit intelligenten hinterleuchteten Spiegelschr\u00e4nken ausgestattet, die eine weiche Beleuchtung und klare Bilder bieten. Direkt vom Hersteller Shouya geliefert. Bei Fragen k\u00f6nnen Sie uns jederzeit kontaktieren.<\/p>\n<h2>Wandmontierte Badezimmerschr\u00e4nke Attribute\uff1a<\/h2>\n<p><strong>Artikel Nr.<\/strong>: SYY20250904<br \/><strong>Material des Geh\u00e4uses<\/strong>: Sperrholz<br \/><strong>Farbe des Geh\u00e4uses<\/strong>: Dunkelschwarz<br \/><strong>Spiegel<\/strong>: LED-Spiegel (3,5 mm \/ 3,8 mm), dreifarbige Beleuchtung, One-Touch-Enteisung, mit mehrschichtiger Schaumstoffverpackung gesichert <br \/><strong>Einbauart<\/strong>: Wandbefestigung <br \/><strong>Abmessungen (L \u00d7 B \u00d7 H)<\/strong>: 120 x 50 x 52 cm<br \/><strong>Bruttogewicht<\/strong>: 45kg\/Satz<\/p>\n<h2>Anpassung &amp; Dienstleistungen:<\/h2>\n<p><strong>OEM &amp; ODM<\/strong>: Unterst\u00fctzt<br \/><strong>Gestaltung<\/strong>: Frei<br \/><strong>Zubeh\u00f6r<\/strong>: Waschbecken, Spiegel, Armaturen und anderes Badzubeh\u00f6r<br \/><strong>Verpacken<\/strong>: Einbaufertig<\/p>","protected":false},"featured_media":1995,"comment_status":"closed","ping_status":"closed","template":"","meta":{"_acf_changed":true},"product_brand":[],"product_cat":[20],"product_tag":[],"class_list":{"0":"post-1994","1":"product","2":"type-product","3":"status-publish","4":"has-post-thumbnail","6":"product_cat-wholesale-plywood-bathroom-vanity-cabinets","8":"first","9":"instock","10":"shipping-taxable","11":"product-type-simple"},"acf":[],"_links":{"self":[{"href":"https:\/\/www.shouyasanitary.com\/de\/wp-json\/wp\/v2\/product\/1994","targetHints":{"allow":["GET"]}}],"collection":[{"href":"https:\/\/www.shouyasanitary.com\/de\/wp-json\/wp\/v2\/product"}],"about":[{"href":"https:\/\/www.shouyasanitary.com\/de\/wp-json\/wp\/v2\/types\/product"}],"replies":[{"embeddable":true,"href":"https:\/\/www.shouyasanitary.com\/de\/wp-json\/wp\/v2\/comments?post=1994"}],"wp:featuredmedia":[{"embeddable":true,"href":"https:\/\/www.shouyasanitary.com\/de\/wp-json\/wp\/v2\/media\/1995"}],"wp:attachment":[{"href":"https:\/\/www.shouyasanitary.com\/de\/wp-json\/wp\/v2\/media?parent=1994"}],"wp:term":[{"taxonomy":"product_brand","embeddable":true,"href":"https:\/\/www.shouyasanitary.com\/de\/wp-json\/wp\/v2\/product_brand?post=1994"},{"taxonomy":"product_cat","embeddable":true,"href":"https:\/\/www.shouyasanitary.com\/de\/wp-json\/wp\/v2\/product_cat?post=1994"},{"taxonomy":"product_tag","embeddable":true,"href":"https:\/\/www.shouyasanitary.com\/de\/wp-json\/wp\/v2\/product_tag?post=1994"}],"curies":[{"name":"wp","href":"https:\/\/api.w.org\/{rel}","templated":true}]}}