{"id":1999,"date":"2025-11-08T03:19:54","date_gmt":"2025-11-08T03:19:54","guid":{"rendered":"https:\/\/www.shouyasanitary.com\/?post_type=product&#038;p=1999"},"modified":"2025-11-08T03:19:58","modified_gmt":"2025-11-08T03:19:58","slug":"wholesale-white-bathroom-vanity","status":"publish","type":"product","link":"https:\/\/www.shouyasanitary.com\/de\/produkt\/wholesale-white-bathroom-vanity\/","title":{"rendered":"Gro\u00dfhandel wei\u00df Badezimmer Eitelkeit, OEM moderne Waschbecken Waschbecken Schrank Badezimmer Sperrholz f\u00fcr Hotel"},"content":{"rendered":"<div class=\"wp-block-columns is-layout-flex wp-container-core-columns-is-layout-9d6595d7 wp-block-columns-is-layout-flex\">\n<div class=\"wp-block-column is-layout-flow wp-block-column-is-layout-flow\">\n<h2 class=\"wp-block-heading\">Wei\u00dfes Badezimmer Eitelkeit Eigenschaften:<\/h2>\n\n\n\n<p><strong>Wandmontierter Hauptschrank:<\/strong> Das Design hebt ihn vom Boden ab und erh\u00f6ht die Transparenz des Badezimmers. <\/p>\n\n\n\n<p><strong>Unregelm\u00e4\u00dfig geformter Spiegel<\/strong>: Sie bricht mit den Konventionen und verleiht dem Bad einen Sinn f\u00fcr Design. Die weiche Beleuchtung an den R\u00e4ndern sorgt nicht nur f\u00fcr eine klare Beleuchtung, sondern unterstreicht auch die k\u00fcnstlerische Atmosph\u00e4re des Badezimmers. <\/p>\n\n\n\n<p><strong>Integriertes Keramik-Waschbecken<\/strong>: Das Waschbecken aus wei\u00dfem Felsgestein mit seiner zarten Textur und seinem reinen Aussehen erg\u00e4nzt den Gesamtstil und hebt das exquisite Ambiente des Badezimmers hervor. <\/p>\n\n\n\n<p><strong>Langlebiges Sperrholzmaterial:<\/strong>\u00a0Der Schrankkorpus ist aus Sperrholz gefertigt, das eine gute Stabilit\u00e4t aufweist, sich nicht verformt und ein gewisses Gewicht aush\u00e4lt, um den Anforderungen des t\u00e4glichen Gebrauchs gerecht zu werden. Wasserflecken und Schmutz auf der Oberfl\u00e4che k\u00f6nnen leicht entfernt werden, so dass der Schrank sauber bleibt.<\/p>\n\n\n\n<p><strong>Speicherkapazit\u00e4t: <\/strong>Der Innenraum des Schranks ist sinnvoll genutzt und bietet reichlich Stauraum f\u00fcr Artikel wie Toilettenartikel und Handt\u00fccher, die kategorisiert und aufbewahrt werden k\u00f6nnen, wodurch eine ordentliche und aufger\u00e4umte Badezimmerumgebung f\u00fcr die Benutzer geschaffen und der t\u00e4gliche Aufbewahrungsbedarf der Haushalte erf\u00fcllt wird.<\/p>\n<\/div>\n\n\n\n<div class=\"wp-block-column is-layout-flow wp-block-column-is-layout-flow\"><div class=\"wp-block-image\">\n<figure class=\"aligncenter size-full\"><img decoding=\"async\" width=\"700\" height=\"700\" src=\"https:\/\/www.shouyasanitary.com\/wp-content\/uploads\/2025\/09\/Custom-Solutions-Vanity-Cabinet.webp\" alt=\"Individuelle L\u00f6sungen Waschtischunterschrank\" class=\"wp-image-2001\" style=\"object-fit:cover\" srcset=\"https:\/\/www.shouyasanitary.com\/wp-content\/uploads\/2025\/09\/Custom-Solutions-Vanity-Cabinet.webp 700w, https:\/\/www.shouyasanitary.com\/wp-content\/uploads\/2025\/09\/Custom-Solutions-Vanity-Cabinet-300x300.webp 300w, https:\/\/www.shouyasanitary.com\/wp-content\/uploads\/2025\/09\/Custom-Solutions-Vanity-Cabinet-150x150.webp 150w, https:\/\/www.shouyasanitary.com\/wp-content\/uploads\/2025\/09\/Custom-Solutions-Vanity-Cabinet-12x12.webp 12w, https:\/\/www.shouyasanitary.com\/wp-content\/uploads\/2025\/09\/Custom-Solutions-Vanity-Cabinet-600x600.webp 600w, https:\/\/www.shouyasanitary.com\/wp-content\/uploads\/2025\/09\/Custom-Solutions-Vanity-Cabinet-100x100.webp 100w\" sizes=\"(max-width: 700px) 100vw, 700px\" \/><\/figure>\n<\/div><\/div>\n<\/div>","protected":false},"excerpt":{"rendered":"<p>Willkommen bei dem wei\u00dfen Badezimmer-Waschtisch aus dem Gro\u00dfhandel, einer an der Wand befestigten Struktur, die mit einem Schieferbecken und einem ma\u00dfgeschneiderten Spiegel Design und Zweckm\u00e4\u00dfigkeit verbindet. Aus strapazierf\u00e4higem Sperrholz gefertigt, ist es leicht zu reinigen und bietet reichlich Stauraum. Kontaktieren Sie uns f\u00fcr Gro\u00dfhandel und benutzerdefinierte Optionen!<\/p>\n<h2>Wei\u00dfes Badezimmer Eitelkeit Attribute\uff1a<\/h2>\n<p><strong>Artikel Nr.<\/strong>: SYY250902<\/p>\n<p><strong>Material des Geh\u00e4uses<\/strong>: Sperrholz<br \/><strong>Farbe des Geh\u00e4uses<\/strong>: Gelb<\/p>\n<p><strong>Spiegel:<\/strong> LED-Spiegel (3,5 mm\/3,8 mm), dreifarbige Beleuchtung, One-Touch-Entfogging, gesichert mit mehrlagiger Schaumstoffverpackung<br \/><strong>Installationsart:<\/strong>\u00a0Wandbefestigung<br \/><strong>Abmessungen (L\u00d7B\u00d7H):<\/strong> 80*47*48cm<\/p>\n<h2>Anpassung &amp; Dienstleistungen:<\/h2>\n<p><strong>OEM &amp; ODM<\/strong>: Unterst\u00fctzt<br \/><strong>Gestaltung<\/strong>: Frei<br \/><strong>Zubeh\u00f6r<\/strong>: Waschbecken, Spiegel, Armaturen und anderes Badzubeh\u00f6r<br \/><strong>Verpacken<\/strong>: Einbaufertig<\/p>","protected":false},"featured_media":2001,"comment_status":"closed","ping_status":"closed","template":"","meta":{"_acf_changed":true},"product_brand":[],"product_cat":[20],"product_tag":[],"class_list":{"0":"post-1999","1":"product","2":"type-product","3":"status-publish","4":"has-post-thumbnail","6":"product_cat-wholesale-plywood-bathroom-vanity-cabinets","8":"first","9":"instock","10":"shipping-taxable","11":"product-type-simple"},"acf":[],"_links":{"self":[{"href":"https:\/\/www.shouyasanitary.com\/de\/wp-json\/wp\/v2\/product\/1999","targetHints":{"allow":["GET"]}}],"collection":[{"href":"https:\/\/www.shouyasanitary.com\/de\/wp-json\/wp\/v2\/product"}],"about":[{"href":"https:\/\/www.shouyasanitary.com\/de\/wp-json\/wp\/v2\/types\/product"}],"replies":[{"embeddable":true,"href":"https:\/\/www.shouyasanitary.com\/de\/wp-json\/wp\/v2\/comments?post=1999"}],"wp:featuredmedia":[{"embeddable":true,"href":"https:\/\/www.shouyasanitary.com\/de\/wp-json\/wp\/v2\/media\/2001"}],"wp:attachment":[{"href":"https:\/\/www.shouyasanitary.com\/de\/wp-json\/wp\/v2\/media?parent=1999"}],"wp:term":[{"taxonomy":"product_brand","embeddable":true,"href":"https:\/\/www.shouyasanitary.com\/de\/wp-json\/wp\/v2\/product_brand?post=1999"},{"taxonomy":"product_cat","embeddable":true,"href":"https:\/\/www.shouyasanitary.com\/de\/wp-json\/wp\/v2\/product_cat?post=1999"},{"taxonomy":"product_tag","embeddable":true,"href":"https:\/\/www.shouyasanitary.com\/de\/wp-json\/wp\/v2\/product_tag?post=1999"}],"curies":[{"name":"wp","href":"https:\/\/api.w.org\/{rel}","templated":true}]}}